{"id":3010,"date":"2020-03-12T15:09:03","date_gmt":"2020-03-12T21:09:03","guid":{"rendered":"https:\/\/sihay.com.mx\/new-site\/?page_id=3010"},"modified":"2026-01-30T13:39:30","modified_gmt":"2026-01-30T19:39:30","slug":"bases-datos-empresas-personas","status":"publish","type":"page","link":"https:\/\/sihay.com.mx\/new-site\/bases-datos-empresas-personas\/","title":{"rendered":"Bases de datos Empresas y Personas"},"content":{"rendered":"\n<p><p style=\"color:#fff; font-size:1pt;\">Bases de datos Empresas y Personas<\/p><\/p>\n<div class='row'><div data-appear-top-offset='-100'  style='padding-bottom:0px;' class='col-sm-12 first-module module_number_1 module_cont center_title module_html '>\n                <div class='module_content'>\n                    <div class=\"bg_title\">\r\n<h3>Somos una empresa con <a style=\"color:#22a1c4;\"><strong>m\u00e1s de 20 a\u00f1os en la venta de base de datos<\/strong><\/a> por lo que hemos logrado tener millones de registros para su entrega.<\/h3>\r\n<\/div>\n                <\/div><\/div><!-- .module_cont --><\/div><div class='row'><div data-appear-top-offset='-100'  style='padding-bottom:40px;' class='col-sm-4  module_number_2 module_cont center_title module_text_area '>\n                <div class='module_content mt_6'>\n                    <p><img loading=\"lazy\" decoding=\"async\" style=\"float: right;\" src=\"\/new-site\/wp-content\/uploads\/2020\/03\/muestra_bases_de_datos-1024x833.jpg\" alt=\"base-de-datos-empresas-y-personas\" width=\"300\" height=\"244\" \/><\/p>\n                <\/div><\/div><!-- .module_cont --><div data-appear-top-offset='-100'  style='padding-bottom:40px;' class='col-sm-8  module_number_3 module_cont center_title module_text_area '>\n                <div class='module_content mt_6'>\n                    <p class=\"MsoNormal\" style=\"text-align: justify;\"><span lang=\"ES-MX\" style=\"font-size: 12.0pt; mso-bidi-font-size: 11.0pt; line-height: 107%;\">Actualmente contamos con bases de datos, tanto de&nbsp;<u>personas f&iacute;sicas<\/u>&nbsp;como de&nbsp;<u>empresas<\/u>&nbsp;los cuales puedes segmentar completamente a tus necesidades adem&aacute;s de que est&aacute;n&nbsp;<strong><u>100% garantizados&nbsp;<\/u><\/strong>pues antes de entregarte la informaci&oacute;n se te actualizar&aacute; y depurar&aacute; para que en cuanto la recibas puedas trabajar con tu base de datos.<\/span><\/p>\r\n<p class=\"MsoNormal\" style=\"text-align: center;\" align=\"center\"><u><span lang=\"ES-MX\" style=\"font-size: 12.0pt; mso-bidi-font-size: 11.0pt; line-height: 107%; color: #002060;\">Esta base de datos toma un tiempo de entrega de 5 a 10 d&iacute;as h&aacute;biles.<\/span><\/u><\/p>\n                <\/div><\/div><!-- .module_cont --><\/div><div class=\"stretch  fw_block bg_start\" data-option=\"\" data-background=\"\" style=\"margin-bottom:60px;padding-top:40px; background:#f6f7f9  repeat 0 0; \"><div class='row'><div data-appear-top-offset='-100'  style='padding-bottom:0px;' class='col-sm-12  module_number_4 module_cont  module_html '><div class='bg_title'><h2 style='text-align:left;' class='headInModule'>Las bases de datos puede contener la siguiente informaci\u00f3n:<\/h2><\/div><div class='module_descr' style='text-align:left;'><p><strong style=\"color:#22a1c4;font-size:18px;\">Empresas a Nivel Nacional<\/strong><br><br><strong style=\"color:#22a1c4;\">Campos contenidos: <\/strong>  Empresa \/ Rango de facturaci\u00f3n \/ Rango de empleados \/ Giro \/ Direcci\u00f3n \/ Ciudad \/ Estado \/ Contacto \/ Puesto: Director General, Socio, Directivos, Gerentes o Tomador de decisi\u00f3n \/ Tel\u00e9fono \/ Email \/ P\u00e1gina web*opcional.<br><br><a>*<\/a> Si requiere m\u00e1s campos especifique al ejecutivo.<\/p><\/div>\n                <div class='module_content'>\n                    <div class=\"table-responsive\">\r\n  <table class=\"table table-hover table-bordered\">\r\n  <thead style=\"background-color:#31383d; color:#fff;\">\r\n    <tr>\r\n      <th scope=\"col\">No.<\/th>\r\n      <th scope=\"col\">Empresa<\/th>\r\n      <th scope=\"col\">Rango de Facturaci\u00f3n<\/th>\r\n      <th scope=\"col\">Rango de Empleados<\/th>\r\n      <th scope=\"col\">Giro<\/th>\r\n      <th scope=\"col\">Direcci\u00f3n<\/th>\r\n      <th scope=\"col\">Ciudad<\/th>\r\n      <th scope=\"col\">Estado<\/th>\r\n      <th scope=\"col\">Contacto<\/th>\r\n      <th scope=\"col\">Puesto<\/th>\r\n      <th scope=\"col\">Tel\u00e9fono<\/th>\r\n      <th scope=\"col\">Email<\/th>\r\n      <th scope=\"col\">Pagina Web *Opcional<\/th>\r\n     \r\n    <\/tr>\r\n  <\/thead>\r\n  <tbody>\r\n    <tr>\r\n      <th scope=\"row\">1<\/th>\r\n      <td>CAMISAS IMPALA, SA DE CV\t\t\t\t\t\t\t\t \t\t\t<\/td>\r\n      <td>4,000,000 +<\/td>\r\n      <td>40 +<\/td>\r\n      <td>FABRICACION DE CAMISAS<\/td>\r\n      <td>SAN ANDRES ATOTO 19SAN ESTEBAN \u00b753550<\/td>\r\n      <td>Naucalpan de Ju\u00e1rez<\/td>\r\n      <td>Estado de M\u00e9xico<\/td>\r\n      <td>Ma<a title=\"Confidencial\">xxxxx<\/a>l An<a title=\"Confidencial\">xxxxx<\/a>o Lo<a title=\"Confidencial\">xxxxx<\/a>z Mi<a title=\"Confidencial\">xxxxx<\/a>n<\/td>\r\n      <td>Gerente de Recursos Humanos<\/td>\r\n      <td>555<a title=\"Confidencial\">xxxxx<\/a>06, 555<a title=\"Confidencial\">xxxxx<\/a>52<\/td>\r\n      <td>ma<a title=\"Confidencial\">xxxxx<\/a>m@camisasimpala.com.mx<\/td>\r\n      <td>www.camisasimpala.com.mx<\/td>\r\n    <\/tr>\r\n    <tr>\r\n      <th scope=\"row\">2<\/th>\r\n       <td>MARISCAL MOTORS, SA DE CV<\/td>\r\n      <td>12,000,000 +<\/td>\r\n      <td>100 +<\/td>\r\n      <td>COMPRA VENTA DE AUTOS<\/td>\r\n      <td>AV CUAUHTEMOC 421ROMA SUR\u00b706760<\/td>\r\n      <td>Cuauht\u00e9moc<\/td>\r\n      <td>Ciudad de M\u00e9xico<\/td>\r\n      <td>Ge<a title=\"Confidencial\">xxxxx<\/a>o Ag<a title=\"Confidencial\">xxxxx<\/a>r<\/td>\r\n      <td>Gerente de Sistemas<\/td>\r\n      <td>555<a title=\"Confidencial\">xxxxx<\/a>00<\/td>\r\n      <td>ge<a title=\"Confidencial\">xxxxx<\/a>o.ag<a title=\"Confidencial\">xxxxx<\/a>r@empresasmariscal.com<\/td>\r\n      <td>www.empresasmariscal.com<\/td>\r\n    <\/tr>\t\t\t\t\t\t\t \t\t\t\t\r\n    <tr>\r\n      <th scope=\"row\">3<\/th>\r\n       <td>Herballife Internacional De Mexico<\/td>\r\n      <td>25,000,000 +<\/td>\r\n      <td>200 +<\/td>\r\n      <td>Comercializadora<\/td>\r\n      <td>Camino al Iteso No. 8900-Int 1-A c.p.45609<\/td>\r\n      <td>Tlaquepaque<\/td>\r\n      <td>Jalisco<\/td>\r\n      <td>Pa<a title=\"Confidencial\">xxxxx<\/a>a Ma<a title=\"Confidencial\">xxxxx<\/a>o<\/td>\r\n      <td>Director de Marketing<\/td>\r\n      <td>333<a title=\"Confidencial\">xxxxx<\/a>00<\/td>\r\n      <td>N<a title=\"Confidencial\">xxxxx<\/a>R@herbalife.com<\/td>\r\n      <td>www.herbalife.com<\/td>\t\t\t\t\t\r\n    <\/tr>\r\n    <tr>\r\n      <th scope=\"row\">4<\/th>\r\n       <td>Dycusa<\/td>\r\n      <td>20,000,000 +<\/td>\r\n      <td>200 +<\/td>\r\n      <td>Construccion<\/td>\r\n      <td>Manuel J. Clouthier No. 3112 c.p.64650<\/td>\r\n      <td>Monterrey<\/td>\r\n      <td>Nuevo Le\u00f3n<\/td>\r\n      <td>Pe<a title=\"Confidencial\">xxxxx<\/a>o Ro<a title=\"Confidencial\">xxxxx<\/a>o Gu<a title=\"Confidencial\">xxxxx<\/a>l<\/td>\r\n      <td>Director de Marketing<\/td>\r\n      <td>811<a title=\"Confidencial\">xxxxx<\/a>00<\/td>\r\n      <td>pro<a title=\"Confidencial\">xxxxx<\/a>o@dycusa.com<\/td>\r\n      <td>www.dycusa.com<\/td>\t\t\t\t\t\t\r\n    <\/tr>\r\n    <tr>\r\n     <th scope=\"row\">5<\/th>\r\n       <td>Core Lab Operations, SA de CV<\/td>\r\n      <td>20,000,000 +<\/td>\r\n      <td>200 +<\/td>\r\n      <td>Industria del petr\u00f3leo<\/td>\r\n      <td>Blvd. Acapulco No. 138, C.P. 88630<\/td>\r\n      <td>Reynosa<\/td>\r\n      <td>Tamaulipas<\/td>\r\n      <td>Ar<a title=\"Confidencial\">xxxxx<\/a>o Te<a title=\"Confidencial\">xxxxx<\/a>s<\/td>\r\n      <td>Gerente de operaciones<\/td>\r\n      <td>899<a title=\"Confidencial\">xxxxx<\/a>64<\/td>\r\n      <td>at<a title=\"Confidencial\">xxxxx<\/a>s@corelab.com<\/td>\r\n      <td>www.corelab.com<\/td>\t\t\t\t\t\t\t\r\n    <\/tr>\r\n  <\/tbody>\r\n  <\/table>\r\n\r\n<\/div>\r\n<br><br>\r\n<small><em><a title=\"Confidencial\">xxxxx  *<\/a> Por temas de confidencialidad hacia nuestros clientes, no es posible mostrar tel\u00e9fono y correo de las personas. Pregunta a un asesor para entregarte una muestra completa.<\/em><\/small>\r\n<br><br>\r\n\n                <\/div><\/div><!-- .module_cont --><\/div><\/div><!-- module_line_trigger --><div class='row'><div data-appear-top-offset='-100'  style='padding-bottom:0px;' class='col-sm-12  module_number_5 module_cont  module_html '><div class='module_descr' style='text-align:left;'><p><strong style=\"color:#22a1c4; font-size:18px;\">Personas f\u00edsicas, mayores de edad, econ\u00f3micamente activas que sean tarjetahabientes a Nivel Nacional<\/strong> <br><br><strong style=\"color:#22a1c4;\">Campos contenidos: <\/strong> Nombre \/ Profesi\u00f3n \/ empresa donde trabaja \/  Direcci\u00f3n \/ Ciudad \/ Estado \/ Tel\u00e9fono \/ Email.<br><br><a>*<\/a> Si requiere m\u00e1s campos especifique al ejecutivo.<\/p><\/div>\n                <div class='module_content'>\n                    <div class=\"table-responsive\">\r\n  <table class=\"table table-hover table-bordered\">\r\n  <thead style=\"background-color:#31383d; color:#fff;\">\r\n    <tr>\r\n      <th scope=\"col\">No.<\/th>\r\n      <th scope=\"col\">Nombre<\/th>\r\n      <th scope=\"col\">Profesi\u00f3n<\/th>\r\n      <th scope=\"col\">Empresa donde trabaja<\/th>\r\n      <th scope=\"col\">Direccion<\/th>\r\n      <th scope=\"col\">Ciudad<\/th>\r\n      <th scope=\"col\">Estado<\/th>\r\n      <th scope=\"col\">Tel\u00e9fono<\/th>\r\n      <th scope=\"col\">Email<\/th>\r\n     \r\n    <\/tr>\r\n  <\/thead>\r\n  <tbody>\r\n    <tr>\r\n      <th scope=\"row\">1<\/th>\r\n      <td>Fe<a title=\"Confidencial\">xxxxx<\/a>o B<a title=\"Confidencial\">xxxxx<\/a>z L<a title=\"Confidencial\">xxxxx<\/a>o<\/td>\r\n      <td>Empresario<\/td>\r\n      <td>Eb Internacional, S.A .De C.V.<\/td>\r\n      <td>Cristobal Colon No. 367. Col. Zona Norte. C.P. 22100<\/td>\r\n      <td>Tijuana<\/td>\r\n      <td>Baja California Norte<\/td>\r\n      <td>664<a title=\"Confidencial\">xxxxx<\/a>18 \/ 664<a title=\"Confidencial\">xxxxx<\/a>14<\/td>\r\n      <td>sa<a title=\"Confidencial\">xxxxx<\/a>s@ebodm.com<\/td>\r\n\t\t\t\t\t\t\t      \r\n    <\/tr>\r\n    <tr>\r\n      <th scope=\"row\">2<\/th>\r\n      <td>Al<a title=\"Confidencial\">xxxxx<\/a>t Ho<a title=\"Confidencial\">xxxxx<\/a>k<\/td>\r\n      <td>Socio<\/td>\r\n      <td>RAW MATERIAL SPECIALTIES, S.A. DE C.V.<\/td>\r\n      <td>Virginia F\u00e1bregas 80, Col. San Rafael 06470<\/td>\r\n      <td>Cuernavaca<\/td>\r\n      <td>Morelos<\/td>\r\n      <td>777<a title=\"Confidencial\">xxxxx<\/a>76\t<\/td>\r\n      <td>kh<a title=\"Confidencial\">xxxxx<\/a>k@yahoo.com<\/td>\r\n    <\/tr>\t\t\t\t\t\t\t \t\t\t\t\r\n    <tr>\r\n      <th scope=\"row\">3<\/th>\r\n      <td>Gi<a title=\"Confidencial\">xxxxx<\/a>o Le<a title=\"Confidencial\">xxxxx<\/a>a<\/td>\r\n      <td>Empleado<\/td>\r\n      <td>Tuberia Laguna, Sa De Cv<\/td>\r\n      <td>Parque Industrial Las Americas No.220 Lote 2parque Industrial Las Americas 27278<\/td>\r\n      <td>Torre\u00f3n<\/td>\r\n      <td>Coahuila<\/td>\r\n      <td>811<a title=\"Confidencial\">xxxxx<\/a>05<\/td>\r\n      <td>gl<a title=\"Confidencial\">xxxxx<\/a>a@magnummachining.com<\/td>\t\r\n    <\/tr>\r\n    <tr>\r\n      <th scope=\"row\">4<\/th>\r\n      <td>Ed<a title=\"Confidencial\">xxxxx<\/a>do Ca<a title=\"Confidencial\">xxxxx<\/a>o Fl<a title=\"Confidencial\">xxxxx<\/a>s<\/td>\r\n      <td>Empleado<\/td>\r\n      <td>Gdm3 Capital, S.A. De C.V., Sofom, E.N.R. Zacatecas<\/td>\r\n      <td>Gonz\u00e1lez Ortega 405 Col. Zacatecas Centro C.P. 98000<\/td>\r\n      <td>Zacatecas<\/td>\r\n      <td>Zacatecas<\/td>\r\n      <td>492<a title=\"Confidencial\">xxxxx<\/a>18<\/td>\r\n      <td>ec<a title=\"Confidencial\">xxxxx<\/a>o@crediok.com<\/td>\r\n    <\/tr>\r\n    <tr>\r\n     <th scope=\"row\">5<\/th>\r\n      <td>Mi<a title=\"Confidencial\">xxxxx<\/a>l Ma<a title=\"Confidencial\">xxxxx<\/a>a Ca<a title=\"Confidencial\">xxxxx<\/a>a<\/td>\r\n      <td>Empleado<\/td>\r\n      <td>BBVA Bancomer S.A., Instituci\u00f3n de Banca M\u00faltiple, Grupo Financiero BBVA Bancomer<\/td>\r\n      <td>Avenida Col\u00f3n 506 Col. Centro C.P.9700<\/td>\r\n      <td>M\u00e9rida<\/td>\r\n      <td>Yucat\u00e1n<\/td>\r\n      <td>999<a title=\"Confidencial\">xxxxx<\/a>67<\/td>\r\n      <td>mi<a title=\"Confidencial\">xxxxx<\/a>el.ma<a title=\"Confidencial\">xxxxx<\/a>a.1@bbva.com<\/td>\t\t\t\t\r\n    <\/tr>\r\n  <\/tbody>\r\n  <\/table>\r\n<\/div>\r\n\r\n<br><br>\r\n<small><em><a title=\"Confidencial\">xxxxx  *<\/a> Por temas de confidencialidad hacia nuestros clientes, no es posible mostrar tel\u00e9fono y correo de las personas. Pregunta a un asesor para entregarte una muestra completa.<\/em><\/small>\r\n<br><br>\r\n<p><em><a>*<\/a> Esta muestra es representativa, nosotros contamos con m\u00e1s campos en la compra de una <strong>base de datos personalizada de empresas<\/strong>, por ejemplo: Raz\u00f3n Social, Rango de facturaci\u00f3n, coordenadas, tama\u00f1o de la empresa, puesto que buscas (directores o gerentes de compras, marketing, RH, TI, etc.). Adem\u00e1s te podemos ofrecer <strong>m\u00e1s de dos contactos por empresa<\/strong>.<\/br><br>\r\n <a>**<\/a> Para las personas podemos ofrecerte m\u00e1s campos como por ejemplo: nivel socioecon\u00f3mico, rango de ingresos, estado civil, <strong>celular<\/strong>, si cuenta con hijos o no, nivel de estudios.<\/br><br>\r\n<a>***<\/a> Nosotros nos apegamos a la <strong><a>Ley de INAI<\/a><\/strong> y te amparamos ante cualquier inconveniente que puedas tener respecto a los usuarios y su consentimiento. Es contra la ley dar informaci\u00f3n de menores de edad.<\/br><br>\r\n<a>****<\/a> La informaci\u00f3n que te entregaremos es <strong>p\u00fablica<\/strong>. Nosotros obtenemos dichos registros con <strong>autorizaci\u00f3n directa<\/strong> (Directorios web, Alianzas comerciales y sitios web) o <strong>Indirecta<\/strong> (Call center).<\/br><br>\r\n<a>*****<\/a> Nosotros te respaldamos con <strong>CONTRATO<\/strong> para el <a>uso de tus registros<\/a> y la compra que estas por realizar, donde se especifica las caracter\u00edsticas de la misma y el uso que se le puede dar.<\/em><\/p>\n                <\/div><\/div><!-- .module_cont --><\/div><div class='row'><div data-appear-top-offset='-100'  style='padding-bottom:60px;' class='col-sm-12  module_number_6 module_cont center_title module_html '><div class='bg_title'><h2 style='' class='headInModule'>\u00bfBUSCAS ENTREGA INMEDIATA?<\/h2><\/div>\n                <div class='module_content'>\n                    <p style=\"font-family: Roboto; font-size: 12.0pt; mso-bidi-font-size: 11.0pt; line-height: 107%;\">Te invitamos a que conozcas nuestra<a href=\"https:\/\/sihay.com.mx\/basededatos\/\" target=\"_blank\"><strong> eShop<\/strong><\/a>, en la cu\u00e1l encontrar\u00e1s bases de datos pre armadas que ser\u00e1n de gran ayuda para expandir tu empresa hac\u00eda tu mercado meta.<\/p>\r\n<p style=\"font-family: Roboto; font-size: 12.0pt; mso-bidi-font-size: 11.0pt; line-height: 107%;\">Conoce nuestros paquetes de empresas y personas y obt\u00e9n un descuento especial.<\/p>\r\n<p style=\"font-family: Roboto; font-size: 12.0pt; mso-bidi-font-size: 11.0pt; line-height: 107%;\">Compra ahora y disfruta de los beneficios de esta base de datos con entrega inmediata o en menos de 24 horas.<\/p>\r\n<\/br><\/br>\r\n<div class=\"text-center\"><a href=\"https:\/\/sihay.com.mx\/basededatos\/\" class=\"shortcode_button btn_large btn_type5 without_icon\"><font style=\"vertical-align: inherit;\"><font style=\"vertical-align: inherit;\">Conoce m\u00e1s paquetes en eShop <\/font><\/font><\/a><\/div>\n                <\/div><\/div><!-- .module_cont --><\/div>","protected":false},"excerpt":{"rendered":"<p>Bases de datos Empresas y Personas Somos una empresa con m\u00e1s de 20 a\u00f1os en la venta de base de datos por lo que hemos logrado tener millones de registros para su entrega. Actualmente contamos con bases de datos, tanto de&nbsp;personas f&iacute;sicas&nbsp;como de&nbsp;empresas&nbsp;los cuales puedes segmentar completamente a tus necesidades adem&aacute;s de que est&aacute;n&nbsp;100% garantizados&nbsp;pues antes de entregarte la informaci&oacute;n se te actualizar&aacute; y depurar&aacute; para que en cuanto la recibas puedas trabajar con tu base de datos. Esta base de datos toma un tiempo de entrega de 5 a 10 d&iacute;as h&aacute;biles. Las bases de datos puede contener la siguiente informaci\u00f3n: Empresas a Nivel Nacional Campos contenidos: Empresa \/ Rango de facturaci\u00f3n \/ Rango de empleados \/ Giro \/ Direcci\u00f3n \/ Ciudad \/ Estado \/ Contacto \/ Puesto: Director General, Socio, Directivos, Gerentes o Tomador de decisi\u00f3n \/ Tel\u00e9fono \/ Email \/ P\u00e1gina web*opcional. * Si requiere m\u00e1s campos especifique al ejecutivo. No. Empresa Rango de Facturaci\u00f3n Rango de Empleados Giro Direcci\u00f3n Ciudad Estado Contacto Puesto Tel\u00e9fono Email Pagina Web *Opcional 1 CAMISAS IMPALA, SA DE CV 4,000,000 + 40 + FABRICACION DE CAMISAS SAN ANDRES ATOTO 19SAN ESTEBAN \u00b753550 Naucalpan de Ju\u00e1rez Estado de M\u00e9xico Maxxxxxl Anxxxxxo Loxxxxxz [&hellip;]<\/p>\n","protected":false},"author":1,"featured_media":0,"parent":0,"menu_order":0,"comment_status":"closed","ping_status":"closed","template":"","meta":{"footnotes":""},"class_list":["post-3010","page","type-page","status-publish","hentry"],"aioseo_notices":[],"_links":{"self":[{"href":"https:\/\/sihay.com.mx\/new-site\/wp-json\/wp\/v2\/pages\/3010","targetHints":{"allow":["GET"]}}],"collection":[{"href":"https:\/\/sihay.com.mx\/new-site\/wp-json\/wp\/v2\/pages"}],"about":[{"href":"https:\/\/sihay.com.mx\/new-site\/wp-json\/wp\/v2\/types\/page"}],"author":[{"embeddable":true,"href":"https:\/\/sihay.com.mx\/new-site\/wp-json\/wp\/v2\/users\/1"}],"replies":[{"embeddable":true,"href":"https:\/\/sihay.com.mx\/new-site\/wp-json\/wp\/v2\/comments?post=3010"}],"version-history":[{"count":3,"href":"https:\/\/sihay.com.mx\/new-site\/wp-json\/wp\/v2\/pages\/3010\/revisions"}],"predecessor-version":[{"id":3662,"href":"https:\/\/sihay.com.mx\/new-site\/wp-json\/wp\/v2\/pages\/3010\/revisions\/3662"}],"wp:attachment":[{"href":"https:\/\/sihay.com.mx\/new-site\/wp-json\/wp\/v2\/media?parent=3010"}],"curies":[{"name":"wp","href":"https:\/\/api.w.org\/{rel}","templated":true}]}}