{"id":3004,"date":"2020-03-12T12:03:43","date_gmt":"2020-03-12T18:03:43","guid":{"rendered":"https:\/\/sihay.com.mx\/new-site\/?page_id=3004"},"modified":"2026-01-30T13:46:29","modified_gmt":"2026-01-30T19:46:29","slug":"consumidor-final","status":"publish","type":"page","link":"https:\/\/sihay.com.mx\/new-site\/consumidor-final\/","title":{"rendered":"Consumidor Final"},"content":{"rendered":"<div class='row'><div data-appear-top-offset='-100'  style='padding-bottom:0px;' class='col-sm-12 first-module module_number_1 module_cont center_title module_html '>\n                <div class='module_content'>\n                    <div class=\"bg_title\">\r\n<h3>Somos una empresa con <a style=\"color:#22a1c4;\"><strong>m\u00e1s de 20 a\u00f1os especializada en  base de datos segmentadas<\/strong><\/a> por lo que hemos logrado tener millones de registros para su entrega.<\/h3>\r\n<\/div>\n                <\/div><\/div><!-- .module_cont --><\/div><div class='row'><div data-appear-top-offset='-100'  style='padding-bottom:40px;' class='col-sm-4  module_number_2 module_cont center_title module_text_area '>\n                <div class='module_content mt_6'>\n                    <p><img loading=\"lazy\" decoding=\"async\" style=\"float: right;\" src=\"\/new-site\/wp-content\/uploads\/2020\/03\/consumidores-finales-1024x833.jpg\" alt=\"consumidor-final\" width=\"300\" height=\"244\" \/><\/p>\n                <\/div><\/div><!-- .module_cont --><div data-appear-top-offset='-100'  style='padding-bottom:40px;' class='col-sm-8  module_number_3 module_cont center_title module_text_area '>\n                <div class='module_content mt_6'>\n                    <p class=\"MsoNormal\" style=\"text-align: justify;\"><span lang=\"ES-MX\">&iquest;Deseas aumentar tus clientes?<\/span><\/p>\r\n<p class=\"MsoNormal\" style=\"text-align: justify;\"><span lang=\"ES-MX\">&iexcl;En EPublicidad contamos con registros de&nbsp;<strong><u>consumidor final<\/u><\/strong>&nbsp;para que llegues a tu mercado meta!<\/span><\/p>\r\n<p class=\"MsoNormal\" style=\"text-align: justify;\"><span lang=\"ES-MX\">La base est&aacute;&nbsp;<strong><u>100% garantizada<\/u><\/strong>&nbsp;ya que es depurada y actualizada antes de la entrega,&nbsp;&nbsp;enfocada totalmente a tus necesidades para que puedas realizar tu campa&ntilde;a de marketing.<\/span><\/p>\r\n<p class=\"MsoNormal\" style=\"text-align: center;\" align=\"center\"><u><span lang=\"ES-MX\" style=\"font-size: 12.0pt; mso-bidi-font-size: 11.0pt; line-height: 107%; color: #002060;\">Esta base de datos toma un tiempo de entrega de 5 a 10 d&iacute;as h&aacute;biles.<\/span><\/u><\/p>\r\n<div class=\"text-center\" style=\"text-align: center;\"><a class=\"load_more_works shortcode_button btn_normal btn_type5\" href=\"\/new-site\/contacto\/\">Cotizar ahora<\/a><\/div>\n                <\/div><\/div><!-- .module_cont --><\/div><div class=\"stretch  fw_block bg_start\" data-option=\"\" data-background=\"\" style=\"margin-bottom:60px;padding-top:40px; background:#f6f7f9  repeat 0 0; \"><div class='row'><div data-appear-top-offset='-100'  style='padding-bottom:0px;' class='col-sm-12  module_number_4 module_cont  module_html '><div class='bg_title'><h2 style='text-align:left;' class='headInModule'>Las bases de datos puede contener la siguiente informaci\u00f3n:<\/h2><\/div><div class='module_descr' style='text-align:left;'><p><strong style=\"color:#22a1c4; font-size:18px;\"> Personas f\u00edsicas, mayores de edad, econ\u00f3micamente activas que sean tarjetahabientes a Nivel Nacional<\/strong><br><br><strong style=\"color:#22a1c4;\">Campos contenidos:<\/strong>  Nombre \/ Profesi\u00f3n \/ empresa donde trabaja \/  Direcci\u00f3n \/ Ciudad \/ Estado \/ Tel\u00e9fono \/ Email. <br><br><a>*<\/a> Si requiere m\u00e1s campos especifique al ejecutivo.<\/p><\/div>\n                <div class='module_content'>\n                    <div class=\"table-responsive\">\r\n <table class=\"table table-hover table-bordered\">\r\n  <thead style=\"background-color:#31383d; color:#fff;\">\r\n    <tr>\r\n      <th scope=\"col\">\r\nNo.<\/th>\r\n      <th scope=\"col\">\tNombre<\/th>\r\n      <th scope=\"col\">Profesi\u00f3n<\/th>\r\n      <th scope=\"col\">\tEmpresa\tdonde trabaja<\/th>\r\n      <th scope=\"col\">Direcci\u00f3n<\/th>\r\n      <th scope=\"col\">\tCiudad\t<\/th>\r\n      <th scope=\"col\">Estado\t<\/th>\r\n      <th scope=\"col\">Tel\u00e9fono\t<\/th>\r\n      <th scope=\"col\">\tEmail<\/th>\r\n    <\/tr>\r\n  <\/thead>\r\n \r\n  \r\n  \r\n  <tbody>\r\n    <tr>\r\n      <th scope=\"row\">\r\n1<\/th>\r\n      <td>A<a title=\"Confidencial\">xxxxx<\/a>a Sa<a title=\"Confidencial\">xxxxx<\/a>n<\/td>\r\n      <td>Empleado<\/td>\r\n      <td>Banbaj\u00edo<\/td>\r\n      <td>Av. Manuel J. Clouthier 508. Col. Jardines del Campestre. C.P. 37128<\/td>\r\n      <td>Le\u00f3n<\/td>\r\n      <td>Guanajuato<\/td>\r\n      <td>477<a title=\"Confidencial\">xxxxx<\/a>00<\/td>\r\n      <td>as<a title=\"Confidencial\">xxxxx<\/a>n@bb.com.mx<\/td>\r\n    <\/tr>\r\n    \r\n    \r\n\t\t\t\t\t\t\t\r\n\t\t\t\t\t\t\r\n\r\n    <tr>\r\n      <th scope=\"row\">\r\n2<\/th>\r\n      <td>Xa<a title=\"Confidencial\">xxxxx<\/a>r Clo<a title=\"Confidencial\">xxxxx<\/a>s Mi<a title=\"Confidencial\">xxxxx<\/a>s<\/td>\r\n      <td>Empleado<\/td>\r\n      <td>Riu<\/td>\r\n      <td>Avenida Xaman-Ha, Manzana 6, Lote 6. Col. Condominio Playacar. C.P. 77710<\/td>\r\n      <td>Playa del Carmen<\/td>\r\n      <td>Quintana Roo<\/td>\r\n      <td>984<a title=\"Confidencial\">xxxxx<\/a>21 \/ 984<a title=\"Confidencial\">xxxxx<\/a>00<\/td>\r\n      <td>xc<a title=\"Confidencial\">xxxxx<\/a>s@riu.com<\/td>\r\n    <\/tr>\t\t\t\t\t\t\t\r\n\r\n\r\n    <tr>\r\n      <th scope=\"row\">\r\n3<\/th>\r\n      <td>Ing. Ma<a title=\"Confidencial\">xxxxx<\/a>l Je<a title=\"Confidencial\">xxxxx<\/a>s Al<a title=\"Confidencial\">xxxxx<\/a>a P\u00e1<a title=\"Confidencial\">xxxxx<\/a>o<\/td>\r\n      <td>Empleado<\/td>\r\n      <td>Arcillas Industriales de Durango S.A. de C.V.<\/td>\r\n      <td>Valle del Guadiana y Cuatrocienegas s\/n. Col. Parque Industrial Lagunero. C.P. 35077<\/td>\r\n      <td>G\u00f3mez Palacio<\/td>\r\n      <td>Durango<\/td>\r\n      <td>871<a title=\"Confidencial\">xxxxx<\/a>08<\/td>\r\n      <td>in<a title=\"Confidencial\">xxxxx<\/a>o@aidsa.com<\/td>\r\n    <\/tr>\r\n\t\t\t\t\t\t\t\t\r\n \t\t \t\t\t\t\t\r\n\t\t\t\t\t\t\t\r\n\r\n    <tr>\r\n      <th scope=\"row\">\r\n4<\/th>\r\n      <td>Er<a title=\"Confidencial\">xxxxx<\/a>k Ma<a title=\"Confidencial\">xxxxx<\/a>e Ri<a title=\"Confidencial\">xxxxx<\/a>a Vi<a title=\"Confidencial\">xxxxx<\/a>a<\/td>\r\n      <td>Empleado<\/td>\r\n      <td>Barite Pacific Corporation S.A. de C.V.<\/td>\r\n      <td>Km. 204.5 Carr. Federal M\u00e9xico-Laredo. Col. Pueblo Venustiano Caranza (San Pedro). C.P. 42344<\/td>\r\n      <td>Zimap\u00e1n<\/td>\r\n      <td>Hidalgo<\/td>\r\n      <td>759<a title=\"Confidencial\">xxxxx<\/a>02<\/td>\r\n      <td>er<a title=\"Confidencial\">xxxxx<\/a>e@baritepacific.com<\/td>\r\n      \r\n    <\/tr>\r\n \r\n    <tr>\r\n      <th scope=\"row\">\r\n5<\/th>\r\n      <td>Ja<a title=\"Confidencial\">xxxxx<\/a>e Co<a title=\"Confidencial\">xxxxx<\/a>n<\/td>\r\n      <td>Empleado<\/td>\r\n      <td>West M\u00e9xico<\/td>\r\n      <td>40 Sur 706. Col. Civac. C.P. 62500<\/td>\r\n      <td>Cuernavaca<\/td>\r\n      <td>Morelos<\/td>\r\n      <td>777<a title=\"Confidencial\">xxxxx<\/a>40<\/td>\r\n      <td>si<a title=\"Confidencial\">xxxxx<\/a>s@west.com.mx<\/td>\r\n   \t\t\t\t\t\t\t\r\n    <\/tr>\r\n  <\/tbody>\r\n  <\/table>\r\n<\/div>\r\n<br><br>\r\n<small><em><a title=\"Confidencial\">xxxxx  *<\/a> Por temas de confidencialidad hacia nuestros clientes, no es posible mostrar tel\u00e9fono y correo de las personas. Pregunta a un asesor para entregarte una muestra completa.<\/em><\/small>\r\n<br><br>\r\n<p><em><a>*<\/a> Esta muestra es representativa, nosotros contamos con m\u00e1s campos en la compra de una <strong>base de datos personalizada de consumidores finales<\/strong>, por ejemplo: nivel socioecon\u00f3mico, rango de ingresos, estado civil, <strong>celular<\/strong>, si cuenta con hijos o no, nivel de estudios.<\/br><br>\r\n<a>**<\/a> Nosotros nos apegamos a la <strong><a>Ley de INAI<\/a><\/strong> y te amparamos ante cualquier inconveniente que puedas tener respecto a los usuarios y su consentimiento. Es contra la ley dar informaci\u00f3n de menores de edad.<\/br><br>\r\n<a>***<\/a> La informaci\u00f3n que te entregaremos es <strong>p\u00fablica<\/strong>. Nosotros obtenemos dichos registros con <strong>autorizaci\u00f3n directa<\/strong> (Directorios web, Alianzas comerciales y sitios web) o <strong>Indirecta<\/strong> (Call center).<\/br><br>\r\n<a>****<\/a> Nosotros te respaldamos con <strong>CONTRATO<\/strong> para el <a>uso de tus registros<\/a> y la compra que estas por realizar, donde se especifica las caracter\u00edsticas de la misma y el uso que se le puede dar.\r\n<\/em><\/p>\n                <\/div><\/div><!-- .module_cont --><\/div><\/div><!-- module_line_trigger --><div class='row'><div data-appear-top-offset='-100'  style='padding-bottom:0px;' class='col-sm-12  module_number_5 module_cont center_title module_html '><div class='bg_title'><h2 style='' class='headInModule'>\u00bfBUSCAS ENTREGA INMEDIATA?<\/h2><\/div>\n                <div class='module_content'>\n                    <p style=\"font-family: Roboto; font-size: 12.0pt; mso-bidi-font-size: 11.0pt; line-height: 107%;\">Te invitamos a que conozcas nuestra<a href=\"https:\/\/sihay.com.mx\/eshop\/\" target=\"_blank\"><strong> eShop<\/strong><\/a>, en la cu\u00e1l encontrar\u00e1s bases de datos pre armadas que ser\u00e1n de gran ayuda para expandir tu empresa hac\u00eda tu mercado meta.<\/p>\r\n<p style=\"font-family: Roboto; font-size: 12.0pt; mso-bidi-font-size: 11.0pt; line-height: 107%;\">Conoce nuestros paquetes de Consumidor Final   y obt\u00e9n un <strong>descuento especial.<\/strong><\/p>\r\n<p style=\"font-family: Roboto; font-size: 12.0pt; mso-bidi-font-size: 11.0pt; line-height: 107%;\">Compra ahora y disfruta de los beneficios de esta base de datos con <strong>entrega inmediata o en menos de 24 horas.<\/strong><\/p>\r\n<br><br>\r\n<div class=\"row\"><div data-appear-top-offset=\"-100\" data-animated=\"fadeInLeftBig\" style=\"padding-bottom:0px;\" class=\"col-sm-3  module_number_10 module_cont center_title module_price_table op0 animated fadeInLeftBig\"><div class=\"module_price_table price_table_wrapper clearfix\"><div class=\"price_table_wrapper\">\r\n                <div class=\"price_item \" style=\"width:100%;\">\r\n                    <div class=\"price_item_wrapper\">\r\n\r\n                        <div class=\"price_item_wrap\">\r\n                         <a href=\"https:\/\/sihay.com.mx\/eshop\/detail.php?id=509\" title=\"Haz clic Aqu\u00ed\" target=\"_blank\"><div style=\"padding-bottom:20px;\" >\r\n                         <img decoding=\"async\" src=\"https:\/\/sihay.com.mx\/new-site\/wp-content\/uploads\/2020\/03\/Base-de-datos-segmentadas-personas.png\" alt=\"Base de datos consumidor final\" width=\"\"\/>\r\n                            <\/div><\/a>\r\n<hr\/>\r\n                            <div class=\"price_item_title\" style=\"padding:0px 15px 6px 15px;\">\r\n                                <a href=\"https:\/\/sihay.com.mx\/eshop\/detail.php?id=509\" title=\"Haz clic Aqu\u00ed\" target=\"_blank\"><h6><font style=\"vertical-align: inherit;\"><font style=\"vertical-align: inherit;color:#666666;\">Personas f\u00edsicas, mayores de edad, econ\u00f3micamente activas que sean propietarios de Autom\u00f3viles en la ...<\/font><\/font><\/h6><\/a>\r\n                            <\/div>\r\n<hr\/>\r\n                            <div class=\"item_cost_wrapper\">\r\n                                <div class=\"price_item_cost\">\r\n                                    <h3><font style=\"vertical-align: inherit; \"><font style=\"vertical-align: inherit;color:#666666;\"> $3,496.00<\/font><\/font><\/h3>\r\n                                <\/div>\r\n                               \r\n                            <\/div>\r\n                           \r\n                        <\/div>\r\n                    <\/div>\r\n                <\/div>\r\n            <\/div><\/div><\/div>\r\n            <!-- .module_cont -->\r\n            \r\n            <div data-appear-top-offset=\"-100\" data-animated=\"flipInX\" style=\"padding-bottom:0px;\" class=\"col-sm-3  module_number_11 module_cont center_title module_price_table op0 animated flipInX\"><div class=\"module_price_table price_table_wrapper clearfix\"><div class=\"price_table_wrapper\">\r\n                <div class=\"price_item most_popular\" style=\"width:100%;\">\r\n                    <div class=\"price_item_wrapper\">\r\n                    <a href=\"https:\/\/sihay.com.mx\/eshop\/detail.php?id=510\" title=\"Haz clic Aqu\u00ed\" target=\"_blank\"><div style=\"padding-bottom:20px;\" >\r\n                    <img decoding=\"async\" src=\"https:\/\/sihay.com.mx\/new-site\/wp-content\/uploads\/2020\/03\/Base-de-datos-segmentadas-personas.png\" alt=\"Base de datos consumidor final mexico\"\/>\r\n                    \r\n                            <\/div><\/a>\r\n<hr\/>\r\n                        <div class=\"price_item_wrap\">\r\n                            <div class=\"price_item_title\" style=\"padding:0px 15px 6px 15px;\">\r\n                                <a href=\"https:\/\/sihay.com.mx\/eshop\/detail.php?id=510\" title=\"Haz clic Aqu\u00ed\" target=\"_blank\"><h6><font style=\"vertical-align: inherit;\"><font style=\"vertical-align: inherit;color:#666666;\">Personas f\u00edsicas, mayores de edad, econ\u00f3micamente activas que sean tarjetahabientes en...<\/br><\/br><\/font><\/font><\/h6><\/a>\r\n                             \r\n                            <\/div>\r\n<hr\/>\r\n                            <div class=\"item_cost_wrapper\">\r\n                                <div class=\"price_item_cost\">\r\n                                    <h3><font style=\"vertical-align: inherit;\"><font style=\"vertical-align: inherit;color:#666666;\">$1,495.00<\/font><\/font><\/h3>\r\n                                <\/div>\r\n                                \r\n                            <\/div>\r\n                        <\/div>\r\n                    <\/div>\r\n                <\/div>\r\n            <\/div><\/div><\/div>\r\n            <!-- .module_cont -->\r\n            \r\n             <!-- .module_cont -->\r\n            \r\n            <div data-appear-top-offset=\"-100\" data-animated=\"flipInX\" style=\"padding-bottom:0px;\" class=\"col-sm-3  module_number_11 module_cont center_title module_price_table op0 animated flipInX\"><div class=\"module_price_table price_table_wrapper clearfix\"><div class=\"price_table_wrapper\">\r\n                <div class=\"price_item most_popular\" style=\"width:100%;\">\r\n                    <div class=\"price_item_wrapper\">\r\n                    <a href=\"https:\/\/sihay.com.mx\/eshop\/detail.php?id=546\" title=\"Haz clic Aqu\u00ed\" target=\"_blank\"><div  style=\"padding-bottom:20px;\"><img decoding=\"async\" src=\"https:\/\/sihay.com.mx\/new-site\/wp-content\/uploads\/2020\/03\/Base-de-datos-segmentadas-personas.png\" alt=\"Base de datos consumidor final latam\"\/><\/div><\/a>\r\n                    <hr\/>\r\n                        <div class=\"price_item_wrap\">\r\n                            <div class=\"price_item_title\" style=\"padding:0px 15px 6px 15px;\">\r\n                                <a href=\"https:\/\/sihay.com.mx\/eshop\/detail.php?id=546\" title=\"Haz clic Aqu\u00ed\" target=\"_blank\"><h6><font style=\"vertical-align: inherit;\"><font style=\"vertical-align: inherit;color:#666666;\">Personas f\u00edsicas, mayores de edad, econ\u00f3micamente activas que sean tarjetahabientes, NSE ...<\/br><\/br><\/font><\/font><\/h6><\/a>\r\n                             \r\n                            <\/div>\r\n<hr\/>\r\n                            <div class=\"item_cost_wrapper\">\r\n                                <div class=\"price_item_cost\">\r\n                                    <h3><font style=\"vertical-align: inherit;\"><font style=\"vertical-align: inherit;color:#666666;\">$10,938.00<\/font><\/font><\/h3>\r\n                                <\/div>\r\n                                \r\n                            <\/div>\r\n                            \r\n                        <\/div>\r\n                    <\/div>\r\n                <\/div>\r\n            <\/div><\/div><\/div>\r\n            <!-- .module_cont -->\r\n             <!-- .module_cont -->\r\n            \r\n            <div data-appear-top-offset=\"-100\" data-animated=\"flipInX\" style=\"padding-bottom:0px;\" class=\"col-sm-3  module_number_11 module_cont center_title module_price_table op0 animated flipInX\"><div class=\"module_price_table price_table_wrapper clearfix\"><div class=\"price_table_wrapper\">\r\n                <div class=\"price_item most_popular\" style=\"width:100%;\">\r\n                    <div class=\"price_item_wrapper\">\r\n                    <a href=\"https:\/\/sihay.com.mx\/eshop\/detail.php?id=597\" title=\"Haz clic Aqu\u00ed\" target=\"_blank\"><div  style=\"padding-bottom:20px;\">\r\n                    <img decoding=\"async\" src=\"https:\/\/sihay.com.mx\/new-site\/wp-content\/uploads\/2020\/03\/Base-de-datos-segmentadas-personas.png\" alt=\"Base de datos consumidor final USA\" \/>\r\n                    \r\n                            <\/div><\/a>\r\n<hr\/>\r\n                        <div class=\"price_item_wrap\">\r\n                            <div class=\"price_item_title\" style=\"padding:0px 15px 6px 15px;\">\r\n                                <a href=\"https:\/\/sihay.com.mx\/eshop\/detail.php?id=597\" title=\"Haz clic Aqu\u00ed\" target=\"_blank\"><h6><font style=\"vertical-align: inherit;\"><font style=\"vertical-align: inherit;color:#666666;\">Personas f\u00edsicas, mayores de edad, econ\u00f3micamente activas que sean tarjetahabientes a Nivel Nacional.<\/font><\/font><\/h6><\/a>\r\n                             \r\n                            <\/div>\r\n<hr\/>\r\n                            <div class=\"item_cost_wrapper\">\r\n                                <div class=\"price_item_cost\">\r\n                                    <h3><font style=\"vertical-align: inherit;\"><font style=\"vertical-align: inherit;color:#666666;\">$1,709.00<\/font><\/font><\/h3>\r\n                                <\/div>\r\n                              \r\n                            <\/div>\r\n                            \r\n                        <\/div>\r\n                    <\/div>\r\n                <\/div>\r\n            <\/div><\/div><\/div>\r\n            <!-- .module_cont -->\r\n           \r\n            \r\n            <\/div>\r\n<\/br>\r\n<div class=\"text-center\"><a href=\"https:\/\/sihay.com.mx\/eshop\/#bases\" class=\"shortcode_button btn_large btn_type5 without_icon\" target=\"_blank\"><font style=\"vertical-align: inherit;\"><font style=\"vertical-align: inherit;\">M\u00e1s Paquetes <\/font><\/font><\/a><\/div>\r\n\n                <\/div><\/div><!-- .module_cont --><\/div>","protected":false},"excerpt":{"rendered":"<p>Somos una empresa con m\u00e1s de 20 a\u00f1os especializada en base de datos segmentadas por lo que hemos logrado tener millones de registros para su entrega. &iquest;Deseas aumentar tus clientes? &iexcl;En EPublicidad contamos con registros de&nbsp;consumidor final&nbsp;para que llegues a tu mercado meta! La base est&aacute;&nbsp;100% garantizada&nbsp;ya que es depurada y actualizada antes de la entrega,&nbsp;&nbsp;enfocada totalmente a tus necesidades para que puedas realizar tu campa&ntilde;a de marketing. Esta base de datos toma un tiempo de entrega de 5 a 10 d&iacute;as h&aacute;biles. Cotizar ahora Las bases de datos puede contener la siguiente informaci\u00f3n: Personas f\u00edsicas, mayores de edad, econ\u00f3micamente activas que sean tarjetahabientes a Nivel NacionalCampos contenidos: Nombre \/ Profesi\u00f3n \/ empresa donde trabaja \/ Direcci\u00f3n \/ Ciudad \/ Estado \/ Tel\u00e9fono \/ Email. * Si requiere m\u00e1s campos especifique al ejecutivo. No. Nombre Profesi\u00f3n Empresa donde trabaja Direcci\u00f3n Ciudad Estado Tel\u00e9fono Email 1 Axxxxxa Saxxxxxn Empleado Banbaj\u00edo Av. Manuel J. Clouthier 508. Col. Jardines del Campestre. C.P. 37128 Le\u00f3n Guanajuato 477xxxxx00 asxxxxxn@bb.com.mx 2 Xaxxxxxr Cloxxxxxs Mixxxxxs Empleado Riu Avenida Xaman-Ha, Manzana 6, Lote 6. Col. Condominio Playacar. C.P. 77710 Playa del Carmen Quintana Roo 984xxxxx21 \/ 984xxxxx00 xcxxxxxs@riu.com 3 Ing. Maxxxxxl Jexxxxxs Alxxxxxa P\u00e1xxxxxo Empleado Arcillas Industriales de [&hellip;]<\/p>\n","protected":false},"author":1,"featured_media":0,"parent":0,"menu_order":0,"comment_status":"closed","ping_status":"closed","template":"","meta":{"footnotes":""},"class_list":["post-3004","page","type-page","status-publish","hentry"],"aioseo_notices":[],"_links":{"self":[{"href":"https:\/\/sihay.com.mx\/new-site\/wp-json\/wp\/v2\/pages\/3004","targetHints":{"allow":["GET"]}}],"collection":[{"href":"https:\/\/sihay.com.mx\/new-site\/wp-json\/wp\/v2\/pages"}],"about":[{"href":"https:\/\/sihay.com.mx\/new-site\/wp-json\/wp\/v2\/types\/page"}],"author":[{"embeddable":true,"href":"https:\/\/sihay.com.mx\/new-site\/wp-json\/wp\/v2\/users\/1"}],"replies":[{"embeddable":true,"href":"https:\/\/sihay.com.mx\/new-site\/wp-json\/wp\/v2\/comments?post=3004"}],"version-history":[{"count":1,"href":"https:\/\/sihay.com.mx\/new-site\/wp-json\/wp\/v2\/pages\/3004\/revisions"}],"predecessor-version":[{"id":3005,"href":"https:\/\/sihay.com.mx\/new-site\/wp-json\/wp\/v2\/pages\/3004\/revisions\/3005"}],"wp:attachment":[{"href":"https:\/\/sihay.com.mx\/new-site\/wp-json\/wp\/v2\/media?parent=3004"}],"curies":[{"name":"wp","href":"https:\/\/api.w.org\/{rel}","templated":true}]}}