{"id":2124,"date":"2015-12-29T18:09:35","date_gmt":"2015-12-30T00:09:35","guid":{"rendered":"http:\/\/epublicidad.com.mx\/new-site\/?page_id=2124"},"modified":"2026-01-30T15:18:29","modified_gmt":"2026-01-30T21:18:29","slug":"proceso-de-contratacion","status":"publish","type":"page","link":"https:\/\/sihay.com.mx\/new-site\/proceso-de-contratacion\/","title":{"rendered":"Proceso de contrataci\u00f3n"},"content":{"rendered":"<div class='row'><div data-appear-top-offset='-100'  style='padding-bottom:0px;' class='col-sm-12 first-module module_number_1 module_cont  module_title '><div class='bg_title'><h2 style='' class='headInModule'>El proceso de contrataci\u00f3n es f\u00e1cil, r\u00e1pido y seguro, siguiendo estos sencillos pasos:<\/h2><\/div><\/div><!-- .module_cont --><\/div><div class='row'><div data-appear-top-offset='-100'  style='padding-bottom:40px;' class='col-sm-12  module_number_2 module_cont center_title module_text_area '>\n                <div class='module_content mt_6'>\n                    <p><span style=\"color: #000000;\"><strong style=\"box-sizing: border-box; font-family: Roboto; font-size: 14px; line-height: 21px; text-align: center;\">1&ordm;:&nbsp;<\/strong><\/span>&nbsp;<span style=\"color: #000000;\"><span style=\"color: #000000;\">Solicita por medio del formulario o llamada telef&oacute;nica una cotizaci&oacute;n sobre el servicio de tuinter&eacute;s.<\/span>&nbsp;<\/span><\/p>\r\n<p><strong style=\"box-sizing: border-box; color: #999999; font-family: Roboto; font-size: 14px; line-height: 21px; text-align: center;\"><span style=\"color: #000000;\"><strong style=\"box-sizing: border-box; font-family: Roboto; font-size: 14px; line-height: 21px; text-align: center;\">2&ordm;:&nbsp;<\/strong><\/span><\/strong><span style=\"color: #000000;\">Recibir&aacute;s un correo electr&oacute;nico con la informaci&oacute;n de los paquetes y precios que cubran tus necesidades espec&iacute;ficas.<\/span><\/p>\r\n<p><strong style=\"box-sizing: border-box; color: #999999; font-family: Roboto; font-size: 14px; line-height: 21px; text-align: center;\"><strong style=\"box-sizing: border-box;\"><strong style=\"box-sizing: border-box; color: #999999; font-family: Roboto; font-size: 14px; line-height: 21px; text-align: center;\"><span style=\"color: #000000;\"><strong style=\"box-sizing: border-box; font-family: Roboto; font-size: 14px; line-height: 21px; text-align: center;\">3&ordm;:&nbsp;<\/strong><\/span><\/strong><\/strong><\/strong><span style=\"color: #000000;\">Deber&aacute;s responder cu&aacute;l es el plan y servicio de tu inter&eacute;s.<\/span><\/p>\r\n<p><strong style=\"box-sizing: border-box; color: #999999; font-family: Roboto; font-size: 14px; line-height: 21px; text-align: center;\"><strong style=\"box-sizing: border-box;\"><strong style=\"box-sizing: border-box; color: #999999; font-family: Roboto; font-size: 14px; line-height: 21px; text-align: center;\"><strong style=\"box-sizing: border-box;\"><strong style=\"box-sizing: border-box; color: #999999; font-family: Roboto; font-size: 14px; line-height: 21px; text-align: center;\"><span style=\"color: #000000;\"><strong style=\"box-sizing: border-box; font-family: Roboto; font-size: 14px; line-height: 21px; text-align: center;\">4&ordm;:&nbsp;<\/strong><\/span><\/strong><\/strong><\/strong><\/strong><\/strong><span style=\"color: #000000;\"><span style=\"box-sizing: border-box;\"><span style=\"color: #000000;\">Recibir&aacute;s los requisitos necesarios para iniciar la contrataci&oacute;n seg&uacute;n el servicio requerido.&nbsp;<\/span><\/span><\/span><\/p>\r\n<p><strong style=\"box-sizing: border-box; color: #999999; font-family: Roboto; font-size: 14px; line-height: 21px; text-align: center;\"><strong style=\"box-sizing: border-box;\"><strong style=\"box-sizing: border-box; color: #999999; font-family: Roboto; font-size: 14px; line-height: 21px; text-align: center;\"><strong style=\"box-sizing: border-box;\"><strong style=\"box-sizing: border-box; color: #999999; font-family: Roboto; font-size: 14px; line-height: 21px; text-align: center;\"><strong style=\"box-sizing: border-box;\"><strong style=\"box-sizing: border-box; color: #999999; font-family: Roboto; font-size: 14px; line-height: 21px; text-align: center;\"><span style=\"color: #000000;\"><strong style=\"box-sizing: border-box; font-family: Roboto; font-size: 14px; line-height: 21px; text-align: center;\">5&ordm;:&nbsp;<\/strong><\/span><\/strong><\/strong><\/strong><\/strong><\/strong><\/strong><\/strong><strong><span style=\"color: #000000;\"><span style=\"color: #000000;\">Realiza el pago mediante alguna de las siguientes formas:<\/span><\/span><\/strong><\/p>\r\n<p><span style=\"box-sizing: border-box; color: #999999;\"><strong style=\"box-sizing: border-box;\"><span style=\"color: #000000;\">&nbsp; &nbsp; &nbsp; *<\/span><\/strong><span style=\"color: #000000;\">Transferencia bancaria.<\/span><\/span><\/p>\r\n<p style=\"box-sizing: border-box; margin: 0px 0px 10px; padding: 0px; color: #666666; font-family: Roboto; font-size: 14px; line-height: 21px; text-align: left;\"><span style=\"box-sizing: border-box; color: #000000;\"><strong style=\"box-sizing: border-box;\">&nbsp; &nbsp; &nbsp; &nbsp; *<\/strong>Dep&oacute;sito de cheques.<\/span><\/p>\r\n<p style=\"box-sizing: border-box; margin: 0px 0px 10px; padding: 0px; color: #666666; font-family: Roboto; font-size: 14px; line-height: 21px; text-align: left;\"><span style=\"box-sizing: border-box; color: #000000;\"><strong style=\"box-sizing: border-box;\">&nbsp; &nbsp; &nbsp; &nbsp; *<\/strong>Dep&oacute;sito en efectivo*.<\/span><\/p>\r\n<p style=\"text-align: left;\"><span style=\"color: #000000;\"><strong style=\"box-sizing: border-box; color: #999999; font-family: Roboto; font-size: 14px; line-height: 21px; text-align: center;\"><strong style=\"box-sizing: border-box;\"><strong style=\"box-sizing: border-box; color: #999999; font-family: Roboto; font-size: 14px; line-height: 21px; text-align: center;\"><strong style=\"box-sizing: border-box;\"><strong style=\"box-sizing: border-box; color: #999999; font-family: Roboto; font-size: 14px; line-height: 21px; text-align: center;\"><strong style=\"box-sizing: border-box;\"><strong style=\"box-sizing: border-box; color: #999999; font-family: Roboto; font-size: 14px; line-height: 21px; text-align: center;\"><strong style=\"box-sizing: border-box;\"><strong style=\"box-sizing: border-box; color: #999999; font-family: Roboto; font-size: 14px; line-height: 21px; text-align: center;\"><strong style=\"box-sizing: border-box; font-family: Roboto; font-size: 14px; line-height: 21px; text-align: center;\"><strong style=\"color: #999999; box-sizing: border-box;\"><span style=\"color: #000000;\">&nbsp; &nbsp; &nbsp; &nbsp;*<\/span><\/strong><\/strong><\/strong><\/strong><\/strong><\/strong><\/strong><\/strong><\/strong><\/strong><\/strong><span style=\"color: #000000;\">PayPal*.<\/span><\/span><\/p>\r\n<p style=\"text-align: left;\"><strong style=\"box-sizing: border-box; color: #999999; font-family: Roboto; font-size: 14px; line-height: 21px; text-align: center;\"><strong style=\"box-sizing: border-box;\"><strong style=\"box-sizing: border-box; color: #999999; font-family: Roboto; font-size: 14px; line-height: 21px; text-align: center;\"><strong style=\"box-sizing: border-box;\"><strong style=\"box-sizing: border-box; color: #999999; font-family: Roboto; font-size: 14px; line-height: 21px; text-align: center;\"><strong style=\"box-sizing: border-box;\"><strong style=\"box-sizing: border-box; color: #999999; font-family: Roboto; font-size: 14px; line-height: 21px; text-align: center;\"><strong style=\"box-sizing: border-box;\"><strong style=\"box-sizing: border-box; color: #999999; font-family: Roboto; font-size: 14px; line-height: 21px; text-align: center;\"><span style=\"color: #000000;\"><strong style=\"box-sizing: border-box; font-family: Roboto; font-size: 14px; line-height: 21px; text-align: center;\">6&ordm;:&nbsp;<\/strong><\/span><\/strong><\/strong><\/strong><\/strong><\/strong><\/strong><\/strong><\/strong><\/strong><span style=\"color: #000000;\"><strong style=\"color: #999999; font-family: Roboto; font-size: 14px; line-height: 21px; text-align: center; box-sizing: border-box;\"><span style=\"color: #000000;\">Modalidades de pago para compra de bases de datos:<\/span><\/strong><\/span><\/p>\r\n<p style=\"box-sizing: border-box; margin: 0px 0px 10px; padding: 0px; color: #666666; font-family: Roboto; font-size: 14px; line-height: 21px; text-align: left;\"><span style=\"box-sizing: border-box; color: #999999;\"><strong style=\"box-sizing: border-box;\"><span style=\"color: #000000;\">&nbsp; &nbsp; &nbsp; 1.- <\/span><\/strong><span style=\"color: #000000;\">El pago de 50% para iniciar el proceso, y otro 50% a la entrega de la Base.<\/span><\/span><\/p>\r\n<p style=\"box-sizing: border-box; margin: 0px 0px 10px; padding: 0px; color: #666666; font-family: Roboto; font-size: 14px; line-height: 21px; text-align: left;\"><span style=\"box-sizing: border-box; color: #999999;\"><strong style=\"box-sizing: border-box;\"><span style=\"color: #000000;\">&nbsp; &nbsp; &nbsp; 2.- <\/span><\/strong><span style=\"color: #000000;\">El pago de la Base en su totalidad, obteniendo un 10% de descuento al precio final.<\/span><\/span><\/p>\r\n<p style=\"text-align: left;\"><strong style=\"box-sizing: border-box; color: #999999; font-family: Roboto; font-size: 14px; line-height: 21px; text-align: center;\"><strong style=\"box-sizing: border-box;\"><strong style=\"box-sizing: border-box; color: #999999; font-family: Roboto; font-size: 14px; line-height: 21px; text-align: center;\"><strong style=\"box-sizing: border-box;\"><strong style=\"box-sizing: border-box; color: #999999; font-family: Roboto; font-size: 14px; line-height: 21px; text-align: center;\"><strong style=\"box-sizing: border-box;\"><strong style=\"box-sizing: border-box; color: #999999; font-family: Roboto; font-size: 14px; line-height: 21px; text-align: center;\"><strong style=\"box-sizing: border-box;\"><strong style=\"box-sizing: border-box; color: #999999; font-family: Roboto; font-size: 14px; line-height: 21px; text-align: center;\"><strong style=\"box-sizing: border-box;\"><strong style=\"box-sizing: border-box; color: #999999; font-family: Roboto; font-size: 14px; line-height: 21px; text-align: center;\"><span style=\"color: #000000;\"><strong style=\"box-sizing: border-box; font-family: Roboto; font-size: 14px; line-height: 21px; text-align: center;\">7&ordm;:&nbsp;<\/strong><\/span><\/strong><\/strong><\/strong><\/strong><\/strong><\/strong><\/strong><\/strong><\/strong><\/strong><\/strong><span style=\"color: #000000;\">Deber&aacute;s mandar todos los requisitos a tu ejecutivo para iniciar con tu servicio contratado.<\/span><\/p>\r\n<p><strong style=\"box-sizing: border-box; color: #999999; font-family: Roboto; font-size: 14px; line-height: 21px; text-align: center;\"><strong style=\"box-sizing: border-box;\"><strong style=\"box-sizing: border-box; color: #999999; font-family: Roboto; font-size: 14px; line-height: 21px; text-align: center;\"><strong style=\"box-sizing: border-box;\"><strong style=\"box-sizing: border-box; color: #999999; font-family: Roboto; font-size: 14px; line-height: 21px; text-align: center;\"><strong style=\"box-sizing: border-box;\"><strong style=\"box-sizing: border-box; color: #999999; font-family: Roboto; font-size: 14px; line-height: 21px; text-align: center;\"><strong style=\"box-sizing: border-box;\"><strong style=\"box-sizing: border-box; color: #999999; font-family: Roboto; font-size: 14px; line-height: 21px; text-align: center;\"><strong style=\"box-sizing: border-box;\"><strong style=\"box-sizing: border-box; color: #999999; font-family: Roboto; font-size: 14px; line-height: 21px; text-align: center;\"><strong style=\"box-sizing: border-box;\"><strong style=\"box-sizing: border-box; color: #999999; font-family: Roboto; font-size: 14px; line-height: 21px; text-align: center;\"><span style=\"color: #000000;\"><strong style=\"box-sizing: border-box; font-family: Roboto; font-size: 14px; line-height: 21px; text-align: center;\">8&ordm;:&nbsp;<\/strong><\/span><\/strong><\/strong><\/strong><\/strong><\/strong><\/strong><\/strong><\/strong><\/strong><\/strong><\/strong><\/strong><\/strong><span style=\"color: #000000;\">Se proceder&aacute; a ejecutar el servicio requerido conforme a las fechas y puntos establecidos previamente.<\/span><\/p>\n                <\/div><\/div><!-- .module_cont --><\/div><div class='row'><div data-appear-top-offset='-100'  style='padding-bottom:40px;' class='col-sm-12  module_number_3 module_cont  module_title '><div class='bg_title'><h2 style='' class='headInModule'>Datos de dep\u00f3sito o transferencia bancaria<\/h2><\/div><\/div><!-- .module_cont --><\/div><div class='row'><div data-appear-top-offset='-100'  style='padding-bottom:40px;' class='col-sm-6  module_number_4 module_cont center_title module_html '>\n                <div class='module_content'>\n                    <div class=\"item_wrapper\">\r\n    <div class=\"item\">\r\n        <div class=\"row\">\r\n            <div class=\"col-sm-6\">\r\n                <div class=\"img_block\">\r\n                    <img decoding=\"async\" src=\"https:\/\/sihay.com.mx\/new-site\/wp-content\/uploads\/2021\/11\/santander.jpg\" alt=\"Santander\" \/>                                                       \r\n                <\/div>\r\n            <\/div>\r\n            <div class=\"col-sm-6\">\r\n                <div class=\"carousel_body\">\r\n                    <div class=\"team_title\">\r\n                        <h6><strong>SANTANDER<\/strong><\/h6>\r\n<div class=\"op\"><\/div>\r\n                         <\/div>\r\n                    <div class=\"team_desc mb16\" style=\"color:#000000;\">\r\n* N\u00famero de cuenta:<strong> 65-50941447-7<\/strong><br>\r\n* Beneficiario <strong>NET K S.A. de C.V.<\/strong><br>\r\n* Clabe interbancaria:<br> <strong>014320655094144776<\/strong><br>\r\n* Ciudad donde radica la cuenta: <strong>Guadalajara, Jalisco, M\u00e9xico.<\/strong><br>\r\n                    <\/div>             \r\n                <\/div>\r\n            <\/div>                                                            \r\n        <\/div>                                                            \t\t\t\t\t\t\t\t\r\n    <\/div>\r\n<\/div>\n                <\/div><\/div><!-- .module_cont --><div data-appear-top-offset='-100'  style='padding-bottom:40px;' class='col-sm-12  module_number_5 module_cont center_title module_text_area '>\n                <div class='module_content mt_6'>\n                    <p style=\"text-align: center;\"><span style=\"color: #000000;\"><strong>* Precios sujetos a cambio sin previo aviso, promociones no acumulables, aplican restricciones.<\/strong><\/span><\/p>\r\n<p style=\"text-align: center;\"><span style=\"color: #000000;\"><strong>Los dep&oacute;sitos en efectivo generan 3% adicional por IDE de forma general, los pagos por PayPal generan 5% adicional por comisiones del sistema. <\/strong><\/span><\/p>\r\n<p style=\"text-align: center;\"><span style=\"color: #000000;\"><strong>En pagos con otra divisa solicitar el monto correcto para pago a tu ejecutivo, pueden aplicarse comisiones por transacci&oacute;n internacional.<\/strong><strong>&nbsp;<\/strong><\/span><\/p>\n                <\/div><\/div><!-- .module_cont --><\/div>","protected":false},"excerpt":{"rendered":"<p>El proceso de contrataci\u00f3n es f\u00e1cil, r\u00e1pido y seguro, siguiendo estos sencillos pasos: 1&ordm;:&nbsp;&nbsp;Solicita por medio del formulario o llamada telef&oacute;nica una cotizaci&oacute;n sobre el servicio de tuinter&eacute;s.&nbsp; 2&ordm;:&nbsp;Recibir&aacute;s un correo electr&oacute;nico con la informaci&oacute;n de los paquetes y precios que cubran tus necesidades espec&iacute;ficas. 3&ordm;:&nbsp;Deber&aacute;s responder cu&aacute;l es el plan y servicio de tu inter&eacute;s. 4&ordm;:&nbsp;Recibir&aacute;s los requisitos necesarios para iniciar la contrataci&oacute;n seg&uacute;n el servicio requerido.&nbsp; 5&ordm;:&nbsp;Realiza el pago mediante alguna de las siguientes formas: &nbsp; &nbsp; &nbsp; *Transferencia bancaria. &nbsp; &nbsp; &nbsp; &nbsp; *Dep&oacute;sito de cheques. &nbsp; &nbsp; &nbsp; &nbsp; *Dep&oacute;sito en efectivo*. &nbsp; &nbsp; &nbsp; &nbsp;*PayPal*. 6&ordm;:&nbsp;Modalidades de pago para compra de bases de datos: &nbsp; &nbsp; &nbsp; 1.- El pago de 50% para iniciar el proceso, y otro 50% a la entrega de la Base. &nbsp; &nbsp; &nbsp; 2.- El pago de la Base en su totalidad, obteniendo un 10% de descuento al precio final. 7&ordm;:&nbsp;Deber&aacute;s mandar todos los requisitos a tu ejecutivo para iniciar con tu servicio contratado. 8&ordm;:&nbsp;Se proceder&aacute; a ejecutar el servicio requerido conforme a las fechas y puntos establecidos previamente. Datos de dep\u00f3sito o transferencia bancaria SANTANDER * N\u00famero de cuenta: 65-50941447-7 * Beneficiario NET K S.A. de C.V. * Clabe [&hellip;]<\/p>\n","protected":false},"author":1,"featured_media":0,"parent":0,"menu_order":0,"comment_status":"closed","ping_status":"closed","template":"","meta":{"footnotes":""},"class_list":["post-2124","page","type-page","status-publish","hentry"],"aioseo_notices":[],"_links":{"self":[{"href":"https:\/\/sihay.com.mx\/new-site\/wp-json\/wp\/v2\/pages\/2124","targetHints":{"allow":["GET"]}}],"collection":[{"href":"https:\/\/sihay.com.mx\/new-site\/wp-json\/wp\/v2\/pages"}],"about":[{"href":"https:\/\/sihay.com.mx\/new-site\/wp-json\/wp\/v2\/types\/page"}],"author":[{"embeddable":true,"href":"https:\/\/sihay.com.mx\/new-site\/wp-json\/wp\/v2\/users\/1"}],"replies":[{"embeddable":true,"href":"https:\/\/sihay.com.mx\/new-site\/wp-json\/wp\/v2\/comments?post=2124"}],"version-history":[{"count":1,"href":"https:\/\/sihay.com.mx\/new-site\/wp-json\/wp\/v2\/pages\/2124\/revisions"}],"predecessor-version":[{"id":2125,"href":"https:\/\/sihay.com.mx\/new-site\/wp-json\/wp\/v2\/pages\/2124\/revisions\/2125"}],"wp:attachment":[{"href":"https:\/\/sihay.com.mx\/new-site\/wp-json\/wp\/v2\/media?parent=2124"}],"curies":[{"name":"wp","href":"https:\/\/api.w.org\/{rel}","templated":true}]}}