{"id":2036,"date":"2015-12-23T11:51:58","date_gmt":"2015-12-23T17:51:58","guid":{"rendered":"http:\/\/epublicidad.com.mx\/new-site\/?page_id=2036"},"modified":"2022-01-19T17:01:08","modified_gmt":"2022-01-19T23:01:08","slug":"sistema-de-monitoreo","status":"publish","type":"page","link":"https:\/\/sihay.com.mx\/new-site\/sistema-de-monitoreo\/","title":{"rendered":"Sistema de monitoreo"},"content":{"rendered":"<div class='row'><div data-appear-top-offset='-100' data-animated='fadeInLeft' style='padding-bottom:60px;' class='col-sm-6 first-module module_number_1 module_cont module_team center_title module_html op0'>\n                <div class='module_content'>\n                    <div class=\"item_wrapper\">\r\n    <div class=\"item\">\r\n        <div class=\"row\">\r\n            <div class=\"col-sm-6\">\r\n                <div class=\"img_block\">\r\n                    <img decoding=\"async\" src=\"https:\/\/sihay.com.mx\/new-site\/wp-content\/uploads\/2015\/12\/sistema_ventajas.jpg\" alt=\"ventajas-sistema\" \/>           \r\n                                                   \r\n                <\/div>\r\n            <\/div>\r\n            <div class=\"col-sm-6\">\r\n                <div class=\"carousel_body\">\r\n                    <div class=\"team_title\">\r\n                        <h6>Ventajas<\/h6>\r\n<div class=\"op\"><\/div>\r\n                         <\/div>\r\n                    <div class=\"team_desc mb16\" style=\"color:#000000;\">\r\n                       <strong>\u2022 Puedes medir estad\u00edsticamente los resultados de tu campa\u00f1a.<\/strong><br>\r\n<strong>\u2022 Puedes adecuar<\/strong> diversas <strong>estrategias<\/strong> de emarketing.<br>\r\n<strong>\u2022 Estad\u00edsticas en tiempo real,<\/strong> las 24 hrs del d\u00eda.<br>\r\n<strong>\u2022 Acceso con usuario y contrase\u00f1a<\/strong> para mayor seguridad.<br>\r\n\u2022 Conoce m\u00e1s caracter\u00edsticas de tu mercado meta y poder <strong>tomar decisiones para futuras campa\u00f1as.<\/strong><br>\r\n<strong>\u2022 Puedes dar seguimiento<\/strong> a los usuarios que han dado click a tu campa\u00f1a. <br>\r\n                    <\/div>\r\n                    \r\n                <\/div>\r\n            <\/div>                                                            \r\n        <\/div>                                                            \t\t\t\t\t\t\t\t\r\n    <\/div>\r\n<\/div>\n                <\/div><\/div><!-- .module_cont --><div data-appear-top-offset='-100' data-animated='fadeInLeft' style='padding-bottom:60px;' class='col-sm-6  module_number_2 module_cont module_team center_title module_html op0'>\n                <div class='module_content'>\n                    <div class=\"item_wrapper\">\r\n    <div class=\"item\">\r\n        <div class=\"row\">\r\n            <div class=\"col-sm-6\">\r\n                <div class=\"img_block\">\r\n                    <img decoding=\"async\" src=\"https:\/\/sihay.com.mx\/new-site\/wp-content\/uploads\/2015\/12\/sistema_estadistica.jpg\" alt=\"estadisticas-sistema\" \/>           \r\n                                                   \r\n                <\/div>\r\n            <\/div>\r\n            <div class=\"col-sm-6\">\r\n                <div class=\"carousel_body\">\r\n                    <div class=\"team_title\">\r\n                        <h6>\u00bfQu\u00e9 puedes medir en el sistema?<\/h6>\r\n<div class=\"op\"><\/div>\r\n                         <\/div>\r\n                    <div class=\"team_desc mb16\" style=\"color:#000000;\">\r\n                        <strong>\u2022 Puedes verificar los detalles<\/strong> de tu campa\u00f1a y segmentaci\u00f3n enviados, la cantidad de correos contratados, flyer y asunto del correo.<br>\r\n<strong>\u2022 Visualiza la cantidad de personas<\/strong> que han dado click en los links que tiene el flyer. (Open-Rate).<br>\r\n<strong>\u2022 Puedes ver el porcentaje<\/strong> de clicks sobre aperturas. (Click-through Rate).<br>\r\n\u2022 Observa en qu\u00e9 d\u00edas de la semana se obtuvo una <strong>mayor respuesta e impacto<\/strong> de tu comunicaci\u00f3n hacia el mercado meta al que se enfoc\u00f3 el env\u00edo.<br>\r\n\u2022 Conoce en qu\u00e9 horarios del d\u00eda tuvieron <strong>mayores aperturas<\/strong> sobre tu comunicaci\u00f3n.\r\n                    <\/div>\r\n                   \r\n                <\/div>\r\n            <\/div>                                                            \r\n        <\/div>                                                            \t\t\t\t\t\t\t\t\r\n    <\/div>\r\n<\/div>\n                <\/div><\/div><!-- .module_cont --><\/div>","protected":false},"excerpt":{"rendered":"<p>Ventajas \u2022 Puedes medir estad\u00edsticamente los resultados de tu campa\u00f1a. \u2022 Puedes adecuar diversas estrategias de emarketing. \u2022 Estad\u00edsticas en tiempo real, las 24 hrs del d\u00eda. \u2022 Acceso con usuario y contrase\u00f1a para mayor seguridad. \u2022 Conoce m\u00e1s caracter\u00edsticas de tu mercado meta y poder tomar decisiones para futuras campa\u00f1as. \u2022 Puedes dar seguimiento a los usuarios que han dado click a tu campa\u00f1a. \u00bfQu\u00e9 puedes medir en el sistema? \u2022 Puedes verificar los detalles de tu campa\u00f1a y segmentaci\u00f3n enviados, la cantidad de correos contratados, flyer y asunto del correo. \u2022 Visualiza la cantidad de personas que han dado click en los links que tiene el flyer. (Open-Rate). \u2022 Puedes ver el porcentaje de clicks sobre aperturas. (Click-through Rate). \u2022 Observa en qu\u00e9 d\u00edas de la semana se obtuvo una mayor respuesta e impacto de tu comunicaci\u00f3n hacia el mercado meta al que se enfoc\u00f3 el env\u00edo. \u2022 Conoce en qu\u00e9 horarios del d\u00eda tuvieron mayores aperturas sobre tu comunicaci\u00f3n.<\/p>\n","protected":false},"author":1,"featured_media":0,"parent":0,"menu_order":0,"comment_status":"closed","ping_status":"closed","template":"","meta":{"footnotes":""},"class_list":["post-2036","page","type-page","status-publish","hentry"],"aioseo_notices":[],"_links":{"self":[{"href":"https:\/\/sihay.com.mx\/new-site\/wp-json\/wp\/v2\/pages\/2036","targetHints":{"allow":["GET"]}}],"collection":[{"href":"https:\/\/sihay.com.mx\/new-site\/wp-json\/wp\/v2\/pages"}],"about":[{"href":"https:\/\/sihay.com.mx\/new-site\/wp-json\/wp\/v2\/types\/page"}],"author":[{"embeddable":true,"href":"https:\/\/sihay.com.mx\/new-site\/wp-json\/wp\/v2\/users\/1"}],"replies":[{"embeddable":true,"href":"https:\/\/sihay.com.mx\/new-site\/wp-json\/wp\/v2\/comments?post=2036"}],"version-history":[{"count":1,"href":"https:\/\/sihay.com.mx\/new-site\/wp-json\/wp\/v2\/pages\/2036\/revisions"}],"predecessor-version":[{"id":2037,"href":"https:\/\/sihay.com.mx\/new-site\/wp-json\/wp\/v2\/pages\/2036\/revisions\/2037"}],"wp:attachment":[{"href":"https:\/\/sihay.com.mx\/new-site\/wp-json\/wp\/v2\/media?parent=2036"}],"curies":[{"name":"wp","href":"https:\/\/api.w.org\/{rel}","templated":true}]}}