{"id":2029,"date":"2015-12-23T09:22:46","date_gmt":"2015-12-23T15:22:46","guid":{"rendered":"http:\/\/epublicidad.com.mx\/new-site\/?page_id=2029"},"modified":"2026-01-30T15:01:10","modified_gmt":"2026-01-30T21:01:10","slug":"ppc","status":"publish","type":"page","link":"https:\/\/sihay.com.mx\/new-site\/ppc\/","title":{"rendered":"Ppc"},"content":{"rendered":"<div class='row'><div data-appear-top-offset='-100' data-animated='fadeIn' style='padding-bottom:75px;' class='col-sm-4 first-module module_number_1 module_cont center_title module_iconboxes op0'><div class='bg_title'><h3 style='color:#22a1c4;text-align:center;' class='headInModule'>SEO<\/h3><\/div>\n\t\t\t<div class='module_content shortcode_iconbox type2'>\n\t\t\t\t<a target='_blank' href='https:\/\/sihay.com.mx\/new-site\/seo\/'>\t\t\t\n\t\t\t\t<div class='iconbox_wrapper'>\n\n\t\t\t\t\t<div class='icon_title_wrap'>\n\t\t\t\t\t\t<div class='ico'>\n\t\t\t\t\t\t\t<i class=icon-signal><\/i>\n\t\t\t\t\t\t<\/div>\n\t\t\t\t\t\t<h5 class='iconbox_title'>Posicionamiento org\u00e1nico<\/h5>\n\t\t\t\t\t<\/div>\n\t\t\t\t\t<div class='iconbox_body'>\n\t\t\t\t\t\t<p><p style=\"text-align: center;\"><span style=\"color: #000000;\"><span style=\"text-align: center;\">Las estrategias de posicionamiento SEO (Search Engine Optimization)&nbsp;<\/span><strong style=\"color: #999999; text-align: center;\"><span style=\"color: #000000;\">ayudar&aacute;n a tu sitio web a colocarse dentro de<\/span> <span style=\"color: #000000;\">los primeros lugares<\/span><\/strong><span style=\"text-align: center;\"><span style=\"color: #000000;\">&nbsp;<\/span>en los principales motores de b&uacute;squeda&hellip;<\/span><\/span><\/p><\/p>\n\t\t\t\t\t<\/div>\n\t\t\t\t<\/div>\n\t\t\t\t<\/a>\n\t\t\t<\/div>\n\t\t\t<\/div><!-- .module_cont --><div data-appear-top-offset='-100' data-animated='fadeInDown' style='padding-bottom:75px;' class='col-sm-4  module_number_2 module_cont center_title module_iconboxes op0'><div class='bg_title'><h3 style='color:#22a1c4;text-align:center;' class='headInModule'>Enlaces patrocinados<\/h3><\/div>\n\t\t\t<div class='module_content shortcode_iconbox type2'>\n\t\t\t\t\t\t\t\n\t\t\t\t<div class='iconbox_wrapper'>\n\n\t\t\t\t\t<div class='icon_title_wrap'>\n\t\t\t\t\t\t<div class='ico'>\n\t\t\t\t\t\t\t<i class=icon-chain><\/i>\n\t\t\t\t\t\t<\/div>\n\t\t\t\t\t\t<h5 class='iconbox_title'>Google Adwords \/ PPC<\/h5>\n\t\t\t\t\t<\/div>\n\t\t\t\t\t<div class='iconbox_body'>\n\t\t\t\t\t\t<p><p><span style=\"color: #000000;\">Google AdWords es un sistema de anuncios publicitarios que&nbsp;<strong style=\"color: #000000;\">te permiten llegar a nuevos clientes<\/strong>&nbsp;en el preciso momento en que estos buscan tus productos o servicios...<\/span><\/p><\/p>\n\t\t\t\t\t<\/div>\n\t\t\t\t<\/div>\n\t\t\t\t\n\t\t\t<\/div>\n\t\t\t<\/div><!-- .module_cont --><div data-appear-top-offset='-100' data-animated='fadeInDown' style='padding-bottom:75px;' class='col-sm-4  module_number_3 module_cont center_title module_iconboxes op0'><div class='bg_title'><h3 style='color:#22a1c4;text-align:center;' class='headInModule'>Marketing en redes sociales<\/h3><\/div>\n\t\t\t<div class='module_content shortcode_iconbox type2'>\n\t\t\t\t<a target='_blank' href='https:\/\/sihay.com.mx\/new-site\/marketing\/'>\t\t\t\n\t\t\t\t<div class='iconbox_wrapper'>\n\n\t\t\t\t\t<div class='icon_title_wrap'>\n\t\t\t\t\t\t<div class='ico'>\n\t\t\t\t\t\t\t<i class=icon-facebook-square><\/i>\n\t\t\t\t\t\t<\/div>\n\t\t\t\t\t\t<h5 class='iconbox_title'>Facebook, Twitter<\/h5>\n\t\t\t\t\t<\/div>\n\t\t\t\t\t<div class='iconbox_body'>\n\t\t\t\t\t\t<p><p><span style=\"color: #000000;\">Las redes sociales son plataformas en internet que&nbsp;<strong style=\"color: #000000;\">sirven para la comunicaci&oacute;n, intercambio de informaci&oacute;n<\/strong>&nbsp;y experiencias entre los usuarios de internet...<\/span><\/p><\/p>\n\t\t\t\t\t<\/div>\n\t\t\t\t<\/div>\n\t\t\t\t<\/a>\n\t\t\t<\/div>\n\t\t\t<\/div><!-- .module_cont --><\/div><div class='row'><div data-appear-top-offset='-100' data-animated='fadeIn' style='padding-bottom:0px;' class='col-sm-12  module_number_4 module_cont  module_title op0'><div class='bg_title'><h2 style='' class='headInModule'>Enlaces patrocinados<\/h2><\/div><\/div><!-- .module_cont --><\/div><div class='row'><div data-appear-top-offset='-100' data-animated='fadeInLeft' style='padding-bottom:30px;' class='col-sm-6  module_number_5 module_cont center_title module_html op0'>\n                <div class='module_content'>\n                    <div class=\"module_content shortcode_iconbox type4\">\r\n    \t\t\r\n        <div class=\"iconbox_wrapper\">\r\n            <div class=\"icon_title_wrap\">\r\n                <div class=\"ico\">\r\n                    <i class=\"icon-comment-o\"><\/i>\r\n                <\/div>\r\n                <h5 class=\"iconbox_title\">Google AdWords \/ PPC<\/h5>\r\n            <\/div>\r\n            <div class=\"iconbox_body\">\t\t\t\t\t\t\r\n                <p style=\"color:#000000;\">Gestionamos tus anuncios brind\u00e1ndoles un concepto integral a la par con tus esfuerzos de marketing, <strong>desarrollando anuncios de alto impacto,<\/strong> configurados estrat\u00e9gicamente<\/p>\r\n            <\/div>\r\n        <\/div>\r\n    \r\n<\/div>\r\n<div class=\"module_content shortcode_iconbox type4\">\r\n    <a href=\"javascript:void(0);\">\t\t\t\r\n        <div class=\"iconbox_wrapper\">\r\n            <div class=\"icon_title_wrap\">\r\n                <div class=\"ico\">\r\n                    <i class=\"icon-check\"><\/i>\r\n                <\/div>\r\n                <h5 class=\"iconbox_title\">Beneficios<\/h5>\r\n            <\/div>\r\n            <div class=\"iconbox_body\">\t\t\t\t\t\t\r\n                <p style=\"color:#000000;\">- Sus anuncios <strong>aparecer\u00e1n cuando un usuario busque informaci\u00f3n relacionada<\/strong> con tus productos o servicios casi de forma instant\u00e1nea.<br>\r\n- <strong>Llega a m\u00e1s del 80%de los usuarios<\/strong> de internet.<\/p>\r\n <p><a href=\"https:\/\/sihay.com.mx\/new-site\/beneficios-ppc\/\" style=\"color:#22a1c4;\">Ver m\u00e1s<\/a><\/p>\r\n            <\/div>\t\t\t\t\t\r\n        <\/div>\r\n    <\/a>\r\n<\/div>\r\n<div class=\"module_content shortcode_iconbox type4\">\r\n    <a href=\"javascript:void(0);\">\t\t\t\r\n        <div class=\"iconbox_wrapper\">\r\n            <div class=\"icon_title_wrap\">\r\n                <div class=\"ico\">\r\n                   <i class=\"icon-thumbs-o-up\"><\/i> \r\n                <\/div>\r\n                <h5 class=\"iconbox_title\">\u00bfPorqu\u00e9 contratar con SIHAY?<\/h5>\r\n            <\/div>\r\n            <div class=\"iconbox_body\">\t\t\t\t\t\t\r\n                <p style=\"color:#000000;\"><strong>Gestionamos tus anuncios brind\u00e1ndoles un concepto integral a la par con tus esfuerzos de marketing,<\/strong> desarrollando anuncios de alto impacto, configurados estrat\u00e9gicamente para asegurar que no exista fuga de inversi\u00f3n y que los contactos que visitan tu p\u00e1gina web sean calificados para tu empresa y productos o servicios.<\/p>\r\n<p><a href=\"https:\/\/sihay.com.mx\/new-site\/beneficios-ppc\/\" style=\"color:#22a1c4;\">Ver m\u00e1s<\/a><\/p>\r\n            <\/div>\t\t\t\t\t\r\n        <\/div>\r\n    <\/a>\r\n<\/div>\n                <\/div><\/div><!-- .module_cont --><div data-appear-top-offset='-100' data-animated='fadeInUp' style='padding-bottom:60px;' class='col-sm-6  module_number_6 module_cont center_title module_video op0'><div class=\"wrapped_video\">\n            <iframe loading=\"lazy\" width=\"100%\" height=\"450px\" src=\"http:\/\/www.youtube.com\/embed\/zFeOCCRpk8s \" frameborder=\"0\" allowfullscreen><\/iframe>\n        <\/div><\/div><!-- .module_cont --><\/div><div class='row'><div data-appear-top-offset='-100' data-animated='fadeIn' style='padding-bottom:0px;' class='col-sm-12  module_number_7 module_cont  module_title op0'><div class='bg_title'><h2 style='' class='headInModule'>Paquetes<\/h2><\/div><\/div><!-- .module_cont --><\/div><div class='row'><div data-appear-top-offset='-100' data-animated='fadeInLeft' style='padding-bottom:80px;' class='col-sm-4  module_number_8 module_cont center_title module_price_table op0'><div class=\"module_price_table price_table_wrapper clearfix\"><div class=\"price_table_wrapper\">\n                <div class=\"price_item \" style=\"width:100%;\">\n                    <div class=\"price_item_wrapper\">\n\n                        <div class=\"price_item_wrap\">\n                            <div class=\"price_item_title\">\n                                <h5>B\u00e1sico<\/h5>\n                                <h6><\/h6>\n                            <\/div>\n                            <div class=\"item_cost_wrapper\">\n                                <div class=\"price_item_cost\">\n                                    <h1>$7,750<span><\/span><\/h1>\n                                <\/div>\n                            <\/div>\n                            <div class=\"price_item_body\"><div class=\"price_item_text\"><i class=\"icon-ok\"><\/i> <strong style=\"color:#000000;\">100 clics<\/strong> garantizados<\/div><div class=\"price_item_text\"><i class=\"icon-ok\"><\/i> <span style=\"color:#000000;\">Determinaci\u00f3n de <strong>3 palabras<\/strong> claves <span><\/div><div class=\"price_item_text\"><i class=\"icon-ok\"><\/i> <span style=\"color:#000000;\">Configuraci\u00f3n inicial de pago por clic<\/span><\/div><div class=\"price_item_text\"><i class=\"icon-ok\"><\/i> <span style=\"color:#000000;\">An\u00e1lisis y monitoreo continuo <\/span><\/div><div class=\"price_item_text\"><i class=\"icon-ok\"><\/i>  <span style=\"color:#000000;\">Reportes semanales <\/span><\/div><div class=\"price_item_btn\"><a href=\"contacto\"  class=\"shortcode_button btn_large btn_type1 without_icon\">Consulta con un asesor<\/a><\/div>\n                            <\/div>\n                        <\/div>\n                    <\/div>\n                <\/div>\n            <\/div><\/div><\/div><!-- .module_cont --><div data-appear-top-offset='-100' data-animated='fadeInLeft' style='padding-bottom:80px;' class='col-sm-4  module_number_9 module_cont center_title module_price_table op0'><div class=\"module_price_table price_table_wrapper clearfix\"><div class=\"price_table_wrapper\">\n                <div class=\"price_item \" style=\"width:100%;\">\n                    <div class=\"price_item_wrapper\">\n\n                        <div class=\"price_item_wrap\">\n                            <div class=\"price_item_title\">\n                                <h5>Est\u00e1ndar<\/h5>\n                                <h6><\/h6>\n                            <\/div>\n                            <div class=\"item_cost_wrapper\">\n                                <div class=\"price_item_cost\">\n                                    <h1>$9,900<span><\/span><\/h1>\n                                <\/div>\n                            <\/div>\n                            <div class=\"price_item_body\"><div class=\"price_item_text\"><i class=\"icon-ok\"><\/i> <span style=\"color:#000000;\"><strong>200 clics<\/strong> garantizados<\/span><\/div><div class=\"price_item_text\"><i class=\"icon-ok\"><\/i> <span style=\"color:#000000;\">Determinaci\u00f3n de <strong>5 palabras<\/strong> claves <\/span><\/div><div class=\"price_item_text\"><i class=\"icon-ok\"><\/i> <span style=\"color:#000000;\">Configuraci\u00f3n inicial de pago por clic <\/span><\/div><div class=\"price_item_text\"><i class=\"icon-ok\"><\/i> <span style=\"color:#000000;\">An\u00e1lisis y monitoreo continuo<\/span><\/div><div class=\"price_item_text\"><i class=\"icon-ok\"><\/i> <span style=\"color:#000000;\"> Reportes semanales <\/span><\/div><div class=\"price_item_btn\"><a href=\"contacto\"  class=\"shortcode_button btn_large btn_type1 without_icon\">Consulta con un asesor<\/a><\/div>\n                            <\/div>\n                        <\/div>\n                    <\/div>\n                <\/div>\n            <\/div><\/div><\/div><!-- .module_cont --><div data-appear-top-offset='-100' data-animated='fadeInLeft' style='padding-bottom:80px;' class='col-sm-4  module_number_10 module_cont center_title module_price_table op0'><div class=\"module_price_table price_table_wrapper clearfix\"><div class=\"price_table_wrapper\">\n                <div class=\"price_item \" style=\"width:100%;\">\n                    <div class=\"price_item_wrapper\">\n\n                        <div class=\"price_item_wrap\">\n                            <div class=\"price_item_title\">\n                                <h5>Plus<\/h5>\n                                <h6><\/h6>\n                            <\/div>\n                            <div class=\"item_cost_wrapper\">\n                                <div class=\"price_item_cost\">\n                                    <h1>$12,500<span><\/span><\/h1>\n                                <\/div>\n                            <\/div>\n                            <div class=\"price_item_body\"><div class=\"price_item_text\"><i class=\"icon-ok\"><\/i> <span style=\"color:#000000;\"><strong>300 clic<\/strong> garantizados <\/span><\/div><div class=\"price_item_text\"><i class=\"icon-ok\"><\/i> <span style=\"color:#000000;\"> Determinaci\u00f3n de <strong>10 palabras claves<\/strong> <span><\/div><div class=\"price_item_text\"><i class=\"icon-ok\"><\/i> <span style=\"color:#000000;\"> Configuraci\u00f3n inicial de pago por clic<\/span><\/div><div class=\"price_item_text\"><i class=\"icon-ok\"><\/i> <span style=\"color:#000000;\" >An\u00e1lisis y monitoreo continuo <\/span><\/div><div class=\"price_item_text\"><i class=\"icon-ok\"><\/i> <span style=\"color:#000000;\"> Reportes semanales <\/span><\/div><div class=\"price_item_btn\"><a href=\"contacto\"  class=\"shortcode_button btn_large btn_type1 without_icon\">Consulta con un asesor<\/a><\/div>\n                            <\/div>\n                        <\/div>\n                    <\/div>\n                <\/div>\n            <\/div><\/div><\/div><!-- .module_cont --><\/div>","protected":false},"excerpt":{"rendered":"<p>SEO Posicionamiento org\u00e1nico Las estrategias de posicionamiento SEO (Search Engine Optimization)&nbsp;ayudar&aacute;n a tu sitio web a colocarse dentro de los primeros lugares&nbsp;en los principales motores de b&uacute;squeda&hellip; Enlaces patrocinados Google Adwords \/ PPC Google AdWords es un sistema de anuncios publicitarios que&nbsp;te permiten llegar a nuevos clientes&nbsp;en el preciso momento en que estos buscan tus productos o servicios&#8230; Marketing en redes sociales Facebook, Twitter Las redes sociales son plataformas en internet que&nbsp;sirven para la comunicaci&oacute;n, intercambio de informaci&oacute;n&nbsp;y experiencias entre los usuarios de internet&#8230; Enlaces patrocinados Google AdWords \/ PPC Gestionamos tus anuncios brind\u00e1ndoles un concepto integral a la par con tus esfuerzos de marketing, desarrollando anuncios de alto impacto, configurados estrat\u00e9gicamente Beneficios &#8211; Sus anuncios aparecer\u00e1n cuando un usuario busque informaci\u00f3n relacionada con tus productos o servicios casi de forma instant\u00e1nea. &#8211; Llega a m\u00e1s del 80%de los usuarios de internet. Ver m\u00e1s \u00bfPorqu\u00e9 contratar con SIHAY? Gestionamos tus anuncios brind\u00e1ndoles un concepto integral a la par con tus esfuerzos de marketing, desarrollando anuncios de alto impacto, configurados estrat\u00e9gicamente para asegurar que no exista fuga de inversi\u00f3n y que los contactos que visitan tu p\u00e1gina web sean calificados para tu empresa y productos o servicios. Ver m\u00e1s Paquetes B\u00e1sico [&hellip;]<\/p>\n","protected":false},"author":1,"featured_media":0,"parent":0,"menu_order":0,"comment_status":"closed","ping_status":"closed","template":"","meta":{"footnotes":""},"class_list":["post-2029","page","type-page","status-publish","hentry"],"aioseo_notices":[],"_links":{"self":[{"href":"https:\/\/sihay.com.mx\/new-site\/wp-json\/wp\/v2\/pages\/2029","targetHints":{"allow":["GET"]}}],"collection":[{"href":"https:\/\/sihay.com.mx\/new-site\/wp-json\/wp\/v2\/pages"}],"about":[{"href":"https:\/\/sihay.com.mx\/new-site\/wp-json\/wp\/v2\/types\/page"}],"author":[{"embeddable":true,"href":"https:\/\/sihay.com.mx\/new-site\/wp-json\/wp\/v2\/users\/1"}],"replies":[{"embeddable":true,"href":"https:\/\/sihay.com.mx\/new-site\/wp-json\/wp\/v2\/comments?post=2029"}],"version-history":[{"count":1,"href":"https:\/\/sihay.com.mx\/new-site\/wp-json\/wp\/v2\/pages\/2029\/revisions"}],"predecessor-version":[{"id":2030,"href":"https:\/\/sihay.com.mx\/new-site\/wp-json\/wp\/v2\/pages\/2029\/revisions\/2030"}],"wp:attachment":[{"href":"https:\/\/sihay.com.mx\/new-site\/wp-json\/wp\/v2\/media?parent=2029"}],"curies":[{"name":"wp","href":"https:\/\/api.w.org\/{rel}","templated":true}]}}