{"id":1983,"date":"2015-12-22T09:19:44","date_gmt":"2015-12-22T15:19:44","guid":{"rendered":"http:\/\/epublicidad.com.mx\/new-site\/?page_id=1983"},"modified":"2026-01-30T15:25:32","modified_gmt":"2026-01-30T21:25:32","slug":"seo","status":"publish","type":"page","link":"https:\/\/sihay.com.mx\/new-site\/seo\/","title":{"rendered":"SEO"},"content":{"rendered":"<div class='row'><div data-appear-top-offset='-100' data-animated='fadeIn' style='padding-bottom:75px;' class='col-sm-4 first-module module_number_1 module_cont center_title module_iconboxes op0'><div class='bg_title'><h3 style='color:#22a1c4;text-align:center;' class='headInModule'>SEO<\/h3><\/div>\n\t\t\t<div class='module_content shortcode_iconbox type2'>\n\t\t\t\t\t\t\t\n\t\t\t\t<div class='iconbox_wrapper'>\n\n\t\t\t\t\t<div class='icon_title_wrap'>\n\t\t\t\t\t\t<div class='ico'>\n\t\t\t\t\t\t\t<i class=icon-signal><\/i>\n\t\t\t\t\t\t<\/div>\n\t\t\t\t\t\t<h5 class='iconbox_title'>Posicionamiento org\u00e1nico<\/h5>\n\t\t\t\t\t<\/div>\n\t\t\t\t\t<div class='iconbox_body'>\n\t\t\t\t\t\t<p><p style=\"text-align: center;\"><span style=\"color: #000000;\">Las estrategias de posicionamiento SEO (Search Engine Optimization) <strong>ayudaran a tu sitio web a colocarse dentro de los primeros lugares<\/strong> en los principales motores de b&uacute;squeda&hellip;<\/span><\/p><\/p>\n\t\t\t\t\t<\/div>\n\t\t\t\t<\/div>\n\t\t\t\t\n\t\t\t<\/div>\n\t\t\t<\/div><!-- .module_cont --><div data-appear-top-offset='-100' data-animated='fadeInDown' style='padding-bottom:75px;' class='col-sm-4  module_number_2 module_cont center_title module_iconboxes op0'><div class='bg_title'><h3 style='color:#22a1c4;text-align:center;' class='headInModule'>Enlaces patrocinados<\/h3><\/div>\n\t\t\t<div class='module_content shortcode_iconbox type2'>\n\t\t\t\t<a target='_blank' href='https:\/\/sihay.com.mx\/new-site\/ppc\/'>\t\t\t\n\t\t\t\t<div class='iconbox_wrapper'>\n\n\t\t\t\t\t<div class='icon_title_wrap'>\n\t\t\t\t\t\t<div class='ico'>\n\t\t\t\t\t\t\t<i class=icon-chain><\/i>\n\t\t\t\t\t\t<\/div>\n\t\t\t\t\t\t<h5 class='iconbox_title'>Google Adwords \/ PPC<\/h5>\n\t\t\t\t\t<\/div>\n\t\t\t\t\t<div class='iconbox_body'>\n\t\t\t\t\t\t<p><p><span style=\"color: #000000;\">Google AdWords es un sistema de anuncios publicitarios que <strong>te permiten llegar a nuevos clientes<\/strong> en el preciso momento en que &eacute;stos buscan tus productos o servicios...<\/span><\/p><\/p>\n\t\t\t\t\t<\/div>\n\t\t\t\t<\/div>\n\t\t\t\t<\/a>\n\t\t\t<\/div>\n\t\t\t<\/div><!-- .module_cont --><div data-appear-top-offset='-100' data-animated='fadeInDown' style='padding-bottom:75px;' class='col-sm-4  module_number_3 module_cont center_title module_iconboxes op0'><div class='bg_title'><h3 style='color:#22a1c4;text-align:center;' class='headInModule'>Marketing en redes sociales<\/h3><\/div>\n\t\t\t<div class='module_content shortcode_iconbox type2'>\n\t\t\t\t<a target='_blank' href='https:\/\/sihay.com.mx\/new-site\/marketing\/'>\t\t\t\n\t\t\t\t<div class='iconbox_wrapper'>\n\n\t\t\t\t\t<div class='icon_title_wrap'>\n\t\t\t\t\t\t<div class='ico'>\n\t\t\t\t\t\t\t<i class=icon-facebook-square><\/i>\n\t\t\t\t\t\t<\/div>\n\t\t\t\t\t\t<h5 class='iconbox_title'>Facebook, Twitter<\/h5>\n\t\t\t\t\t<\/div>\n\t\t\t\t\t<div class='iconbox_body'>\n\t\t\t\t\t\t<p><p><span style=\"color: #000000;\">Las redes sociales son plataformas en internet que <strong>sirven para la comunicaci&oacute;n, intercambio de informaci&oacute;n<\/strong> y experiencias entre los usuarios de internet...<\/span><\/p><\/p>\n\t\t\t\t\t<\/div>\n\t\t\t\t<\/div>\n\t\t\t\t<\/a>\n\t\t\t<\/div>\n\t\t\t<\/div><!-- .module_cont --><\/div><div class='row'><div data-appear-top-offset='-100' data-animated='fadeIn' style='padding-bottom:0px;' class='col-sm-12  module_number_4 module_cont  module_title op0'><div class='bg_title'><h2 style='' class='headInModule'>SEO<\/h2><\/div><\/div><!-- .module_cont --><\/div><div class='row'><div data-appear-top-offset='-100' data-animated='fadeInLeft' style='padding-bottom:30px;' class='col-sm-6  module_number_5 module_cont center_title module_html op0'>\n                <div class='module_content'>\n                    <div class=\"module_content shortcode_iconbox type4\">\r\n  \t\t\r\n        <div class=\"iconbox_wrapper\">\r\n            <div class=\"icon_title_wrap\">\r\n                <div class=\"ico\">\r\n                    <i class=\"icon-bar-chart-o\"><\/i>\r\n                <\/div>\r\n                <h5 class=\"iconbox_title\">Posicionamiento org\u00e1nico<\/h5>\r\n            <\/div>\r\n            <div class=\"iconbox_body\">\t\t\t\t\t\t\r\n                <p style=\"color:#000000;\">Las estrategias de posicionamiento SEO (Search Engine Optimization) <strong>ayudaran a tu sitio web a colocarse dentro de los primeros lugares<\/strong> en los principales motores de b\u00fasqueda, para que tus clientes potenciales tengan dentro de sus primeras opciones a tu empresa y con ello aumente el n\u00famero de visitas calificadas, prospectos y como consecuencia m\u00e1s posibilidad de venta.<\/p>\r\n            <\/div>\r\n        <\/div>\r\n    \r\n<\/div>\r\n<div class=\"module_content shortcode_iconbox type4\">\r\n    <a href=\"javascript:void(0);\">\t\t\t\r\n        <div class=\"iconbox_wrapper\">\r\n            <div class=\"icon_title_wrap\">\r\n                <div class=\"ico\">\r\n                    <i class=\"icon-check\"><\/i>\r\n                <\/div>\r\n                <h5 class=\"iconbox_title\">Beneficios<\/h5>\r\n            <\/div>\r\n            <div class=\"iconbox_body\">\t\t\t\t\t\t\r\n                <p style=\"color:#000000;\">- <strong>Posicionamiento de tu sitio<\/strong> en los primeros lugares de Google.\r\n- Ayuda a mantener en la <strong>mente del consumidor<\/strong> tu empresa.<\/p>\r\n <p><a href=\"https:\/\/sihay.com.mx\/new-site\/beneficios-seo\/\" style=\"color:#22a1c4;\">Ver m\u00e1s<\/a><\/p>\r\n            <\/div>\t\t\t\t\t\r\n        <\/div>\r\n    <\/a>\r\n<\/div>\r\n<div class=\"module_content shortcode_iconbox type4\">\r\n    <a href=\"javascript:void(0);\">\t\t\t\r\n        <div class=\"iconbox_wrapper\">\r\n            <div class=\"icon_title_wrap\">\r\n                <div class=\"ico\">\r\n                   <i class=\"icon-thumbs-o-up\"><\/i> \r\n                <\/div>\r\n                <h5 class=\"iconbox_title\">\u00bfPorque contratar con ePublicidad?<\/h5>\r\n            <\/div>\r\n            <div class=\"iconbox_body\">\t\t\t\t\t\t\r\n                <p style=\"color:#000000;\">En SiHay <strong>estamos a la vanguardia en estrategias SEO<\/strong> y contamos con la capacidad, infraestructura y experiencia para poder realizarlo de manera eficaz, profesional y con resultados reales, <strong>reflejados en el \u00e9xito de tu empresa en internet.<\/strong><\/p>\r\n<p><a href=\"https:\/\/sihay.com.mx\/new-site\/beneficios-seo\/\" style=\"color:#22a1c4;\">Ver m\u00e1s<\/a><\/p>\r\n            <\/div>\t\t\t\t\t\r\n        <\/div>\r\n    <\/a>\r\n<\/div>\n                <\/div><\/div><!-- .module_cont --><div data-appear-top-offset='-100' data-animated='fadeIn' style='padding-bottom:0px;' class='col-sm-6  module_number_6 module_cont center_title module_content op0'><div class='module_content'><img loading=\"lazy\" decoding=\"async\" class=\"alignnone wp-image-2212 size-full\" src=\"https:\/\/sihay.com.mx\/new-site\/wp-content\/uploads\/2016\/01\/img_seo.png\" alt=\"img_seo\" width=\"570\" height=\"380\" srcset=\"https:\/\/sihay.com.mx\/new-site\/wp-content\/uploads\/2016\/01\/img_seo.png 570w, https:\/\/sihay.com.mx\/new-site\/wp-content\/uploads\/2016\/01\/img_seo-300x200.png 300w\" sizes=\"auto, (max-width: 570px) 100vw, 570px\" \/>\n<div style=\"color: #fff; width: 700px; font-family: Arial, Helvetica, sans-serif; font-size: 0.1pt;\">Bases de datos clientes Guatemala. Ecuador email list database. Posicionamiento Org\u00e1nico SEO. Somos expertos en auditoria de sitios para mejorar el posicionamiento natural en buscadores, Posicionamiento Web Google Org\u00e1nico con t\u00e9cnicas SEO para estar en primera posici\u00f3n con las mejores pr\u00e1cticas (White Hat Search Engine Optimization) M\u00e9xico. base de datos de ventas Costa Rica. bases de datos para telemarketing Puerto Rico. Base de datos de empresas y profesionales Uruguay. comprar bases de datos para mailing Paraguay. Ejecuta campa\u00f1as de marketing por correo en Uruguay. base de datos segmentada de correos electronicos Rep\u00fablica Dominicana. servicio de email marketing Panam\u00e1. base de datos de telemarketing Bolivia. bases de datos de hispanos en Chile. Bases para envios masivos, envios masivos, emailing Colombia. base de datos para campa\u00f1a de telemarketing Panam\u00e1. base de datos email marketing Ecuador. bases de datos email marketing Rep\u00fablica Dominicana. servicios de env\u00edos masivos de email Ecuador. base de datos con emails Bolivia. Env\u00eda campa\u00f1as de email marketing Panam\u00e1. Costa Rica B2B leads database. Panam\u00e1 B2B database services. Guatemala b2b contact databases. Honduras Email Database for Sale. List of companies in Rep\u00fablica Dominicana.base de datos mailing Ecuador. Brasil telemarketing list. Honduras B2C email list providers. Costa Rica B2B lead database.. Canad\u00e1 company email addresses. Ecuador consumer email lists. Jamaica professional email address database. Chile email data providers. Databases of automotive companies in Venezuela. El Salvador targeted marketing database. Canad\u00e1 targeted direct mails lists. B2B's Canad\u00e1 mailing lists. campa\u00f1a de correo electr\u00f3nico Ecuador. Brasil industry directory. Buy email list database Rep\u00fablica Dominicana.<\/div><\/div><\/div><!-- .module_cont --><\/div><div class='row'><div data-appear-top-offset='-100' data-animated='fadeIn' style='padding-bottom:0px;' class='col-sm-12  module_number_7 module_cont  module_title op0'><div class='bg_title'><h2 style='' class='headInModule'>Paquetes<\/h2><\/div><\/div><!-- .module_cont --><\/div><div class='row'><div data-appear-top-offset='-100' data-animated='fadeInLeft' style='padding-bottom:80px;' class='col-sm-4  module_number_8 module_cont center_title module_price_table op0'><div class=\"module_price_table price_table_wrapper clearfix\"><div class=\"price_table_wrapper\">\n                <div class=\"price_item \" style=\"width:100%;\">\n                    <div class=\"price_item_wrapper\">\n\n                        <div class=\"price_item_wrap\">\n                            <div class=\"price_item_title\">\n                                <h5>B\u00e1sico<\/h5>\n                                <h6><\/h6>\n                            <\/div>\n                            <div class=\"item_cost_wrapper\">\n                                <div class=\"price_item_cost\">\n                                    <h1>$8,500<span><\/span><\/h1>\n                                <\/div>\n                            <\/div>\n                            <div class=\"price_item_body\"><div class=\"price_item_text\"><i class=\"icon-ok\"><\/i> <span style=\"color:#000000;\"> An\u00e1lisis y evaluaci\u00f3n del sitio<\/span><\/div><div class=\"price_item_text\"><i class=\"icon-ok\"><\/i> <span style=\"color:#000000;\"> Programaci\u00f3n de tu sitio web <\/span><\/div><div class=\"price_item_text\"><i class=\"icon-ok\"><\/i> <span style=\"color:#000000;\">Optimizaci\u00f3n del sitio<\/span><\/div><div class=\"price_item_text\"><i class=\"icon-ok\"><\/i> <span style=\"color:#000000;\"><strong>Alta en 10 directorios<\/strong> especializados al perfil de tu empresa<\/span><\/div><div class=\"price_item_text\"><i class=\"icon-ok\"><\/i> <span style=\"color:#000000;\"><strong>3 palabras claves<\/strong> garantizadas dentro de los <strong>10 primeros lugares<\/strong> de Google<\/span><\/div><div class=\"price_item_text\"><i class=\"icon-ok\"><\/i>  <span style=\"color:#000000;\">Entrega de reporte final<\/span><\/div><div class=\"price_item_text\"><i class=\"icon-ok\"><\/i> <span style=\"color:#000000;\"><strong>*Manteniemiento mensual $1,000<\/strong> <\/span><\/div><div class=\"price_item_text\"><i class=\"icon-ok\"><\/i> <span style=\"color:#000000;\"><strong>**Costo por palabra clave de alta competencia $4,500<\/strong><\/span><\/div><div class=\"price_item_btn\"><a href=\"contacto\/\"  class=\"shortcode_button btn_large btn_type1 without_icon\">Cotizar<\/a><\/div>\n                            <\/div>\n                        <\/div>\n                    <\/div>\n                <\/div>\n            <\/div><\/div><\/div><!-- .module_cont --><div data-appear-top-offset='-100' data-animated='fadeInLeft' style='padding-bottom:80px;' class='col-sm-4  module_number_9 module_cont center_title module_price_table op0'><div class=\"module_price_table price_table_wrapper clearfix\"><div class=\"price_table_wrapper\">\n                <div class=\"price_item \" style=\"width:100%;\">\n                    <div class=\"price_item_wrapper\">\n\n                        <div class=\"price_item_wrap\">\n                            <div class=\"price_item_title\">\n                                <h5>Est\u00e1ndar<\/h5>\n                                <h6><p style=\"color:#22a1c4;text-decoration:underline;font-weight:bold;\">Paquete m\u00e1s contratado<\/p><\/h6>\n                            <\/div>\n                            <div class=\"item_cost_wrapper\">\n                                <div class=\"price_item_cost\">\n                                    <h1>$12,500<span><\/span><\/h1>\n                                <\/div>\n                            <\/div>\n                            <div class=\"price_item_body\"><div class=\"price_item_text\"><i class=\"icon-ok\"><\/i> <span style=\"color:#000000;\">An\u00e1lisis y evoluci\u00f3n del sitio <\/span><\/div><div class=\"price_item_text\"><i class=\"icon-ok\"><\/i> <span style=\"color:#000000;\">Programaci\u00f3n de tu sitio web<\/span><\/div><div class=\"price_item_text\"><i class=\"icon-ok\"><\/i> <span style=\"color:#000000;\">Optimizaci\u00f3n del sitio<\/span><\/div><div class=\"price_item_text\"><i class=\"icon-ok\"><\/i> <span style=\"color:#000000;\"><strong>Alta en 50 directorios <\/strong> especializados al perfil de tu empresa<\/span><\/div><div class=\"price_item_text\"><i class=\"icon-ok\"><\/i> <span style=\"color:#000000;\">Alta en directorios de <strong>3 pa\u00edses<\/strong><\/span><\/div><div class=\"price_item_text\"><i class=\"icon-ok\"><\/i> <span style=\"color:#000000;\">Generaci\u00f3n de enlaces con blogs y foros especializados al perfil de tu empresa<\/span><\/div><div class=\"price_item_text\"><i class=\"icon-ok\"><\/i> <span style=\"color:#000000;\"><strong>5 palabras claves<\/strong> garatizadas dentro de los <strong>10 primeros lugares<\/strong> de Google <\/span><\/div><div class=\"price_item_text\"><i class=\"icon-ok\"><\/i> <span style=\"color:#000000;\">Entrega de reportes mensuales<\/span><\/div><div class=\"price_item_text\"><i class=\"icon-ok\"><\/i> <span style=\"color:#000000;\">Entrega de reporte final<\/span><\/div><div class=\"price_item_text\"><i class=\"icon-ok\"><\/i> <span style=\"color:#000000;\"><strong>*Mantenimiento mensual $1,200<\/strong><\/span><\/div><div class=\"price_item_text\"><i class=\"icon-ok\"><\/i> <span style=\"color:#000000;\"><strong>**Costo por palabra clave de alta competencia $4,500<\/strong><\/span><\/div><div class=\"price_item_btn\"><a href=\"contacto\/\"  class=\"shortcode_button btn_large btn_type1 without_icon\">Cotizar<\/a><\/div>\n                            <\/div>\n                        <\/div>\n                    <\/div>\n                <\/div>\n            <\/div><\/div><\/div><!-- .module_cont --><div data-appear-top-offset='-100' data-animated='fadeInLeft' style='padding-bottom:80px;' class='col-sm-4  module_number_10 module_cont center_title module_price_table op0'><div class=\"module_price_table price_table_wrapper clearfix\"><div class=\"price_table_wrapper\">\n                <div class=\"price_item \" style=\"width:100%;\">\n                    <div class=\"price_item_wrapper\">\n\n                        <div class=\"price_item_wrap\">\n                            <div class=\"price_item_title\">\n                                <h5>Plus<\/h5>\n                                <h6><\/h6>\n                            <\/div>\n                            <div class=\"item_cost_wrapper\">\n                                <div class=\"price_item_cost\">\n                                    <h1>$21,500<span><\/span><\/h1>\n                                <\/div>\n                            <\/div>\n                            <div class=\"price_item_body\"><div class=\"price_item_text\"><i class=\"icon-ok\"><\/i> <span style=\"color:#000000;\">An\u00e1lisis y evaluaci\u00f3n del sitio<\/span><\/div><div class=\"price_item_text\"><i class=\"icon-ok\"><\/i> <span style=\"color:#000000;\">Programaci\u00f3n de tu sitio web<\/span><\/div><div class=\"price_item_text\"><i class=\"icon-ok\"><\/i> <span style=\"color:#000000;\">Optimizaci\u00f3n del sitio<\/span><\/div><div class=\"price_item_text\"><i class=\"icon-ok\"><\/i> <span style=\"color:#000000;\"><strong> Alta en m\u00e1s de 100 directorios<\/strong> especializados al perfil de tu empresa<\/span><\/div><div class=\"price_item_text\"><i class=\"icon-ok\"><\/i> <span style=\"color:#000000;\">Alta en directorios de <strong>10 pa\u00edses<\/strong><\/span><\/div><div class=\"price_item_text\"><i class=\"icon-ok\"><\/i> <span style=\"color:#000000;\">Generaci\u00f3n de enlaces en blogs y foros especializados al perfil de tu empresa<\/span><\/div><div class=\"price_item_text\"><i class=\"icon-ok\"><\/i> <span style=\"color:#000000;\"><strong>10 palabras claves<\/strong> garantizadas dentro de los <strong>10 primeros lugares<\/strong> de Google<\/span><\/div><div class=\"price_item_text\"><i class=\"icon-ok\"><\/i> <span style=\"color:#000000;\">Entrega de reportes mensuales<\/span><\/div><div class=\"price_item_text\"><i class=\"icon-ok\"><\/i> <span style=\"color:#000000;\">Entrega de reporte final<\/span><\/div><div class=\"price_item_text\"><i class=\"icon-ok\"><\/i> <span style=\"color:#000000;\"><strong>*Mantenimiento mensual $1,800<\/strong><\/span><\/div><div class=\"price_item_text\"><i class=\"icon-ok\"><\/i> <span style=\"color:#000000;\"><strong>**Costo por palabra clave de alta competencia $4,500<\/strong><\/span><\/div><div class=\"price_item_btn\"><a href=\"contacto\/\"  class=\"shortcode_button btn_large btn_type1 without_icon\">Cotizar<\/a><\/div>\n                            <\/div>\n                        <\/div>\n                    <\/div>\n                <\/div>\n            <\/div><\/div><\/div><!-- .module_cont --><\/div>","protected":false},"excerpt":{"rendered":"<p>SEO Posicionamiento org\u00e1nico Las estrategias de posicionamiento SEO (Search Engine Optimization) ayudaran a tu sitio web a colocarse dentro de los primeros lugares en los principales motores de b&uacute;squeda&hellip; Enlaces patrocinados Google Adwords \/ PPC Google AdWords es un sistema de anuncios publicitarios que te permiten llegar a nuevos clientes en el preciso momento en que &eacute;stos buscan tus productos o servicios&#8230; Marketing en redes sociales Facebook, Twitter Las redes sociales son plataformas en internet que sirven para la comunicaci&oacute;n, intercambio de informaci&oacute;n y experiencias entre los usuarios de internet&#8230; SEO Posicionamiento org\u00e1nico Las estrategias de posicionamiento SEO (Search Engine Optimization) ayudaran a tu sitio web a colocarse dentro de los primeros lugares en los principales motores de b\u00fasqueda, para que tus clientes potenciales tengan dentro de sus primeras opciones a tu empresa y con ello aumente el n\u00famero de visitas calificadas, prospectos y como consecuencia m\u00e1s posibilidad de venta. Beneficios &#8211; Posicionamiento de tu sitio en los primeros lugares de Google. &#8211; Ayuda a mantener en la mente del consumidor tu empresa. Ver m\u00e1s \u00bfPorque contratar con ePublicidad? En SiHay estamos a la vanguardia en estrategias SEO y contamos con la capacidad, infraestructura y experiencia para poder realizarlo de [&hellip;]<\/p>\n","protected":false},"author":1,"featured_media":0,"parent":0,"menu_order":0,"comment_status":"closed","ping_status":"closed","template":"","meta":{"footnotes":""},"class_list":["post-1983","page","type-page","status-publish","hentry"],"aioseo_notices":[],"_links":{"self":[{"href":"https:\/\/sihay.com.mx\/new-site\/wp-json\/wp\/v2\/pages\/1983","targetHints":{"allow":["GET"]}}],"collection":[{"href":"https:\/\/sihay.com.mx\/new-site\/wp-json\/wp\/v2\/pages"}],"about":[{"href":"https:\/\/sihay.com.mx\/new-site\/wp-json\/wp\/v2\/types\/page"}],"author":[{"embeddable":true,"href":"https:\/\/sihay.com.mx\/new-site\/wp-json\/wp\/v2\/users\/1"}],"replies":[{"embeddable":true,"href":"https:\/\/sihay.com.mx\/new-site\/wp-json\/wp\/v2\/comments?post=1983"}],"version-history":[{"count":68,"href":"https:\/\/sihay.com.mx\/new-site\/wp-json\/wp\/v2\/pages\/1983\/revisions"}],"predecessor-version":[{"id":3905,"href":"https:\/\/sihay.com.mx\/new-site\/wp-json\/wp\/v2\/pages\/1983\/revisions\/3905"}],"wp:attachment":[{"href":"https:\/\/sihay.com.mx\/new-site\/wp-json\/wp\/v2\/media?parent=1983"}],"curies":[{"name":"wp","href":"https:\/\/api.w.org\/{rel}","templated":true}]}}