{"id":6413,"date":"2025-09-23T22:39:35","date_gmt":"2025-09-23T22:39:35","guid":{"rendered":"https:\/\/sihay.com.mx\/basededatos\/?post_type=product&#038;p=6413"},"modified":"2025-09-23T22:39:38","modified_gmt":"2025-09-23T22:39:38","slug":"personas-fisicas-mayores-de-edad-economicamente-activas-que-quieran-invertir-en-mercados-financieros-personas-que-puedan-invertir-minimo-de-500-a-1000-dolares-en-colombia-mexico-peru","status":"publish","type":"product","link":"https:\/\/sihay.com.mx\/basededatos\/tienda\/personas-fisicas-mayores-de-edad-economicamente-activas-que-quieran-invertir-en-mercados-financieros-personas-que-puedan-invertir-minimo-de-500-a-1000-dolares-en-colombia-mexico-peru\/","title":{"rendered":"Personas f\u00edsicas, mayores de edad, econ\u00f3micamente activas que quieran invertir en mercados financieros (personas que puedan invertir m\u00ednimo de 500 a 1000 d\u00f3lares) en Colombia, Mexico, Per\u00fa."},"content":{"rendered":"","protected":false},"excerpt":{"rendered":"<p>&nbsp;<\/p>\n<div class=\"row\">\n<div class=\"col-sm\">\n\t\t<strong>C\u00f3digo:<\/strong> <strong class=\"text-danger\"> JUSA-C9<\/strong>\n    <\/div>\n<div class=\"col-sm\">\n\t<strong>N\u00famero de registros: <\/strong>250\n\t<\/div>\n<\/div>\n<div class=\"row\">\n<div class=\"col-sm \">\n\t<strong>Folio: <\/strong><span class=\"text-danger\"> JS0725B018<\/span>\n\t<\/div>\n<\/div>\n<p><strong>Segmentaci\u00f3n:<\/strong><\/p>\n<div class=\"row\">\n<div class=\"col-sm \">\n\tPersonas f\u00edsicas, mayores de edad, econ\u00f3micamente activas que quieran invertir en mercados financieros (personas que puedan invertir m\u00ednimo de 500 a 1000 d\u00f3lares) en Colombia, Mexico, Per\u00fa.<\/div>\n<\/div>\n<p><strong>Campos Contenidos:<\/strong><\/p>\n<div class=\"row\">\n<div class=\"col-sm \">\n\tNombre \/ Direcci\u00f3n \/ Ciudad \/ Pa\u00eds \/ Correo \/ Celular. <\/div>\n<\/p><\/div>\n<div class=\"row\">\n<div class=\"col-sm\">\n\t<strong>Garant\u00eda: <\/strong>80%-85% <strong>Precio Original: <\/strong><del>$2,692.00<\/del> <strong>Descuento Especial: <\/strong><strong class=\"text-danger\">20%<\/strong>\n\t<\/div>\n<\/div>\n<div class=\"row\">\n<div class=\"col text-center\">\n\t<strong>Total a Pagar: <\/strong><strong class=\"text-danger\">$2,153.00<\/strong>\n\t<\/div>\n<\/div>\n","protected":false},"featured_media":1901,"comment_status":"closed","ping_status":"closed","template":"","meta":[],"product_brand":[],"product_cat":[160,159],"product_tag":[269,582,234,206,235,216,204,207,205,183,181,417,418,611,610,277,275,535,272,270,584,274,266,278,280,587,267,588,589,590,366,279,357,591,356,324,323,550,321,303,307,570,416,304],"class_list":{"0":"post-6413","1":"product","2":"type-product","3":"status-publish","4":"has-post-thumbnail","6":"product_cat-en-latinoamerica","7":"product_cat-personas","8":"product_tag-b2b-database-for-marketing","9":"product_tag-b2b-email-lists","10":"product_tag-base-de-datos","11":"product_tag-base-de-datos-correo-electronico","12":"product_tag-base-de-datos-correos-electronicos","13":"product_tag-base-de-datos-de-correos","14":"product_tag-base-de-datos-de-emails","15":"product_tag-base-de-datos-de-telefonos","16":"product_tag-base-de-datos-email","17":"product_tag-base-de-datos-email-marketing","18":"product_tag-base-de-datos-emails","19":"product_tag-base-de-datos-telefono","20":"product_tag-bases-de-datos-de-telefonos-fijos","21":"product_tag-bases-de-datos-email","22":"product_tag-bases-de-datos-emails","23":"product_tag-buy-email-address","24":"product_tag-buy-email-address-database","25":"product_tag-correos","26":"product_tag-database","27":"product_tag-database-of-email-advertising","28":"product_tag-database-of-emails","29":"product_tag-email-address-database","30":"product_tag-email-database","31":"product_tag-email-database-for-sale","32":"product_tag-email-list-providers","33":"product_tag-email-lists","34":"product_tag-email-marketer","35":"product_tag-email-marketing-database","36":"product_tag-email-marketing-list","37":"product_tag-email-services-marketing","38":"product_tag-emailing","39":"product_tag-emails-for-sale","40":"product_tag-list","41":"product_tag-list-of-emails","42":"product_tag-lista","43":"product_tag-lista-de-correo-electronico","44":"product_tag-lista-de-email","45":"product_tag-lista-de-numeros-de-telefonos","46":"product_tag-listado-de-emails","47":"product_tag-phone-database","48":"product_tag-phone-number-database","49":"product_tag-phone-number-list","50":"product_tag-telefono","51":"product_tag-telephone-number","53":"first","54":"instock","55":"sale","56":"virtual","57":"purchasable","58":"product-type-simple"},"aioseo_notices":[],"_links":{"self":[{"href":"https:\/\/sihay.com.mx\/basededatos\/wp-json\/wp\/v2\/product\/6413","targetHints":{"allow":["GET"]}}],"collection":[{"href":"https:\/\/sihay.com.mx\/basededatos\/wp-json\/wp\/v2\/product"}],"about":[{"href":"https:\/\/sihay.com.mx\/basededatos\/wp-json\/wp\/v2\/types\/product"}],"replies":[{"embeddable":true,"href":"https:\/\/sihay.com.mx\/basededatos\/wp-json\/wp\/v2\/comments?post=6413"}],"wp:featuredmedia":[{"embeddable":true,"href":"https:\/\/sihay.com.mx\/basededatos\/wp-json\/wp\/v2\/media\/1901"}],"wp:attachment":[{"href":"https:\/\/sihay.com.mx\/basededatos\/wp-json\/wp\/v2\/media?parent=6413"}],"wp:term":[{"taxonomy":"product_brand","embeddable":true,"href":"https:\/\/sihay.com.mx\/basededatos\/wp-json\/wp\/v2\/product_brand?post=6413"},{"taxonomy":"product_cat","embeddable":true,"href":"https:\/\/sihay.com.mx\/basededatos\/wp-json\/wp\/v2\/product_cat?post=6413"},{"taxonomy":"product_tag","embeddable":true,"href":"https:\/\/sihay.com.mx\/basededatos\/wp-json\/wp\/v2\/product_tag?post=6413"}],"curies":[{"name":"wp","href":"https:\/\/api.w.org\/{rel}","templated":true}]}}