{"id":6384,"date":"2025-08-06T23:54:54","date_gmt":"2025-08-06T23:54:54","guid":{"rendered":"https:\/\/sihay.com.mx\/basededatos\/?post_type=product&#038;p=6384"},"modified":"2025-08-06T23:54:56","modified_gmt":"2025-08-06T23:54:56","slug":"hombres-y-mujeres-de-40-a-65-anos-economicamente-activas-de-un-nivel-socioeconomico-c-c-y-a-b-en-naucalpan-tlalnepantla-y-atizapan-de-zaragoza-estado-de-mexico","status":"publish","type":"product","link":"https:\/\/sihay.com.mx\/basededatos\/tienda\/hombres-y-mujeres-de-40-a-65-anos-economicamente-activas-de-un-nivel-socioeconomico-c-c-y-a-b-en-naucalpan-tlalnepantla-y-atizapan-de-zaragoza-estado-de-mexico\/","title":{"rendered":"Hombres y mujeres, de 40 a 65 a\u00f1os, econ\u00f3micamente activas de un nivel socioecon\u00f3mico C, C+ y A\/B+ en Naucalpan, Tlalnepantla y Atizap\u00e1n de Zaragoza (Estado de M\u00e9xico)"},"content":{"rendered":"","protected":false},"excerpt":{"rendered":"<p>&nbsp;<\/p>\n<div class=\"row\">\n<div class=\"col-sm\">\n\t\t<strong>C\u00f3digo:<\/strong> <strong class=\"text-danger\"> JURE-C9<\/strong>\n    <\/div>\n<div class=\"col-sm\">\n\t<strong>N\u00famero de registros: <\/strong>500\n\t<\/div>\n<\/div>\n<div class=\"row\">\n<div class=\"col-sm \">\n\t<strong>Folio: <\/strong><span class=\"text-danger\"> JR0625B033<\/span>\n\t<\/div>\n<\/div>\n<p><strong>Segmentaci\u00f3n:<\/strong><\/p>\n<div class=\"row\">\n<div class=\"col-sm \">\n\tHombres y mujeres, de 40 a 65 a\u00f1os, econ\u00f3micamente activas de un nivel socioecon\u00f3mico C, C+ y A\/B+ en Naucalpan, Tlalnepantla y Atizap\u00e1n de Zaragoza (Estado de M\u00e9xico)<\/div>\n<\/div>\n<p><strong>Campos Contenidos:<\/strong><\/p>\n<div class=\"row\">\n<div class=\"col-sm \">\n\tNombre Completo \/ Direcci\u00f3n \/ Ciudad \/ Estado \/ Celular  \/ Email&#8230; <\/div>\n<\/p><\/div>\n<div class=\"row\">\n<div class=\"col-sm\">\n\t<strong>Garant\u00eda: <\/strong>80%-85% <strong>Precio Original: <\/strong><del>$4,199.00<\/del> <strong>Descuento Especial: <\/strong><strong class=\"text-danger\">20%<\/strong>\n\t<\/div>\n<\/div>\n<div class=\"row\">\n<div class=\"col text-center\">\n\t<strong>Total a Pagar: <\/strong><strong class=\"text-danger\">$3,359.00<\/strong>\n\t<\/div>\n<\/div>\n","protected":false},"featured_media":1891,"comment_status":"closed","ping_status":"closed","template":"","meta":[],"product_brand":[],"product_cat":[159],"product_tag":[269,582,234,206,235,216,204,207,205,183,181,417,418,611,610,277,275,272,270,584,274,266,278,280,267,588,589,366,279,356,324,323,550,321,570,416,304],"class_list":{"0":"post-6384","1":"product","2":"type-product","3":"status-publish","4":"has-post-thumbnail","6":"product_cat-personas","7":"product_tag-b2b-database-for-marketing","8":"product_tag-b2b-email-lists","9":"product_tag-base-de-datos","10":"product_tag-base-de-datos-correo-electronico","11":"product_tag-base-de-datos-correos-electronicos","12":"product_tag-base-de-datos-de-correos","13":"product_tag-base-de-datos-de-emails","14":"product_tag-base-de-datos-de-telefonos","15":"product_tag-base-de-datos-email","16":"product_tag-base-de-datos-email-marketing","17":"product_tag-base-de-datos-emails","18":"product_tag-base-de-datos-telefono","19":"product_tag-bases-de-datos-de-telefonos-fijos","20":"product_tag-bases-de-datos-email","21":"product_tag-bases-de-datos-emails","22":"product_tag-buy-email-address","23":"product_tag-buy-email-address-database","24":"product_tag-database","25":"product_tag-database-of-email-advertising","26":"product_tag-database-of-emails","27":"product_tag-email-address-database","28":"product_tag-email-database","29":"product_tag-email-database-for-sale","30":"product_tag-email-list-providers","31":"product_tag-email-marketer","32":"product_tag-email-marketing-database","33":"product_tag-email-marketing-list","34":"product_tag-emailing","35":"product_tag-emails-for-sale","36":"product_tag-lista","37":"product_tag-lista-de-correo-electronico","38":"product_tag-lista-de-email","39":"product_tag-lista-de-numeros-de-telefonos","40":"product_tag-listado-de-emails","41":"product_tag-phone-number-list","42":"product_tag-telefono","43":"product_tag-telephone-number","45":"first","46":"instock","47":"sale","48":"virtual","49":"purchasable","50":"product-type-simple"},"aioseo_notices":[],"_links":{"self":[{"href":"https:\/\/sihay.com.mx\/basededatos\/wp-json\/wp\/v2\/product\/6384","targetHints":{"allow":["GET"]}}],"collection":[{"href":"https:\/\/sihay.com.mx\/basededatos\/wp-json\/wp\/v2\/product"}],"about":[{"href":"https:\/\/sihay.com.mx\/basededatos\/wp-json\/wp\/v2\/types\/product"}],"replies":[{"embeddable":true,"href":"https:\/\/sihay.com.mx\/basededatos\/wp-json\/wp\/v2\/comments?post=6384"}],"wp:featuredmedia":[{"embeddable":true,"href":"https:\/\/sihay.com.mx\/basededatos\/wp-json\/wp\/v2\/media\/1891"}],"wp:attachment":[{"href":"https:\/\/sihay.com.mx\/basededatos\/wp-json\/wp\/v2\/media?parent=6384"}],"wp:term":[{"taxonomy":"product_brand","embeddable":true,"href":"https:\/\/sihay.com.mx\/basededatos\/wp-json\/wp\/v2\/product_brand?post=6384"},{"taxonomy":"product_cat","embeddable":true,"href":"https:\/\/sihay.com.mx\/basededatos\/wp-json\/wp\/v2\/product_cat?post=6384"},{"taxonomy":"product_tag","embeddable":true,"href":"https:\/\/sihay.com.mx\/basededatos\/wp-json\/wp\/v2\/product_tag?post=6384"}],"curies":[{"name":"wp","href":"https:\/\/api.w.org\/{rel}","templated":true}]}}