{"id":6383,"date":"2025-08-06T23:44:00","date_gmt":"2025-08-06T23:44:00","guid":{"rendered":"https:\/\/sihay.com.mx\/basededatos\/?post_type=product&#038;p=6383"},"modified":"2025-08-06T23:44:02","modified_gmt":"2025-08-06T23:44:02","slug":"personas-fisicas-que-tengan-mas-de-30-anos-economicamente-activas-con-ingresos-superiores-de-30-mil-mensuales-en-peru-100-registros-chile-100-registros-y-mexico-100-registros","status":"publish","type":"product","link":"https:\/\/sihay.com.mx\/basededatos\/tienda\/personas-fisicas-que-tengan-mas-de-30-anos-economicamente-activas-con-ingresos-superiores-de-30-mil-mensuales-en-peru-100-registros-chile-100-registros-y-mexico-100-registros\/","title":{"rendered":"Personas f\u00edsicas, que tengan m\u00e1s de 30 a\u00f1os, econ\u00f3micamente activas con ingresos superiores de 30 mil mensuales en Per\u00fa (100 registros), Chile (100 registros) y M\u00e9xico (100 registros"},"content":{"rendered":"","protected":false},"excerpt":{"rendered":"<p>&nbsp;<\/p>\n<div class=\"row\">\n<div class=\"col-sm\">\n\t\t<strong>C\u00f3digo:<\/strong> <strong class=\"text-danger\"> ROGU-Z7<\/strong>\n    <\/div>\n<div class=\"col-sm\">\n\t<strong>N\u00famero de registros: <\/strong>300\n\t<\/div>\n<\/div>\n<div class=\"row\">\n<div class=\"col-sm \">\n\t<strong>Folio: <\/strong><span class=\"text-danger\">03PARG0725-016<\/span>\n\t<\/div>\n<\/div>\n<p><strong>Segmentaci\u00f3n:<\/strong><\/p>\n<div class=\"row\">\n<div class=\"col-sm \">\n\tPersonas f\u00edsicas, que tengan m\u00e1s de 30 a\u00f1os, econ\u00f3micamente activas con ingresos superiores de 30 mil mensuales en Per\u00fa (100 registros), Chile (100 registros) y M\u00e9xico (100 registros )<\/div>\n<\/div>\n<p><strong>Campos Contenidos:<\/strong><\/p>\n<div class=\"row\">\n<div class=\"col-sm \">\n\tNombre \/ Ciudad \/ Pa\u00eds \/ Celular \/ Correo.. <\/div>\n<\/p><\/div>\n<div class=\"row\">\n<div class=\"col-sm\">\n\t<strong>Garant\u00eda: <\/strong>80%-85% <strong>Precio Original: <\/strong><del>$3,387.00<\/del> <strong>Descuento Especial: <\/strong><strong class=\"text-danger\">20%<\/strong>\n\t<\/div>\n<\/div>\n<div class=\"row\">\n<div class=\"col text-center\">\n\t<strong>Total a Pagar: <\/strong><strong class=\"text-danger\">$2,709.00<\/strong>\n\t<\/div>\n<\/div>\n","protected":false},"featured_media":1891,"comment_status":"closed","ping_status":"closed","template":"","meta":[],"product_brand":[],"product_cat":[159],"product_tag":[418,610,277,275,270,584,274,266,278,280,587,267,588,590,366,279,591,356,324,323,550,321,570,416,304],"class_list":{"0":"post-6383","1":"product","2":"type-product","3":"status-publish","4":"has-post-thumbnail","6":"product_cat-personas","7":"product_tag-bases-de-datos-de-telefonos-fijos","8":"product_tag-bases-de-datos-emails","9":"product_tag-buy-email-address","10":"product_tag-buy-email-address-database","11":"product_tag-database-of-email-advertising","12":"product_tag-database-of-emails","13":"product_tag-email-address-database","14":"product_tag-email-database","15":"product_tag-email-database-for-sale","16":"product_tag-email-list-providers","17":"product_tag-email-lists","18":"product_tag-email-marketer","19":"product_tag-email-marketing-database","20":"product_tag-email-services-marketing","21":"product_tag-emailing","22":"product_tag-emails-for-sale","23":"product_tag-list-of-emails","24":"product_tag-lista","25":"product_tag-lista-de-correo-electronico","26":"product_tag-lista-de-email","27":"product_tag-lista-de-numeros-de-telefonos","28":"product_tag-listado-de-emails","29":"product_tag-phone-number-list","30":"product_tag-telefono","31":"product_tag-telephone-number","33":"first","34":"instock","35":"sale","36":"virtual","37":"purchasable","38":"product-type-simple"},"aioseo_notices":[],"_links":{"self":[{"href":"https:\/\/sihay.com.mx\/basededatos\/wp-json\/wp\/v2\/product\/6383","targetHints":{"allow":["GET"]}}],"collection":[{"href":"https:\/\/sihay.com.mx\/basededatos\/wp-json\/wp\/v2\/product"}],"about":[{"href":"https:\/\/sihay.com.mx\/basededatos\/wp-json\/wp\/v2\/types\/product"}],"replies":[{"embeddable":true,"href":"https:\/\/sihay.com.mx\/basededatos\/wp-json\/wp\/v2\/comments?post=6383"}],"wp:featuredmedia":[{"embeddable":true,"href":"https:\/\/sihay.com.mx\/basededatos\/wp-json\/wp\/v2\/media\/1891"}],"wp:attachment":[{"href":"https:\/\/sihay.com.mx\/basededatos\/wp-json\/wp\/v2\/media?parent=6383"}],"wp:term":[{"taxonomy":"product_brand","embeddable":true,"href":"https:\/\/sihay.com.mx\/basededatos\/wp-json\/wp\/v2\/product_brand?post=6383"},{"taxonomy":"product_cat","embeddable":true,"href":"https:\/\/sihay.com.mx\/basededatos\/wp-json\/wp\/v2\/product_cat?post=6383"},{"taxonomy":"product_tag","embeddable":true,"href":"https:\/\/sihay.com.mx\/basededatos\/wp-json\/wp\/v2\/product_tag?post=6383"}],"curies":[{"name":"wp","href":"https:\/\/api.w.org\/{rel}","templated":true}]}}