{"id":6177,"date":"2024-09-05T23:00:30","date_gmt":"2024-09-05T23:00:30","guid":{"rendered":"https:\/\/sihay.com.mx\/basededatos\/?post_type=product&#038;p=6177"},"modified":"2024-09-05T23:00:40","modified_gmt":"2024-09-05T23:00:40","slug":"empresas-medianas-y-grandes-que-sean-solo-empresas-de-servicios-a-nivel-nacional","status":"publish","type":"product","link":"https:\/\/sihay.com.mx\/basededatos\/tienda\/empresas-medianas-y-grandes-que-sean-solo-empresas-de-servicios-a-nivel-nacional\/","title":{"rendered":"Empresas medianas y grandes que sean solo empresas de servicios  a Nivel Nacional"},"content":{"rendered":"","protected":false},"excerpt":{"rendered":"<p>&nbsp;<\/p>\n<div class=\"row\">\n<div class=\"col-sm\">\n\t\t<strong>C\u00f3digo:<\/strong> <strong class=\"text-danger\"> ALFE-C5<\/strong>\n    <\/div>\n<div class=\"col-sm\">\n\t<strong>N\u00famero de registros: <\/strong>1,250\n\t<\/div>\n<\/div>\n<div class=\"row\">\n<div class=\"col-sm \">\n\t<strong>Folio: <\/strong><span class=\"text-danger\"> NC0624B008<\/span>\n\t<\/div>\n<\/div>\n<p><strong>Segmentaci\u00f3n:<\/strong><\/p>\n<div class=\"row\">\n<div class=\"col-sm \">\n\t*500 registros en Empresas medianas y grandes que sean solo empresas de servicios  a Nivel Nacional (principalmente en CDMX, \u00c1rea Metropolitana, Guadalajara, Monterrey, Quer\u00e9taro, Puebla, Canc\u00fan, M\u00e9rida).<br \/>\n*250 registros en Empresas de capacitaci\u00f3n y asesor\u00eda en M\u00e9xico.<br \/>\n*500 registros en Despachos de abogados y fiscalistas a Nivel Nacional <\/div>\n<\/div>\n<p><strong>Campos Contenidos:<\/strong><\/p>\n<div class=\"row\">\n<div class=\"col-sm \">\n\tEmpresa \/ Giro \/ Direcci\u00f3n \/ Ciudad \/ Estado \/ Contacto \/ Puesto: Due\u00f1o \/ Celular \/ Email \/ P\u00e1gina web*opcional.  <\/div>\n<\/p><\/div>\n<div class=\"row\">\n<div class=\"col-sm\">\n\t<strong>Garant\u00eda: <\/strong>80%-85% <strong>Precio Original: <\/strong><del>$21,471.00<\/del> <strong>Descuento Especial: <\/strong><strong class=\"text-danger\">20%<\/strong>\n\t<\/div>\n<\/div>\n<div class=\"row\">\n<div class=\"col text-center\">\n\t<strong>Total a Pagar: <\/strong><strong class=\"text-danger\">$17,176.00<\/strong>\n\t<\/div>\n<\/div>\n","protected":false},"featured_media":1864,"comment_status":"closed","ping_status":"closed","template":"","meta":[],"product_brand":[],"product_cat":[127],"product_tag":[269,582,234,206,235,216,204,207,205,183,181,417,418,611,610,277,275,272,270,584,274,266,278,280,587,267,589,590,366,279,356,324,323,550,321,303,307,570,416,304],"class_list":{"0":"post-6177","1":"product","2":"type-product","3":"status-publish","4":"has-post-thumbnail","6":"product_cat-empresas","7":"product_tag-b2b-database-for-marketing","8":"product_tag-b2b-email-lists","9":"product_tag-base-de-datos","10":"product_tag-base-de-datos-correo-electronico","11":"product_tag-base-de-datos-correos-electronicos","12":"product_tag-base-de-datos-de-correos","13":"product_tag-base-de-datos-de-emails","14":"product_tag-base-de-datos-de-telefonos","15":"product_tag-base-de-datos-email","16":"product_tag-base-de-datos-email-marketing","17":"product_tag-base-de-datos-emails","18":"product_tag-base-de-datos-telefono","19":"product_tag-bases-de-datos-de-telefonos-fijos","20":"product_tag-bases-de-datos-email","21":"product_tag-bases-de-datos-emails","22":"product_tag-buy-email-address","23":"product_tag-buy-email-address-database","24":"product_tag-database","25":"product_tag-database-of-email-advertising","26":"product_tag-database-of-emails","27":"product_tag-email-address-database","28":"product_tag-email-database","29":"product_tag-email-database-for-sale","30":"product_tag-email-list-providers","31":"product_tag-email-lists","32":"product_tag-email-marketer","33":"product_tag-email-marketing-list","34":"product_tag-email-services-marketing","35":"product_tag-emailing","36":"product_tag-emails-for-sale","37":"product_tag-lista","38":"product_tag-lista-de-correo-electronico","39":"product_tag-lista-de-email","40":"product_tag-lista-de-numeros-de-telefonos","41":"product_tag-listado-de-emails","42":"product_tag-phone-database","43":"product_tag-phone-number-database","44":"product_tag-phone-number-list","45":"product_tag-telefono","46":"product_tag-telephone-number","48":"first","49":"instock","50":"sale","51":"virtual","52":"purchasable","53":"product-type-simple"},"aioseo_notices":[],"_links":{"self":[{"href":"https:\/\/sihay.com.mx\/basededatos\/wp-json\/wp\/v2\/product\/6177","targetHints":{"allow":["GET"]}}],"collection":[{"href":"https:\/\/sihay.com.mx\/basededatos\/wp-json\/wp\/v2\/product"}],"about":[{"href":"https:\/\/sihay.com.mx\/basededatos\/wp-json\/wp\/v2\/types\/product"}],"replies":[{"embeddable":true,"href":"https:\/\/sihay.com.mx\/basededatos\/wp-json\/wp\/v2\/comments?post=6177"}],"wp:featuredmedia":[{"embeddable":true,"href":"https:\/\/sihay.com.mx\/basededatos\/wp-json\/wp\/v2\/media\/1864"}],"wp:attachment":[{"href":"https:\/\/sihay.com.mx\/basededatos\/wp-json\/wp\/v2\/media?parent=6177"}],"wp:term":[{"taxonomy":"product_brand","embeddable":true,"href":"https:\/\/sihay.com.mx\/basededatos\/wp-json\/wp\/v2\/product_brand?post=6177"},{"taxonomy":"product_cat","embeddable":true,"href":"https:\/\/sihay.com.mx\/basededatos\/wp-json\/wp\/v2\/product_cat?post=6177"},{"taxonomy":"product_tag","embeddable":true,"href":"https:\/\/sihay.com.mx\/basededatos\/wp-json\/wp\/v2\/product_tag?post=6177"}],"curies":[{"name":"wp","href":"https:\/\/api.w.org\/{rel}","templated":true}]}}