{"id":6175,"date":"2024-09-04T22:54:43","date_gmt":"2024-09-04T22:54:43","guid":{"rendered":"https:\/\/sihay.com.mx\/basededatos\/?post_type=product&#038;p=6175"},"modified":"2024-09-04T22:54:52","modified_gmt":"2024-09-04T22:54:52","slug":"personas-que-tengan-de-18-a-54-anos-con-experiencia-laboral-en-call-center-en-las-alcaldias-benito-juarez-y-cuauhtemoc","status":"publish","type":"product","link":"https:\/\/sihay.com.mx\/basededatos\/tienda\/personas-que-tengan-de-18-a-54-anos-con-experiencia-laboral-en-call-center-en-las-alcaldias-benito-juarez-y-cuauhtemoc\/","title":{"rendered":"Personas que tengan de 18 a 54 a\u00f1os con experiencia laboral en call center en las alcald\u00edas Benito Juarez y Cuauht\u00e9moc"},"content":{"rendered":"","protected":false},"excerpt":{"rendered":"<p>&nbsp;<\/p>\n<div class=\"row\">\n<div class=\"col-sm\">\n\t\t<strong>C\u00f3digo:<\/strong> <strong class=\"text-danger\"> IGRO-C0<\/strong>\n    <\/div>\n<div class=\"col-sm\">\n\t<strong>N\u00famero de registros: <\/strong>250\n\t<\/div>\n<\/div>\n<div class=\"row\">\n<div class=\"col-sm \">\n\t<strong>Folio: <\/strong><span class=\"text-danger\"> SH0924B004<\/span>\n\t<\/div>\n<\/div>\n<p><strong>Segmentaci\u00f3n:<\/strong><\/p>\n<div class=\"row\">\n<div class=\"col-sm \">\n\tPersonas que tengan de 18 a 54 a\u00f1os con experiencia laboral en call center (que est\u00e9n disponibles para postularse a trabajos de call center como agente de ventas) en las alcald\u00edas Benito Juarez y Cuauht\u00e9moc (y alcald\u00edas colindantes). <\/div>\n<\/div>\n<p><strong>Campos Contenidos:<\/strong><\/p>\n<div class=\"row\">\n<div class=\"col-sm \">\n\tNombre \/ Puesto \/ Celular (Con whatsapp)  \/ Email.  <\/div>\n<\/p><\/div>\n<div class=\"row\">\n<div class=\"col-sm\">\n\t<strong>Garant\u00eda: <\/strong>80%-85% <strong>Precio Original: <\/strong><del>$2,566.00<\/del> <strong>Descuento Especial: <\/strong><strong class=\"text-danger\">20%<\/strong>\n\t<\/div>\n<\/div>\n<div class=\"row\">\n<div class=\"col text-center\">\n\t<strong>Total a Pagar: <\/strong><strong class=\"text-danger\">$2,053.00<\/strong>\n\t<\/div>\n<\/div>\n","protected":false},"featured_media":1898,"comment_status":"closed","ping_status":"closed","template":"","meta":[],"product_brand":[],"product_cat":[159,163],"product_tag":[269,582,234,206,235,216,204,207,205,183,181,417,610,277,275,272,270,584,274,266,278,280,587,267,588,589,590,366,279,591,356,324,323,550,321,307,570,416,304],"class_list":{"0":"post-6175","1":"product","2":"type-product","3":"status-publish","4":"has-post-thumbnail","6":"product_cat-personas","7":"product_cat-profesionistas","8":"product_tag-b2b-database-for-marketing","9":"product_tag-b2b-email-lists","10":"product_tag-base-de-datos","11":"product_tag-base-de-datos-correo-electronico","12":"product_tag-base-de-datos-correos-electronicos","13":"product_tag-base-de-datos-de-correos","14":"product_tag-base-de-datos-de-emails","15":"product_tag-base-de-datos-de-telefonos","16":"product_tag-base-de-datos-email","17":"product_tag-base-de-datos-email-marketing","18":"product_tag-base-de-datos-emails","19":"product_tag-base-de-datos-telefono","20":"product_tag-bases-de-datos-emails","21":"product_tag-buy-email-address","22":"product_tag-buy-email-address-database","23":"product_tag-database","24":"product_tag-database-of-email-advertising","25":"product_tag-database-of-emails","26":"product_tag-email-address-database","27":"product_tag-email-database","28":"product_tag-email-database-for-sale","29":"product_tag-email-list-providers","30":"product_tag-email-lists","31":"product_tag-email-marketer","32":"product_tag-email-marketing-database","33":"product_tag-email-marketing-list","34":"product_tag-email-services-marketing","35":"product_tag-emailing","36":"product_tag-emails-for-sale","37":"product_tag-list-of-emails","38":"product_tag-lista","39":"product_tag-lista-de-correo-electronico","40":"product_tag-lista-de-email","41":"product_tag-lista-de-numeros-de-telefonos","42":"product_tag-listado-de-emails","43":"product_tag-phone-number-database","44":"product_tag-phone-number-list","45":"product_tag-telefono","46":"product_tag-telephone-number","48":"first","49":"instock","50":"sale","51":"virtual","52":"purchasable","53":"product-type-simple"},"aioseo_notices":[],"_links":{"self":[{"href":"https:\/\/sihay.com.mx\/basededatos\/wp-json\/wp\/v2\/product\/6175","targetHints":{"allow":["GET"]}}],"collection":[{"href":"https:\/\/sihay.com.mx\/basededatos\/wp-json\/wp\/v2\/product"}],"about":[{"href":"https:\/\/sihay.com.mx\/basededatos\/wp-json\/wp\/v2\/types\/product"}],"replies":[{"embeddable":true,"href":"https:\/\/sihay.com.mx\/basededatos\/wp-json\/wp\/v2\/comments?post=6175"}],"wp:featuredmedia":[{"embeddable":true,"href":"https:\/\/sihay.com.mx\/basededatos\/wp-json\/wp\/v2\/media\/1898"}],"wp:attachment":[{"href":"https:\/\/sihay.com.mx\/basededatos\/wp-json\/wp\/v2\/media?parent=6175"}],"wp:term":[{"taxonomy":"product_brand","embeddable":true,"href":"https:\/\/sihay.com.mx\/basededatos\/wp-json\/wp\/v2\/product_brand?post=6175"},{"taxonomy":"product_cat","embeddable":true,"href":"https:\/\/sihay.com.mx\/basededatos\/wp-json\/wp\/v2\/product_cat?post=6175"},{"taxonomy":"product_tag","embeddable":true,"href":"https:\/\/sihay.com.mx\/basededatos\/wp-json\/wp\/v2\/product_tag?post=6175"}],"curies":[{"name":"wp","href":"https:\/\/api.w.org\/{rel}","templated":true}]}}