{"id":6148,"date":"2024-08-16T23:11:07","date_gmt":"2024-08-16T23:11:07","guid":{"rendered":"https:\/\/sihay.com.mx\/basededatos\/?post_type=product&#038;p=6148"},"modified":"2024-08-16T23:11:15","modified_gmt":"2024-08-16T23:11:15","slug":"empresas-que-tengan-entre-250-y-1500-empleados-que-otorguen-prestaciones-tipo-vales-de-despensa-y-tengan-vehiculos","status":"publish","type":"product","link":"https:\/\/sihay.com.mx\/basededatos\/tienda\/empresas-que-tengan-entre-250-y-1500-empleados-que-otorguen-prestaciones-tipo-vales-de-despensa-y-tengan-vehiculos\/","title":{"rendered":"Empresas que tengan entre 250 y 1500 empleados, Que otorguen prestaciones (tipo vales de despensa) y tengan veh\u00edculos"},"content":{"rendered":"","protected":false},"excerpt":{"rendered":"<p>&nbsp;<\/p>\n<div class=\"row\">\n<div class=\"col-sm\"><strong>C\u00f3digo:<\/strong> <strong class=\"text-danger\"> CHPE-C0<\/strong><\/div>\n<div class=\"col-sm\"><strong>N\u00famero de registros: <\/strong>250<\/div>\n<\/div>\n<div class=\"row\">\n<div class=\"col-sm \"><strong>Folio: <\/strong><span class=\"text-danger\"> TO0824B001<\/span><\/div>\n<\/div>\n<p><strong>Segmentaci\u00f3n:<\/strong><\/p>\n<div class=\"row\">\n<div class=\"col-sm \">Empresas que tengan entre 250 y 1500 empleados, Que otorguen prestaciones (tipo vales de despensa) y tengan veh\u00edculos en Jalisco, Ciudad de M\u00e9xico, Le\u00f3n, Sinaloa, Estado de M\u00e9xico, Monterrey y Canc\u00fan.<\/div>\n<\/div>\n<p><strong>Campos Contenidos:<\/strong><\/p>\n<div class=\"row\">\n<div class=\"col-sm \">Empresa \/ Giro \/ Direcci\u00f3n \/ Ciudad \/ Estado \/ Contacto \/ Puesto: Director General, Socio, Directivos, Gerentes o Tomador de decisi\u00f3n \/ Tel\u00e9fono \/ Email \/ P\u00e1gina web*opcional.<\/div>\n<\/div>\n<div class=\"row\">\n<div class=\"col-sm\"><strong>Garant\u00eda: <\/strong>80%-85% <strong>Precio Original: <\/strong><del>$2,401.00<\/del> <strong>Descuento Especial: <\/strong><strong class=\"text-danger\">20%<\/strong><\/div>\n<\/div>\n<div class=\"row\">\n<div class=\"col text-center\"><strong>Total a Pagar: <\/strong><strong class=\"text-danger\">$1,920.00<\/strong><\/div>\n<\/div>\n","protected":false},"featured_media":1865,"comment_status":"closed","ping_status":"closed","template":"","meta":[],"product_brand":[],"product_cat":[128,127],"product_tag":[269,234,206,235,216,204,207,205,183,181,417,418,611,610,277,275,272,270,584,274,266,278,280,587,267,589,590,366,279,357,356,324,323,550,321,303,570,416,304],"class_list":{"0":"post-6148","1":"product","2":"type-product","3":"status-publish","4":"has-post-thumbnail","6":"product_cat-con-mas-de-100-empleados","7":"product_cat-empresas","8":"product_tag-b2b-database-for-marketing","9":"product_tag-base-de-datos","10":"product_tag-base-de-datos-correo-electronico","11":"product_tag-base-de-datos-correos-electronicos","12":"product_tag-base-de-datos-de-correos","13":"product_tag-base-de-datos-de-emails","14":"product_tag-base-de-datos-de-telefonos","15":"product_tag-base-de-datos-email","16":"product_tag-base-de-datos-email-marketing","17":"product_tag-base-de-datos-emails","18":"product_tag-base-de-datos-telefono","19":"product_tag-bases-de-datos-de-telefonos-fijos","20":"product_tag-bases-de-datos-email","21":"product_tag-bases-de-datos-emails","22":"product_tag-buy-email-address","23":"product_tag-buy-email-address-database","24":"product_tag-database","25":"product_tag-database-of-email-advertising","26":"product_tag-database-of-emails","27":"product_tag-email-address-database","28":"product_tag-email-database","29":"product_tag-email-database-for-sale","30":"product_tag-email-list-providers","31":"product_tag-email-lists","32":"product_tag-email-marketer","33":"product_tag-email-marketing-list","34":"product_tag-email-services-marketing","35":"product_tag-emailing","36":"product_tag-emails-for-sale","37":"product_tag-list","38":"product_tag-lista","39":"product_tag-lista-de-correo-electronico","40":"product_tag-lista-de-email","41":"product_tag-lista-de-numeros-de-telefonos","42":"product_tag-listado-de-emails","43":"product_tag-phone-database","44":"product_tag-phone-number-list","45":"product_tag-telefono","46":"product_tag-telephone-number","48":"first","49":"instock","50":"sale","51":"virtual","52":"purchasable","53":"product-type-simple"},"aioseo_notices":[],"_links":{"self":[{"href":"https:\/\/sihay.com.mx\/basededatos\/wp-json\/wp\/v2\/product\/6148","targetHints":{"allow":["GET"]}}],"collection":[{"href":"https:\/\/sihay.com.mx\/basededatos\/wp-json\/wp\/v2\/product"}],"about":[{"href":"https:\/\/sihay.com.mx\/basededatos\/wp-json\/wp\/v2\/types\/product"}],"replies":[{"embeddable":true,"href":"https:\/\/sihay.com.mx\/basededatos\/wp-json\/wp\/v2\/comments?post=6148"}],"wp:featuredmedia":[{"embeddable":true,"href":"https:\/\/sihay.com.mx\/basededatos\/wp-json\/wp\/v2\/media\/1865"}],"wp:attachment":[{"href":"https:\/\/sihay.com.mx\/basededatos\/wp-json\/wp\/v2\/media?parent=6148"}],"wp:term":[{"taxonomy":"product_brand","embeddable":true,"href":"https:\/\/sihay.com.mx\/basededatos\/wp-json\/wp\/v2\/product_brand?post=6148"},{"taxonomy":"product_cat","embeddable":true,"href":"https:\/\/sihay.com.mx\/basededatos\/wp-json\/wp\/v2\/product_cat?post=6148"},{"taxonomy":"product_tag","embeddable":true,"href":"https:\/\/sihay.com.mx\/basededatos\/wp-json\/wp\/v2\/product_tag?post=6148"}],"curies":[{"name":"wp","href":"https:\/\/api.w.org\/{rel}","templated":true}]}}