{"id":6122,"date":"2024-07-02T03:22:04","date_gmt":"2024-07-02T03:22:04","guid":{"rendered":"https:\/\/sihay.com.mx\/basededatos\/?post_type=product&#038;p=6122"},"modified":"2024-07-02T03:22:12","modified_gmt":"2024-07-02T03:22:12","slug":"personas-fisicas-de-30-a-60-anos-de-edad-con-ingresos-arriba-de-arriba-de-25-mil-pesos-mensuales","status":"publish","type":"product","link":"https:\/\/sihay.com.mx\/basededatos\/tienda\/personas-fisicas-de-30-a-60-anos-de-edad-con-ingresos-arriba-de-arriba-de-25-mil-pesos-mensuales\/","title":{"rendered":"Personas f\u00edsicas, de 30 a 60 a\u00f1os de edad, con ingresos arriba de arriba de 25 mil pesos mensuales"},"content":{"rendered":"","protected":false},"excerpt":{"rendered":"<p>&nbsp;<\/p>\n<div class=\"row\">\n<div class=\"col-sm\">\n\t\t<strong>C\u00f3digo:<\/strong> <strong class=\"text-danger\"> CEVI-C2<\/strong>\n    <\/div>\n<div class=\"col-sm\">\n\t<strong>N\u00famero de registros: <\/strong>250\n\t<\/div>\n<\/div>\n<div class=\"row\">\n<div class=\"col-sm \">\n\t<strong>Folio: <\/strong><span class=\"text-danger\"> CV0624B015<\/span>\n\t<\/div>\n<\/div>\n<p><strong>Segmentaci\u00f3n:<\/strong><\/p>\n<div class=\"row\">\n<div class=\"col-sm \">\n\tPersonas f\u00edsicas, de 30 a 60 a\u00f1os de edad, econ\u00f3micamente activas con ingresos arriba de arriba de 25 mil pesos mensuales   en Ciudad de M\u00e9xico, sureste y baj\u00edo. <\/div>\n<\/div>\n<p><strong>Campos Contenidos:<\/strong><\/p>\n<div class=\"row\">\n<div class=\"col-sm \">\n\tNombre \/ Direcci\u00f3n \/ Ciudad \/ Estado \/ Correo \/ Celular (Con Whatsapp).  <\/div>\n<\/p><\/div>\n<div class=\"row\">\n<div class=\"col-sm\">\n\t<strong>Garant\u00eda: <\/strong>80%-85% <strong>Precio Original: <\/strong><del>$2,401.00<\/del> <strong>Descuento Especial: <\/strong><strong class=\"text-danger\">20%<\/strong>\n\t<\/div>\n<\/div>\n<div class=\"row\">\n<div class=\"col text-center\">\n\t<strong>Total a Pagar: <\/strong><strong class=\"text-danger\">$1,920.00<\/strong>\n\t<\/div>\n<\/div>\n","protected":false},"featured_media":1896,"comment_status":"closed","ping_status":"closed","template":"","meta":[],"product_brand":[],"product_cat":[171,159],"product_tag":[269,582,234,206,235,216,204,207,205,183,181,418,611,610,277,275,272,270,383,274,266,278,280,587,267,588,589,590,366,279,591,356,324,323,550,321,303,307,570,416,304],"class_list":{"0":"post-6122","1":"product","2":"type-product","3":"status-publish","4":"has-post-thumbnail","6":"product_cat-nse-medio-y-alto","7":"product_cat-personas","8":"product_tag-b2b-database-for-marketing","9":"product_tag-b2b-email-lists","10":"product_tag-base-de-datos","11":"product_tag-base-de-datos-correo-electronico","12":"product_tag-base-de-datos-correos-electronicos","13":"product_tag-base-de-datos-de-correos","14":"product_tag-base-de-datos-de-emails","15":"product_tag-base-de-datos-de-telefonos","16":"product_tag-base-de-datos-email","17":"product_tag-base-de-datos-email-marketing","18":"product_tag-base-de-datos-emails","19":"product_tag-bases-de-datos-de-telefonos-fijos","20":"product_tag-bases-de-datos-email","21":"product_tag-bases-de-datos-emails","22":"product_tag-buy-email-address","23":"product_tag-buy-email-address-database","24":"product_tag-database","25":"product_tag-database-of-email-advertising","26":"product_tag-email","27":"product_tag-email-address-database","28":"product_tag-email-database","29":"product_tag-email-database-for-sale","30":"product_tag-email-list-providers","31":"product_tag-email-lists","32":"product_tag-email-marketer","33":"product_tag-email-marketing-database","34":"product_tag-email-marketing-list","35":"product_tag-email-services-marketing","36":"product_tag-emailing","37":"product_tag-emails-for-sale","38":"product_tag-list-of-emails","39":"product_tag-lista","40":"product_tag-lista-de-correo-electronico","41":"product_tag-lista-de-email","42":"product_tag-lista-de-numeros-de-telefonos","43":"product_tag-listado-de-emails","44":"product_tag-phone-database","45":"product_tag-phone-number-database","46":"product_tag-phone-number-list","47":"product_tag-telefono","48":"product_tag-telephone-number","50":"first","51":"instock","52":"sale","53":"virtual","54":"purchasable","55":"product-type-simple"},"aioseo_notices":[],"_links":{"self":[{"href":"https:\/\/sihay.com.mx\/basededatos\/wp-json\/wp\/v2\/product\/6122","targetHints":{"allow":["GET"]}}],"collection":[{"href":"https:\/\/sihay.com.mx\/basededatos\/wp-json\/wp\/v2\/product"}],"about":[{"href":"https:\/\/sihay.com.mx\/basededatos\/wp-json\/wp\/v2\/types\/product"}],"replies":[{"embeddable":true,"href":"https:\/\/sihay.com.mx\/basededatos\/wp-json\/wp\/v2\/comments?post=6122"}],"wp:featuredmedia":[{"embeddable":true,"href":"https:\/\/sihay.com.mx\/basededatos\/wp-json\/wp\/v2\/media\/1896"}],"wp:attachment":[{"href":"https:\/\/sihay.com.mx\/basededatos\/wp-json\/wp\/v2\/media?parent=6122"}],"wp:term":[{"taxonomy":"product_brand","embeddable":true,"href":"https:\/\/sihay.com.mx\/basededatos\/wp-json\/wp\/v2\/product_brand?post=6122"},{"taxonomy":"product_cat","embeddable":true,"href":"https:\/\/sihay.com.mx\/basededatos\/wp-json\/wp\/v2\/product_cat?post=6122"},{"taxonomy":"product_tag","embeddable":true,"href":"https:\/\/sihay.com.mx\/basededatos\/wp-json\/wp\/v2\/product_tag?post=6122"}],"curies":[{"name":"wp","href":"https:\/\/api.w.org\/{rel}","templated":true}]}}