{"id":6114,"date":"2024-06-19T22:52:13","date_gmt":"2024-06-19T22:52:13","guid":{"rendered":"https:\/\/sihay.com.mx\/basededatos\/?post_type=product&#038;p=6114"},"modified":"2024-06-19T22:52:19","modified_gmt":"2024-06-19T22:52:19","slug":"dermatologos-medicos-estetica-dentistas-y-cirujanos-plasticos-en-mexico","status":"publish","type":"product","link":"https:\/\/sihay.com.mx\/basededatos\/tienda\/dermatologos-medicos-estetica-dentistas-y-cirujanos-plasticos-en-mexico\/","title":{"rendered":"Dermat\u00f3logos, M\u00e9dicos est\u00e9tica, Dentistas y cirujanos plasticos en M\u00e9xico"},"content":{"rendered":"","protected":false},"excerpt":{"rendered":"<p>&nbsp;<\/p>\n<div class=\"row\">\n<div class=\"col-sm\">\n\t\t<strong>C\u00f3digo:<\/strong> <strong class=\"text-danger\"> ANGO-B0<\/strong>\n    <\/div>\n<div class=\"col-sm\">\n\t<strong>N\u00famero de registros: <\/strong>1000\n\t<\/div>\n<\/div>\n<div class=\"row\">\n<div class=\"col-sm \">\n\t<strong>Folio: <\/strong><span class=\"text-danger\"> AG0424B035<\/span>\n\t<\/div>\n<\/div>\n<p><strong>Segmentaci\u00f3n:<\/strong><\/p>\n<div class=\"row\">\n<div class=\"col-sm \">\n\tDermat\u00f3logos (180 registros en Ciudad de M\u00e9xico, 140 registros en Monterrey), M\u00e9dicos est\u00e9tica (31 registros en Ciudad de M\u00e9xico, 23 registros en GDL, 23 registros en Monterrey,  23 registros en Tijuana) y Dentistas (90 registros en Ciudad de M\u00e9xico, 70 registros en GDL, 70 registros en Monterrey,  70 registros en Tijuana) y cirujanos plasticos (280 registros en Ciudad de M\u00e9xico). <\/div>\n<\/div>\n<p><strong>Campos Contenidos:<\/strong><\/p>\n<div class=\"row\">\n<div class=\"col-sm \">\n\tNombre \/ Direcci\u00f3n \/ Ciudad \/ Estado \/ Celular \/ Email..  <\/div>\n<\/p><\/div>\n<div class=\"row\">\n<div class=\"col-sm\">\n\t<strong>Garant\u00eda: <\/strong>80%-85% <strong>Precio Original: <\/strong><del>$9,014.00<\/del> <strong>Descuento Especial: <\/strong><strong class=\"text-danger\">20%<\/strong>\n\t<\/div>\n<\/div>\n<div class=\"row\">\n<div class=\"col text-center\">\n\t<strong>Total a Pagar: <\/strong><strong class=\"text-danger\">$7,211.00<\/strong>\n\t<\/div>\n<\/div>\n","protected":false},"featured_media":1895,"comment_status":"closed","ping_status":"closed","template":"","meta":[],"product_brand":[],"product_cat":[165,159],"product_tag":[269,582,234,206,235,216,204,207,205,183,181,417,418,611,610,277,275,270,584,278,280,366,324,323,303,570,416,304],"class_list":{"0":"post-6114","1":"product","2":"type-product","3":"status-publish","4":"has-post-thumbnail","6":"product_cat-medicos","7":"product_cat-personas","8":"product_tag-b2b-database-for-marketing","9":"product_tag-b2b-email-lists","10":"product_tag-base-de-datos","11":"product_tag-base-de-datos-correo-electronico","12":"product_tag-base-de-datos-correos-electronicos","13":"product_tag-base-de-datos-de-correos","14":"product_tag-base-de-datos-de-emails","15":"product_tag-base-de-datos-de-telefonos","16":"product_tag-base-de-datos-email","17":"product_tag-base-de-datos-email-marketing","18":"product_tag-base-de-datos-emails","19":"product_tag-base-de-datos-telefono","20":"product_tag-bases-de-datos-de-telefonos-fijos","21":"product_tag-bases-de-datos-email","22":"product_tag-bases-de-datos-emails","23":"product_tag-buy-email-address","24":"product_tag-buy-email-address-database","25":"product_tag-database-of-email-advertising","26":"product_tag-database-of-emails","27":"product_tag-email-database-for-sale","28":"product_tag-email-list-providers","29":"product_tag-emailing","30":"product_tag-lista-de-correo-electronico","31":"product_tag-lista-de-email","32":"product_tag-phone-database","33":"product_tag-phone-number-list","34":"product_tag-telefono","35":"product_tag-telephone-number","37":"first","38":"instock","39":"sale","40":"virtual","41":"purchasable","42":"product-type-simple"},"aioseo_notices":[],"_links":{"self":[{"href":"https:\/\/sihay.com.mx\/basededatos\/wp-json\/wp\/v2\/product\/6114","targetHints":{"allow":["GET"]}}],"collection":[{"href":"https:\/\/sihay.com.mx\/basededatos\/wp-json\/wp\/v2\/product"}],"about":[{"href":"https:\/\/sihay.com.mx\/basededatos\/wp-json\/wp\/v2\/types\/product"}],"replies":[{"embeddable":true,"href":"https:\/\/sihay.com.mx\/basededatos\/wp-json\/wp\/v2\/comments?post=6114"}],"wp:featuredmedia":[{"embeddable":true,"href":"https:\/\/sihay.com.mx\/basededatos\/wp-json\/wp\/v2\/media\/1895"}],"wp:attachment":[{"href":"https:\/\/sihay.com.mx\/basededatos\/wp-json\/wp\/v2\/media?parent=6114"}],"wp:term":[{"taxonomy":"product_brand","embeddable":true,"href":"https:\/\/sihay.com.mx\/basededatos\/wp-json\/wp\/v2\/product_brand?post=6114"},{"taxonomy":"product_cat","embeddable":true,"href":"https:\/\/sihay.com.mx\/basededatos\/wp-json\/wp\/v2\/product_cat?post=6114"},{"taxonomy":"product_tag","embeddable":true,"href":"https:\/\/sihay.com.mx\/basededatos\/wp-json\/wp\/v2\/product_tag?post=6114"}],"curies":[{"name":"wp","href":"https:\/\/api.w.org\/{rel}","templated":true}]}}