{"id":6110,"date":"2024-06-11T22:19:44","date_gmt":"2024-06-11T22:19:44","guid":{"rendered":"https:\/\/sihay.com.mx\/basededatos\/?post_type=product&#038;p=6110"},"modified":"2024-06-11T22:19:52","modified_gmt":"2024-06-11T22:19:52","slug":"empresas-aa-y-aaa-en-diversos-sectores-en-la-ciudad-de-mexico-y-zona-metropolitana","status":"publish","type":"product","link":"https:\/\/sihay.com.mx\/basededatos\/tienda\/empresas-aa-y-aaa-en-diversos-sectores-en-la-ciudad-de-mexico-y-zona-metropolitana\/","title":{"rendered":"Empresas AA y AAA en diversos sectores en la Ciudad de M\u00e9xico y zona metropolitana."},"content":{"rendered":"","protected":false},"excerpt":{"rendered":"<p>&nbsp;<\/p>\n<div class=\"row\">\n<div class=\"col-sm\"><strong>C\u00f3digo:<\/strong> <strong>DALO-I4<\/strong><\/div>\n<div class=\"col-sm\"><strong>N\u00famero de registros: <\/strong>1000<\/div>\n<\/div>\n<div class=\"row\">\n<div class=\"col-sm \"><strong>Folio: <\/strong><span class=\"text-danger\">DL0424B033<\/span><\/div>\n<\/div>\n<p><strong>Segmentaci\u00f3n:<\/strong><\/p>\n<div class=\"row\">\n<div class=\"col-sm \">Empresas AA y AAA en los sectores de marcas de: Consumo (alimentos), Teindas de Ropa, Consumo (no alimenticios), Bebida (alcoh\u00f3lica, refresqueras, bebidas energ\u00e9ticas, agua), Tabaco, Comunicaci\u00f3n telefon\u00eda celular, Bancos, Seguros, Restaurantes (comida r\u00e1pida grandes cadenas), Supermercados y Farmac\u00e9utico\u00a0 en la Ciudad de M\u00e9xico y zona metropolitana.<\/div>\n<\/div>\n<p><strong>Campos Contenidos:<\/strong><\/p>\n<div class=\"row\">\n<div class=\"col-sm \">Empresa \/ Giro \/ Direcci\u00f3n \/ Ciudad \/ Estado \/ Contacto \/ Puesto: \u00e1rea de compras, trademarketing o marketing\u00a0 (en cualquiera de los casos que no sea nivel gerencial ni directivos)\/ Tel\u00e9fono \/ Email \/ P\u00e1gina web*opcional.<\/div>\n<\/div>\n<div class=\"row\">\n<div class=\"col-sm\"><strong>Garant\u00eda: <\/strong>80%-85% <strong>Precio Original: <\/strong><del>$9,071 MXN<\/del> <strong>Descuento Especial: <\/strong><strong class=\"text-danger\">20%<\/strong><\/div>\n<\/div>\n<div class=\"row\">\n<div class=\"col text-center\"><strong>Total a Pagar: <\/strong><strong class=\"text-danger\">$7,256 MXN<\/strong><\/div>\n<\/div>\n","protected":false},"featured_media":1882,"comment_status":"closed","ping_status":"closed","template":"","meta":[],"product_brand":[],"product_cat":[152,127],"product_tag":[269,582,234,206,235,216,204,207,205,183,181,417,418,611,610,277,275,584,383,274,266,278,280,587,267,366,279,591,356,324,321,303,307,570,416,304],"class_list":{"0":"post-6110","1":"product","2":"type-product","3":"status-publish","4":"has-post-thumbnail","6":"product_cat-ciudad-de-mexico","7":"product_cat-empresas","8":"product_tag-b2b-database-for-marketing","9":"product_tag-b2b-email-lists","10":"product_tag-base-de-datos","11":"product_tag-base-de-datos-correo-electronico","12":"product_tag-base-de-datos-correos-electronicos","13":"product_tag-base-de-datos-de-correos","14":"product_tag-base-de-datos-de-emails","15":"product_tag-base-de-datos-de-telefonos","16":"product_tag-base-de-datos-email","17":"product_tag-base-de-datos-email-marketing","18":"product_tag-base-de-datos-emails","19":"product_tag-base-de-datos-telefono","20":"product_tag-bases-de-datos-de-telefonos-fijos","21":"product_tag-bases-de-datos-email","22":"product_tag-bases-de-datos-emails","23":"product_tag-buy-email-address","24":"product_tag-buy-email-address-database","25":"product_tag-database-of-emails","26":"product_tag-email","27":"product_tag-email-address-database","28":"product_tag-email-database","29":"product_tag-email-database-for-sale","30":"product_tag-email-list-providers","31":"product_tag-email-lists","32":"product_tag-email-marketer","33":"product_tag-emailing","34":"product_tag-emails-for-sale","35":"product_tag-list-of-emails","36":"product_tag-lista","37":"product_tag-lista-de-correo-electronico","38":"product_tag-listado-de-emails","39":"product_tag-phone-database","40":"product_tag-phone-number-database","41":"product_tag-phone-number-list","42":"product_tag-telefono","43":"product_tag-telephone-number","45":"first","46":"instock","47":"sale","48":"virtual","49":"purchasable","50":"product-type-simple"},"aioseo_notices":[],"_links":{"self":[{"href":"https:\/\/sihay.com.mx\/basededatos\/wp-json\/wp\/v2\/product\/6110","targetHints":{"allow":["GET"]}}],"collection":[{"href":"https:\/\/sihay.com.mx\/basededatos\/wp-json\/wp\/v2\/product"}],"about":[{"href":"https:\/\/sihay.com.mx\/basededatos\/wp-json\/wp\/v2\/types\/product"}],"replies":[{"embeddable":true,"href":"https:\/\/sihay.com.mx\/basededatos\/wp-json\/wp\/v2\/comments?post=6110"}],"wp:featuredmedia":[{"embeddable":true,"href":"https:\/\/sihay.com.mx\/basededatos\/wp-json\/wp\/v2\/media\/1882"}],"wp:attachment":[{"href":"https:\/\/sihay.com.mx\/basededatos\/wp-json\/wp\/v2\/media?parent=6110"}],"wp:term":[{"taxonomy":"product_brand","embeddable":true,"href":"https:\/\/sihay.com.mx\/basededatos\/wp-json\/wp\/v2\/product_brand?post=6110"},{"taxonomy":"product_cat","embeddable":true,"href":"https:\/\/sihay.com.mx\/basededatos\/wp-json\/wp\/v2\/product_cat?post=6110"},{"taxonomy":"product_tag","embeddable":true,"href":"https:\/\/sihay.com.mx\/basededatos\/wp-json\/wp\/v2\/product_tag?post=6110"}],"curies":[{"name":"wp","href":"https:\/\/api.w.org\/{rel}","templated":true}]}}