{"id":6108,"date":"2024-06-10T23:03:51","date_gmt":"2024-06-10T23:03:51","guid":{"rendered":"https:\/\/sihay.com.mx\/basededatos\/?post_type=product&#038;p=6108"},"modified":"2024-06-10T23:03:59","modified_gmt":"2024-06-10T23:03:59","slug":"personas-fisicas-de-20-a-60-anos-edad-economicamente-activas-de-un-nse-medio-en-mexico","status":"publish","type":"product","link":"https:\/\/sihay.com.mx\/basededatos\/tienda\/personas-fisicas-de-20-a-60-anos-edad-economicamente-activas-de-un-nse-medio-en-mexico\/","title":{"rendered":"Personas f\u00edsicas, de 20 a 60 a\u00f1os edad, econ\u00f3micamente activas de un NSE medio en M\u00e9xico."},"content":{"rendered":"","protected":false},"excerpt":{"rendered":"<p>&nbsp;<\/p>\n<div class=\"row\">\n<div class=\"col-sm\"><strong>C\u00f3digo:<\/strong> <strong class=\"text-danger\"><strong>RAGA-A4<\/strong><\/strong><\/div>\n<div class=\"col-sm\"><strong>N\u00famero de registros: <\/strong>300,000<\/div>\n<\/div>\n<div class=\"row\">\n<div class=\"col-sm \"><strong>Folio: <\/strong><span class=\"text-danger\">RG0524B009<\/span><\/div>\n<\/div>\n<p><strong>Segmentaci\u00f3n:<\/strong><\/p>\n<div class=\"row\">\n<div class=\"col-sm \">Personas f\u00edsicas, de 20 a 60 a\u00f1os edad, econ\u00f3micamente activas de un NSE medio en M\u00e9xico.<\/div>\n<\/div>\n<p><strong>Campos Contenidos:<\/strong><\/p>\n<div class=\"row\">\n<div class=\"col-sm \">Email.<\/div>\n<\/div>\n<div class=\"row\">\n<div class=\"col-sm\"><strong>Garant\u00eda: <\/strong>80%-85% <strong>Precio Original: <\/strong><del>$242,317MXN<\/del>\u00a0<strong>Descuento Especial: <\/strong><strong class=\"text-danger\">20%<\/strong><\/div>\n<\/div>\n<div class=\"row\">\n<div class=\"col text-center\"><strong>Total a Pagar: <\/strong><strong class=\"text-danger\">$193,853 MXN<\/strong><\/div>\n<\/div>\n","protected":false},"featured_media":1891,"comment_status":"closed","ping_status":"closed","template":"","meta":[],"product_brand":[],"product_cat":[166,171,159],"product_tag":[269,582,234,206,235,216,204,207,205,183,417,418,611,610,270,584,383,274,266,278,280,587,267,588,589,590,366,279,591,324,323,550,321,303,307,570,416,304],"class_list":{"0":"post-6108","1":"product","2":"type-product","3":"status-publish","4":"has-post-thumbnail","6":"product_cat-en-mexico","7":"product_cat-nse-medio-y-alto","8":"product_cat-personas","9":"product_tag-b2b-database-for-marketing","10":"product_tag-b2b-email-lists","11":"product_tag-base-de-datos","12":"product_tag-base-de-datos-correo-electronico","13":"product_tag-base-de-datos-correos-electronicos","14":"product_tag-base-de-datos-de-correos","15":"product_tag-base-de-datos-de-emails","16":"product_tag-base-de-datos-de-telefonos","17":"product_tag-base-de-datos-email","18":"product_tag-base-de-datos-email-marketing","19":"product_tag-base-de-datos-telefono","20":"product_tag-bases-de-datos-de-telefonos-fijos","21":"product_tag-bases-de-datos-email","22":"product_tag-bases-de-datos-emails","23":"product_tag-database-of-email-advertising","24":"product_tag-database-of-emails","25":"product_tag-email","26":"product_tag-email-address-database","27":"product_tag-email-database","28":"product_tag-email-database-for-sale","29":"product_tag-email-list-providers","30":"product_tag-email-lists","31":"product_tag-email-marketer","32":"product_tag-email-marketing-database","33":"product_tag-email-marketing-list","34":"product_tag-email-services-marketing","35":"product_tag-emailing","36":"product_tag-emails-for-sale","37":"product_tag-list-of-emails","38":"product_tag-lista-de-correo-electronico","39":"product_tag-lista-de-email","40":"product_tag-lista-de-numeros-de-telefonos","41":"product_tag-listado-de-emails","42":"product_tag-phone-database","43":"product_tag-phone-number-database","44":"product_tag-phone-number-list","45":"product_tag-telefono","46":"product_tag-telephone-number","48":"first","49":"instock","50":"sale","51":"virtual","52":"purchasable","53":"product-type-simple"},"aioseo_notices":[],"_links":{"self":[{"href":"https:\/\/sihay.com.mx\/basededatos\/wp-json\/wp\/v2\/product\/6108","targetHints":{"allow":["GET"]}}],"collection":[{"href":"https:\/\/sihay.com.mx\/basededatos\/wp-json\/wp\/v2\/product"}],"about":[{"href":"https:\/\/sihay.com.mx\/basededatos\/wp-json\/wp\/v2\/types\/product"}],"replies":[{"embeddable":true,"href":"https:\/\/sihay.com.mx\/basededatos\/wp-json\/wp\/v2\/comments?post=6108"}],"wp:featuredmedia":[{"embeddable":true,"href":"https:\/\/sihay.com.mx\/basededatos\/wp-json\/wp\/v2\/media\/1891"}],"wp:attachment":[{"href":"https:\/\/sihay.com.mx\/basededatos\/wp-json\/wp\/v2\/media?parent=6108"}],"wp:term":[{"taxonomy":"product_brand","embeddable":true,"href":"https:\/\/sihay.com.mx\/basededatos\/wp-json\/wp\/v2\/product_brand?post=6108"},{"taxonomy":"product_cat","embeddable":true,"href":"https:\/\/sihay.com.mx\/basededatos\/wp-json\/wp\/v2\/product_cat?post=6108"},{"taxonomy":"product_tag","embeddable":true,"href":"https:\/\/sihay.com.mx\/basededatos\/wp-json\/wp\/v2\/product_tag?post=6108"}],"curies":[{"name":"wp","href":"https:\/\/api.w.org\/{rel}","templated":true}]}}