{"id":5700,"date":"2023-06-16T18:45:54","date_gmt":"2023-06-16T18:45:54","guid":{"rendered":"https:\/\/sihay.com.mx\/basededatos\/?post_type=product&#038;p=5700"},"modified":"2023-06-16T18:46:00","modified_gmt":"2023-06-16T18:46:00","slug":"empresas-de-hospitalidad-construccion-industria-retail-y-gobierno-en-merida-yucatan","status":"publish","type":"product","link":"https:\/\/sihay.com.mx\/basededatos\/tienda\/empresas-de-hospitalidad-construccion-industria-retail-y-gobierno-en-merida-yucatan\/","title":{"rendered":"Empresas de Hospitalidad, Construcci\u00f3n, Industria, Retail y Gobierno en M\u00e9rida Yucat\u00e1n."},"content":{"rendered":"","protected":false},"excerpt":{"rendered":"<p>&nbsp;<\/p>\n<div class=\"row\">\n<div class=\"col-sm\"><strong>C\u00f3digo:<\/strong> <strong class=\"text-danger\">ERHE-C1-4<\/strong><\/div>\n<div class=\"col-sm\"><strong>N\u00famero de registros: <\/strong>200<\/div>\n<\/div>\n<div class=\"row\">\n<div class=\"col-sm \"><strong>Folio: <\/strong><span class=\"text-danger\">03GBER0922-042<\/span><\/div>\n<\/div>\n<p><strong>Segmentaci\u00f3n:<\/strong><\/p>\n<div class=\"row\">\n<div class=\"col-sm \">200 registros de empresas de los giros. (Hospitalidad, Construcci\u00f3n, Industria, Retail y Gobierno) en M\u00e9rida Yucat\u00e1n.<\/div>\n<\/div>\n<p><strong>Campos Contenidos:<\/strong><\/p>\n<div class=\"row\">\n<div class=\"col-sm \">Empresa (Raz\u00f3n Social o Comercial) \/ Sector y\/o Sub Sector \/ Domicilio \/ Ciudad \/ Estado \/ Nombre de la Persona \/ Puesto : CEO, C-Levels, Director General, Socio, Directivos, Gerentes o Tomador de decisi\u00f3n \/ Tel\u00e9fono fijo \/ Correo \/ Sitio web*opcional.<\/div>\n<\/div>\n<div class=\"row\">\n<div class=\"col-sm\"><strong>Garant\u00eda: <\/strong>80%-85% <strong>Precio Original: <\/strong><del>$2,000.00<\/del> <strong>Descuento Especial: <\/strong><strong class=\"text-danger\">20%<\/strong><\/div>\n<\/div>\n<div class=\"row\">\n<div class=\"col text-center\"><strong>Total a Pagar: <\/strong><strong class=\"text-danger\">$1,600.00<\/strong><\/div>\n<\/div>\n","protected":false},"featured_media":1864,"comment_status":"closed","ping_status":"closed","template":"","meta":[],"product_brand":[],"product_cat":[130,127,141,142,148,149],"product_tag":[269,582,234,192,206,235,242,216,598,204,207,281,196,203,215,194,205,183,181,664,315,197,313,284,210,195,417,198,217,603,418,595,273,308,277,275,535,272,270,584,382,644,606,575,319,383,274,266,278,280,587,267,588,589,590,366,279,384,500,652,653,357,591,356,324,550,303,307,381,416,304],"class_list":{"0":"post-5700","1":"product","2":"type-product","3":"status-publish","4":"has-post-thumbnail","6":"product_cat-constructoras","7":"product_cat-empresas","8":"product_cat-hoteles","9":"product_cat-industria-automotriz","10":"product_cat-retail","11":"product_cat-tomador-de-decisiones","12":"product_tag-b2b-database-for-marketing","13":"product_tag-b2b-email-lists","14":"product_tag-base-de-datos","15":"product_tag-base-de-datos-ceo","16":"product_tag-base-de-datos-correo-electronico","17":"product_tag-base-de-datos-correos-electronicos","18":"product_tag-base-de-datos-de-construcciones","19":"product_tag-base-de-datos-de-correos","20":"product_tag-base-de-datos-de-director-de-compra","21":"product_tag-base-de-datos-de-emails","22":"product_tag-base-de-datos-de-telefonos","23":"product_tag-base-de-datos-de-yucatan","24":"product_tag-base-de-datos-directivos","25":"product_tag-base-de-datos-directivos-en-recursos-humanos","26":"product_tag-base-de-datos-director","27":"product_tag-base-de-datos-director-general","28":"product_tag-base-de-datos-email","29":"product_tag-base-de-datos-email-marketing","30":"product_tag-base-de-datos-emails","31":"product_tag-base-de-datos-gerente-de-finanzas","32":"product_tag-base-de-datos-gerente-ti","33":"product_tag-base-de-datos-gerentes","34":"product_tag-base-de-datos-hoteles","35":"product_tag-base-de-datos-quintana-roo","36":"product_tag-base-de-datos-retail","37":"product_tag-base-de-datos-socio","38":"product_tag-base-de-datos-telefono","39":"product_tag-base-de-datos-tomador-de-decision","40":"product_tag-base-de-datos-tomadores-de-decisiones","41":"product_tag-bases-de-datos-constructoras","42":"product_tag-bases-de-datos-de-telefonos-fijos","43":"product_tag-bases-de-datos-telecomunicaciones","44":"product_tag-business-and-consumer-database","45":"product_tag-business-directory","46":"product_tag-buy-email-address","47":"product_tag-buy-email-address-database","48":"product_tag-correos","49":"product_tag-database","50":"product_tag-database-of-email-advertising","51":"product_tag-database-of-emails","52":"product_tag-database-retail","53":"product_tag-directivo","54":"product_tag-directivos","55":"product_tag-director","56":"product_tag-directorio-empresas","57":"product_tag-email","58":"product_tag-email-address-database","59":"product_tag-email-database","60":"product_tag-email-database-for-sale","61":"product_tag-email-list-providers","62":"product_tag-email-lists","63":"product_tag-email-marketer","64":"product_tag-email-marketing-database","65":"product_tag-email-marketing-list","66":"product_tag-email-services-marketing","67":"product_tag-emailing","68":"product_tag-emails-for-sale","69":"product_tag-gerente","70":"product_tag-gerente-de-sistemas","71":"product_tag-gerente-general","72":"product_tag-gerente-mercadotecnia","73":"product_tag-list","74":"product_tag-list-of-emails","75":"product_tag-lista","76":"product_tag-lista-de-correo-electronico","77":"product_tag-lista-de-numeros-de-telefonos","78":"product_tag-phone-database","79":"product_tag-phone-number-database","80":"product_tag-retail","81":"product_tag-telefono","82":"product_tag-telephone-number","84":"first","85":"instock","86":"sale","87":"virtual","88":"purchasable","89":"product-type-simple"},"aioseo_notices":[],"_links":{"self":[{"href":"https:\/\/sihay.com.mx\/basededatos\/wp-json\/wp\/v2\/product\/5700","targetHints":{"allow":["GET"]}}],"collection":[{"href":"https:\/\/sihay.com.mx\/basededatos\/wp-json\/wp\/v2\/product"}],"about":[{"href":"https:\/\/sihay.com.mx\/basededatos\/wp-json\/wp\/v2\/types\/product"}],"replies":[{"embeddable":true,"href":"https:\/\/sihay.com.mx\/basededatos\/wp-json\/wp\/v2\/comments?post=5700"}],"wp:featuredmedia":[{"embeddable":true,"href":"https:\/\/sihay.com.mx\/basededatos\/wp-json\/wp\/v2\/media\/1864"}],"wp:attachment":[{"href":"https:\/\/sihay.com.mx\/basededatos\/wp-json\/wp\/v2\/media?parent=5700"}],"wp:term":[{"taxonomy":"product_brand","embeddable":true,"href":"https:\/\/sihay.com.mx\/basededatos\/wp-json\/wp\/v2\/product_brand?post=5700"},{"taxonomy":"product_cat","embeddable":true,"href":"https:\/\/sihay.com.mx\/basededatos\/wp-json\/wp\/v2\/product_cat?post=5700"},{"taxonomy":"product_tag","embeddable":true,"href":"https:\/\/sihay.com.mx\/basededatos\/wp-json\/wp\/v2\/product_tag?post=5700"}],"curies":[{"name":"wp","href":"https:\/\/api.w.org\/{rel}","templated":true}]}}