{"id":5376,"date":"2023-02-09T18:12:38","date_gmt":"2023-02-09T18:12:38","guid":{"rendered":"https:\/\/sihay.com.mx\/basededatos\/?post_type=product&#038;p=5376"},"modified":"2023-05-16T18:26:16","modified_gmt":"2023-05-16T18:26:16","slug":"correos-de-empresas-de-latinoamerica-tomadores-de-decisiones","status":"publish","type":"product","link":"https:\/\/sihay.com.mx\/basededatos\/tienda\/correos-de-empresas-de-latinoamerica-tomadores-de-decisiones\/","title":{"rendered":"Correos de empresas de Latinoam\u00e9rica &#8211; Tomadores de Decisiones"},"content":{"rendered":"","protected":false},"excerpt":{"rendered":"<p>&nbsp;<\/p>\n<div class=\"row\">\n<div class=\"col-sm\"><strong>C\u00f3digo:<\/strong> <strong class=\"text-danger\">ROCH-P2<\/strong><\/div>\n<div class=\"col-sm\"><strong>N\u00famero de registros: <\/strong>36,100<\/div>\n<\/div>\n<div class=\"row\">\n<div class=\"col-sm \"><strong>Folio: <\/strong><span class=\"text-danger\">03RCEU0622-030<\/span><\/div>\n<\/div>\n<p><strong>Segmentaci\u00f3n:<\/strong><\/p>\n<div class=\"row\">\n<div class=\"col-sm \">Tomadores de decisiones en empresas que se encuentran en la lista adjunta y ubicadas en las \u00e1reas siguientes :<br \/>\nPa\u00eds: Brazil | C\u00f3digo: BR |Ciudad: Rio de Janeiro | Registros: 4 500<br \/>\nPa\u00eds: Chile | C\u00f3digo: CL | Ciudad: Santiago de Chile | Registros: 4 000<br \/>\nPa\u00eds: Colombia | C\u00f3digo: CO | Ciudad: Bogot\u00e1 | Registros: 5 000<br \/>\nPa\u00eds: Costa Rica | C\u00f3digo: CR | Ciudad: San Jos\u00e9 | Registros: 3 000<br \/>\nPais: M\u00e9xico | C\u00f3digo: MX | Ciudad: CDMX | Registros: 9 600<br \/>\nPa\u00eds: Panam\u00e1 | C\u00f3digo: PA | Ciudad: Panam\u00e1 City | Registros: 5 000<br \/>\nPa\u00eds: Per\u00fa | C\u00f3digo: PE | Ciudad: Lima | Registros: 5 000<\/div>\n<\/div>\n<p><strong>Campos Contenidos:<\/strong><\/p>\n<div class=\"row\">\n<div class=\"col-sm \">Email<\/div>\n<\/div>\n<div class=\"row\">\n<div class=\"col-sm\"><strong>Garant\u00eda: <\/strong>80%-85% <strong>Precio Original: <\/strong><del>$399,916<\/del> <strong>Descuento Especial: <\/strong><strong class=\"text-danger\">20%<\/strong><\/div>\n<\/div>\n<div class=\"row\">\n<div class=\"col text-center\"><strong>Total a Pagar: <\/strong><strong class=\"text-danger\">$319,932<\/strong><\/div>\n<\/div>\n","protected":false},"featured_media":1875,"comment_status":"closed","ping_status":"closed","template":"","meta":[],"product_brand":[],"product_cat":[144,149],"product_tag":[269,582,234,225,219,229,222,224,206,233,235,226,216,204,462,460,218,470,461,207,215,194,205,183,181,191,320,318,180,561,316,221,477,228,236,230,231,232,210,220,227,223,184,217,611,610,273,308,276,583,277,275,467,465,265,268,475,535,441,527,272,429,427,440,270,584,400,389,383,274,271,266,280,587,589,366,279,331,637,560,317,526,528,391,392,357,591,356,324,323,321,322,367,552,471,186,466,493],"class_list":{"0":"post-5376","1":"product","2":"type-product","3":"status-publish","4":"has-post-thumbnail","6":"product_cat-latinoamerica","7":"product_cat-tomador-de-decisiones","8":"product_tag-b2b-database-for-marketing","9":"product_tag-b2b-email-lists","10":"product_tag-base-de-datos","11":"product_tag-base-de-datos-bogota","12":"product_tag-base-de-datos-brazil","13":"product_tag-base-de-datos-cdmx","14":"product_tag-base-de-datos-chile","15":"product_tag-base-de-datos-colombia","16":"product_tag-base-de-datos-correo-electronico","17":"product_tag-base-de-datos-correos-de-empresas-de-latinoamerica","18":"product_tag-base-de-datos-correos-electronicos","19":"product_tag-base-de-datos-costa-rica","20":"product_tag-base-de-datos-de-correos","21":"product_tag-base-de-datos-de-emails","22":"product_tag-base-de-datos-de-empresas-chile","23":"product_tag-base-de-datos-de-empresas-colombia","24":"product_tag-base-de-datos-de-empresas-latinoamerica","25":"product_tag-base-de-datos-de-empresas-mexico","26":"product_tag-base-de-datos-de-empresas-peru","27":"product_tag-base-de-datos-de-telefonos","28":"product_tag-base-de-datos-director","29":"product_tag-base-de-datos-director-general","30":"product_tag-base-de-datos-email","31":"product_tag-base-de-datos-email-marketing","32":"product_tag-base-de-datos-emails","33":"product_tag-base-de-datos-empresas","34":"product_tag-base-de-datos-empresas-america-latina","35":"product_tag-base-de-datos-empresas-colombia","36":"product_tag-base-de-datos-en-mexico","37":"product_tag-base-de-datos-estado-de-mexico","38":"product_tag-base-de-datos-latinoamerica","39":"product_tag-base-de-datos-lima","40":"product_tag-base-de-datos-mailing","41":"product_tag-base-de-datos-mexico","42":"product_tag-base-de-datos-nivel-nacional","43":"product_tag-base-de-datos-panama","44":"product_tag-base-de-datos-panama-city","45":"product_tag-base-de-datos-peru","46":"product_tag-base-de-datos-retail","47":"product_tag-base-de-datos-rio-de-janeiro","48":"product_tag-base-de-datos-san-jose","49":"product_tag-base-de-datos-santiago-de-chile","50":"product_tag-base-de-datos-segmentadas-mexico","51":"product_tag-base-de-datos-tomadores-de-decisiones","52":"product_tag-bases-de-datos-email","53":"product_tag-bases-de-datos-emails","54":"product_tag-business-and-consumer-database","55":"product_tag-business-directory","56":"product_tag-business-email-list","57":"product_tag-business-emails","58":"product_tag-buy-email-address","59":"product_tag-buy-email-address-database","60":"product_tag-chile-company-database","61":"product_tag-colombia-company-database","62":"product_tag-company-database","63":"product_tag-company-email-database","64":"product_tag-comprar-base-de-datos-mexico","65":"product_tag-correos","66":"product_tag-costa-rica-database","67":"product_tag-data-latam","68":"product_tag-database","69":"product_tag-database-chile","70":"product_tag-database-colombia","71":"product_tag-database-costa-rica","72":"product_tag-database-of-email-advertising","73":"product_tag-database-of-emails","74":"product_tag-database-peru","75":"product_tag-decision-maker-database","76":"product_tag-email","77":"product_tag-email-address-database","78":"product_tag-email-business-database","79":"product_tag-email-database","80":"product_tag-email-list-providers","81":"product_tag-email-lists","82":"product_tag-email-marketing-list","83":"product_tag-emailing","84":"product_tag-emails-for-sale","85":"product_tag-empresas-en-latinoamerica","86":"product_tag-empresas-en-mexico","87":"product_tag-latam","88":"product_tag-latam-base-de-datos","89":"product_tag-latam-data","90":"product_tag-latam-database","91":"product_tag-latin-america-database","92":"product_tag-latinoamerica-database","93":"product_tag-list","94":"product_tag-list-of-emails","95":"product_tag-lista","96":"product_tag-lista-de-correo-electronico","97":"product_tag-lista-de-email","98":"product_tag-listado-de-emails","99":"product_tag-listado-de-emails-de-empresas","100":"product_tag-mailing","101":"product_tag-mailing-mexico","102":"product_tag-mexico-company-database","103":"product_tag-panama","104":"product_tag-peru-company-database","105":"product_tag-venta-de-base-de-datos-mexico","107":"first","108":"instock","109":"sale","110":"featured","111":"virtual","112":"purchasable","113":"product-type-simple"},"aioseo_notices":[],"_links":{"self":[{"href":"https:\/\/sihay.com.mx\/basededatos\/wp-json\/wp\/v2\/product\/5376","targetHints":{"allow":["GET"]}}],"collection":[{"href":"https:\/\/sihay.com.mx\/basededatos\/wp-json\/wp\/v2\/product"}],"about":[{"href":"https:\/\/sihay.com.mx\/basededatos\/wp-json\/wp\/v2\/types\/product"}],"replies":[{"embeddable":true,"href":"https:\/\/sihay.com.mx\/basededatos\/wp-json\/wp\/v2\/comments?post=5376"}],"wp:featuredmedia":[{"embeddable":true,"href":"https:\/\/sihay.com.mx\/basededatos\/wp-json\/wp\/v2\/media\/1875"}],"wp:attachment":[{"href":"https:\/\/sihay.com.mx\/basededatos\/wp-json\/wp\/v2\/media?parent=5376"}],"wp:term":[{"taxonomy":"product_brand","embeddable":true,"href":"https:\/\/sihay.com.mx\/basededatos\/wp-json\/wp\/v2\/product_brand?post=5376"},{"taxonomy":"product_cat","embeddable":true,"href":"https:\/\/sihay.com.mx\/basededatos\/wp-json\/wp\/v2\/product_cat?post=5376"},{"taxonomy":"product_tag","embeddable":true,"href":"https:\/\/sihay.com.mx\/basededatos\/wp-json\/wp\/v2\/product_tag?post=5376"}],"curies":[{"name":"wp","href":"https:\/\/api.w.org\/{rel}","templated":true}]}}