{"id":5375,"date":"2023-02-09T17:08:04","date_gmt":"2023-02-09T17:08:04","guid":{"rendered":"https:\/\/sihay.com.mx\/basededatos\/?post_type=product&#038;p=5375"},"modified":"2023-05-16T18:31:43","modified_gmt":"2023-05-16T18:31:43","slug":"correos-electronicos-de-tomadores-de-decisiones-en-empresas-en-latinoamerica","status":"publish","type":"product","link":"https:\/\/sihay.com.mx\/basededatos\/tienda\/correos-electronicos-de-tomadores-de-decisiones-en-empresas-en-latinoamerica\/","title":{"rendered":"Correos electr\u00f3nicos de tomadores de decisiones en empresas en Latinoam\u00e9rica."},"content":{"rendered":"","protected":false},"excerpt":{"rendered":"<p>&nbsp;<\/p>\n<div class=\"row\">\n<div class=\"col-sm\"><strong>C\u00f3digo:<\/strong> <strong class=\"text-danger\"> ROCH-T7<\/strong><\/div>\n<div class=\"col-sm\"><strong>N\u00famero de registros: <\/strong>40,000<\/div>\n<\/div>\n<div class=\"row\">\n<div class=\"col-sm \"><strong>Folio: <\/strong><span class=\"text-danger\">EU0622B025<\/span><\/div>\n<\/div>\n<p><strong>Segmentaci\u00f3n:<\/strong><\/p>\n<div class=\"row\">\n<div class=\"col-sm \">Tomadores de decisiones en empresas de los c\u00f3digos SIC que se encuentran en la lista adjunta y ubicadas en las \u00e1reas siguientes : Pa\u00eds: Brazil | BR |Ciudad: Rio de Janeiro | Registros: 4 500 Pa\u00eds: Chile | CL | Ciudad: Santiago de Chile | Registros: 4 000 Pa\u00eds: Colombia | CO | Ciudad: Bogot\u00e1 | Registros: 5 000 Pa\u00eds: Costa Rica | CR | Ciudad: San Jos\u00e9 | Registros: 3 000 Pa\u00eds: M\u00e9xico | MX | Ciudad: CDMX | Registros: 9 600 Pa\u00eds: Panama | PA | Ciudad: Panama City | Registros: 5 000 Pa\u00eds: Peru | PE | Ciudad: Lima | Registros: 5 000<\/div>\n<\/div>\n<p><strong>Campos Contenidos:<\/strong><\/p>\n<div class=\"row\">\n<div class=\"col-sm \">Email.<\/div>\n<\/div>\n<div class=\"row\">\n<div class=\"col-sm\"><strong>Garant\u00eda: <\/strong>80%-85% <strong>Precio Original: <\/strong><del>$425,284MXN<\/del> <strong>Descuento Especial: <\/strong><strong class=\"text-danger\">20%<\/strong><\/div>\n<\/div>\n<div class=\"row\">\n<div class=\"col text-center\"><strong>Total a Pagar: <\/strong><strong class=\"text-danger\">$340,227MXN<\/strong><\/div>\n<\/div>\n","protected":false},"featured_media":1875,"comment_status":"closed","ping_status":"closed","template":"","meta":[],"product_brand":[],"product_cat":[144,149],"product_tag":[269,582,234,225,219,229,222,224,206,233,235,226,216,204,462,460,218,470,461,207,205,183,181,208,191,320,318,180,316,221,477,228,230,231,232,220,227,223,184,198,217,611,610,273,308,276,583,277,275,467,465,265,268,475,535,441,527,272,429,427,440,270,584,400,389,383,274,271,266,280,587,589,366,331,637,560,317,526,528,391,392,357,591,356,324,323,550,321,322,367,552,454,471,186,466,493],"class_list":{"0":"post-5375","1":"product","2":"type-product","3":"status-publish","4":"has-post-thumbnail","6":"product_cat-latinoamerica","7":"product_cat-tomador-de-decisiones","8":"product_tag-b2b-database-for-marketing","9":"product_tag-b2b-email-lists","10":"product_tag-base-de-datos","11":"product_tag-base-de-datos-bogota","12":"product_tag-base-de-datos-brazil","13":"product_tag-base-de-datos-cdmx","14":"product_tag-base-de-datos-chile","15":"product_tag-base-de-datos-colombia","16":"product_tag-base-de-datos-correo-electronico","17":"product_tag-base-de-datos-correos-de-empresas-de-latinoamerica","18":"product_tag-base-de-datos-correos-electronicos","19":"product_tag-base-de-datos-costa-rica","20":"product_tag-base-de-datos-de-correos","21":"product_tag-base-de-datos-de-emails","22":"product_tag-base-de-datos-de-empresas-chile","23":"product_tag-base-de-datos-de-empresas-colombia","24":"product_tag-base-de-datos-de-empresas-latinoamerica","25":"product_tag-base-de-datos-de-empresas-mexico","26":"product_tag-base-de-datos-de-empresas-peru","27":"product_tag-base-de-datos-de-telefonos","28":"product_tag-base-de-datos-email","29":"product_tag-base-de-datos-email-marketing","30":"product_tag-base-de-datos-emails","31":"product_tag-base-de-datos-empresa-mexico","32":"product_tag-base-de-datos-empresas","33":"product_tag-base-de-datos-empresas-america-latina","34":"product_tag-base-de-datos-empresas-colombia","35":"product_tag-base-de-datos-en-mexico","36":"product_tag-base-de-datos-latinoamerica","37":"product_tag-base-de-datos-lima","38":"product_tag-base-de-datos-mailing","39":"product_tag-base-de-datos-mexico","40":"product_tag-base-de-datos-panama","41":"product_tag-base-de-datos-panama-city","42":"product_tag-base-de-datos-peru","43":"product_tag-base-de-datos-rio-de-janeiro","44":"product_tag-base-de-datos-san-jose","45":"product_tag-base-de-datos-santiago-de-chile","46":"product_tag-base-de-datos-segmentadas-mexico","47":"product_tag-base-de-datos-tomador-de-decision","48":"product_tag-base-de-datos-tomadores-de-decisiones","49":"product_tag-bases-de-datos-email","50":"product_tag-bases-de-datos-emails","51":"product_tag-business-and-consumer-database","52":"product_tag-business-directory","53":"product_tag-business-email-list","54":"product_tag-business-emails","55":"product_tag-buy-email-address","56":"product_tag-buy-email-address-database","57":"product_tag-chile-company-database","58":"product_tag-colombia-company-database","59":"product_tag-company-database","60":"product_tag-company-email-database","61":"product_tag-comprar-base-de-datos-mexico","62":"product_tag-correos","63":"product_tag-costa-rica-database","64":"product_tag-data-latam","65":"product_tag-database","66":"product_tag-database-chile","67":"product_tag-database-colombia","68":"product_tag-database-costa-rica","69":"product_tag-database-of-email-advertising","70":"product_tag-database-of-emails","71":"product_tag-database-peru","72":"product_tag-decision-maker-database","73":"product_tag-email","74":"product_tag-email-address-database","75":"product_tag-email-business-database","76":"product_tag-email-database","77":"product_tag-email-list-providers","78":"product_tag-email-lists","79":"product_tag-email-marketing-list","80":"product_tag-emailing","81":"product_tag-empresas-en-latinoamerica","82":"product_tag-empresas-en-mexico","83":"product_tag-latam","84":"product_tag-latam-base-de-datos","85":"product_tag-latam-data","86":"product_tag-latam-database","87":"product_tag-latin-america-database","88":"product_tag-latinoamerica-database","89":"product_tag-list","90":"product_tag-list-of-emails","91":"product_tag-lista","92":"product_tag-lista-de-correo-electronico","93":"product_tag-lista-de-email","94":"product_tag-lista-de-numeros-de-telefonos","95":"product_tag-listado-de-emails","96":"product_tag-listado-de-emails-de-empresas","97":"product_tag-mailing","98":"product_tag-mailing-mexico","99":"product_tag-mexico","100":"product_tag-mexico-company-database","101":"product_tag-panama","102":"product_tag-peru-company-database","103":"product_tag-venta-de-base-de-datos-mexico","105":"first","106":"instock","107":"sale","108":"virtual","109":"purchasable","110":"product-type-simple"},"aioseo_notices":[],"_links":{"self":[{"href":"https:\/\/sihay.com.mx\/basededatos\/wp-json\/wp\/v2\/product\/5375","targetHints":{"allow":["GET"]}}],"collection":[{"href":"https:\/\/sihay.com.mx\/basededatos\/wp-json\/wp\/v2\/product"}],"about":[{"href":"https:\/\/sihay.com.mx\/basededatos\/wp-json\/wp\/v2\/types\/product"}],"replies":[{"embeddable":true,"href":"https:\/\/sihay.com.mx\/basededatos\/wp-json\/wp\/v2\/comments?post=5375"}],"wp:featuredmedia":[{"embeddable":true,"href":"https:\/\/sihay.com.mx\/basededatos\/wp-json\/wp\/v2\/media\/1875"}],"wp:attachment":[{"href":"https:\/\/sihay.com.mx\/basededatos\/wp-json\/wp\/v2\/media?parent=5375"}],"wp:term":[{"taxonomy":"product_brand","embeddable":true,"href":"https:\/\/sihay.com.mx\/basededatos\/wp-json\/wp\/v2\/product_brand?post=5375"},{"taxonomy":"product_cat","embeddable":true,"href":"https:\/\/sihay.com.mx\/basededatos\/wp-json\/wp\/v2\/product_cat?post=5375"},{"taxonomy":"product_tag","embeddable":true,"href":"https:\/\/sihay.com.mx\/basededatos\/wp-json\/wp\/v2\/product_tag?post=5375"}],"curies":[{"name":"wp","href":"https:\/\/api.w.org\/{rel}","templated":true}]}}