{"id":5102,"date":"2022-11-16T21:33:04","date_gmt":"2022-11-16T21:33:04","guid":{"rendered":"https:\/\/sihay.com.mx\/basededatos\/shop-2\/pymes-de-distintos-giros-en-los-municipios-del-estado-de-morelos-mexico\/"},"modified":"2023-02-10T19:48:56","modified_gmt":"2023-02-10T19:48:56","slug":"pymes-de-distintos-giros-en-los-municipios-del-estado-de-morelos-mexico","status":"publish","type":"product","link":"https:\/\/sihay.com.mx\/basededatos\/tienda\/pymes-de-distintos-giros-en-los-municipios-del-estado-de-morelos-mexico\/","title":{"rendered":"Pymes de distintos Giros en los municipios del Estado de Morelos, M\u00e9xico"},"content":{"rendered":"","protected":false},"excerpt":{"rendered":"<p>&nbsp;<\/p>\n<div class=\"row\">\n<div class=\"col-sm\"><strong>C\u00f3digo:<\/strong> <strong class=\"text-danger\">OSPL-M8<\/strong><\/div>\n<div class=\"col-sm\"><strong>N\u00famero de registros: <\/strong>250<\/div>\n<\/div>\n<div class=\"row\">\n<div class=\"col-sm \"><strong>Folio: <\/strong><span class=\"text-danger\">RC0722B068<\/span><\/div>\n<\/div>\n<p><strong>Segmentaci\u00f3n:<\/strong><\/p>\n<div class=\"row\">\n<div class=\"col-sm \">Pymes en los giros de: construcciones, corporativos, log\u00edstica y transportaci\u00f3n, seguridad privada, agencias de viajes, agencia de autofinanzamiento, tv de paga, bienes ra\u00edces, agentes, ajustadores y gestores de seguros y fianzas, agencias de publicidad, bufetes jur\u00eddicos, call center, automotriz, paqueter\u00edas &amp; mensajer\u00eda, traslados privados: uber, didi y indriver, central de abastos, eventos planners, banquetes y fiestas, clubes y centros deportivos y maquiladoras textiles en los municipios de Cuernavaca, Jiutepec, Cuautla, Yautepec, Jojutla, Zacatepec, Emiliano Zapata, Temixco y Xochitepec del estado de Morelos.<\/div>\n<\/div>\n<p><strong>Campos Contenidos:<\/strong><\/p>\n<div class=\"row\">\n<div class=\"col-sm \">Empresa \/ Giro \/ Direcci\u00f3n \/ Ciudad \/ Estado \/ Contacto \/ Puesto: Director General o gerente o representante legal \/ Tel\u00e9fono \/ Email \/ P\u00e1gina web*opcional.<\/div>\n<\/div>\n<div class=\"row\">\n<div class=\"col-sm\"><strong>Garant\u00eda: <\/strong>80%-85% <strong>Precio Original: <\/strong><del>$2,401.00<\/del> <strong>Descuento Especial: <\/strong><strong class=\"text-danger\">20%<\/strong><\/div>\n<\/div>\n<div class=\"row\">\n<div class=\"col text-center\"><strong>Total a Pagar: <\/strong><strong class=\"text-danger\">$1,921.00<\/strong><\/div>\n<\/div>\n","protected":false},"featured_media":1877,"comment_status":"closed","ping_status":"closed","template":"","meta":[],"product_brand":[],"product_cat":[127,146],"product_tag":[260,234,247,252,246,250,255,249,253,261,206,235,242,243,251,245,207,263,205,181,259,244,262,256,254,241,257,248,258],"class_list":{"0":"post-5102","1":"product","2":"type-product","3":"status-publish","4":"has-post-thumbnail","6":"product_cat-empresas","7":"product_cat-pymes","8":"product_tag-banquetes-y-fiestas","9":"product_tag-base-de-datos","10":"product_tag-base-de-datos-agencia-de-autofinanzamiento","11":"product_tag-base-de-datos-agencias-de-publicidad","12":"product_tag-base-de-datos-agencias-de-viajes","13":"product_tag-base-de-datos-agentes","14":"product_tag-base-de-datos-automotriz","15":"product_tag-base-de-datos-bienes-raices","16":"product_tag-base-de-datos-bufetes-juridicos","17":"product_tag-base-de-datos-centros-deportivos","18":"product_tag-base-de-datos-correo-electronico","19":"product_tag-base-de-datos-correos-electronicos","20":"product_tag-base-de-datos-de-construcciones","21":"product_tag-base-de-datos-de-corporativos","22":"product_tag-base-de-datos-de-gestores-de-seguros-y-fianzas","23":"product_tag-base-de-datos-de-seguridad-privada","24":"product_tag-base-de-datos-de-telefonos","25":"product_tag-base-de-datos-del-estado-de-morelos","26":"product_tag-base-de-datos-email","27":"product_tag-base-de-datos-emails","28":"product_tag-base-de-datos-eventos-planners","29":"product_tag-base-de-datos-logistica-y-transportacion","30":"product_tag-base-de-datos-maquiladoras-textiles","31":"product_tag-base-de-datos-paqueterias-y-mensajeria","32":"product_tag-base-de-datos-para-call-center","33":"product_tag-base-de-datos-pymes","34":"product_tag-base-de-datos-traslados-privados-uber","35":"product_tag-base-de-datos-tv-de-paga","36":"product_tag-didi-y-indriver","38":"first","39":"instock","40":"sale","41":"virtual","42":"purchasable","43":"product-type-simple"},"aioseo_notices":[],"_links":{"self":[{"href":"https:\/\/sihay.com.mx\/basededatos\/wp-json\/wp\/v2\/product\/5102","targetHints":{"allow":["GET"]}}],"collection":[{"href":"https:\/\/sihay.com.mx\/basededatos\/wp-json\/wp\/v2\/product"}],"about":[{"href":"https:\/\/sihay.com.mx\/basededatos\/wp-json\/wp\/v2\/types\/product"}],"replies":[{"embeddable":true,"href":"https:\/\/sihay.com.mx\/basededatos\/wp-json\/wp\/v2\/comments?post=5102"}],"wp:featuredmedia":[{"embeddable":true,"href":"https:\/\/sihay.com.mx\/basededatos\/wp-json\/wp\/v2\/media\/1877"}],"wp:attachment":[{"href":"https:\/\/sihay.com.mx\/basededatos\/wp-json\/wp\/v2\/media?parent=5102"}],"wp:term":[{"taxonomy":"product_brand","embeddable":true,"href":"https:\/\/sihay.com.mx\/basededatos\/wp-json\/wp\/v2\/product_brand?post=5102"},{"taxonomy":"product_cat","embeddable":true,"href":"https:\/\/sihay.com.mx\/basededatos\/wp-json\/wp\/v2\/product_cat?post=5102"},{"taxonomy":"product_tag","embeddable":true,"href":"https:\/\/sihay.com.mx\/basededatos\/wp-json\/wp\/v2\/product_tag?post=5102"}],"curies":[{"name":"wp","href":"https:\/\/api.w.org\/{rel}","templated":true}]}}