{"id":5099,"date":"2022-11-16T21:33:04","date_gmt":"2022-11-16T21:33:04","guid":{"rendered":"https:\/\/sihay.com.mx\/basededatos\/shop-2\/empresas-del-lado-inferior-del-estado-de-queretaro\/"},"modified":"2023-06-01T18:34:22","modified_gmt":"2023-06-01T18:34:22","slug":"empresas-del-lado-inferior-del-estado-de-queretaro","status":"publish","type":"product","link":"https:\/\/sihay.com.mx\/basededatos\/tienda\/empresas-del-lado-inferior-del-estado-de-queretaro\/","title":{"rendered":"Empresas del lado Inferior del Estado de Quer\u00e9taro"},"content":{"rendered":"","protected":false},"excerpt":{"rendered":"<p>&nbsp;<\/p>\n<div class=\"row\">\n<div class=\"col-sm\"><strong>C\u00f3digo:<\/strong> <strong class=\"text-danger\">ADLO-N9-1<\/strong><\/div>\n<div class=\"col-sm\"><strong>N\u00famero de registros: <\/strong>250<\/div>\n<\/div>\n<div class=\"row\">\n<div class=\"col-sm \"><strong>Folio: <\/strong><span class=\"text-danger\">CA0419B066<\/span><\/div>\n<\/div>\n<p><strong>Segmentaci\u00f3n:<\/strong><\/p>\n<div class=\"row\">\n<div class=\"col-sm \">Empresas en los giros de la parte inferior en el Estado de Quer\u00e9taro.<\/div>\n<\/div>\n<p><strong>Campos Contenidos:<\/strong><\/p>\n<div class=\"row\">\n<div class=\"col-sm \">Empresa \/ Rango de empleados \/ Giro \/ Direcci\u00f3n \/ Ciudad \/ Estado \/ Contacto \/ Puesto: direcci\u00f3n o administraci\u00f3n o due\u00f1o \/ Tel\u00e9fono \/ Email \/ P\u00e1gina web*opcional.<\/div>\n<\/div>\n<div class=\"row\">\n<div class=\"col-sm\"><strong>Garant\u00eda: <\/strong>80%-85% <strong>Precio Original: <\/strong><del>$2,546.00 MXN<\/del>\u00a0<strong>Descuento Especial: <\/strong><strong class=\"text-danger\">20%<\/strong><\/div>\n<\/div>\n<div class=\"row\">\n<div class=\"col text-center\"><strong>Total a Pagar: <\/strong><strong class=\"text-danger\">$2,036.00 MXN<\/strong><\/div>\n<\/div>\n","protected":false},"featured_media":1886,"comment_status":"closed","ping_status":"closed","template":"","meta":[],"product_brand":[],"product_cat":[127,157],"product_tag":[269,234,206,235,216,204,207,264,205,183,181,191,417,418,273,308,276,277,275,265,268,535,272,270,644,319,383,274,271,266,278,280,267,366,279,357,356,324,323,550,321,322,303,307,570,416,304],"class_list":{"0":"post-5099","1":"product","2":"type-product","3":"status-publish","4":"has-post-thumbnail","6":"product_cat-empresas","7":"product_cat-queretaro","8":"product_tag-b2b-database-for-marketing","9":"product_tag-base-de-datos","10":"product_tag-base-de-datos-correo-electronico","11":"product_tag-base-de-datos-correos-electronicos","12":"product_tag-base-de-datos-de-correos","13":"product_tag-base-de-datos-de-emails","14":"product_tag-base-de-datos-de-telefonos","15":"product_tag-base-de-datos-del-estado-de-queretaro","16":"product_tag-base-de-datos-email","17":"product_tag-base-de-datos-email-marketing","18":"product_tag-base-de-datos-emails","19":"product_tag-base-de-datos-empresas","20":"product_tag-base-de-datos-telefono","21":"product_tag-bases-de-datos-de-telefonos-fijos","22":"product_tag-business-and-consumer-database","23":"product_tag-business-directory","24":"product_tag-business-email-list","25":"product_tag-buy-email-address","26":"product_tag-buy-email-address-database","27":"product_tag-company-database","28":"product_tag-company-email-database","29":"product_tag-correos","30":"product_tag-database","31":"product_tag-database-of-email-advertising","32":"product_tag-directivo","33":"product_tag-directorio-empresas","34":"product_tag-email","35":"product_tag-email-address-database","36":"product_tag-email-business-database","37":"product_tag-email-database","38":"product_tag-email-database-for-sale","39":"product_tag-email-list-providers","40":"product_tag-email-marketer","41":"product_tag-emailing","42":"product_tag-emails-for-sale","43":"product_tag-list","44":"product_tag-lista","45":"product_tag-lista-de-correo-electronico","46":"product_tag-lista-de-email","47":"product_tag-lista-de-numeros-de-telefonos","48":"product_tag-listado-de-emails","49":"product_tag-listado-de-emails-de-empresas","50":"product_tag-phone-database","51":"product_tag-phone-number-database","52":"product_tag-phone-number-list","53":"product_tag-telefono","54":"product_tag-telephone-number","56":"first","57":"instock","58":"sale","59":"virtual","60":"purchasable","61":"product-type-simple"},"aioseo_notices":[],"_links":{"self":[{"href":"https:\/\/sihay.com.mx\/basededatos\/wp-json\/wp\/v2\/product\/5099","targetHints":{"allow":["GET"]}}],"collection":[{"href":"https:\/\/sihay.com.mx\/basededatos\/wp-json\/wp\/v2\/product"}],"about":[{"href":"https:\/\/sihay.com.mx\/basededatos\/wp-json\/wp\/v2\/types\/product"}],"replies":[{"embeddable":true,"href":"https:\/\/sihay.com.mx\/basededatos\/wp-json\/wp\/v2\/comments?post=5099"}],"wp:featuredmedia":[{"embeddable":true,"href":"https:\/\/sihay.com.mx\/basededatos\/wp-json\/wp\/v2\/media\/1886"}],"wp:attachment":[{"href":"https:\/\/sihay.com.mx\/basededatos\/wp-json\/wp\/v2\/media?parent=5099"}],"wp:term":[{"taxonomy":"product_brand","embeddable":true,"href":"https:\/\/sihay.com.mx\/basededatos\/wp-json\/wp\/v2\/product_brand?post=5099"},{"taxonomy":"product_cat","embeddable":true,"href":"https:\/\/sihay.com.mx\/basededatos\/wp-json\/wp\/v2\/product_cat?post=5099"},{"taxonomy":"product_tag","embeddable":true,"href":"https:\/\/sihay.com.mx\/basededatos\/wp-json\/wp\/v2\/product_tag?post=5099"}],"curies":[{"name":"wp","href":"https:\/\/api.w.org\/{rel}","templated":true}]}}