{"id":5087,"date":"2022-11-16T21:33:01","date_gmt":"2022-11-16T21:33:01","guid":{"rendered":"https:\/\/sihay.com.mx\/basededatos\/shop-2\/empresarios-y-directivos-en-el-area-metropolitana-de-ciudad-de-mexico-y-area-metropolitana-de-guadalajara\/"},"modified":"2023-06-14T17:58:42","modified_gmt":"2023-06-14T17:58:42","slug":"empresarios-y-directivos-en-el-area-metropolitana-de-ciudad-de-mexico-y-area-metropolitana-de-guadalajara","status":"publish","type":"product","link":"https:\/\/sihay.com.mx\/basededatos\/tienda\/empresarios-y-directivos-en-el-area-metropolitana-de-ciudad-de-mexico-y-area-metropolitana-de-guadalajara\/","title":{"rendered":"Empresarios y Directivos en el \u00c1rea Metropolitana de Ciudad de M\u00e9xico y \u00c1rea Metropolitana de Guadalajara."},"content":{"rendered":"","protected":false},"excerpt":{"rendered":"<p>&nbsp;<\/p>\n<div class=\"row\">\n<div class=\"col-sm\"><strong>C\u00f3digo:<\/strong> <strong class=\"text-danger\">RAOL-J3<\/strong><\/div>\n<div class=\"col-sm\"><strong>N\u00famero de registros: <\/strong>250<\/div>\n<\/div>\n<div class=\"row\">\n<div class=\"col-sm \"><strong>Folio: <\/strong><span class=\"text-danger\">MN0922B020<\/span><\/div>\n<\/div>\n<p><strong>Segmentaci\u00f3n:<\/strong><\/p>\n<div class=\"row\">\n<div class=\"col-sm \">Empresarios y directivos que tengan de 30 a\u00f1os a 60 a\u00f1os de edad de un NSE alto en el \u00e1rea metropolitana de la Ciudad de M\u00e9xico y \u00e1rea metropolitana de Guadalajara.<\/div>\n<\/div>\n<p><strong>Campos Contenidos:<\/strong><\/p>\n<div class=\"row\">\n<div class=\"col-sm \">Nombre \/ Empresa \/ celular.<\/div>\n<\/div>\n<div class=\"row\">\n<div class=\"col-sm\"><strong>Garant\u00eda: <\/strong>80%-85% <strong>Precio Original: <\/strong><del>$2,836.00 MXN<\/del> <strong>Descuento Especial: <\/strong><strong class=\"text-danger\">20%<\/strong><\/div>\n<\/div>\n<div class=\"row\">\n<div class=\"col text-center\"><strong>Total a Pagar: <\/strong><strong class=\"text-danger\">$2,268.00 MXN<\/strong><\/div>\n<\/div>\n","protected":false},"featured_media":1900,"comment_status":"closed","ping_status":"closed","template":"","meta":[],"product_brand":[],"product_cat":[162,166,171,159],"product_tag":[234,229,311,199,200,201,202,544,310,289,327,240,542,543,291,545,615,293,292,301,306],"class_list":{"0":"post-5087","1":"product","2":"type-product","3":"status-publish","4":"has-post-thumbnail","6":"product_cat-empresarios","7":"product_cat-en-mexico","8":"product_cat-nse-medio-y-alto","9":"product_cat-personas","10":"product_tag-base-de-datos","11":"product_tag-base-de-datos-cdmx","12":"product_tag-base-de-datos-celulares","13":"product_tag-base-de-datos-de-celulares","14":"product_tag-base-de-datos-de-numeros-celulares","15":"product_tag-base-de-datos-de-telefonos-celulares","16":"product_tag-base-de-datos-de-telefonos-movil","17":"product_tag-base-de-datos-de-telefonos-moviles","18":"product_tag-base-de-datos-guadalajara","19":"product_tag-base-de-datos-nse-alto","20":"product_tag-base-de-datos-numeros-de-celulares","21":"product_tag-base-de-datos-personas","22":"product_tag-bases-de-datos-movil","23":"product_tag-bases-de-datos-moviles","24":"product_tag-database-mobile","25":"product_tag-lista-de-numeros-de-telefonos-celulares","26":"product_tag-mobile","27":"product_tag-mobile-number-database","28":"product_tag-mobile-phone-number","29":"product_tag-mobile-phone-number-database","30":"product_tag-mobile-phone-number-list","32":"first","33":"instock","34":"sale","35":"virtual","36":"purchasable","37":"product-type-simple"},"aioseo_notices":[],"_links":{"self":[{"href":"https:\/\/sihay.com.mx\/basededatos\/wp-json\/wp\/v2\/product\/5087","targetHints":{"allow":["GET"]}}],"collection":[{"href":"https:\/\/sihay.com.mx\/basededatos\/wp-json\/wp\/v2\/product"}],"about":[{"href":"https:\/\/sihay.com.mx\/basededatos\/wp-json\/wp\/v2\/types\/product"}],"replies":[{"embeddable":true,"href":"https:\/\/sihay.com.mx\/basededatos\/wp-json\/wp\/v2\/comments?post=5087"}],"wp:featuredmedia":[{"embeddable":true,"href":"https:\/\/sihay.com.mx\/basededatos\/wp-json\/wp\/v2\/media\/1900"}],"wp:attachment":[{"href":"https:\/\/sihay.com.mx\/basededatos\/wp-json\/wp\/v2\/media?parent=5087"}],"wp:term":[{"taxonomy":"product_brand","embeddable":true,"href":"https:\/\/sihay.com.mx\/basededatos\/wp-json\/wp\/v2\/product_brand?post=5087"},{"taxonomy":"product_cat","embeddable":true,"href":"https:\/\/sihay.com.mx\/basededatos\/wp-json\/wp\/v2\/product_cat?post=5087"},{"taxonomy":"product_tag","embeddable":true,"href":"https:\/\/sihay.com.mx\/basededatos\/wp-json\/wp\/v2\/product_tag?post=5087"}],"curies":[{"name":"wp","href":"https:\/\/api.w.org\/{rel}","templated":true}]}}