{"id":5085,"date":"2022-11-16T21:33:01","date_gmt":"2022-11-16T21:33:01","guid":{"rendered":"https:\/\/sihay.com.mx\/basededatos\/shop-2\/personas-fisicas-mayores-de-edad-economicamente-activas-con-ingresos-superiores-en-la-ciudad-de-mexico-nuevo-leon-y-jalisco\/"},"modified":"2023-06-14T17:58:28","modified_gmt":"2023-06-14T17:58:28","slug":"personas-fisicas-mayores-de-edad-economicamente-activas-con-ingresos-superiores-en-la-ciudad-de-mexico-nuevo-leon-y-jalisco","status":"publish","type":"product","link":"https:\/\/sihay.com.mx\/basededatos\/tienda\/personas-fisicas-mayores-de-edad-economicamente-activas-con-ingresos-superiores-en-la-ciudad-de-mexico-nuevo-leon-y-jalisco\/","title":{"rendered":"Personas f\u00edsicas, mayores de edad, econ\u00f3micamente activas con ingresos superiores en la Ciudad de M\u00e9xico, Nuevo Le\u00f3n y Jalisco."},"content":{"rendered":"","protected":false},"excerpt":{"rendered":"<p>&nbsp;<\/p>\n<div class=\"row\">\n<div class=\"col-sm\"><strong>C\u00f3digo:<\/strong> <strong class=\"text-danger\">JSACA-B0<\/strong><\/div>\n<div class=\"col-sm\"><strong>N\u00famero de registros: <\/strong>250<\/div>\n<\/div>\n<div class=\"row\">\n<div class=\"col-sm \"><strong>Folio: <\/strong><span class=\"text-danger\">CS0622B008<\/span><\/div>\n<\/div>\n<p><strong>Segmentaci\u00f3n:<\/strong><\/p>\n<div class=\"row\">\n<div class=\"col-sm \">Personas f\u00edsicas, mayores de edad, econ\u00f3micamente activas con ingresos superiores a 180 mil pesos mensuales en Ciudad de M\u00e9xico, Nuevo Le\u00f3n y Jalisco.<\/div>\n<\/div>\n<p><strong>Campos Contenidos:<\/strong><\/p>\n<div class=\"row\">\n<div class=\"col-sm \">Nombre \/ Celular \/ que sean de la comunidad LGBTQ*OPCIONAL<\/div>\n<\/div>\n<div class=\"row\">\n<div class=\"col-sm\"><strong>Garant\u00eda: <\/strong>80%-85% <strong>Precio Original: <\/strong><del>$2,256.00 MXN<\/del> <strong>Descuento Especial: <\/strong><strong class=\"text-danger\">20%<\/strong><\/div>\n<\/div>\n<div class=\"row\">\n<div class=\"col text-center\"><strong>Total a Pagar: <\/strong><strong class=\"text-danger\">$1,804.00 MXN<\/strong><\/div>\n<\/div>\n","protected":false},"featured_media":1896,"comment_status":"closed","ping_status":"closed","template":"","meta":[],"product_brand":[],"product_cat":[171,159],"product_tag":[269,234,311,199,200,237,201,202,544,289,288,287,327,542,543,272,291,545,615,293,292,301,306],"class_list":{"0":"post-5085","1":"product","2":"type-product","3":"status-publish","4":"has-post-thumbnail","6":"product_cat-nse-medio-y-alto","7":"product_cat-personas","8":"product_tag-b2b-database-for-marketing","9":"product_tag-base-de-datos","10":"product_tag-base-de-datos-celulares","11":"product_tag-base-de-datos-de-celulares","12":"product_tag-base-de-datos-de-numeros-celulares","13":"product_tag-base-de-datos-de-personas","14":"product_tag-base-de-datos-de-telefonos-celulares","15":"product_tag-base-de-datos-de-telefonos-movil","16":"product_tag-base-de-datos-de-telefonos-moviles","17":"product_tag-base-de-datos-nse-alto","18":"product_tag-base-de-datos-nse-medio","19":"product_tag-base-de-datos-nse-medio-y-alto","20":"product_tag-base-de-datos-numeros-de-celulares","21":"product_tag-bases-de-datos-movil","22":"product_tag-bases-de-datos-moviles","23":"product_tag-database","24":"product_tag-database-mobile","25":"product_tag-lista-de-numeros-de-telefonos-celulares","26":"product_tag-mobile","27":"product_tag-mobile-number-database","28":"product_tag-mobile-phone-number","29":"product_tag-mobile-phone-number-database","30":"product_tag-mobile-phone-number-list","32":"first","33":"instock","34":"sale","35":"virtual","36":"purchasable","37":"product-type-simple"},"aioseo_notices":[],"_links":{"self":[{"href":"https:\/\/sihay.com.mx\/basededatos\/wp-json\/wp\/v2\/product\/5085","targetHints":{"allow":["GET"]}}],"collection":[{"href":"https:\/\/sihay.com.mx\/basededatos\/wp-json\/wp\/v2\/product"}],"about":[{"href":"https:\/\/sihay.com.mx\/basededatos\/wp-json\/wp\/v2\/types\/product"}],"replies":[{"embeddable":true,"href":"https:\/\/sihay.com.mx\/basededatos\/wp-json\/wp\/v2\/comments?post=5085"}],"wp:featuredmedia":[{"embeddable":true,"href":"https:\/\/sihay.com.mx\/basededatos\/wp-json\/wp\/v2\/media\/1896"}],"wp:attachment":[{"href":"https:\/\/sihay.com.mx\/basededatos\/wp-json\/wp\/v2\/media?parent=5085"}],"wp:term":[{"taxonomy":"product_brand","embeddable":true,"href":"https:\/\/sihay.com.mx\/basededatos\/wp-json\/wp\/v2\/product_brand?post=5085"},{"taxonomy":"product_cat","embeddable":true,"href":"https:\/\/sihay.com.mx\/basededatos\/wp-json\/wp\/v2\/product_cat?post=5085"},{"taxonomy":"product_tag","embeddable":true,"href":"https:\/\/sihay.com.mx\/basededatos\/wp-json\/wp\/v2\/product_tag?post=5085"}],"curies":[{"name":"wp","href":"https:\/\/api.w.org\/{rel}","templated":true}]}}