{"id":5080,"date":"2022-11-16T21:33:00","date_gmt":"2022-11-16T21:33:00","guid":{"rendered":"https:\/\/sihay.com.mx\/basededatos\/shop-2\/empresarios-y-medicos-con-nivel-socioeconomico-medio-y-alto-en-venezuela-y-bolivia\/"},"modified":"2023-06-14T17:58:06","modified_gmt":"2023-06-14T17:58:06","slug":"empresarios-y-medicos-con-nivel-socioeconomico-medio-y-alto-en-venezuela-y-bolivia","status":"publish","type":"product","link":"https:\/\/sihay.com.mx\/basededatos\/tienda\/empresarios-y-medicos-con-nivel-socioeconomico-medio-y-alto-en-venezuela-y-bolivia\/","title":{"rendered":"Empresarios y m\u00e9dicos con nivel socioecon\u00f3mico medio y alto en Venezuela y Bolivia"},"content":{"rendered":"","protected":false},"excerpt":{"rendered":"<p>&nbsp;<\/p>\n<div class=\"row\">\n<div class=\"col-sm\"><strong>C\u00f3digo:<\/strong> <strong class=\"text-danger\">GECO-B0-2<\/strong><\/div>\n<div class=\"col-sm\"><strong>N\u00famero de registros: <\/strong>500<\/div>\n<\/div>\n<div class=\"row\">\n<div class=\"col-sm \"><strong>Folio: <\/strong><span class=\"text-danger\">GC0122B044<\/span><\/div>\n<\/div>\n<p><strong>Segmentaci\u00f3n:<\/strong><\/p>\n<div class=\"row\">\n<div class=\"col-sm \">Empresarios y m\u00e9dicos, de 30 a 60 a\u00f1os de edad, econ\u00f3micamente activas de un Nivel Socioecon\u00f3mico Medio y alto (no pol\u00edticos, no profesores, no gobierno) en Venezuela y Bolivia.<\/div>\n<\/div>\n<p><strong>Campos Contenidos:<\/strong><\/p>\n<div class=\"row\">\n<div class=\"col-sm \">Nombre \/ Pa\u00eds \/ Correo \/ Celular.<\/div>\n<\/div>\n<div class=\"row\">\n<div class=\"col-sm\"><strong>Garant\u00eda: <\/strong>80%-85% <strong>Precio Original: <\/strong><del>$5,254.00 MXN<\/del>\u00a0<strong>Descuento Especial: <\/strong><strong class=\"text-danger\">20%<\/strong><\/div>\n<\/div>\n<div class=\"row\">\n<div class=\"col text-center\"><strong>Total a Pagar: <\/strong><strong class=\"text-danger\">$4,203.00 MXN<\/strong><\/div>\n<\/div>\n","protected":false},"featured_media":1891,"comment_status":"closed","ping_status":"closed","template":"","meta":[],"product_brand":[],"product_cat":[164,160,165,171,159],"product_tag":[269,582,234,326,311,510,206,235,199,216,204,200,237,697,201,202,544,205,183,181,316,477,702,289,327,240,325,611,610,542,543,273,308,277,275,302,358,694,693,592,535,272,291,270,584,383,274,271,266,278,280,587,267,588,589,590,366,279,317,357,591,356,324,323,545,321,696,707,367,615,293,292,301,306],"class_list":{"0":"post-5080","1":"product","2":"type-product","3":"status-publish","4":"has-post-thumbnail","6":"product_cat-empresarios-profesionistas","7":"product_cat-en-latinoamerica","8":"product_cat-medicos","9":"product_cat-nse-medio-y-alto","10":"product_cat-personas","11":"product_tag-b2b-database-for-marketing","12":"product_tag-b2b-email-lists","13":"product_tag-base-de-datos","14":"product_tag-base-de-datos-bolivia","15":"product_tag-base-de-datos-celulares","16":"product_tag-base-de-datos-consumidores","17":"product_tag-base-de-datos-correo-electronico","18":"product_tag-base-de-datos-correos-electronicos","19":"product_tag-base-de-datos-de-celulares","20":"product_tag-base-de-datos-de-correos","21":"product_tag-base-de-datos-de-emails","22":"product_tag-base-de-datos-de-numeros-celulares","23":"product_tag-base-de-datos-de-personas","24":"product_tag-base-de-datos-de-personas-fisicas","25":"product_tag-base-de-datos-de-telefonos-celulares","26":"product_tag-base-de-datos-de-telefonos-movil","27":"product_tag-base-de-datos-de-telefonos-moviles","28":"product_tag-base-de-datos-email","29":"product_tag-base-de-datos-email-marketing","30":"product_tag-base-de-datos-emails","31":"product_tag-base-de-datos-latinoamerica","32":"product_tag-base-de-datos-mailing","33":"product_tag-base-de-datos-nse","34":"product_tag-base-de-datos-nse-alto","35":"product_tag-base-de-datos-numeros-de-celulares","36":"product_tag-base-de-datos-personas","37":"product_tag-base-de-datos-venezuela","38":"product_tag-bases-de-datos-email","39":"product_tag-bases-de-datos-emails","40":"product_tag-bases-de-datos-movil","41":"product_tag-bases-de-datos-moviles","42":"product_tag-business-and-consumer-database","43":"product_tag-business-directory","44":"product_tag-buy-email-address","45":"product_tag-buy-email-address-database","46":"product_tag-cell-numbers-directory","47":"product_tag-consumer-database","48":"product_tag-consumer-email-database","49":"product_tag-consumer-email-list","50":"product_tag-consumer-emails","51":"product_tag-correos","52":"product_tag-database","53":"product_tag-database-mobile","54":"product_tag-database-of-email-advertising","55":"product_tag-database-of-emails","56":"product_tag-email","57":"product_tag-email-address-database","58":"product_tag-email-business-database","59":"product_tag-email-database","60":"product_tag-email-database-for-sale","61":"product_tag-email-list-providers","62":"product_tag-email-lists","63":"product_tag-email-marketer","64":"product_tag-email-marketing-database","65":"product_tag-email-marketing-list","66":"product_tag-email-services-marketing","67":"product_tag-emailing","68":"product_tag-emails-for-sale","69":"product_tag-latam-base-de-datos","70":"product_tag-list","71":"product_tag-list-of-emails","72":"product_tag-lista","73":"product_tag-lista-de-correo-electronico","74":"product_tag-lista-de-email","75":"product_tag-lista-de-numeros-de-telefonos-celulares","76":"product_tag-listado-de-emails","77":"product_tag-listado-de-emails-de-consumidores","78":"product_tag-listado-de-emails-de-personas","79":"product_tag-mailing","80":"product_tag-mobile","81":"product_tag-mobile-number-database","82":"product_tag-mobile-phone-number","83":"product_tag-mobile-phone-number-database","84":"product_tag-mobile-phone-number-list","86":"first","87":"instock","88":"sale","89":"virtual","90":"purchasable","91":"product-type-simple"},"aioseo_notices":[],"_links":{"self":[{"href":"https:\/\/sihay.com.mx\/basededatos\/wp-json\/wp\/v2\/product\/5080","targetHints":{"allow":["GET"]}}],"collection":[{"href":"https:\/\/sihay.com.mx\/basededatos\/wp-json\/wp\/v2\/product"}],"about":[{"href":"https:\/\/sihay.com.mx\/basededatos\/wp-json\/wp\/v2\/types\/product"}],"replies":[{"embeddable":true,"href":"https:\/\/sihay.com.mx\/basededatos\/wp-json\/wp\/v2\/comments?post=5080"}],"wp:featuredmedia":[{"embeddable":true,"href":"https:\/\/sihay.com.mx\/basededatos\/wp-json\/wp\/v2\/media\/1891"}],"wp:attachment":[{"href":"https:\/\/sihay.com.mx\/basededatos\/wp-json\/wp\/v2\/media?parent=5080"}],"wp:term":[{"taxonomy":"product_brand","embeddable":true,"href":"https:\/\/sihay.com.mx\/basededatos\/wp-json\/wp\/v2\/product_brand?post=5080"},{"taxonomy":"product_cat","embeddable":true,"href":"https:\/\/sihay.com.mx\/basededatos\/wp-json\/wp\/v2\/product_cat?post=5080"},{"taxonomy":"product_tag","embeddable":true,"href":"https:\/\/sihay.com.mx\/basededatos\/wp-json\/wp\/v2\/product_tag?post=5080"}],"curies":[{"name":"wp","href":"https:\/\/api.w.org\/{rel}","templated":true}]}}