{"id":5046,"date":"2022-11-16T21:32:55","date_gmt":"2022-11-16T21:32:55","guid":{"rendered":"https:\/\/sihay.com.mx\/basededatos\/shop-2\/empresarios-y-medicos-de-30-a-60-anos-de-edad-economicamente-activas-de-un-nivel-socioeconomico-medio-y-alto\/"},"modified":"2023-02-23T19:06:42","modified_gmt":"2023-02-23T19:06:42","slug":"empresarios-y-medicos-de-30-a-60-anos-de-edad-economicamente-activas-de-un-nivel-socioeconomico-medio-y-alto","status":"publish","type":"product","link":"https:\/\/sihay.com.mx\/basededatos\/tienda\/empresarios-y-medicos-de-30-a-60-anos-de-edad-economicamente-activas-de-un-nivel-socioeconomico-medio-y-alto\/","title":{"rendered":"Empresarios y m\u00e9dicos, de 30 a 60 a\u00f1os de edad, econ\u00f3micamente activas de un Nivel Socioecon\u00f3mico Medio y alto."},"content":{"rendered":"","protected":false},"excerpt":{"rendered":"<p>&nbsp;<\/p>\n<div class=\"row\">\n<div class=\"col-sm\"><strong>C\u00f3digo:\u00a0<strong class=\"text-danger\">GECO-B0-1<\/strong><\/strong><\/div>\n<div class=\"col-sm\"><strong>N\u00famero de registros: <\/strong>500<\/div>\n<\/div>\n<div class=\"row\">\n<div class=\"col-sm \"><strong>Folio: GC0122B044<\/strong><\/div>\n<\/div>\n<p><strong>Segmentaci\u00f3n:<\/strong><\/p>\n<div class=\"row\">\n<div class=\"col-sm \">Empresarios y m\u00e9dicos, de 30 a 60 a\u00f1os de edad, econ\u00f3micamente activas de un Nivel Socioecon\u00f3mico Medio y alto (no pol\u00edticos, no profesores, no gobierno) en Venezuela y Bolivia.<\/div>\n<\/div>\n<p><strong>Campos Contenidos:<\/strong><\/p>\n<div class=\"row\">\n<div class=\"col-sm \">Nombre \/ Pa\u00eds \/ Correo \/ Celular<\/div>\n<\/div>\n<div class=\"row\">\n<div class=\"col-sm\"><strong>Garant\u00eda: <\/strong>80%-85% <strong>Precio Original:<\/strong><span style=\"text-decoration: line-through;\">$5,254.00 MXN<\/span>\u00a0<strong>Descuento Especial: <\/strong><strong class=\"text-danger\">20%<\/strong><\/div>\n<\/div>\n<div class=\"row\">\n<div class=\"col text-center\"><strong>Total a Pagar:<strong class=\"text-danger\">$4,204.00 MXN<\/strong><\/strong><\/div>\n<\/div>\n","protected":false},"featured_media":1898,"comment_status":"closed","ping_status":"closed","template":"","meta":[],"product_brand":[],"product_cat":[162,160,165,171,159],"product_tag":[269,234,326,311,206,235,199,216,204,200,237,201,205,183,181,316,289,288,287,327,240,238,325,277,275,272,291,270,274,374,266,278,280,267,373,366,279,317,357,324,323,321,322,293,292,301,306,359],"class_list":{"0":"post-5046","1":"product","2":"type-product","3":"status-publish","4":"has-post-thumbnail","6":"product_cat-empresarios","7":"product_cat-en-latinoamerica","8":"product_cat-medicos","9":"product_cat-nse-medio-y-alto","10":"product_cat-personas","11":"product_tag-b2b-database-for-marketing","12":"product_tag-base-de-datos","13":"product_tag-base-de-datos-bolivia","14":"product_tag-base-de-datos-celulares","15":"product_tag-base-de-datos-correo-electronico","16":"product_tag-base-de-datos-correos-electronicos","17":"product_tag-base-de-datos-de-celulares","18":"product_tag-base-de-datos-de-correos","19":"product_tag-base-de-datos-de-emails","20":"product_tag-base-de-datos-de-numeros-celulares","21":"product_tag-base-de-datos-de-personas","22":"product_tag-base-de-datos-de-telefonos-celulares","23":"product_tag-base-de-datos-email","24":"product_tag-base-de-datos-email-marketing","25":"product_tag-base-de-datos-emails","26":"product_tag-base-de-datos-latinoamerica","27":"product_tag-base-de-datos-nse-alto","28":"product_tag-base-de-datos-nse-medio","29":"product_tag-base-de-datos-nse-medio-y-alto","30":"product_tag-base-de-datos-numeros-de-celulares","31":"product_tag-base-de-datos-personas","32":"product_tag-base-de-datos-personas-latinoamerica","33":"product_tag-base-de-datos-venezuela","34":"product_tag-buy-email-address","35":"product_tag-buy-email-address-database","36":"product_tag-database","37":"product_tag-database-mobile","38":"product_tag-database-of-email-advertising","39":"product_tag-email-address-database","40":"product_tag-email-bolivia","41":"product_tag-email-database","42":"product_tag-email-database-for-sale","43":"product_tag-email-list-providers","44":"product_tag-email-marketer","45":"product_tag-email-venezuela","46":"product_tag-emailing","47":"product_tag-emails-for-sale","48":"product_tag-latam-base-de-datos","49":"product_tag-list","50":"product_tag-lista-de-correo-electronico","51":"product_tag-lista-de-email","52":"product_tag-listado-de-emails","53":"product_tag-listado-de-emails-de-empresas","54":"product_tag-mobile-number-database","55":"product_tag-mobile-phone-number","56":"product_tag-mobile-phone-number-database","57":"product_tag-mobile-phone-number-list","58":"product_tag-personas-fisicas","60":"first","61":"instock","62":"sale","63":"shipping-taxable","64":"purchasable","65":"product-type-simple"},"aioseo_notices":[],"_links":{"self":[{"href":"https:\/\/sihay.com.mx\/basededatos\/wp-json\/wp\/v2\/product\/5046","targetHints":{"allow":["GET"]}}],"collection":[{"href":"https:\/\/sihay.com.mx\/basededatos\/wp-json\/wp\/v2\/product"}],"about":[{"href":"https:\/\/sihay.com.mx\/basededatos\/wp-json\/wp\/v2\/types\/product"}],"replies":[{"embeddable":true,"href":"https:\/\/sihay.com.mx\/basededatos\/wp-json\/wp\/v2\/comments?post=5046"}],"wp:featuredmedia":[{"embeddable":true,"href":"https:\/\/sihay.com.mx\/basededatos\/wp-json\/wp\/v2\/media\/1898"}],"wp:attachment":[{"href":"https:\/\/sihay.com.mx\/basededatos\/wp-json\/wp\/v2\/media?parent=5046"}],"wp:term":[{"taxonomy":"product_brand","embeddable":true,"href":"https:\/\/sihay.com.mx\/basededatos\/wp-json\/wp\/v2\/product_brand?post=5046"},{"taxonomy":"product_cat","embeddable":true,"href":"https:\/\/sihay.com.mx\/basededatos\/wp-json\/wp\/v2\/product_cat?post=5046"},{"taxonomy":"product_tag","embeddable":true,"href":"https:\/\/sihay.com.mx\/basededatos\/wp-json\/wp\/v2\/product_tag?post=5046"}],"curies":[{"name":"wp","href":"https:\/\/api.w.org\/{rel}","templated":true}]}}