{"id":5045,"date":"2022-11-16T21:32:55","date_gmt":"2022-11-16T21:32:55","guid":{"rendered":"https:\/\/sihay.com.mx\/basededatos\/shop-2\/personas-fisicas-de-30-a-60-anos-de-edad-economicamente-activas-de-un-nse-medio-alto\/"},"modified":"2023-02-23T18:04:28","modified_gmt":"2023-02-23T18:04:28","slug":"personas-fisicas-de-30-a-60-anos-de-edad-economicamente-activas-de-un-nse-medio-alto","status":"publish","type":"product","link":"https:\/\/sihay.com.mx\/basededatos\/tienda\/personas-fisicas-de-30-a-60-anos-de-edad-economicamente-activas-de-un-nse-medio-alto\/","title":{"rendered":"Personas f\u00edsicas, de 30 a 60 a\u00f1os de edad, econ\u00f3micamente activas de un NSE medio-alto"},"content":{"rendered":"","protected":false},"excerpt":{"rendered":"<p>&nbsp;<\/p>\n<div class=\"row\">\n<div class=\"col-sm\"><strong>C\u00f3digo:<\/strong> \u00a0<strong class=\"text-danger\">GECO-B0-2<\/strong><\/div>\n<div class=\"col-sm\"><strong>N\u00famero de registros: <\/strong>1000<\/div>\n<\/div>\n<div class=\"row\">\n<div class=\"col-sm \"><strong>Folio:<\/strong>GC0122B044<\/div>\n<\/div>\n<p><strong>Segmentaci\u00f3n:<\/strong><\/p>\n<div class=\"row\">\n<div class=\"col-sm \">Personas f\u00edsicas, de 30 a 60 a\u00f1os de edad, econ\u00f3micamente activas de un NSE medio-alto que sean tarjetahabientes en M\u00e9xico (600 registros), Per\u00fa (200 registros) y Venezuela (200 registros)<\/div>\n<\/div>\n<p><strong>Campos Contenidos:<\/strong><\/p>\n<div class=\"row\">\n<div class=\"col-sm \">Nombre \/ Celular \/ Correo<\/div>\n<\/div>\n<div class=\"row\">\n<div class=\"col-sm\"><strong>Garant\u00eda: <\/strong>80%-85% <strong>Precio Original: <\/strong><del>$<span style=\"text-decoration: line-through;\">9,048.00<\/span><\/del>\u00a0<strong>Descuento Especial: <\/strong><strong class=\"text-danger\">20%<\/strong><\/div>\n<\/div>\n<div class=\"row\">\n<div class=\"col text-center\"><strong>Total a Pagar: <\/strong><strong class=\"text-danger\">$7,238.00 MXN<\/strong><\/div>\n<\/div>\n","protected":false},"featured_media":1891,"comment_status":"closed","ping_status":"closed","template":"","meta":[],"product_brand":[],"product_cat":[159],"product_tag":[269,311,199,204,200,201,202,205,183,181,208,180,228,289,288,287,327,232,184,325,273,276,277,275,265,268,351,272,291,270,274,271,266,278,280,267,366,279,357,356,324,323,321,322,293,292,301,306,305,303,352],"class_list":{"0":"post-5045","1":"product","2":"type-product","3":"status-publish","4":"has-post-thumbnail","6":"product_cat-personas","7":"product_tag-b2b-database-for-marketing","8":"product_tag-base-de-datos-celulares","9":"product_tag-base-de-datos-de-celulares","10":"product_tag-base-de-datos-de-emails","11":"product_tag-base-de-datos-de-numeros-celulares","12":"product_tag-base-de-datos-de-telefonos-celulares","13":"product_tag-base-de-datos-de-telefonos-movil","14":"product_tag-base-de-datos-email","15":"product_tag-base-de-datos-email-marketing","16":"product_tag-base-de-datos-emails","17":"product_tag-base-de-datos-empresa-mexico","18":"product_tag-base-de-datos-en-mexico","19":"product_tag-base-de-datos-mexico","20":"product_tag-base-de-datos-nse-alto","21":"product_tag-base-de-datos-nse-medio","22":"product_tag-base-de-datos-nse-medio-y-alto","23":"product_tag-base-de-datos-numeros-de-celulares","24":"product_tag-base-de-datos-peru","25":"product_tag-base-de-datos-segmentadas-mexico","26":"product_tag-base-de-datos-venezuela","27":"product_tag-business-and-consumer-database","28":"product_tag-business-email-list","29":"product_tag-buy-email-address","30":"product_tag-buy-email-address-database","31":"product_tag-company-database","32":"product_tag-company-email-database","33":"product_tag-compra-base-de-datos","34":"product_tag-database","35":"product_tag-database-mobile","36":"product_tag-database-of-email-advertising","37":"product_tag-email-address-database","38":"product_tag-email-business-database","39":"product_tag-email-database","40":"product_tag-email-database-for-sale","41":"product_tag-email-list-providers","42":"product_tag-email-marketer","43":"product_tag-emailing","44":"product_tag-emails-for-sale","45":"product_tag-list","46":"product_tag-lista","47":"product_tag-lista-de-correo-electronico","48":"product_tag-lista-de-email","49":"product_tag-listado-de-emails","50":"product_tag-listado-de-emails-de-empresas","51":"product_tag-mobile-number-database","52":"product_tag-mobile-phone-number","53":"product_tag-mobile-phone-number-database","54":"product_tag-mobile-phone-number-list","55":"product_tag-numbers-database","56":"product_tag-phone-database","57":"product_tag-venta-base-de-datos","59":"first","60":"instock","61":"sale","62":"shipping-taxable","63":"purchasable","64":"product-type-simple"},"aioseo_notices":[],"_links":{"self":[{"href":"https:\/\/sihay.com.mx\/basededatos\/wp-json\/wp\/v2\/product\/5045","targetHints":{"allow":["GET"]}}],"collection":[{"href":"https:\/\/sihay.com.mx\/basededatos\/wp-json\/wp\/v2\/product"}],"about":[{"href":"https:\/\/sihay.com.mx\/basededatos\/wp-json\/wp\/v2\/types\/product"}],"replies":[{"embeddable":true,"href":"https:\/\/sihay.com.mx\/basededatos\/wp-json\/wp\/v2\/comments?post=5045"}],"wp:featuredmedia":[{"embeddable":true,"href":"https:\/\/sihay.com.mx\/basededatos\/wp-json\/wp\/v2\/media\/1891"}],"wp:attachment":[{"href":"https:\/\/sihay.com.mx\/basededatos\/wp-json\/wp\/v2\/media?parent=5045"}],"wp:term":[{"taxonomy":"product_brand","embeddable":true,"href":"https:\/\/sihay.com.mx\/basededatos\/wp-json\/wp\/v2\/product_brand?post=5045"},{"taxonomy":"product_cat","embeddable":true,"href":"https:\/\/sihay.com.mx\/basededatos\/wp-json\/wp\/v2\/product_cat?post=5045"},{"taxonomy":"product_tag","embeddable":true,"href":"https:\/\/sihay.com.mx\/basededatos\/wp-json\/wp\/v2\/product_tag?post=5045"}],"curies":[{"name":"wp","href":"https:\/\/api.w.org\/{rel}","templated":true}]}}