{"id":5034,"date":"2022-11-16T21:32:52","date_gmt":"2022-11-16T21:32:52","guid":{"rendered":"https:\/\/sihay.com.mx\/basededatos\/shop-2\/personas-fisicas-mayores-de-edad-economicamente-activas-y-tarjetahabientes-que-tengan-automovil-en-monterrey-nuevo-leon\/"},"modified":"2023-02-28T18:39:09","modified_gmt":"2023-02-28T18:39:09","slug":"personas-fisicas-mayores-de-edad-economicamente-activas-y-tarjetahabientes-que-tengan-automovil-en-monterrey-nuevo-leon","status":"publish","type":"product","link":"https:\/\/sihay.com.mx\/basededatos\/tienda\/personas-fisicas-mayores-de-edad-economicamente-activas-y-tarjetahabientes-que-tengan-automovil-en-monterrey-nuevo-leon\/","title":{"rendered":"Personas F\u00edsicas, mayores de edad, econ\u00f3micamente activas y tarjetahabientes, que tengan autom\u00f3vil, en Monterrey, Nuevo Le\u00f3n."},"content":{"rendered":"","protected":false},"excerpt":{"rendered":"<p>&nbsp;<\/p>\n<div class=\"row\">\n<div class=\"col-sm\"><strong>C\u00f3digo:<\/strong> <strong class=\"text-danger\">OMBA-V7<\/strong><\/div>\n<div class=\"col-sm\"><strong>N\u00famero de registros: <\/strong>2,400<\/div>\n<\/div>\n<div class=\"row\">\n<div class=\"col-sm \"><strong>Folio: <\/strong><span class=\"text-danger\">03PROB0322-055<\/span><\/div>\n<\/div>\n<p><strong>Segmentaci\u00f3n:<\/strong><\/p>\n<div class=\"row\">\n<div class=\"col-sm \">Personas F\u00edsicas, mayores de edad, econ\u00f3micamente activas y tarjetahabientes, que tengan autom\u00f3vil, en Monterrey, Nuevo Le\u00f3n.<\/div>\n<\/div>\n<p><strong>Campos Contenidos:<\/strong><\/p>\n<div class=\"row\">\n<div class=\"col-sm \">Nombre \/ Direcci\u00f3n \/ Ciudad \/ Estado \/ Celular \/ Email.<\/div>\n<\/div>\n<div class=\"row\">\n<div class=\"col-sm\"><strong>Garant\u00eda: <\/strong>80%-85% <strong>Precio Original: <\/strong><del>$21,337.00<\/del> <strong>Descuento Especial: <\/strong><strong class=\"text-danger\">20%<\/strong><\/div>\n<\/div>\n<div class=\"row\">\n<div class=\"col text-center\"><strong>Total a Pagar: <\/strong><strong class=\"text-danger\">$17,069.00<\/strong><\/div>\n<\/div>\n","protected":false},"featured_media":1891,"comment_status":"closed","ping_status":"closed","template":"","meta":[],"product_brand":[],"product_cat":[166,159],"product_tag":[269,234,311,206,235,199,216,204,200,201,202,205,183,181,430,353,327,273,276,277,275,358,272,291,431,433,270,274,266,278,280,267,366,279,394,357,356,324,323,321,322,293,292,301,306,344,432,434,305],"class_list":{"0":"post-5034","1":"product","2":"type-product","3":"status-publish","4":"has-post-thumbnail","6":"product_cat-en-mexico","7":"product_cat-personas","8":"product_tag-b2b-database-for-marketing","9":"product_tag-base-de-datos","10":"product_tag-base-de-datos-celulares","11":"product_tag-base-de-datos-correo-electronico","12":"product_tag-base-de-datos-correos-electronicos","13":"product_tag-base-de-datos-de-celulares","14":"product_tag-base-de-datos-de-correos","15":"product_tag-base-de-datos-de-emails","16":"product_tag-base-de-datos-de-numeros-celulares","17":"product_tag-base-de-datos-de-telefonos-celulares","18":"product_tag-base-de-datos-de-telefonos-movil","19":"product_tag-base-de-datos-email","20":"product_tag-base-de-datos-email-marketing","21":"product_tag-base-de-datos-emails","22":"product_tag-base-de-datos-monterrey","23":"product_tag-base-de-datos-nuevo-leon","24":"product_tag-base-de-datos-numeros-de-celulares","25":"product_tag-business-and-consumer-database","26":"product_tag-business-email-list","27":"product_tag-buy-email-address","28":"product_tag-buy-email-address-database","29":"product_tag-consumer-database","30":"product_tag-database","31":"product_tag-database-mobile","32":"product_tag-database-monterrey","33":"product_tag-database-nuevo-leon","34":"product_tag-database-of-email-advertising","35":"product_tag-email-address-database","36":"product_tag-email-database","37":"product_tag-email-database-for-sale","38":"product_tag-email-list-providers","39":"product_tag-email-marketer","40":"product_tag-emailing","41":"product_tag-emails-for-sale","42":"product_tag-latam-mobile-directory","43":"product_tag-list","44":"product_tag-lista","45":"product_tag-lista-de-correo-electronico","46":"product_tag-lista-de-email","47":"product_tag-listado-de-emails","48":"product_tag-listado-de-emails-de-empresas","49":"product_tag-mobile-number-database","50":"product_tag-mobile-phone-number","51":"product_tag-mobile-phone-number-database","52":"product_tag-mobile-phone-number-list","53":"product_tag-monterrey","54":"product_tag-nuevo-leon","55":"product_tag-nuevo-leon-database","56":"product_tag-numbers-database","58":"first","59":"instock","60":"sale","61":"virtual","62":"purchasable","63":"product-type-simple"},"aioseo_notices":[],"_links":{"self":[{"href":"https:\/\/sihay.com.mx\/basededatos\/wp-json\/wp\/v2\/product\/5034","targetHints":{"allow":["GET"]}}],"collection":[{"href":"https:\/\/sihay.com.mx\/basededatos\/wp-json\/wp\/v2\/product"}],"about":[{"href":"https:\/\/sihay.com.mx\/basededatos\/wp-json\/wp\/v2\/types\/product"}],"replies":[{"embeddable":true,"href":"https:\/\/sihay.com.mx\/basededatos\/wp-json\/wp\/v2\/comments?post=5034"}],"wp:featuredmedia":[{"embeddable":true,"href":"https:\/\/sihay.com.mx\/basededatos\/wp-json\/wp\/v2\/media\/1891"}],"wp:attachment":[{"href":"https:\/\/sihay.com.mx\/basededatos\/wp-json\/wp\/v2\/media?parent=5034"}],"wp:term":[{"taxonomy":"product_brand","embeddable":true,"href":"https:\/\/sihay.com.mx\/basededatos\/wp-json\/wp\/v2\/product_brand?post=5034"},{"taxonomy":"product_cat","embeddable":true,"href":"https:\/\/sihay.com.mx\/basededatos\/wp-json\/wp\/v2\/product_cat?post=5034"},{"taxonomy":"product_tag","embeddable":true,"href":"https:\/\/sihay.com.mx\/basededatos\/wp-json\/wp\/v2\/product_tag?post=5034"}],"curies":[{"name":"wp","href":"https:\/\/api.w.org\/{rel}","templated":true}]}}