{"id":5032,"date":"2022-11-16T21:32:52","date_gmt":"2022-11-16T21:32:52","guid":{"rendered":"https:\/\/sihay.com.mx\/basededatos\/shop-2\/personas-fisicas-nivel-socioeconomico-medio-alto-de-30-a-60-anos-en-peru-chile-ecuador-colombia-y-bolivia\/"},"modified":"2023-02-28T18:26:17","modified_gmt":"2023-02-28T18:26:17","slug":"personas-fisicas-nivel-socioeconomico-medio-alto-de-30-a-60-anos-en-peru-chile-ecuador-colombia-y-bolivia","status":"publish","type":"product","link":"https:\/\/sihay.com.mx\/basededatos\/tienda\/personas-fisicas-nivel-socioeconomico-medio-alto-de-30-a-60-anos-en-peru-chile-ecuador-colombia-y-bolivia\/","title":{"rendered":"Personas f\u00edsicas, nivel socioecon\u00f3mico medio alto, de 30 a 60 a\u00f1os, en Per\u00fa, Chile, Ecuador, Colombia y Bolivia."},"content":{"rendered":"","protected":false},"excerpt":{"rendered":"<p>&nbsp;<\/p>\n<div class=\"row\">\n<div class=\"col-sm\"><strong>C\u00f3digo:<\/strong> <strong class=\"text-danger\">GECO-E9<\/strong><\/div>\n<div class=\"col-sm\"><strong>N\u00famero de registros: <\/strong>1,200<\/div>\n<\/div>\n<div class=\"row\">\n<div class=\"col-sm \"><strong>Folio: <\/strong><span class=\"text-danger\">03EPGC0322-003<\/span><\/div>\n<\/div>\n<p><strong>Segmentaci\u00f3n:<\/strong><\/p>\n<div class=\"row\">\n<div class=\"col-sm \">Personas f\u00edsicas, nivel socioecon\u00f3mico medio alto, de 30 a 60 a\u00f1os, por ejemplo, m\u00e9dicos, empresarios, propietarios de negocios o de tiendas, dentistas, (no funcionarios de gobierno, ni profesores, ni polic\u00edas), en Per\u00fa, Chile, Ecuador, Colombia y Bolivia.<\/div>\n<\/div>\n<p><strong>Campos Contenidos:<\/strong><\/p>\n<div class=\"row\">\n<div class=\"col-sm \">Nombre \/ Pa\u00eds \/ Celular\/ Email.<\/div>\n<\/div>\n<div class=\"row\">\n<div class=\"col-sm\"><strong>Garant\u00eda: <\/strong>80%-85% <strong>Precio Original: <\/strong><del>$11,125.00<\/del> <strong>Descuento Especial: <\/strong><strong class=\"text-danger\">20%<\/strong><\/div>\n<\/div>\n<div class=\"row\">\n<div class=\"col text-center\"><strong>Total a Pagar: <\/strong><strong class=\"text-danger\">$8,900.00<\/strong><\/div>\n<\/div>\n","protected":false},"featured_media":1901,"comment_status":"closed","ping_status":"closed","template":"","meta":[],"product_brand":[],"product_cat":[160,159,163],"product_tag":[326,311,222,224,199,204,200,201,202,425,426,205,183,181,300,316,424,327,238,232,223,277,275,428,429,427,399,291,270,400,422,187,383,274,374,266,278,280,267,373,366,279,423,394,391,395,392,393,367,420,293,301,306,419,421],"class_list":{"0":"post-5032","1":"product","2":"type-product","3":"status-publish","4":"has-post-thumbnail","6":"product_cat-en-latinoamerica","7":"product_cat-personas","8":"product_cat-profesionistas","9":"product_tag-base-de-datos-bolivia","10":"product_tag-base-de-datos-celulares","11":"product_tag-base-de-datos-chile","12":"product_tag-base-de-datos-colombia","13":"product_tag-base-de-datos-de-celulares","14":"product_tag-base-de-datos-de-emails","15":"product_tag-base-de-datos-de-numeros-celulares","16":"product_tag-base-de-datos-de-telefonos-celulares","17":"product_tag-base-de-datos-de-telefonos-movil","18":"product_tag-base-de-datos-dentistas","19":"product_tag-base-de-datos-ecuador","20":"product_tag-base-de-datos-email","21":"product_tag-base-de-datos-email-marketing","22":"product_tag-base-de-datos-emails","23":"product_tag-base-de-datos-empresarios","24":"product_tag-base-de-datos-latinoamerica","25":"product_tag-base-de-datos-medicos","26":"product_tag-base-de-datos-numeros-de-celulares","27":"product_tag-base-de-datos-personas-latinoamerica","28":"product_tag-base-de-datos-peru","29":"product_tag-base-de-datos-santiago-de-chile","30":"product_tag-buy-email-address","31":"product_tag-buy-email-address-database","32":"product_tag-database-bolivia","33":"product_tag-database-chile","34":"product_tag-database-colombia","35":"product_tag-database-ecuador","36":"product_tag-database-mobile","37":"product_tag-database-of-email-advertising","38":"product_tag-database-peru","39":"product_tag-dentistas","40":"product_tag-ecuador","41":"product_tag-email","42":"product_tag-email-address-database","43":"product_tag-email-bolivia","44":"product_tag-email-database","45":"product_tag-email-database-for-sale","46":"product_tag-email-list-providers","47":"product_tag-email-marketer","48":"product_tag-email-venezuela","49":"product_tag-emailing","50":"product_tag-emails-for-sale","51":"product_tag-empresarios","52":"product_tag-latam-mobile-directory","53":"product_tag-latin-america-database","54":"product_tag-latin-america-mobile-database","55":"product_tag-latinoamerica-database","56":"product_tag-latinoamerica-mobile-number-database","57":"product_tag-mailing","58":"product_tag-medicos","59":"product_tag-mobile-number-database","60":"product_tag-mobile-phone-number-database","61":"product_tag-mobile-phone-number-list","62":"product_tag-nivel-socioeconomico-medio-y-alto","63":"product_tag-tiendas","65":"first","66":"instock","67":"sale","68":"virtual","69":"purchasable","70":"product-type-simple"},"aioseo_notices":[],"_links":{"self":[{"href":"https:\/\/sihay.com.mx\/basededatos\/wp-json\/wp\/v2\/product\/5032","targetHints":{"allow":["GET"]}}],"collection":[{"href":"https:\/\/sihay.com.mx\/basededatos\/wp-json\/wp\/v2\/product"}],"about":[{"href":"https:\/\/sihay.com.mx\/basededatos\/wp-json\/wp\/v2\/types\/product"}],"replies":[{"embeddable":true,"href":"https:\/\/sihay.com.mx\/basededatos\/wp-json\/wp\/v2\/comments?post=5032"}],"wp:featuredmedia":[{"embeddable":true,"href":"https:\/\/sihay.com.mx\/basededatos\/wp-json\/wp\/v2\/media\/1901"}],"wp:attachment":[{"href":"https:\/\/sihay.com.mx\/basededatos\/wp-json\/wp\/v2\/media?parent=5032"}],"wp:term":[{"taxonomy":"product_brand","embeddable":true,"href":"https:\/\/sihay.com.mx\/basededatos\/wp-json\/wp\/v2\/product_brand?post=5032"},{"taxonomy":"product_cat","embeddable":true,"href":"https:\/\/sihay.com.mx\/basededatos\/wp-json\/wp\/v2\/product_cat?post=5032"},{"taxonomy":"product_tag","embeddable":true,"href":"https:\/\/sihay.com.mx\/basededatos\/wp-json\/wp\/v2\/product_tag?post=5032"}],"curies":[{"name":"wp","href":"https:\/\/api.w.org\/{rel}","templated":true}]}}