{"id":5011,"date":"2022-11-16T21:32:50","date_gmt":"2022-11-16T21:32:50","guid":{"rendered":"https:\/\/sihay.com.mx\/basededatos\/shop-2\/psicologos-medicos-nutriologos-y-expertos-en-el-campo-de-trastornos-alimenticios-a-nivel-nacional\/"},"modified":"2023-02-28T19:58:11","modified_gmt":"2023-02-28T19:58:11","slug":"psicologos-medicos-nutriologos-y-expertos-en-el-campo-de-trastornos-alimenticios-a-nivel-nacional","status":"publish","type":"product","link":"https:\/\/sihay.com.mx\/basededatos\/tienda\/psicologos-medicos-nutriologos-y-expertos-en-el-campo-de-trastornos-alimenticios-a-nivel-nacional\/","title":{"rendered":"Psic\u00f3logos, M\u00e9dicos, Nutri\u00f3logos y expertos en el campo de trastornos alimenticios a Nivel Nacional."},"content":{"rendered":"","protected":false},"excerpt":{"rendered":"<p>&nbsp;<\/p>\n<div class=\"row\">\n<div class=\"col-sm\"><strong>C\u00f3digo:<\/strong> <strong class=\"text-danger\">IAMJ-C0<\/strong><\/div>\n<div class=\"col-sm\"><strong>N\u00famero de registros: <\/strong>610<\/div>\n<\/div>\n<div class=\"row\">\n<div class=\"col-sm \"><strong>Folio: <\/strong><span class=\"text-danger\">MC0122B060<\/span><\/div>\n<\/div>\n<p><strong>Segmentaci\u00f3n:<\/strong><\/p>\n<div class=\"row\">\n<div class=\"col-sm \">Psic\u00f3logos, M\u00e9dicos, Nutri\u00f3logos y expertos en el campo de trastornos alimenticios a Nivel Nacional.<\/div>\n<\/div>\n<p><strong>Campos Contenidos:<\/strong><\/p>\n<div class=\"row\">\n<div class=\"col-sm \">Nombre\/Email<\/div>\n<\/div>\n<div class=\"row\">\n<div class=\"col-sm\"><strong>Garant\u00eda: <\/strong>80%-85% <strong>Precio Original: <\/strong><del>$4,126.00 MXN<\/del> <strong>Descuento Especial: <\/strong><strong class=\"text-danger\">20%<\/strong><\/div>\n<\/div>\n<div class=\"row\">\n<div class=\"col text-center\"><strong>Total a Pagar: <\/strong><strong class=\"text-danger\">$3,301.00 MXN<\/strong><\/div>\n<\/div>\n","protected":false},"featured_media":1898,"comment_status":"closed","ping_status":"closed","template":"","meta":[],"product_brand":[],"product_cat":[159,173],"product_tag":[269,234,206,235,216,204,205,183,181,424,236,446,445,273,277,275,358,272,270,383,274,266,278,280,267,366,279,357,356,324,323,321,420],"class_list":{"0":"post-5011","1":"product","2":"type-product","3":"status-publish","4":"has-post-thumbnail","6":"product_cat-personas","7":"product_cat-profesionistas-en-mexico","8":"product_tag-b2b-database-for-marketing","9":"product_tag-base-de-datos","10":"product_tag-base-de-datos-correo-electronico","11":"product_tag-base-de-datos-correos-electronicos","12":"product_tag-base-de-datos-de-correos","13":"product_tag-base-de-datos-de-emails","14":"product_tag-base-de-datos-email","15":"product_tag-base-de-datos-email-marketing","16":"product_tag-base-de-datos-emails","17":"product_tag-base-de-datos-medicos","18":"product_tag-base-de-datos-nivel-nacional","19":"product_tag-base-de-datos-nutriologos","20":"product_tag-base-de-datos-psicologos","21":"product_tag-business-and-consumer-database","22":"product_tag-buy-email-address","23":"product_tag-buy-email-address-database","24":"product_tag-consumer-database","25":"product_tag-database","26":"product_tag-database-of-email-advertising","27":"product_tag-email","28":"product_tag-email-address-database","29":"product_tag-email-database","30":"product_tag-email-database-for-sale","31":"product_tag-email-list-providers","32":"product_tag-email-marketer","33":"product_tag-emailing","34":"product_tag-emails-for-sale","35":"product_tag-list","36":"product_tag-lista","37":"product_tag-lista-de-correo-electronico","38":"product_tag-lista-de-email","39":"product_tag-listado-de-emails","40":"product_tag-medicos","42":"first","43":"instock","44":"sale","45":"shipping-taxable","46":"purchasable","47":"product-type-simple"},"aioseo_notices":[],"_links":{"self":[{"href":"https:\/\/sihay.com.mx\/basededatos\/wp-json\/wp\/v2\/product\/5011","targetHints":{"allow":["GET"]}}],"collection":[{"href":"https:\/\/sihay.com.mx\/basededatos\/wp-json\/wp\/v2\/product"}],"about":[{"href":"https:\/\/sihay.com.mx\/basededatos\/wp-json\/wp\/v2\/types\/product"}],"replies":[{"embeddable":true,"href":"https:\/\/sihay.com.mx\/basededatos\/wp-json\/wp\/v2\/comments?post=5011"}],"wp:featuredmedia":[{"embeddable":true,"href":"https:\/\/sihay.com.mx\/basededatos\/wp-json\/wp\/v2\/media\/1898"}],"wp:attachment":[{"href":"https:\/\/sihay.com.mx\/basededatos\/wp-json\/wp\/v2\/media?parent=5011"}],"wp:term":[{"taxonomy":"product_brand","embeddable":true,"href":"https:\/\/sihay.com.mx\/basededatos\/wp-json\/wp\/v2\/product_brand?post=5011"},{"taxonomy":"product_cat","embeddable":true,"href":"https:\/\/sihay.com.mx\/basededatos\/wp-json\/wp\/v2\/product_cat?post=5011"},{"taxonomy":"product_tag","embeddable":true,"href":"https:\/\/sihay.com.mx\/basededatos\/wp-json\/wp\/v2\/product_tag?post=5011"}],"curies":[{"name":"wp","href":"https:\/\/api.w.org\/{rel}","templated":true}]}}