{"id":4997,"date":"2022-11-16T21:32:47","date_gmt":"2022-11-16T21:32:47","guid":{"rendered":"https:\/\/sihay.com.mx\/basededatos\/shop-2\/tomadores-de-decision-en-tecnologias-de-la-informacion-ti\/"},"modified":"2023-03-02T17:43:44","modified_gmt":"2023-03-02T17:43:44","slug":"tomadores-de-decision-en-tecnologias-de-la-informacion-ti","status":"publish","type":"product","link":"https:\/\/sihay.com.mx\/basededatos\/tienda\/tomadores-de-decision-en-tecnologias-de-la-informacion-ti\/","title":{"rendered":"Tomadores de decisi\u00f3n en Tecnolog\u00edas de la Informaci\u00f3n (TI)"},"content":{"rendered":"","protected":false},"excerpt":{"rendered":"<p>&nbsp;<\/p>\n<div class=\"row\">\n<div class=\"col-sm\"><strong>C\u00f3digo:<\/strong> <strong class=\"text-danger\">KABO-C9<\/strong><\/div>\n<div class=\"col-sm\"><strong>N\u00famero de registros: <\/strong>3000<\/div>\n<\/div>\n<div class=\"row\">\n<div class=\"col-sm \"><strong>Folio: <\/strong><span class=\"text-danger\">BR0921B044<\/span><\/div>\n<\/div>\n<p><strong>Segmentaci\u00f3n:<\/strong><\/p>\n<div class=\"row\">\n<div class=\"col-sm \">Tomadores de decisi\u00f3n en Tecnolog\u00edas de la Informaci\u00f3n (TI) en Empresas de cualquier sector con + de 250 usuarios de c\u00f3mputo, 30 servidores y 1 o + sistemas de almacenamiento, con varias sucursales o plantas de producci\u00f3n a Nivel Nacional.<\/div>\n<\/div>\n<p><strong>Campos Contenidos:<\/strong><\/p>\n<div class=\"row\">\n<div class=\"col-sm \">Empresa \/ Giro \/ Direcci\u00f3n \/ Ciudad \/ Estado \/ Contacto \/ Puesto: Director de Infraestructura o Director o Gerente de TI \/ Tel\u00e9fono \/ Email \/ LinkedIn*opcional<\/div>\n<\/div>\n<div class=\"row\">\n<div class=\"col-sm\"><strong>Garant\u00eda: <\/strong>80%-85% <strong>Precio Original: <\/strong><del>$<span style=\"text-decoration: line-through;\">36,273.00 MXN <\/span><\/del><strong>Descuento Especial: <\/strong><strong class=\"text-danger\">20%<\/strong><\/div>\n<\/div>\n<div class=\"row\">\n<div class=\"col text-center\"><strong>Total a Pagar: <\/strong><strong class=\"text-danger\">$29,018.00 MXN<\/strong><\/div>\n<\/div>\n","protected":false},"featured_media":1864,"comment_status":"closed","ping_status":"closed","template":"","meta":[],"product_brand":[],"product_cat":[127],"product_tag":[233,204,470,377,205,183,181,191,320,236,198,217,276,277,275,268,270,389,319,383,274,271,266,278,280,267,366,279,501,331,357,356,324,323,321,322,502],"class_list":{"0":"post-4997","1":"product","2":"type-product","3":"status-publish","4":"has-post-thumbnail","6":"product_cat-empresas","7":"product_tag-base-de-datos-correos-de-empresas-de-latinoamerica","8":"product_tag-base-de-datos-de-emails","9":"product_tag-base-de-datos-de-empresas-mexico","10":"product_tag-base-de-datos-de-ingenieros-en-tecnologias-de-la-informacion","11":"product_tag-base-de-datos-email","12":"product_tag-base-de-datos-email-marketing","13":"product_tag-base-de-datos-emails","14":"product_tag-base-de-datos-empresas","15":"product_tag-base-de-datos-empresas-america-latina","16":"product_tag-base-de-datos-nivel-nacional","17":"product_tag-base-de-datos-tomador-de-decision","18":"product_tag-base-de-datos-tomadores-de-decisiones","19":"product_tag-business-email-list","20":"product_tag-buy-email-address","21":"product_tag-buy-email-address-database","22":"product_tag-company-email-database","23":"product_tag-database-of-email-advertising","24":"product_tag-decision-maker-database","25":"product_tag-directorio-empresas","26":"product_tag-email","27":"product_tag-email-address-database","28":"product_tag-email-business-database","29":"product_tag-email-database","30":"product_tag-email-database-for-sale","31":"product_tag-email-list-providers","32":"product_tag-email-marketer","33":"product_tag-emailing","34":"product_tag-emails-for-sale","35":"product_tag-empresas","36":"product_tag-empresas-en-latinoamerica","37":"product_tag-list","38":"product_tag-lista","39":"product_tag-lista-de-correo-electronico","40":"product_tag-lista-de-email","41":"product_tag-listado-de-emails","42":"product_tag-listado-de-emails-de-empresas","43":"product_tag-tecnologias-de-la-informacion","45":"first","46":"instock","47":"sale","48":"virtual","49":"purchasable","50":"product-type-simple"},"aioseo_notices":[],"_links":{"self":[{"href":"https:\/\/sihay.com.mx\/basededatos\/wp-json\/wp\/v2\/product\/4997","targetHints":{"allow":["GET"]}}],"collection":[{"href":"https:\/\/sihay.com.mx\/basededatos\/wp-json\/wp\/v2\/product"}],"about":[{"href":"https:\/\/sihay.com.mx\/basededatos\/wp-json\/wp\/v2\/types\/product"}],"replies":[{"embeddable":true,"href":"https:\/\/sihay.com.mx\/basededatos\/wp-json\/wp\/v2\/comments?post=4997"}],"wp:featuredmedia":[{"embeddable":true,"href":"https:\/\/sihay.com.mx\/basededatos\/wp-json\/wp\/v2\/media\/1864"}],"wp:attachment":[{"href":"https:\/\/sihay.com.mx\/basededatos\/wp-json\/wp\/v2\/media?parent=4997"}],"wp:term":[{"taxonomy":"product_brand","embeddable":true,"href":"https:\/\/sihay.com.mx\/basededatos\/wp-json\/wp\/v2\/product_brand?post=4997"},{"taxonomy":"product_cat","embeddable":true,"href":"https:\/\/sihay.com.mx\/basededatos\/wp-json\/wp\/v2\/product_cat?post=4997"},{"taxonomy":"product_tag","embeddable":true,"href":"https:\/\/sihay.com.mx\/basededatos\/wp-json\/wp\/v2\/product_tag?post=4997"}],"curies":[{"name":"wp","href":"https:\/\/api.w.org\/{rel}","templated":true}]}}