{"id":4996,"date":"2022-11-16T21:32:47","date_gmt":"2022-11-16T21:32:47","guid":{"rendered":"https:\/\/sihay.com.mx\/basededatos\/shop-2\/empresas-que-cuenten-con-un-numero-mayor-de-250-empleados-de-sectores-productivos\/"},"modified":"2023-03-02T17:55:15","modified_gmt":"2023-03-02T17:55:15","slug":"empresas-que-cuenten-con-un-numero-mayor-de-250-empleados-de-sectores-productivos","status":"publish","type":"product","link":"https:\/\/sihay.com.mx\/basededatos\/tienda\/empresas-que-cuenten-con-un-numero-mayor-de-250-empleados-de-sectores-productivos\/","title":{"rendered":"Empresas que cuenten con un n\u00famero mayor de 250 empleados de sectores productivos"},"content":{"rendered":"","protected":false},"excerpt":{"rendered":"<p>&nbsp;<\/p>\n<div class=\"row\">\n<div class=\"col-sm\"><strong>C\u00f3digo:<\/strong> <strong class=\"text-danger\">WCCS-2<\/strong><\/div>\n<div class=\"col-sm\"><strong>N\u00famero de registros: <\/strong>1000<\/div>\n<\/div>\n<div class=\"row\">\n<div class=\"col-sm \"><strong>Folio: <\/strong><span class=\"text-danger\">WH1221B039<\/span><\/div>\n<\/div>\n<p><strong>Segmentaci\u00f3n:<\/strong><\/p>\n<div class=\"row\">\n<div class=\"col-sm \">\n<div class=\"col-sm \"><span class=\"text-justify\">Empresas que cuenten con un n\u00famero mayor de 250 empleados de sectores productivos (de preferencia no de servicios) en los estados de Nuevo Le\u00f3n, Ciudad de M\u00e9xico, Estado de M\u00e9xico (Toluca, Lerma), Sinaloa, Puebla, Michoac\u00e1n, San Luis Potos\u00ed, Sonora y ciudades de Guadalajara, Le\u00f3n Guanajuato, Quer\u00e9taro y Veracruz.<\/span><\/div>\n<\/div>\n<\/div>\n<p><strong>Campos Contenidos:<\/strong><\/p>\n<div class=\"row\">\n<div class=\"col-sm \">Empresa \/ Rango de empleados \/ Giro \/ Ciudad \/ Estado \/ Contacto \/ Puesto: gerente general o gerente de finanzas o gerente de compras o gerente de ventas o director genera\/ Tel\u00e9fono \/ Email.<\/div>\n<\/div>\n<div class=\"row\">\n<div class=\"col-sm\"><strong>Garant\u00eda: <\/strong>80%-85% <strong>Precio Original: <\/strong><del>$<span style=\"text-decoration: line-through;\">11,632.00 MXN<\/span><\/del>\u00a0<strong>Descuento Especial: <\/strong><strong class=\"text-danger\">20%<\/strong><\/div>\n<\/div>\n<div class=\"row\">\n<div class=\"col text-center\"><strong>Total a Pagar: <\/strong><strong class=\"text-danger\">$9,305.00 MXN<\/strong><\/div>\n<\/div>\n","protected":false},"featured_media":1864,"comment_status":"closed","ping_status":"closed","template":"","meta":[],"product_brand":[],"product_cat":[127],"product_tag":[269,328,209,204,470,207,264,205,183,181,208,180,310,228,353,349,184,417,418,273,276,277,275,265,268,475,272,433,270,383,274,271,266,278,280,267,366,279,346,503,357,356,324,323,321,322,454,471,432,434,303,307,345,504,416,304,493],"class_list":{"0":"post-4996","1":"product","2":"type-product","3":"status-publish","4":"has-post-thumbnail","6":"product_cat-empresas","7":"product_tag-b2b-database-for-marketing","8":"product_tag-base-de-datos-ciudad-de-mexico","9":"product_tag-base-de-datos-con-mas-de-100-empleados","10":"product_tag-base-de-datos-de-emails","11":"product_tag-base-de-datos-de-empresas-mexico","12":"product_tag-base-de-datos-de-telefonos","13":"product_tag-base-de-datos-del-estado-de-queretaro","14":"product_tag-base-de-datos-email","15":"product_tag-base-de-datos-email-marketing","16":"product_tag-base-de-datos-emails","17":"product_tag-base-de-datos-empresa-mexico","18":"product_tag-base-de-datos-en-mexico","19":"product_tag-base-de-datos-guadalajara","20":"product_tag-base-de-datos-mexico","21":"product_tag-base-de-datos-nuevo-leon","22":"product_tag-base-de-datos-queretaro","23":"product_tag-base-de-datos-segmentadas-mexico","24":"product_tag-base-de-datos-telefono","25":"product_tag-bases-de-datos-de-telefonos-fijos","26":"product_tag-business-and-consumer-database","27":"product_tag-business-email-list","28":"product_tag-buy-email-address","29":"product_tag-buy-email-address-database","30":"product_tag-company-database","31":"product_tag-company-email-database","32":"product_tag-comprar-base-de-datos-mexico","33":"product_tag-database","34":"product_tag-database-nuevo-leon","35":"product_tag-database-of-email-advertising","36":"product_tag-email","37":"product_tag-email-address-database","38":"product_tag-email-business-database","39":"product_tag-email-database","40":"product_tag-email-database-for-sale","41":"product_tag-email-list-providers","42":"product_tag-email-marketer","43":"product_tag-emailing","44":"product_tag-emails-for-sale","45":"product_tag-guadalajara","46":"product_tag-guadalajara-database","47":"product_tag-list","48":"product_tag-lista","49":"product_tag-lista-de-correo-electronico","50":"product_tag-lista-de-email","51":"product_tag-listado-de-emails","52":"product_tag-listado-de-emails-de-empresas","53":"product_tag-mexico","54":"product_tag-mexico-company-database","55":"product_tag-nuevo-leon","56":"product_tag-nuevo-leon-database","57":"product_tag-phone-database","58":"product_tag-phone-number-database","59":"product_tag-queretaro","60":"product_tag-sonora-database","61":"product_tag-telefono","62":"product_tag-telephone-number","63":"product_tag-venta-de-base-de-datos-mexico","65":"first","66":"instock","67":"sale","68":"virtual","69":"purchasable","70":"product-type-simple"},"aioseo_notices":[],"_links":{"self":[{"href":"https:\/\/sihay.com.mx\/basededatos\/wp-json\/wp\/v2\/product\/4996","targetHints":{"allow":["GET"]}}],"collection":[{"href":"https:\/\/sihay.com.mx\/basededatos\/wp-json\/wp\/v2\/product"}],"about":[{"href":"https:\/\/sihay.com.mx\/basededatos\/wp-json\/wp\/v2\/types\/product"}],"replies":[{"embeddable":true,"href":"https:\/\/sihay.com.mx\/basededatos\/wp-json\/wp\/v2\/comments?post=4996"}],"wp:featuredmedia":[{"embeddable":true,"href":"https:\/\/sihay.com.mx\/basededatos\/wp-json\/wp\/v2\/media\/1864"}],"wp:attachment":[{"href":"https:\/\/sihay.com.mx\/basededatos\/wp-json\/wp\/v2\/media?parent=4996"}],"wp:term":[{"taxonomy":"product_brand","embeddable":true,"href":"https:\/\/sihay.com.mx\/basededatos\/wp-json\/wp\/v2\/product_brand?post=4996"},{"taxonomy":"product_cat","embeddable":true,"href":"https:\/\/sihay.com.mx\/basededatos\/wp-json\/wp\/v2\/product_cat?post=4996"},{"taxonomy":"product_tag","embeddable":true,"href":"https:\/\/sihay.com.mx\/basededatos\/wp-json\/wp\/v2\/product_tag?post=4996"}],"curies":[{"name":"wp","href":"https:\/\/api.w.org\/{rel}","templated":true}]}}