{"id":4967,"date":"2022-11-16T21:32:42","date_gmt":"2022-11-16T21:32:42","guid":{"rendered":"https:\/\/sihay.com.mx\/basededatos\/shop-2\/personas-fisicas-de-25-a-50-anos-en-la-zona-bajio-aguascalientes-jalisco-guanajuato-queretaro-san-luis-potosi-michoacan-y-zacatecas-ciudad-de-mexico-guadalajara-y-monterrey\/"},"modified":"2023-03-10T19:01:52","modified_gmt":"2023-03-10T19:01:52","slug":"personas-fisicas-de-25-a-50-anos-en-la-zona-bajio-aguascalientes-jalisco-guanajuato-queretaro-san-luis-potosi-michoacan-y-zacatecas-ciudad-de-mexico-guadalajara-y-monterrey","status":"publish","type":"product","link":"https:\/\/sihay.com.mx\/basededatos\/tienda\/personas-fisicas-de-25-a-50-anos-en-la-zona-bajio-aguascalientes-jalisco-guanajuato-queretaro-san-luis-potosi-michoacan-y-zacatecas-ciudad-de-mexico-guadalajara-y-monterrey\/","title":{"rendered":"Personas F\u00edsicas, de 25 a 50 a\u00f1os, en la zona baj\u00edo (Aguascalientes, Jalisco, Guanajuato, Quer\u00e9taro, San Luis Potos\u00ed, Michoac\u00e1n y Zacatecas), Ciudad de M\u00e9xico, Guadalajara y Monterrey."},"content":{"rendered":"","protected":false},"excerpt":{"rendered":"<p>&nbsp;<\/p>\n<div class=\"row\">\n<div class=\"col-sm\"><strong>C\u00f3digo:<\/strong> <strong class=\"text-danger\">CYTR-Q9<\/strong><\/div>\n<div class=\"col-sm\"><strong>N\u00famero de registros: <\/strong>300<\/div>\n<\/div>\n<div class=\"row\">\n<div class=\"col-sm \"><strong>Folio: <\/strong><span class=\"text-danger\">03GHCT1021-043<\/span><\/div>\n<\/div>\n<p><strong>Segmentaci\u00f3n:<\/strong><\/p>\n<div class=\"row\">\n<div class=\"col-sm \">Personas F\u00edsicas, de 25 a 50 a\u00f1os, econ\u00f3micamente activas y tarjetahabientes, NSE medio y alto, en la zona baj\u00edo (Aguascalientes, Jalisco, Guanajuato, Quer\u00e9taro, San Luis Potos\u00ed, Michoac\u00e1n y Zacatecas), Ciudad de M\u00e9xico, Guadalajara y Monterrey.<\/div>\n<\/div>\n<p><strong>Campos Contenidos:<\/strong><\/p>\n<div class=\"row\">\n<div class=\"col-sm \">Nombre \/ Direcci\u00f3n \/ Ciudad \/ Estado \/ Celular \/ Email.<\/div>\n<\/div>\n<div class=\"row\">\n<div class=\"col-sm\"><strong>Garant\u00eda: <\/strong>80%-85% <strong>Precio Original: <\/strong><del>$2,517.00<\/del> <strong>Descuento Especial: <\/strong><strong class=\"text-danger\">20%<\/strong><\/div>\n<\/div>\n<div class=\"row\">\n<div class=\"col text-center\"><strong>Total a Pagar: <\/strong><strong class=\"text-danger\">$2,014.00<\/strong><\/div>\n<\/div>\n","protected":false},"featured_media":1896,"comment_status":"closed","ping_status":"closed","template":"","meta":[],"product_brand":[],"product_cat":[167,166,171,159],"product_tag":[553,311,328,199,204,200,237,201,264,205,183,181,310,555,554,557,430,289,288,287,327,240,349,556,558,276,277,275,268,431,270,383,274,271,266,278,280,267,366,279,346,503,545,344,375,359,345],"class_list":{"0":"post-4967","1":"product","2":"type-product","3":"status-publish","4":"has-post-thumbnail","6":"product_cat-consumidores-en-mexico","7":"product_cat-en-mexico","8":"product_cat-nse-medio-y-alto","9":"product_cat-personas","10":"product_tag-base-de-datos-aguascalientes","11":"product_tag-base-de-datos-celulares","12":"product_tag-base-de-datos-ciudad-de-mexico","13":"product_tag-base-de-datos-de-celulares","14":"product_tag-base-de-datos-de-emails","15":"product_tag-base-de-datos-de-numeros-celulares","16":"product_tag-base-de-datos-de-personas","17":"product_tag-base-de-datos-de-telefonos-celulares","18":"product_tag-base-de-datos-del-estado-de-queretaro","19":"product_tag-base-de-datos-email","20":"product_tag-base-de-datos-email-marketing","21":"product_tag-base-de-datos-emails","22":"product_tag-base-de-datos-guadalajara","23":"product_tag-base-de-datos-guanajuato","24":"product_tag-base-de-datos-jalisco","25":"product_tag-base-de-datos-michoacan","26":"product_tag-base-de-datos-monterrey","27":"product_tag-base-de-datos-nse-alto","28":"product_tag-base-de-datos-nse-medio","29":"product_tag-base-de-datos-nse-medio-y-alto","30":"product_tag-base-de-datos-numeros-de-celulares","31":"product_tag-base-de-datos-personas","32":"product_tag-base-de-datos-queretaro","33":"product_tag-base-de-datos-san-luis-potosi","34":"product_tag-base-de-datos-zacatecas","35":"product_tag-business-email-list","36":"product_tag-buy-email-address","37":"product_tag-buy-email-address-database","38":"product_tag-company-email-database","39":"product_tag-database-monterrey","40":"product_tag-database-of-email-advertising","41":"product_tag-email","42":"product_tag-email-address-database","43":"product_tag-email-business-database","44":"product_tag-email-database","45":"product_tag-email-database-for-sale","46":"product_tag-email-list-providers","47":"product_tag-email-marketer","48":"product_tag-emailing","49":"product_tag-emails-for-sale","50":"product_tag-guadalajara","51":"product_tag-guadalajara-database","52":"product_tag-lista-de-numeros-de-telefonos-celulares","53":"product_tag-monterrey","54":"product_tag-nse","55":"product_tag-personas-fisicas","56":"product_tag-queretaro","58":"first","59":"instock","60":"sale","61":"virtual","62":"purchasable","63":"product-type-simple"},"aioseo_notices":[],"_links":{"self":[{"href":"https:\/\/sihay.com.mx\/basededatos\/wp-json\/wp\/v2\/product\/4967","targetHints":{"allow":["GET"]}}],"collection":[{"href":"https:\/\/sihay.com.mx\/basededatos\/wp-json\/wp\/v2\/product"}],"about":[{"href":"https:\/\/sihay.com.mx\/basededatos\/wp-json\/wp\/v2\/types\/product"}],"replies":[{"embeddable":true,"href":"https:\/\/sihay.com.mx\/basededatos\/wp-json\/wp\/v2\/comments?post=4967"}],"wp:featuredmedia":[{"embeddable":true,"href":"https:\/\/sihay.com.mx\/basededatos\/wp-json\/wp\/v2\/media\/1896"}],"wp:attachment":[{"href":"https:\/\/sihay.com.mx\/basededatos\/wp-json\/wp\/v2\/media?parent=4967"}],"wp:term":[{"taxonomy":"product_brand","embeddable":true,"href":"https:\/\/sihay.com.mx\/basededatos\/wp-json\/wp\/v2\/product_brand?post=4967"},{"taxonomy":"product_cat","embeddable":true,"href":"https:\/\/sihay.com.mx\/basededatos\/wp-json\/wp\/v2\/product_cat?post=4967"},{"taxonomy":"product_tag","embeddable":true,"href":"https:\/\/sihay.com.mx\/basededatos\/wp-json\/wp\/v2\/product_tag?post=4967"}],"curies":[{"name":"wp","href":"https:\/\/api.w.org\/{rel}","templated":true}]}}