{"id":4946,"date":"2022-11-16T21:32:40","date_gmt":"2022-11-16T21:32:40","guid":{"rendered":"https:\/\/sihay.com.mx\/basededatos\/shop-2\/universidades-publicas-y-privadas-a-nivel-nacional\/"},"modified":"2023-03-21T17:37:47","modified_gmt":"2023-03-21T17:37:47","slug":"universidades-publicas-y-privadas-a-nivel-nacional","status":"publish","type":"product","link":"https:\/\/sihay.com.mx\/basededatos\/tienda\/universidades-publicas-y-privadas-a-nivel-nacional\/","title":{"rendered":"Universidades p\u00fablicas y Privadas  a Nivel Nacional."},"content":{"rendered":"","protected":false},"excerpt":{"rendered":"<p>&nbsp;<\/p>\n<div class=\"row\">\n<div class=\"col-sm\"><strong>C\u00f3digo:<\/strong> <strong class=\"text-danger\">JUI\u00d1-J6<\/strong><\/div>\n<div class=\"col-sm\"><strong>N\u00famero de registros: <\/strong>500<\/div>\n<\/div>\n<div class=\"row\">\n<div class=\"col-sm \"><strong>Folio: <\/strong><span class=\"text-danger\">LI0921B050<\/span><\/div>\n<\/div>\n<p><strong>Segmentaci\u00f3n:<\/strong><\/p>\n<div class=\"row\">\n<div class=\"col-sm \">Universidades p\u00fablicas y Privadas a Nivel Nacional.<\/div>\n<\/div>\n<p><strong>Campos Contenidos:<\/strong><\/p>\n<div class=\"row\">\n<div class=\"col-sm \">Empresa \/ Giro \/ Direcci\u00f3n \/ Ciudad \/ Estado \/ Contacto \/ Puesto: Director Acad\u00e9mico o Director de Tutor\u00edas o Director de Asesor\u00edas o Director de fortalecimiento acad\u00e9mico o Director de apoyo al estudiante \/ Tel\u00e9fono \/ Email \/ Perfil de LinkedIn*Opcional \/ P\u00e1gina web*opcional.<\/div>\n<\/div>\n<div class=\"row\">\n<div class=\"col-sm\"><strong>Garant\u00eda: <\/strong>80%-85% <strong>Precio Original: <\/strong><del>$5,533.00 MXN<\/del> <strong>Descuento Especial: <\/strong><strong class=\"text-danger\">20%<\/strong><\/div>\n<\/div>\n<div class=\"row\">\n<div class=\"col text-center\"><strong>Total a Pagar: <\/strong><strong class=\"text-danger\">$4,427.00 MXN<\/strong><\/div>\n<\/div>\n","protected":false},"featured_media":1881,"comment_status":"closed","ping_status":"closed","template":"","meta":[],"product_brand":[],"product_cat":[127,150],"product_tag":[269,234,252,206,233,235,216,204,470,534,207,214,215,205,183,181,208,300,191,228,236,417,418,273,308,276,277,275,302,265,268,272,270,575,319,383,274,271,266,278,280,267,366,279,423,501,357,356,324,323,550,545,321,322,305,303,307,570,416,304],"class_list":{"0":"post-4946","1":"product","2":"type-product","3":"status-publish","4":"has-post-thumbnail","6":"product_cat-empresas","7":"product_cat-universidades-privadas","8":"product_tag-b2b-database-for-marketing","9":"product_tag-base-de-datos","10":"product_tag-base-de-datos-agencias-de-publicidad","11":"product_tag-base-de-datos-correo-electronico","12":"product_tag-base-de-datos-correos-de-empresas-de-latinoamerica","13":"product_tag-base-de-datos-correos-electronicos","14":"product_tag-base-de-datos-de-correos","15":"product_tag-base-de-datos-de-emails","16":"product_tag-base-de-datos-de-empresas-mexico","17":"product_tag-base-de-datos-de-estudiantes","18":"product_tag-base-de-datos-de-telefonos","19":"product_tag-base-de-datos-de-universidades","20":"product_tag-base-de-datos-director","21":"product_tag-base-de-datos-email","22":"product_tag-base-de-datos-email-marketing","23":"product_tag-base-de-datos-emails","24":"product_tag-base-de-datos-empresa-mexico","25":"product_tag-base-de-datos-empresarios","26":"product_tag-base-de-datos-empresas","27":"product_tag-base-de-datos-mexico","28":"product_tag-base-de-datos-nivel-nacional","29":"product_tag-base-de-datos-telefono","30":"product_tag-bases-de-datos-de-telefonos-fijos","31":"product_tag-business-and-consumer-database","32":"product_tag-business-directory","33":"product_tag-business-email-list","34":"product_tag-buy-email-address","35":"product_tag-buy-email-address-database","36":"product_tag-cell-numbers-directory","37":"product_tag-company-database","38":"product_tag-company-email-database","39":"product_tag-database","40":"product_tag-database-of-email-advertising","41":"product_tag-director","42":"product_tag-directorio-empresas","43":"product_tag-email","44":"product_tag-email-address-database","45":"product_tag-email-business-database","46":"product_tag-email-database","47":"product_tag-email-database-for-sale","48":"product_tag-email-list-providers","49":"product_tag-email-marketer","50":"product_tag-emailing","51":"product_tag-emails-for-sale","52":"product_tag-empresarios","53":"product_tag-empresas","54":"product_tag-list","55":"product_tag-lista","56":"product_tag-lista-de-correo-electronico","57":"product_tag-lista-de-email","58":"product_tag-lista-de-numeros-de-telefonos","59":"product_tag-lista-de-numeros-de-telefonos-celulares","60":"product_tag-listado-de-emails","61":"product_tag-listado-de-emails-de-empresas","62":"product_tag-numbers-database","63":"product_tag-phone-database","64":"product_tag-phone-number-database","65":"product_tag-phone-number-list","66":"product_tag-telefono","67":"product_tag-telephone-number","69":"first","70":"instock","71":"sale","72":"shipping-taxable","73":"purchasable","74":"product-type-simple"},"aioseo_notices":[],"_links":{"self":[{"href":"https:\/\/sihay.com.mx\/basededatos\/wp-json\/wp\/v2\/product\/4946","targetHints":{"allow":["GET"]}}],"collection":[{"href":"https:\/\/sihay.com.mx\/basededatos\/wp-json\/wp\/v2\/product"}],"about":[{"href":"https:\/\/sihay.com.mx\/basededatos\/wp-json\/wp\/v2\/types\/product"}],"replies":[{"embeddable":true,"href":"https:\/\/sihay.com.mx\/basededatos\/wp-json\/wp\/v2\/comments?post=4946"}],"wp:featuredmedia":[{"embeddable":true,"href":"https:\/\/sihay.com.mx\/basededatos\/wp-json\/wp\/v2\/media\/1881"}],"wp:attachment":[{"href":"https:\/\/sihay.com.mx\/basededatos\/wp-json\/wp\/v2\/media?parent=4946"}],"wp:term":[{"taxonomy":"product_brand","embeddable":true,"href":"https:\/\/sihay.com.mx\/basededatos\/wp-json\/wp\/v2\/product_brand?post=4946"},{"taxonomy":"product_cat","embeddable":true,"href":"https:\/\/sihay.com.mx\/basededatos\/wp-json\/wp\/v2\/product_cat?post=4946"},{"taxonomy":"product_tag","embeddable":true,"href":"https:\/\/sihay.com.mx\/basededatos\/wp-json\/wp\/v2\/product_tag?post=4946"}],"curies":[{"name":"wp","href":"https:\/\/api.w.org\/{rel}","templated":true}]}}