{"id":4942,"date":"2022-11-16T21:32:38","date_gmt":"2022-11-16T21:32:38","guid":{"rendered":"https:\/\/sihay.com.mx\/basededatos\/shop-2\/empresas-que-tengan-pagina-web-y-realicen-e-commerce-a-nivel-nacional\/"},"modified":"2023-06-30T16:20:33","modified_gmt":"2023-06-30T16:20:33","slug":"empresas-que-tengan-pagina-web-y-realicen-e-commerce-a-nivel-nacional","status":"publish","type":"product","link":"https:\/\/sihay.com.mx\/basededatos\/tienda\/empresas-que-tengan-pagina-web-y-realicen-e-commerce-a-nivel-nacional\/","title":{"rendered":"Empresas que tengan p\u00e1gina web y realicen e-commerce, a Nivel Nacional."},"content":{"rendered":"","protected":false},"excerpt":{"rendered":"<p>&nbsp;<\/p>\n<div class=\"row\">\n<div class=\"col-sm\"><strong>C\u00f3digo:<\/strong> <strong class=\"text-danger\">ENSA-C9<\/strong><\/div>\n<div class=\"col-sm\"><strong>N\u00famero de registros: <\/strong>300<\/div>\n<\/div>\n<div class=\"row\">\n<div class=\"col-sm \"><strong>Folio: 03CLES0921-036<\/strong><\/div>\n<\/div>\n<p><strong>Segmentaci\u00f3n:<\/strong><\/p>\n<div class=\"row\">\n<div class=\"col-sm \">Empresas que tengan p\u00e1gina web y realicen e-commerce, de los sectores del calzado, ropa, cosm\u00e9ticos y suplementos alimenticios, que hagan de 500 a 2,000 env\u00edos de art\u00edculos al mes, a Nivel Nacional.<\/div>\n<\/div>\n<p><strong>Campos Contenidos:<\/strong><\/p>\n<div class=\"row\">\n<div class=\"col-sm \">Empresa \/ Rango de n\u00famero de env\u00edos \/ Giro \/ Direcci\u00f3n \/ Ciudad \/ Estado \/ Nombre de Contacto \/ Puesto: Director General o Socios o Directivos o Gerentes Generales o Tomador de decisi\u00f3n\/ Tel\u00e9fono \/ Email \/ P\u00e1gina web.<\/div>\n<\/div>\n<div class=\"row\">\n<div class=\"col-sm\"><strong>Garant\u00eda: <\/strong>80%-85% <strong>Precio Original: <\/strong><del>$3,492.00<\/del> <strong>Descuento Especial: <\/strong><strong class=\"text-danger\">20%<\/strong><\/div>\n<\/div>\n<div class=\"row\">\n<div class=\"col text-center\"><strong>Total a Pagar: <\/strong><strong class=\"text-danger\">$2,794.00<\/strong><\/div>\n<\/div>\n","protected":false},"featured_media":1864,"comment_status":"closed","ping_status":"closed","template":"","meta":[],"product_brand":[],"product_cat":[127],"product_tag":[269,582,234,206,235,216,204,207,196,215,194,205,183,181,191,197,477,236,195,417,198,217,403,418,611,610,308,276,583,277,275,265,268,535,272,270,584,319,383,274,266,278,280,587,267,588,589,590,366,279,636,357,591,356,324,323,550,321,367,303,307,570,416,304],"class_list":{"0":"post-4942","1":"product","2":"type-product","3":"status-publish","4":"has-post-thumbnail","6":"product_cat-empresas","7":"product_tag-b2b-database-for-marketing","8":"product_tag-b2b-email-lists","9":"product_tag-base-de-datos","10":"product_tag-base-de-datos-correo-electronico","11":"product_tag-base-de-datos-correos-electronicos","12":"product_tag-base-de-datos-de-correos","13":"product_tag-base-de-datos-de-emails","14":"product_tag-base-de-datos-de-telefonos","15":"product_tag-base-de-datos-directivos","16":"product_tag-base-de-datos-director","17":"product_tag-base-de-datos-director-general","18":"product_tag-base-de-datos-email","19":"product_tag-base-de-datos-email-marketing","20":"product_tag-base-de-datos-emails","21":"product_tag-base-de-datos-empresas","22":"product_tag-base-de-datos-gerentes","23":"product_tag-base-de-datos-mailing","24":"product_tag-base-de-datos-nivel-nacional","25":"product_tag-base-de-datos-socio","26":"product_tag-base-de-datos-telefono","27":"product_tag-base-de-datos-tomador-de-decision","28":"product_tag-base-de-datos-tomadores-de-decisiones","29":"product_tag-bases-de-datos","30":"product_tag-bases-de-datos-de-telefonos-fijos","31":"product_tag-bases-de-datos-email","32":"product_tag-bases-de-datos-emails","33":"product_tag-business-directory","34":"product_tag-business-email-list","35":"product_tag-business-emails","36":"product_tag-buy-email-address","37":"product_tag-buy-email-address-database","38":"product_tag-company-database","39":"product_tag-company-email-database","40":"product_tag-correos","41":"product_tag-database","42":"product_tag-database-of-email-advertising","43":"product_tag-database-of-emails","44":"product_tag-directorio-empresas","45":"product_tag-email","46":"product_tag-email-address-database","47":"product_tag-email-database","48":"product_tag-email-database-for-sale","49":"product_tag-email-list-providers","50":"product_tag-email-lists","51":"product_tag-email-marketer","52":"product_tag-email-marketing-database","53":"product_tag-email-marketing-list","54":"product_tag-email-services-marketing","55":"product_tag-emailing","56":"product_tag-emails-for-sale","57":"product_tag-empresas-a-nivel-nacional","58":"product_tag-list","59":"product_tag-list-of-emails","60":"product_tag-lista","61":"product_tag-lista-de-correo-electronico","62":"product_tag-lista-de-email","63":"product_tag-lista-de-numeros-de-telefonos","64":"product_tag-listado-de-emails","65":"product_tag-mailing","66":"product_tag-phone-database","67":"product_tag-phone-number-database","68":"product_tag-phone-number-list","69":"product_tag-telefono","70":"product_tag-telephone-number","72":"first","73":"instock","74":"sale","75":"virtual","76":"purchasable","77":"product-type-simple"},"aioseo_notices":[],"_links":{"self":[{"href":"https:\/\/sihay.com.mx\/basededatos\/wp-json\/wp\/v2\/product\/4942","targetHints":{"allow":["GET"]}}],"collection":[{"href":"https:\/\/sihay.com.mx\/basededatos\/wp-json\/wp\/v2\/product"}],"about":[{"href":"https:\/\/sihay.com.mx\/basededatos\/wp-json\/wp\/v2\/types\/product"}],"replies":[{"embeddable":true,"href":"https:\/\/sihay.com.mx\/basededatos\/wp-json\/wp\/v2\/comments?post=4942"}],"wp:featuredmedia":[{"embeddable":true,"href":"https:\/\/sihay.com.mx\/basededatos\/wp-json\/wp\/v2\/media\/1864"}],"wp:attachment":[{"href":"https:\/\/sihay.com.mx\/basededatos\/wp-json\/wp\/v2\/media?parent=4942"}],"wp:term":[{"taxonomy":"product_brand","embeddable":true,"href":"https:\/\/sihay.com.mx\/basededatos\/wp-json\/wp\/v2\/product_brand?post=4942"},{"taxonomy":"product_cat","embeddable":true,"href":"https:\/\/sihay.com.mx\/basededatos\/wp-json\/wp\/v2\/product_cat?post=4942"},{"taxonomy":"product_tag","embeddable":true,"href":"https:\/\/sihay.com.mx\/basededatos\/wp-json\/wp\/v2\/product_tag?post=4942"}],"curies":[{"name":"wp","href":"https:\/\/api.w.org\/{rel}","templated":true}]}}