{"id":4906,"date":"2022-11-16T21:32:33","date_gmt":"2022-11-16T21:32:33","guid":{"rendered":"https:\/\/sihay.com.mx\/basededatos\/shop-2\/medicos-en-latinoamerica\/"},"modified":"2023-06-19T18:31:28","modified_gmt":"2023-06-19T18:31:28","slug":"medicos-en-latinoamerica","status":"publish","type":"product","link":"https:\/\/sihay.com.mx\/basededatos\/tienda\/medicos-en-latinoamerica\/","title":{"rendered":"M\u00e9dicos en latinoamerica"},"content":{"rendered":"","protected":false},"excerpt":{"rendered":"<p>&nbsp;<\/p>\n<div class=\"row\">\n<div class=\"col-sm\"><strong>C\u00f3digo:<\/strong> <strong class=\"text-danger\">AGCA-C6-1<\/strong><\/div>\n<div class=\"col-sm\"><strong>N\u00famero de registros: <\/strong>300<\/div>\n<\/div>\n<div class=\"row\">\n<div class=\"col-sm \"><strong>Folio: <\/strong><span class=\"text-danger\">MO0920B070<\/span><\/div>\n<\/div>\n<p><strong>Segmentaci\u00f3n:<\/strong><\/p>\n<div class=\"row\">\n<div class=\"col-sm \">M\u00e9dicos cardi\u00f3logos (50 registros), M\u00e9dicos generales\/M\u00e9dicos internistas (50 registros) en Chile. M\u00e9dicos cardi\u00f3logos (50 registros), M\u00e9dicos generales (50 registros) M\u00e9dicos internistas (50 registros) en Colombia. M\u00e9dicos cardi\u00f3logos (50 registros) en Argentina<\/div>\n<\/div>\n<p><strong>Campos Contenidos:<\/strong><\/p>\n<div class=\"row\">\n<div class=\"col-sm \">Nombre \/ Direcci\u00f3n \/ Ciudad \/ Estado \/ Correo \/ Celular.<\/div>\n<\/div>\n<div class=\"row\">\n<div class=\"col-sm\"><strong>Garant\u00eda: <\/strong>80%-85% <strong>Precio Original: <\/strong><del>$<span style=\"text-decoration: line-through;\">5,301.00 MXN<\/span><\/del>\u00a0<strong>Descuento Especial: <\/strong><strong class=\"text-danger\">20%<\/strong><\/div>\n<\/div>\n<div class=\"row\">\n<div class=\"col text-center\"><strong>Total a Pagar: <\/strong><strong class=\"text-danger\">$4,240.00 MXN<\/strong><\/div>\n<\/div>\n","protected":false},"featured_media":1895,"comment_status":"closed","ping_status":"closed","template":"","meta":[],"product_brand":[],"product_cat":[170,159],"product_tag":[439,269,582,234,438,311,222,224,206,235,199,216,204,200,237,697,201,202,544,205,183,181,316,477,424,327,238,611,610,542,543,277,275,694,693,592,535,272,429,427,291,270,584,404,383,274,266,278,586,280,587,267,588,589,590,366,279,392,393,357,591,356,324,323,545,321,696,707,367,615,293,292,301,306],"class_list":{"0":"post-4906","1":"product","2":"type-product","3":"status-publish","4":"has-post-thumbnail","6":"product_cat-medicos-en-mexico","7":"product_cat-personas","8":"product_tag-argentina-database","9":"product_tag-b2b-database-for-marketing","10":"product_tag-b2b-email-lists","11":"product_tag-base-de-datos","12":"product_tag-base-de-datos-argentina","13":"product_tag-base-de-datos-celulares","14":"product_tag-base-de-datos-chile","15":"product_tag-base-de-datos-colombia","16":"product_tag-base-de-datos-correo-electronico","17":"product_tag-base-de-datos-correos-electronicos","18":"product_tag-base-de-datos-de-celulares","19":"product_tag-base-de-datos-de-correos","20":"product_tag-base-de-datos-de-emails","21":"product_tag-base-de-datos-de-numeros-celulares","22":"product_tag-base-de-datos-de-personas","23":"product_tag-base-de-datos-de-personas-fisicas","24":"product_tag-base-de-datos-de-telefonos-celulares","25":"product_tag-base-de-datos-de-telefonos-movil","26":"product_tag-base-de-datos-de-telefonos-moviles","27":"product_tag-base-de-datos-email","28":"product_tag-base-de-datos-email-marketing","29":"product_tag-base-de-datos-emails","30":"product_tag-base-de-datos-latinoamerica","31":"product_tag-base-de-datos-mailing","32":"product_tag-base-de-datos-medicos","33":"product_tag-base-de-datos-numeros-de-celulares","34":"product_tag-base-de-datos-personas-latinoamerica","35":"product_tag-bases-de-datos-email","36":"product_tag-bases-de-datos-emails","37":"product_tag-bases-de-datos-movil","38":"product_tag-bases-de-datos-moviles","39":"product_tag-buy-email-address","40":"product_tag-buy-email-address-database","41":"product_tag-consumer-email-database","42":"product_tag-consumer-email-list","43":"product_tag-consumer-emails","44":"product_tag-correos","45":"product_tag-database","46":"product_tag-database-chile","47":"product_tag-database-colombia","48":"product_tag-database-mobile","49":"product_tag-database-of-email-advertising","50":"product_tag-database-of-emails","51":"product_tag-databases","52":"product_tag-email","53":"product_tag-email-address-database","54":"product_tag-email-database","55":"product_tag-email-database-for-sale","56":"product_tag-email-databases","57":"product_tag-email-list-providers","58":"product_tag-email-lists","59":"product_tag-email-marketer","60":"product_tag-email-marketing-database","61":"product_tag-email-marketing-list","62":"product_tag-email-services-marketing","63":"product_tag-emailing","64":"product_tag-emails-for-sale","65":"product_tag-latinoamerica-database","66":"product_tag-latinoamerica-mobile-number-database","67":"product_tag-list","68":"product_tag-list-of-emails","69":"product_tag-lista","70":"product_tag-lista-de-correo-electronico","71":"product_tag-lista-de-email","72":"product_tag-lista-de-numeros-de-telefonos-celulares","73":"product_tag-listado-de-emails","74":"product_tag-listado-de-emails-de-consumidores","75":"product_tag-listado-de-emails-de-personas","76":"product_tag-mailing","77":"product_tag-mobile","78":"product_tag-mobile-number-database","79":"product_tag-mobile-phone-number","80":"product_tag-mobile-phone-number-database","81":"product_tag-mobile-phone-number-list","83":"first","84":"instock","85":"sale","86":"virtual","87":"purchasable","88":"product-type-simple"},"aioseo_notices":[],"_links":{"self":[{"href":"https:\/\/sihay.com.mx\/basededatos\/wp-json\/wp\/v2\/product\/4906","targetHints":{"allow":["GET"]}}],"collection":[{"href":"https:\/\/sihay.com.mx\/basededatos\/wp-json\/wp\/v2\/product"}],"about":[{"href":"https:\/\/sihay.com.mx\/basededatos\/wp-json\/wp\/v2\/types\/product"}],"replies":[{"embeddable":true,"href":"https:\/\/sihay.com.mx\/basededatos\/wp-json\/wp\/v2\/comments?post=4906"}],"wp:featuredmedia":[{"embeddable":true,"href":"https:\/\/sihay.com.mx\/basededatos\/wp-json\/wp\/v2\/media\/1895"}],"wp:attachment":[{"href":"https:\/\/sihay.com.mx\/basededatos\/wp-json\/wp\/v2\/media?parent=4906"}],"wp:term":[{"taxonomy":"product_brand","embeddable":true,"href":"https:\/\/sihay.com.mx\/basededatos\/wp-json\/wp\/v2\/product_brand?post=4906"},{"taxonomy":"product_cat","embeddable":true,"href":"https:\/\/sihay.com.mx\/basededatos\/wp-json\/wp\/v2\/product_cat?post=4906"},{"taxonomy":"product_tag","embeddable":true,"href":"https:\/\/sihay.com.mx\/basededatos\/wp-json\/wp\/v2\/product_tag?post=4906"}],"curies":[{"name":"wp","href":"https:\/\/api.w.org\/{rel}","templated":true}]}}