{"id":4888,"date":"2022-11-16T21:32:31","date_gmt":"2022-11-16T21:32:31","guid":{"rendered":"https:\/\/sihay.com.mx\/basededatos\/shop-2\/empresas-grandes-que-tengan-mas-de-150-200-empleados-en-distintos-sectores\/"},"modified":"2023-04-11T16:11:09","modified_gmt":"2023-04-11T16:11:09","slug":"empresas-grandes-que-tengan-mas-de-150-200-empleados-en-distintos-sectores","status":"publish","type":"product","link":"https:\/\/sihay.com.mx\/basededatos\/tienda\/empresas-grandes-que-tengan-mas-de-150-200-empleados-en-distintos-sectores\/","title":{"rendered":"Empresas grandes que tengan m\u00e1s de 150-200 empleados en distintos sectores"},"content":{"rendered":"","protected":false},"excerpt":{"rendered":"<p>&nbsp;<\/p>\n<div class=\"row\">\n<div class=\"col-sm\"><strong>C\u00f3digo:<\/strong> <strong class=\"text-danger\">SACA-C9<\/strong><\/div>\n<div class=\"col-sm\"><strong>N\u00famero de registros: <\/strong>500<\/div>\n<\/div>\n<div class=\"row\">\n<div class=\"col-sm \"><strong>Folio: <\/strong><span class=\"text-danger\">EN0621B077<\/span><\/div>\n<\/div>\n<p><strong>Segmentaci\u00f3n:<\/strong><\/p>\n<div class=\"row\">\n<div class=\"col-sm \">\n<div class=\"col-sm \">\n<div class=\"col-sm \"><span class=\"text-justify\">*Empresas grandes que tengan m\u00e1s de 150-200 empleados de los sectores de: Abarrotes, Restaurante \/ Bar, Construcci\u00f3n, Venta de Ropa, Log\u00edstica, Ferreter\u00eda, Venta de Alimentos, Carnicer\u00eda, Refaccionaria, Transporte de carga en general, Hoteler\u00eda, Taller Mec\u00e1nico, Inmobiliaria, Radiotelecomunicaciones, Servicios Educativos, Servicio M\u00e9dico, Telecomunicaciones y Comercio a Nivel Nacional, principalmente en la CDMX. <\/span><\/div>\n<div class=\"col-sm \"><span class=\"text-justify\">*Empresas grandes que tengan m\u00e1s de 150-200 empleados de los sectores de: Abarrotes, Restaurante \/ Bar, Construcci\u00f3n, Venta de Ropa, Log\u00edstica, Ferreter\u00eda, Venta de Alimentos, Carnicer\u00eda, Refaccionaria, Transporte de carga en general, Hoteler\u00eda, Taller Mec\u00e1nico, Inmobiliaria, Radiotelecomunicaciones, Servicios Educativos, Servicio M\u00e9dico, Telecomunicaciones y Comercio en Bogot\u00e1, Cali y Medell\u00edn, Colombia.<\/span><\/div>\n<\/div>\n<p>&nbsp;<\/p>\n<p><strong style=\"font-size: 1rem;\">Campos Contenidos:<\/strong><\/p>\n<\/div>\n<\/div>\n<div class=\"row\">\n<div class=\"col-sm \">Empresa \/ Giro \/ Ciudad \/ Estado \/ Contacto \/ Puesto: Encargado de Recursos Humanos o Finanzas o Sistemas \/ Email.<\/div>\n<\/div>\n<div class=\"row\">\n<div class=\"col-sm\"><strong>Garant\u00eda: <\/strong>80%-85% <strong>Precio Original: <\/strong><del>$<span style=\"text-decoration: line-through;\">5,156.00 MXN<\/span><\/del>\u00a0<strong>Descuento Especial: <\/strong><strong class=\"text-danger\">20%<\/strong><\/div>\n<\/div>\n<div class=\"row\">\n<div class=\"col text-center\"><strong>Total a Pagar: <\/strong><strong class=\"text-danger\">$4,124.00 MXN<\/strong><\/div>\n<\/div>\n","protected":false},"featured_media":1865,"comment_status":"closed","ping_status":"closed","template":"","meta":[],"product_brand":[],"product_cat":[128,127],"product_tag":[269,582,234,225,224,209,206,235,242,216,376,204,497,350,207,205,183,181,191,597,313,236,413,360,537,417,403,418,611,610,595,273,308,276,583,277,275,265,268,475,535,272,427,270,584,404,319,383,274,271,266,278,585,586,280,587,267,588,589,590,366,279,501,338,612,500,357,591,356,324,323,321,322,607,614,496,455],"class_list":{"0":"post-4888","1":"product","2":"type-product","3":"status-publish","4":"has-post-thumbnail","6":"product_cat-con-mas-de-100-empleados","7":"product_cat-empresas","8":"product_tag-b2b-database-for-marketing","9":"product_tag-b2b-email-lists","10":"product_tag-base-de-datos","11":"product_tag-base-de-datos-bogota","12":"product_tag-base-de-datos-colombia","13":"product_tag-base-de-datos-con-mas-de-100-empleados","14":"product_tag-base-de-datos-correo-electronico","15":"product_tag-base-de-datos-correos-electronicos","16":"product_tag-base-de-datos-de-construcciones","17":"product_tag-base-de-datos-de-correos","18":"product_tag-base-de-datos-de-desarrolladores-de-sistemas","19":"product_tag-base-de-datos-de-emails","20":"product_tag-base-de-datos-de-empresas-inmobiliaria","21":"product_tag-base-de-datos-de-encargados","22":"product_tag-base-de-datos-de-telefonos","23":"product_tag-base-de-datos-email","24":"product_tag-base-de-datos-email-marketing","25":"product_tag-base-de-datos-emails","26":"product_tag-base-de-datos-empresas","27":"product_tag-base-de-datos-finanzas","28":"product_tag-base-de-datos-hoteles","29":"product_tag-base-de-datos-nivel-nacional","30":"product_tag-base-de-datos-recursos-humanos","31":"product_tag-base-de-datos-restaurantes","32":"product_tag-base-de-datos-servicios","33":"product_tag-base-de-datos-telefono","34":"product_tag-bases-de-datos","35":"product_tag-bases-de-datos-de-telefonos-fijos","36":"product_tag-bases-de-datos-email","37":"product_tag-bases-de-datos-emails","38":"product_tag-bases-de-datos-telecomunicaciones","39":"product_tag-business-and-consumer-database","40":"product_tag-business-directory","41":"product_tag-business-email-list","42":"product_tag-business-emails","43":"product_tag-buy-email-address","44":"product_tag-buy-email-address-database","45":"product_tag-company-database","46":"product_tag-company-email-database","47":"product_tag-comprar-base-de-datos-mexico","48":"product_tag-correos","49":"product_tag-database","50":"product_tag-database-colombia","51":"product_tag-database-of-email-advertising","52":"product_tag-database-of-emails","53":"product_tag-databases","54":"product_tag-directorio-empresas","55":"product_tag-email","56":"product_tag-email-address-database","57":"product_tag-email-business-database","58":"product_tag-email-database","59":"product_tag-email-database-for-sale","60":"product_tag-email-database-of-businesses","61":"product_tag-email-databases","62":"product_tag-email-list-providers","63":"product_tag-email-lists","64":"product_tag-email-marketer","65":"product_tag-email-marketing-database","66":"product_tag-email-marketing-list","67":"product_tag-email-services-marketing","68":"product_tag-emailing","69":"product_tag-emails-for-sale","70":"product_tag-empresas","71":"product_tag-empresas-de-autotransporte","72":"product_tag-envio","73":"product_tag-gerente-de-sistemas","74":"product_tag-list","75":"product_tag-list-of-emails","76":"product_tag-lista","77":"product_tag-lista-de-correo-electronico","78":"product_tag-lista-de-email","79":"product_tag-listado-de-emails","80":"product_tag-listado-de-emails-de-empresas","81":"product_tag-marketing","82":"product_tag-mecanico","83":"product_tag-recursos-humanos","84":"product_tag-transporte","86":"first","87":"instock","88":"sale","89":"virtual","90":"purchasable","91":"product-type-simple"},"aioseo_notices":[],"_links":{"self":[{"href":"https:\/\/sihay.com.mx\/basededatos\/wp-json\/wp\/v2\/product\/4888","targetHints":{"allow":["GET"]}}],"collection":[{"href":"https:\/\/sihay.com.mx\/basededatos\/wp-json\/wp\/v2\/product"}],"about":[{"href":"https:\/\/sihay.com.mx\/basededatos\/wp-json\/wp\/v2\/types\/product"}],"replies":[{"embeddable":true,"href":"https:\/\/sihay.com.mx\/basededatos\/wp-json\/wp\/v2\/comments?post=4888"}],"wp:featuredmedia":[{"embeddable":true,"href":"https:\/\/sihay.com.mx\/basededatos\/wp-json\/wp\/v2\/media\/1865"}],"wp:attachment":[{"href":"https:\/\/sihay.com.mx\/basededatos\/wp-json\/wp\/v2\/media?parent=4888"}],"wp:term":[{"taxonomy":"product_brand","embeddable":true,"href":"https:\/\/sihay.com.mx\/basededatos\/wp-json\/wp\/v2\/product_brand?post=4888"},{"taxonomy":"product_cat","embeddable":true,"href":"https:\/\/sihay.com.mx\/basededatos\/wp-json\/wp\/v2\/product_cat?post=4888"},{"taxonomy":"product_tag","embeddable":true,"href":"https:\/\/sihay.com.mx\/basededatos\/wp-json\/wp\/v2\/product_tag?post=4888"}],"curies":[{"name":"wp","href":"https:\/\/api.w.org\/{rel}","templated":true}]}}