{"id":4805,"date":"2022-11-16T21:32:17","date_gmt":"2022-11-16T21:32:17","guid":{"rendered":"https:\/\/sihay.com.mx\/basededatos\/shop-2\/personas-fisicas-de-18-a-70-anos-economicamente-activas-que-sean-tarjetahabientes-nse-medio-alto-y-alto-en-el-estado-de-coahuila-y-monterrey-nuevo-leon\/"},"modified":"2023-06-14T17:54:10","modified_gmt":"2023-06-14T17:54:10","slug":"personas-fisicas-de-18-a-70-anos-economicamente-activas-que-sean-tarjetahabientes-nse-medio-alto-y-alto-en-el-estado-de-coahuila-y-monterrey-nuevo-leon","status":"publish","type":"product","link":"https:\/\/sihay.com.mx\/basededatos\/tienda\/personas-fisicas-de-18-a-70-anos-economicamente-activas-que-sean-tarjetahabientes-nse-medio-alto-y-alto-en-el-estado-de-coahuila-y-monterrey-nuevo-leon\/","title":{"rendered":"Personas f\u00edsicas, de 18 a 70 a\u00f1os, econ\u00f3micamente activas que sean tarjetahabientes, NSE medio alto y alto en el estado de Coahuila y Monterrey Nuevo Le\u00f3n."},"content":{"rendered":"","protected":false},"excerpt":{"rendered":"<p>&nbsp;<\/p>\n<div class=\"row\">\n<div class=\"col-sm\"><strong>C\u00f3digo:<\/strong> <strong class=\"text-danger\">JAMS-C0<\/strong><\/div>\n<div class=\"col-sm\"><strong>N\u00famero de registros: <\/strong>250<\/div>\n<\/div>\n<div class=\"row\">\n<div class=\"col-sm \"><strong>Folio: <\/strong><span class=\"text-danger\">JM0621B071<\/span><\/div>\n<\/div>\n<p><strong>Segmentaci\u00f3n:<\/strong><\/p>\n<div class=\"row\">\n<div class=\"col-sm \">Personas f\u00edsicas, de 18 a 70 a\u00f1os, econ\u00f3micamente activas que sean tarjetahabientes, NSE medio alto y alto en el estado de Coahuila y Monterrey Nuevo Le\u00f3n.<\/div>\n<\/div>\n<p><strong>Campos Contenidos:<\/strong><\/p>\n<div class=\"row\">\n<div class=\"col-sm \">Nombre \/ Direcci\u00f3n \/ Ciudad \/ Estado \/ Correo \/ Celular (tel\u00e9fono personal)<\/div>\n<\/div>\n<div class=\"row\">\n<div class=\"col-sm\"><strong>Garant\u00eda: <\/strong>80%-85% <strong>Precio Original: <\/strong><del>$2,256.00 MXN<\/del> <strong>Descuento Especial: <\/strong><strong class=\"text-danger\">20%<\/strong><\/div>\n<\/div>\n<div class=\"row\">\n<div class=\"col text-center\"><strong>Total a Pagar: <\/strong><strong class=\"text-danger\">$1,805.00 MXN<\/strong><\/div>\n<\/div>\n","protected":false},"featured_media":1896,"comment_status":"closed","ping_status":"closed","template":"","meta":[],"product_brand":[],"product_cat":[171,159],"product_tag":[269,582,234,510,206,235,216,204,237,697,205,183,181,477,702,240,611,610,273,277,275,358,694,693,592,535,272,270,584,383,274,266,278,280,587,267,588,589,590,366,279,357,591,356,324,323,321,696,707,367],"class_list":{"0":"post-4805","1":"product","2":"type-product","3":"status-publish","4":"has-post-thumbnail","6":"product_cat-nse-medio-y-alto","7":"product_cat-personas","8":"product_tag-b2b-database-for-marketing","9":"product_tag-b2b-email-lists","10":"product_tag-base-de-datos","11":"product_tag-base-de-datos-consumidores","12":"product_tag-base-de-datos-correo-electronico","13":"product_tag-base-de-datos-correos-electronicos","14":"product_tag-base-de-datos-de-correos","15":"product_tag-base-de-datos-de-emails","16":"product_tag-base-de-datos-de-personas","17":"product_tag-base-de-datos-de-personas-fisicas","18":"product_tag-base-de-datos-email","19":"product_tag-base-de-datos-email-marketing","20":"product_tag-base-de-datos-emails","21":"product_tag-base-de-datos-mailing","22":"product_tag-base-de-datos-nse","23":"product_tag-base-de-datos-personas","24":"product_tag-bases-de-datos-email","25":"product_tag-bases-de-datos-emails","26":"product_tag-business-and-consumer-database","27":"product_tag-buy-email-address","28":"product_tag-buy-email-address-database","29":"product_tag-consumer-database","30":"product_tag-consumer-email-database","31":"product_tag-consumer-email-list","32":"product_tag-consumer-emails","33":"product_tag-correos","34":"product_tag-database","35":"product_tag-database-of-email-advertising","36":"product_tag-database-of-emails","37":"product_tag-email","38":"product_tag-email-address-database","39":"product_tag-email-database","40":"product_tag-email-database-for-sale","41":"product_tag-email-list-providers","42":"product_tag-email-lists","43":"product_tag-email-marketer","44":"product_tag-email-marketing-database","45":"product_tag-email-marketing-list","46":"product_tag-email-services-marketing","47":"product_tag-emailing","48":"product_tag-emails-for-sale","49":"product_tag-list","50":"product_tag-list-of-emails","51":"product_tag-lista","52":"product_tag-lista-de-correo-electronico","53":"product_tag-lista-de-email","54":"product_tag-listado-de-emails","55":"product_tag-listado-de-emails-de-consumidores","56":"product_tag-listado-de-emails-de-personas","57":"product_tag-mailing","59":"first","60":"instock","61":"sale","62":"shipping-taxable","63":"purchasable","64":"product-type-simple"},"aioseo_notices":[],"_links":{"self":[{"href":"https:\/\/sihay.com.mx\/basededatos\/wp-json\/wp\/v2\/product\/4805","targetHints":{"allow":["GET"]}}],"collection":[{"href":"https:\/\/sihay.com.mx\/basededatos\/wp-json\/wp\/v2\/product"}],"about":[{"href":"https:\/\/sihay.com.mx\/basededatos\/wp-json\/wp\/v2\/types\/product"}],"replies":[{"embeddable":true,"href":"https:\/\/sihay.com.mx\/basededatos\/wp-json\/wp\/v2\/comments?post=4805"}],"wp:featuredmedia":[{"embeddable":true,"href":"https:\/\/sihay.com.mx\/basededatos\/wp-json\/wp\/v2\/media\/1896"}],"wp:attachment":[{"href":"https:\/\/sihay.com.mx\/basededatos\/wp-json\/wp\/v2\/media?parent=4805"}],"wp:term":[{"taxonomy":"product_brand","embeddable":true,"href":"https:\/\/sihay.com.mx\/basededatos\/wp-json\/wp\/v2\/product_brand?post=4805"},{"taxonomy":"product_cat","embeddable":true,"href":"https:\/\/sihay.com.mx\/basededatos\/wp-json\/wp\/v2\/product_cat?post=4805"},{"taxonomy":"product_tag","embeddable":true,"href":"https:\/\/sihay.com.mx\/basededatos\/wp-json\/wp\/v2\/product_tag?post=4805"}],"curies":[{"name":"wp","href":"https:\/\/api.w.org\/{rel}","templated":true}]}}