{"id":4737,"date":"2022-11-16T21:32:07","date_gmt":"2022-11-16T21:32:07","guid":{"rendered":"https:\/\/sihay.com.mx\/basededatos\/shop-2\/empresas-del-sector-financiero-industrial-manufacturero-servicios-comerciales-retail-telecomunicaciones-energia-distribucion-y-universidades-privadas-en-monterrey-nuevo-leon-ciudad-de-mexico\/"},"modified":"2023-03-24T16:29:00","modified_gmt":"2023-03-24T16:29:00","slug":"empresas-del-sector-financiero-industrial-manufacturero-servicios-comerciales-retail-telecomunicaciones-energia-distribucion-y-universidades-privadas-en-monterrey-nuevo-leon-ciudad-de-mexico","status":"publish","type":"product","link":"https:\/\/sihay.com.mx\/basededatos\/tienda\/empresas-del-sector-financiero-industrial-manufacturero-servicios-comerciales-retail-telecomunicaciones-energia-distribucion-y-universidades-privadas-en-monterrey-nuevo-leon-ciudad-de-mexico\/","title":{"rendered":"Empresas del sector financiero, industrial, manufacturero, servicios comerciales, retail, telecomunicaciones, energ\u00eda, distribuci\u00f3n y universidades privadas, en Monterrey, Nuevo Le\u00f3n; Ciudad de M\u00e9xico y Guadalajara, Jalisco."},"content":{"rendered":"","protected":false},"excerpt":{"rendered":"<p>&nbsp;<\/p>\n<div class=\"row\">\n<div class=\"col-sm\"><strong>C\u00f3digo:<\/strong> <strong class=\"text-danger\">ALCE-N9<\/strong><\/div>\n<div class=\"col-sm\"><strong>N\u00famero de registros: <\/strong>300<\/div>\n<\/div>\n<div class=\"row\">\n<div class=\"col-sm \"><strong>Folio: <\/strong><span class=\"text-danger\">03AMAC0421-018<\/span><\/div>\n<\/div>\n<p><strong>Segmentaci\u00f3n:<\/strong><\/p>\n<div class=\"row\">\n<div class=\"col-sm \">Empresas del sector financiero, industrial, manufacturero, servicios comerciales, retail, telecomunicaciones, energ\u00eda, distribuci\u00f3n y universidades privadas, en Monterrey, Nuevo Le\u00f3n; Ciudad de M\u00e9xico y Guadalajara, Jalisco.<\/div>\n<\/div>\n<p><strong>Campos Contenidos:<\/strong><\/p>\n<div class=\"row\">\n<div class=\"col-sm \">Empresa \/ Giro \/ Direcci\u00f3n \/ Ciudad \/ Estado \/ Contacto \/ Puesto: Director General o Socios o Directivos o Gerentes Generales o Tomador de decisi\u00f3n\/ Tel\u00e9fono \/ Email \/ P\u00e1gina web*opcional.<\/div>\n<\/div>\n<div class=\"row\">\n<div class=\"col-sm\"><strong>Garant\u00eda: <\/strong>80%-85% <strong>Precio Original: <\/strong><del>$2,517.00<\/del> <strong>Descuento Especial: <\/strong><strong class=\"text-danger\">20%<\/strong><\/div>\n<\/div>\n<div class=\"row\">\n<div class=\"col text-center\"><strong>Total a Pagar: <\/strong><strong class=\"text-danger\">$2,014.00<\/strong><\/div>\n<\/div>\n","protected":false},"featured_media":1864,"comment_status":"closed","ping_status":"closed","template":"","meta":[],"product_brand":[],"product_cat":[127,138,145,148],"product_tag":[269,234,328,206,233,235,216,204,470,340,207,214,196,215,194,205,183,181,300,191,549,197,310,554,477,473,576,430,353,210,195,417,198,217,566,403,418,273,308,276,277,275,265,268,351,476,475,535,272,431,433,270,382,575,319,383,274,271,266,278,280,267,366,279,423,501,309,335,346,503,536,357,356,324,323,550,321,322,367,552,344,432,434,570,381,416,352,469,559],"class_list":{"0":"post-4737","1":"product","2":"type-product","3":"status-publish","4":"has-post-thumbnail","6":"product_cat-empresas","7":"product_cat-financieras","8":"product_cat-manufactureras","9":"product_cat-retail","10":"product_tag-b2b-database-for-marketing","11":"product_tag-base-de-datos","12":"product_tag-base-de-datos-ciudad-de-mexico","13":"product_tag-base-de-datos-correo-electronico","14":"product_tag-base-de-datos-correos-de-empresas-de-latinoamerica","15":"product_tag-base-de-datos-correos-electronicos","16":"product_tag-base-de-datos-de-correos","17":"product_tag-base-de-datos-de-emails","18":"product_tag-base-de-datos-de-empresas-mexico","19":"product_tag-base-de-datos-de-industrias","20":"product_tag-base-de-datos-de-telefonos","21":"product_tag-base-de-datos-de-universidades","22":"product_tag-base-de-datos-directivos","23":"product_tag-base-de-datos-director","24":"product_tag-base-de-datos-director-general","25":"product_tag-base-de-datos-email","26":"product_tag-base-de-datos-email-marketing","27":"product_tag-base-de-datos-emails","28":"product_tag-base-de-datos-empresarios","29":"product_tag-base-de-datos-empresas","30":"product_tag-base-de-datos-financieras","31":"product_tag-base-de-datos-gerentes","32":"product_tag-base-de-datos-guadalajara","33":"product_tag-base-de-datos-jalisco","34":"product_tag-base-de-datos-mailing","35":"product_tag-base-de-datos-manufactura","36":"product_tag-base-de-datos-manufactureras","37":"product_tag-base-de-datos-monterrey","38":"product_tag-base-de-datos-nuevo-leon","39":"product_tag-base-de-datos-retail","40":"product_tag-base-de-datos-socio","41":"product_tag-base-de-datos-telefono","42":"product_tag-base-de-datos-tomador-de-decision","43":"product_tag-base-de-datos-tomadores-de-decisiones","44":"product_tag-base-de-datos-ventas","45":"product_tag-bases-de-datos","46":"product_tag-bases-de-datos-de-telefonos-fijos","47":"product_tag-business-and-consumer-database","48":"product_tag-business-directory","49":"product_tag-business-email-list","50":"product_tag-buy-email-address","51":"product_tag-buy-email-address-database","52":"product_tag-company-database","53":"product_tag-company-email-database","54":"product_tag-compra-base-de-datos","55":"product_tag-comprar-base-de-datos","56":"product_tag-comprar-base-de-datos-mexico","57":"product_tag-correos","58":"product_tag-database","59":"product_tag-database-monterrey","60":"product_tag-database-nuevo-leon","61":"product_tag-database-of-email-advertising","62":"product_tag-database-retail","63":"product_tag-director","64":"product_tag-directorio-empresas","65":"product_tag-email","66":"product_tag-email-address-database","67":"product_tag-email-business-database","68":"product_tag-email-database","69":"product_tag-email-database-for-sale","70":"product_tag-email-list-providers","71":"product_tag-email-marketer","72":"product_tag-emailing","73":"product_tag-emails-for-sale","74":"product_tag-empresarios","75":"product_tag-empresas","76":"product_tag-empresas-grandes","77":"product_tag-empresas-manufactureras","78":"product_tag-guadalajara","79":"product_tag-guadalajara-database","80":"product_tag-industry-database","81":"product_tag-list","82":"product_tag-lista","83":"product_tag-lista-de-correo-electronico","84":"product_tag-lista-de-email","85":"product_tag-lista-de-numeros-de-telefonos","86":"product_tag-listado-de-emails","87":"product_tag-listado-de-emails-de-empresas","88":"product_tag-mailing","89":"product_tag-mailing-mexico","90":"product_tag-monterrey","91":"product_tag-nuevo-leon","92":"product_tag-nuevo-leon-database","93":"product_tag-phone-number-list","94":"product_tag-retail","95":"product_tag-telefono","96":"product_tag-venta-base-de-datos","97":"product_tag-venta-base-se-datos","98":"product_tag-venta-de-base-de-datos","100":"first","101":"instock","102":"sale","103":"virtual","104":"purchasable","105":"product-type-simple"},"aioseo_notices":[],"_links":{"self":[{"href":"https:\/\/sihay.com.mx\/basededatos\/wp-json\/wp\/v2\/product\/4737","targetHints":{"allow":["GET"]}}],"collection":[{"href":"https:\/\/sihay.com.mx\/basededatos\/wp-json\/wp\/v2\/product"}],"about":[{"href":"https:\/\/sihay.com.mx\/basededatos\/wp-json\/wp\/v2\/types\/product"}],"replies":[{"embeddable":true,"href":"https:\/\/sihay.com.mx\/basededatos\/wp-json\/wp\/v2\/comments?post=4737"}],"wp:featuredmedia":[{"embeddable":true,"href":"https:\/\/sihay.com.mx\/basededatos\/wp-json\/wp\/v2\/media\/1864"}],"wp:attachment":[{"href":"https:\/\/sihay.com.mx\/basededatos\/wp-json\/wp\/v2\/media?parent=4737"}],"wp:term":[{"taxonomy":"product_brand","embeddable":true,"href":"https:\/\/sihay.com.mx\/basededatos\/wp-json\/wp\/v2\/product_brand?post=4737"},{"taxonomy":"product_cat","embeddable":true,"href":"https:\/\/sihay.com.mx\/basededatos\/wp-json\/wp\/v2\/product_cat?post=4737"},{"taxonomy":"product_tag","embeddable":true,"href":"https:\/\/sihay.com.mx\/basededatos\/wp-json\/wp\/v2\/product_tag?post=4737"}],"curies":[{"name":"wp","href":"https:\/\/api.w.org\/{rel}","templated":true}]}}