{"id":4735,"date":"2022-11-16T21:32:05","date_gmt":"2022-11-16T21:32:05","guid":{"rendered":"https:\/\/sihay.com.mx\/basededatos\/shop-2\/empresas-con-mas-de-12-empleados-en-mexico\/"},"modified":"2023-06-30T19:44:43","modified_gmt":"2023-06-30T19:44:43","slug":"empresas-con-mas-de-12-empleados-en-mexico","status":"publish","type":"product","link":"https:\/\/sihay.com.mx\/basededatos\/tienda\/empresas-con-mas-de-12-empleados-en-mexico\/","title":{"rendered":"Empresas con m\u00e1s de 12 empleados, en M\u00e9xico."},"content":{"rendered":"","protected":false},"excerpt":{"rendered":"<p>&nbsp;<\/p>\n<div class=\"row\">\n<div class=\"col-sm\"><strong>C\u00f3digo:<\/strong> <strong class=\"text-danger\">PAMA-J6<\/strong><\/div>\n<div class=\"col-sm\"><strong>N\u00famero de registros: <\/strong>10,000<\/div>\n<\/div>\n<div class=\"row\">\n<div class=\"col-sm \"><strong>Folio: <\/strong><span class=\"text-danger\">03MCBR0520-025<\/span><\/div>\n<\/div>\n<p><strong>Segmentaci\u00f3n:<\/strong><\/p>\n<div class=\"row\">\n<div class=\"col-sm \">Empresas con m\u00e1s de 12 empleados en Guadalajara, Tlajomulco, Tlaquepaque y Tonal\u00e1, Jalisco; Hermosillo, Sonora; Morelia y Zamora, Michoac\u00e1n; Le\u00f3n y Guanajuato, Guanajuato; Quer\u00e9taro, Quer\u00e9taro; Culiac\u00e1n, Sinaloa; Puebla, Puebla; Toluca, Estado de M\u00e9xico; Torre\u00f3n y Parras, Coahuila; Veracruz y Xalapa, Veracruz; Tepic, Nayarit, Zacatecas, Zacatecas y zona industrial Vallejo en Ciudad de M\u00e9xico.<\/div>\n<\/div>\n<p><strong>Campos Contenidos:<\/strong><\/p>\n<div class=\"row\">\n<div class=\"col-sm \">Empresa \/ Giro \/ Direcci\u00f3n \/ N\u00famero de empleados \/ Ciudad \/ Estado \/ Contacto \/ Puesto: C-Levels, Socios, Directivos, o Gerentes de TI o Administraci\u00f3n o Compras o Finanzas o Infraestructura Soporte o Mantenimiento \/ Tel\u00e9fono \/ Email \/ Pagina Web opcional<\/div>\n<\/div>\n<div class=\"row\">\n<div class=\"col-sm\"><strong>Garant\u00eda: <\/strong>80%-85% <strong>Precio Original: <\/strong><del>$71,885.00<\/del> <strong>Descuento Especial: <\/strong><strong class=\"text-danger\">20%<\/strong><\/div>\n<\/div>\n<div class=\"row\">\n<div class=\"col text-center\"><strong>Total a Pagar: <\/strong><strong class=\"text-danger\">$57,508.00<\/strong><\/div>\n<\/div>\n","protected":false},"featured_media":1864,"comment_status":"closed","ping_status":"closed","template":"","meta":[],"product_brand":[],"product_cat":[127],"product_tag":[688,269,582,234,193,328,516,206,235,216,659,204,410,207,507,264,196,205,183,181,191,561,597,315,197,310,555,554,477,557,349,195,681,417,506,558,403,418,611,610,563,601,276,583,277,275,265,268,535,272,270,584,383,274,266,278,280,587,267,588,589,590,366,279,503,683,646,679,505,357,591,356,324,323,550,321,367,303,307,570,564,504,416,304,508],"class_list":{"0":"post-4735","1":"product","2":"type-product","3":"status-publish","4":"has-post-thumbnail","6":"product_cat-empresas","7":"product_tag-administracion","8":"product_tag-b2b-database-for-marketing","9":"product_tag-b2b-email-lists","10":"product_tag-base-de-datos","11":"product_tag-base-de-datos-c-levels","12":"product_tag-base-de-datos-ciudad-de-mexico","13":"product_tag-base-de-datos-coahuila","14":"product_tag-base-de-datos-correo-electronico","15":"product_tag-base-de-datos-correos-electronicos","16":"product_tag-base-de-datos-de-correos","17":"product_tag-base-de-datos-de-culiacan","18":"product_tag-base-de-datos-de-emails","19":"product_tag-base-de-datos-de-encargado-de-compras","20":"product_tag-base-de-datos-de-telefonos","21":"product_tag-base-de-datos-de-veracruz","22":"product_tag-base-de-datos-del-estado-de-queretaro","23":"product_tag-base-de-datos-directivos","24":"product_tag-base-de-datos-email","25":"product_tag-base-de-datos-email-marketing","26":"product_tag-base-de-datos-emails","27":"product_tag-base-de-datos-empresas","28":"product_tag-base-de-datos-estado-de-mexico","29":"product_tag-base-de-datos-finanzas","30":"product_tag-base-de-datos-gerente-ti","31":"product_tag-base-de-datos-gerentes","32":"product_tag-base-de-datos-guadalajara","33":"product_tag-base-de-datos-guanajuato","34":"product_tag-base-de-datos-jalisco","35":"product_tag-base-de-datos-mailing","36":"product_tag-base-de-datos-michoacan","37":"product_tag-base-de-datos-queretaro","38":"product_tag-base-de-datos-socio","39":"product_tag-base-de-datos-sonora","40":"product_tag-base-de-datos-telefono","41":"product_tag-base-de-datos-veracruz","42":"product_tag-base-de-datos-zacatecas","43":"product_tag-bases-de-datos","44":"product_tag-bases-de-datos-de-telefonos-fijos","45":"product_tag-bases-de-datos-email","46":"product_tag-bases-de-datos-emails","47":"product_tag-bases-de-datos-puebla","48":"product_tag-bases-de-datos-sinaloa","49":"product_tag-business-email-list","50":"product_tag-business-emails","51":"product_tag-buy-email-address","52":"product_tag-buy-email-address-database","53":"product_tag-company-database","54":"product_tag-company-email-database","55":"product_tag-correos","56":"product_tag-database","57":"product_tag-database-of-email-advertising","58":"product_tag-database-of-emails","59":"product_tag-email","60":"product_tag-email-address-database","61":"product_tag-email-database","62":"product_tag-email-database-for-sale","63":"product_tag-email-list-providers","64":"product_tag-email-lists","65":"product_tag-email-marketer","66":"product_tag-email-marketing-database","67":"product_tag-email-marketing-list","68":"product_tag-email-services-marketing","69":"product_tag-emailing","70":"product_tag-emails-for-sale","71":"product_tag-guadalajara-database","72":"product_tag-industrial","73":"product_tag-infraestructura","74":"product_tag-jalisco-database","75":"product_tag-leon-guanajuato","76":"product_tag-list","77":"product_tag-list-of-emails","78":"product_tag-lista","79":"product_tag-lista-de-correo-electronico","80":"product_tag-lista-de-email","81":"product_tag-lista-de-numeros-de-telefonos","82":"product_tag-listado-de-emails","83":"product_tag-mailing","84":"product_tag-phone-database","85":"product_tag-phone-number-database","86":"product_tag-phone-number-list","87":"product_tag-puebla-databases","88":"product_tag-sonora-database","89":"product_tag-telefono","90":"product_tag-telephone-number","91":"product_tag-veracruz-database","93":"first","94":"instock","95":"sale","96":"virtual","97":"purchasable","98":"product-type-simple"},"aioseo_notices":[],"_links":{"self":[{"href":"https:\/\/sihay.com.mx\/basededatos\/wp-json\/wp\/v2\/product\/4735","targetHints":{"allow":["GET"]}}],"collection":[{"href":"https:\/\/sihay.com.mx\/basededatos\/wp-json\/wp\/v2\/product"}],"about":[{"href":"https:\/\/sihay.com.mx\/basededatos\/wp-json\/wp\/v2\/types\/product"}],"replies":[{"embeddable":true,"href":"https:\/\/sihay.com.mx\/basededatos\/wp-json\/wp\/v2\/comments?post=4735"}],"wp:featuredmedia":[{"embeddable":true,"href":"https:\/\/sihay.com.mx\/basededatos\/wp-json\/wp\/v2\/media\/1864"}],"wp:attachment":[{"href":"https:\/\/sihay.com.mx\/basededatos\/wp-json\/wp\/v2\/media?parent=4735"}],"wp:term":[{"taxonomy":"product_brand","embeddable":true,"href":"https:\/\/sihay.com.mx\/basededatos\/wp-json\/wp\/v2\/product_brand?post=4735"},{"taxonomy":"product_cat","embeddable":true,"href":"https:\/\/sihay.com.mx\/basededatos\/wp-json\/wp\/v2\/product_cat?post=4735"},{"taxonomy":"product_tag","embeddable":true,"href":"https:\/\/sihay.com.mx\/basededatos\/wp-json\/wp\/v2\/product_tag?post=4735"}],"curies":[{"name":"wp","href":"https:\/\/api.w.org\/{rel}","templated":true}]}}