{"id":4722,"date":"2022-11-16T21:32:04","date_gmt":"2022-11-16T21:32:04","guid":{"rendered":"https:\/\/sihay.com.mx\/basededatos\/shop-2\/empresas-hospitales-publicos-y-privados-que-generen-un-alto-volumen-de-desechos-rpb\/"},"modified":"2023-06-30T21:12:40","modified_gmt":"2023-06-30T21:12:40","slug":"empresas-hospitales-publicos-y-privados-que-generen-un-alto-volumen-de-desechos-rpb","status":"publish","type":"product","link":"https:\/\/sihay.com.mx\/basededatos\/tienda\/empresas-hospitales-publicos-y-privados-que-generen-un-alto-volumen-de-desechos-rpb\/","title":{"rendered":"Empresas, hospitales p\u00fablicos y privados, que generen un alto volumen de desechos RPB"},"content":{"rendered":"","protected":false},"excerpt":{"rendered":"<p>&nbsp;<\/p>\n<div class=\"row\">\n<div class=\"col-sm\"><strong>C\u00f3digo:<\/strong> <strong class=\"text-danger\">EVGA-Q3<\/strong><\/div>\n<div class=\"col-sm\"><strong>N\u00famero de registros: <\/strong>250<\/div>\n<\/div>\n<div class=\"row\">\n<div class=\"col-sm \"><strong>Folio: <\/strong><span class=\"text-danger\">MC0421B010<\/span><\/div>\n<\/div>\n<p><strong>Segmentaci\u00f3n:<\/strong><\/p>\n<div class=\"row\">\n<div class=\"col-sm \">Empresas, hospitales p\u00fablicos y privados, que generen un alto volumen de desechos RPBI (Residuos Peligrosos Biol\u00f3gico Infecciosos) en el estado de Quer\u00e9taro en un 70% y Guanajuato en un 30%<\/div>\n<\/div>\n<p><strong>Campos Contenidos:<\/strong><\/p>\n<div class=\"row\">\n<div class=\"col-sm \">Empresa \/ Giro \/ Direcci\u00f3n \/ Ciudad \/ Estado \/ Contacto \/ Puesto: Director General, Socio, Directivos, Gerentes o Tomador de decisi\u00f3n \/ Tel\u00e9fono \/ Email \/ P\u00e1gina web.<\/div>\n<\/div>\n<div class=\"row\">\n<div class=\"col-sm\"><strong>Garant\u00eda: <\/strong>80%-85% <strong>Precio Original: <\/strong><del>$3,271.00MXN\u00a0<\/del> <strong>Descuento Especial: <\/strong><strong class=\"text-danger\">20%<\/strong><\/div>\n<\/div>\n<div class=\"row\">\n<div class=\"col text-center\"><strong>Total a Pagar: <\/strong><strong class=\"text-danger\">$2,616.00 MXN<\/strong><\/div>\n<\/div>\n","protected":false},"featured_media":1864,"comment_status":"closed","ping_status":"closed","template":"","meta":[],"product_brand":[],"product_cat":[127],"product_tag":[269,582,234,206,235,216,204,207,264,196,194,205,183,181,191,197,555,538,477,349,195,417,198,403,418,611,610,276,583,277,275,265,268,535,272,270,584,383,274,266,278,280,587,267,588,589,590,366,279,505,357,591,356,324,323,550,321,367,303,307,570,416,304],"class_list":{"0":"post-4722","1":"product","2":"type-product","3":"status-publish","4":"has-post-thumbnail","6":"product_cat-empresas","7":"product_tag-b2b-database-for-marketing","8":"product_tag-b2b-email-lists","9":"product_tag-base-de-datos","10":"product_tag-base-de-datos-correo-electronico","11":"product_tag-base-de-datos-correos-electronicos","12":"product_tag-base-de-datos-de-correos","13":"product_tag-base-de-datos-de-emails","14":"product_tag-base-de-datos-de-telefonos","15":"product_tag-base-de-datos-del-estado-de-queretaro","16":"product_tag-base-de-datos-directivos","17":"product_tag-base-de-datos-director-general","18":"product_tag-base-de-datos-email","19":"product_tag-base-de-datos-email-marketing","20":"product_tag-base-de-datos-emails","21":"product_tag-base-de-datos-empresas","22":"product_tag-base-de-datos-gerentes","23":"product_tag-base-de-datos-guanajuato","24":"product_tag-base-de-datos-hospitales","25":"product_tag-base-de-datos-mailing","26":"product_tag-base-de-datos-queretaro","27":"product_tag-base-de-datos-socio","28":"product_tag-base-de-datos-telefono","29":"product_tag-base-de-datos-tomador-de-decision","30":"product_tag-bases-de-datos","31":"product_tag-bases-de-datos-de-telefonos-fijos","32":"product_tag-bases-de-datos-email","33":"product_tag-bases-de-datos-emails","34":"product_tag-business-email-list","35":"product_tag-business-emails","36":"product_tag-buy-email-address","37":"product_tag-buy-email-address-database","38":"product_tag-company-database","39":"product_tag-company-email-database","40":"product_tag-correos","41":"product_tag-database","42":"product_tag-database-of-email-advertising","43":"product_tag-database-of-emails","44":"product_tag-email","45":"product_tag-email-address-database","46":"product_tag-email-database","47":"product_tag-email-database-for-sale","48":"product_tag-email-list-providers","49":"product_tag-email-lists","50":"product_tag-email-marketer","51":"product_tag-email-marketing-database","52":"product_tag-email-marketing-list","53":"product_tag-email-services-marketing","54":"product_tag-emailing","55":"product_tag-emails-for-sale","56":"product_tag-leon-guanajuato","57":"product_tag-list","58":"product_tag-list-of-emails","59":"product_tag-lista","60":"product_tag-lista-de-correo-electronico","61":"product_tag-lista-de-email","62":"product_tag-lista-de-numeros-de-telefonos","63":"product_tag-listado-de-emails","64":"product_tag-mailing","65":"product_tag-phone-database","66":"product_tag-phone-number-database","67":"product_tag-phone-number-list","68":"product_tag-telefono","69":"product_tag-telephone-number","71":"first","72":"instock","73":"sale","74":"virtual","75":"purchasable","76":"product-type-simple"},"aioseo_notices":[],"_links":{"self":[{"href":"https:\/\/sihay.com.mx\/basededatos\/wp-json\/wp\/v2\/product\/4722","targetHints":{"allow":["GET"]}}],"collection":[{"href":"https:\/\/sihay.com.mx\/basededatos\/wp-json\/wp\/v2\/product"}],"about":[{"href":"https:\/\/sihay.com.mx\/basededatos\/wp-json\/wp\/v2\/types\/product"}],"replies":[{"embeddable":true,"href":"https:\/\/sihay.com.mx\/basededatos\/wp-json\/wp\/v2\/comments?post=4722"}],"wp:featuredmedia":[{"embeddable":true,"href":"https:\/\/sihay.com.mx\/basededatos\/wp-json\/wp\/v2\/media\/1864"}],"wp:attachment":[{"href":"https:\/\/sihay.com.mx\/basededatos\/wp-json\/wp\/v2\/media?parent=4722"}],"wp:term":[{"taxonomy":"product_brand","embeddable":true,"href":"https:\/\/sihay.com.mx\/basededatos\/wp-json\/wp\/v2\/product_brand?post=4722"},{"taxonomy":"product_cat","embeddable":true,"href":"https:\/\/sihay.com.mx\/basededatos\/wp-json\/wp\/v2\/product_cat?post=4722"},{"taxonomy":"product_tag","embeddable":true,"href":"https:\/\/sihay.com.mx\/basededatos\/wp-json\/wp\/v2\/product_tag?post=4722"}],"curies":[{"name":"wp","href":"https:\/\/api.w.org\/{rel}","templated":true}]}}