{"id":4699,"date":"2022-11-16T21:31:59","date_gmt":"2022-11-16T21:31:59","guid":{"rendered":"https:\/\/sihay.com.mx\/basededatos\/shop-2\/empresas-en-las-ciudades-de-merida-yucatan-ciudad-del-carmen-campeche-villahermosa-tabasco-riviera-maya-quintana-roo-y-ciudad-de-mexico\/"},"modified":"2023-07-05T20:00:55","modified_gmt":"2023-07-05T20:00:55","slug":"empresas-en-las-ciudades-de-merida-yucatan-ciudad-del-carmen-campeche-villahermosa-tabasco-riviera-maya-quintana-roo-y-ciudad-de-mexico","status":"publish","type":"product","link":"https:\/\/sihay.com.mx\/basededatos\/tienda\/empresas-en-las-ciudades-de-merida-yucatan-ciudad-del-carmen-campeche-villahermosa-tabasco-riviera-maya-quintana-roo-y-ciudad-de-mexico\/","title":{"rendered":"Empresas en las ciudades de M\u00e9rida, Yucat\u00e1n; Ciudad del Carmen, Campeche; Villahermosa, Tabasco; Riviera Maya, Quintana Roo y Ciudad de M\u00e9xico."},"content":{"rendered":"","protected":false},"excerpt":{"rendered":"<p>&nbsp;<\/p>\n<div class=\"row\">\n<div class=\"col-sm\"><strong>C\u00f3digo:<\/strong> <strong class=\"text-danger\">LOPA-T1<\/strong><\/div>\n<div class=\"col-sm\"><strong>N\u00famero de registros: <\/strong>2,000<\/div>\n<\/div>\n<div class=\"row\">\n<div class=\"col-sm \"><strong>Folio: <\/strong><span class=\"text-danger\">03LRLP1220-059<\/span><\/div>\n<\/div>\n<p><strong>Segmentaci\u00f3n:<\/strong><\/p>\n<div class=\"row\">\n<div class=\"col-sm \">Empresas en las ciudades de M\u00e9rida, Yucat\u00e1n; Ciudad del Carmen, Campeche; Villahermosa, Tabasco; Riviera Maya, Quintana Roo y Ciudad de M\u00e9xico, con una distribuci\u00f3n equitativa entre todas las zonas.<\/div>\n<\/div>\n<p><strong>Campos Contenidos:<\/strong><\/p>\n<div class=\"row\">\n<div class=\"col-sm \">Empresa \/ Giro \/ Direcci\u00f3n \/ Ciudad \/ Estado \/ Contacto \/ Puesto: Encargado de sistemas o Gerente de sistemas\/ Tel\u00e9fono \/ Email \/ P\u00e1gina web*opcional.<\/div>\n<\/div>\n<div class=\"row\">\n<div class=\"col-sm\"><strong>Garant\u00eda: <\/strong>80%-85% <strong>Precio Original: <\/strong><del>$19,600.00<\/del> <strong>Descuento Especial: <\/strong><strong class=\"text-danger\">20%<\/strong><\/div>\n<\/div>\n<div class=\"row\">\n<div class=\"col text-center\"><strong>Total a Pagar: <\/strong><strong class=\"text-danger\">$15,680.00<\/strong><\/div>\n<\/div>\n","protected":false},"featured_media":1864,"comment_status":"closed","ping_status":"closed","template":"","meta":[],"product_brand":[],"product_cat":[127],"product_tag":[269,582,234,283,328,443,206,235,216,204,350,687,207,281,205,183,181,191,197,477,444,284,282,417,442,403,418,611,610,276,583,277,275,265,268,535,272,270,584,383,274,266,278,280,587,267,588,589,590,366,279,357,591,356,324,323,550,321,367,303,307,570,436,416,304],"class_list":{"0":"post-4699","1":"product","2":"type-product","3":"status-publish","4":"has-post-thumbnail","6":"product_cat-empresas","7":"product_tag-b2b-database-for-marketing","8":"product_tag-b2b-email-lists","9":"product_tag-base-de-datos","10":"product_tag-base-de-datos-campeche","11":"product_tag-base-de-datos-ciudad-de-mexico","12":"product_tag-base-de-datos-ciudad-del-carmen","13":"product_tag-base-de-datos-correo-electronico","14":"product_tag-base-de-datos-correos-electronicos","15":"product_tag-base-de-datos-de-correos","16":"product_tag-base-de-datos-de-emails","17":"product_tag-base-de-datos-de-encargados","18":"product_tag-base-de-datos-de-sistemas","19":"product_tag-base-de-datos-de-telefonos","20":"product_tag-base-de-datos-de-yucatan","21":"product_tag-base-de-datos-email","22":"product_tag-base-de-datos-email-marketing","23":"product_tag-base-de-datos-emails","24":"product_tag-base-de-datos-empresas","25":"product_tag-base-de-datos-gerentes","26":"product_tag-base-de-datos-mailing","27":"product_tag-base-de-datos-merida","28":"product_tag-base-de-datos-quintana-roo","29":"product_tag-base-de-datos-tabasco","30":"product_tag-base-de-datos-telefono","31":"product_tag-base-de-datos-villahermosa","32":"product_tag-bases-de-datos","33":"product_tag-bases-de-datos-de-telefonos-fijos","34":"product_tag-bases-de-datos-email","35":"product_tag-bases-de-datos-emails","36":"product_tag-business-email-list","37":"product_tag-business-emails","38":"product_tag-buy-email-address","39":"product_tag-buy-email-address-database","40":"product_tag-company-database","41":"product_tag-company-email-database","42":"product_tag-correos","43":"product_tag-database","44":"product_tag-database-of-email-advertising","45":"product_tag-database-of-emails","46":"product_tag-email","47":"product_tag-email-address-database","48":"product_tag-email-database","49":"product_tag-email-database-for-sale","50":"product_tag-email-list-providers","51":"product_tag-email-lists","52":"product_tag-email-marketer","53":"product_tag-email-marketing-database","54":"product_tag-email-marketing-list","55":"product_tag-email-services-marketing","56":"product_tag-emailing","57":"product_tag-emails-for-sale","58":"product_tag-list","59":"product_tag-list-of-emails","60":"product_tag-lista","61":"product_tag-lista-de-correo-electronico","62":"product_tag-lista-de-email","63":"product_tag-lista-de-numeros-de-telefonos","64":"product_tag-listado-de-emails","65":"product_tag-mailing","66":"product_tag-phone-database","67":"product_tag-phone-number-database","68":"product_tag-phone-number-list","69":"product_tag-tabasco-database","70":"product_tag-telefono","71":"product_tag-telephone-number","73":"first","74":"instock","75":"sale","76":"virtual","77":"purchasable","78":"product-type-simple"},"aioseo_notices":[],"_links":{"self":[{"href":"https:\/\/sihay.com.mx\/basededatos\/wp-json\/wp\/v2\/product\/4699","targetHints":{"allow":["GET"]}}],"collection":[{"href":"https:\/\/sihay.com.mx\/basededatos\/wp-json\/wp\/v2\/product"}],"about":[{"href":"https:\/\/sihay.com.mx\/basededatos\/wp-json\/wp\/v2\/types\/product"}],"replies":[{"embeddable":true,"href":"https:\/\/sihay.com.mx\/basededatos\/wp-json\/wp\/v2\/comments?post=4699"}],"wp:featuredmedia":[{"embeddable":true,"href":"https:\/\/sihay.com.mx\/basededatos\/wp-json\/wp\/v2\/media\/1864"}],"wp:attachment":[{"href":"https:\/\/sihay.com.mx\/basededatos\/wp-json\/wp\/v2\/media?parent=4699"}],"wp:term":[{"taxonomy":"product_brand","embeddable":true,"href":"https:\/\/sihay.com.mx\/basededatos\/wp-json\/wp\/v2\/product_brand?post=4699"},{"taxonomy":"product_cat","embeddable":true,"href":"https:\/\/sihay.com.mx\/basededatos\/wp-json\/wp\/v2\/product_cat?post=4699"},{"taxonomy":"product_tag","embeddable":true,"href":"https:\/\/sihay.com.mx\/basededatos\/wp-json\/wp\/v2\/product_tag?post=4699"}],"curies":[{"name":"wp","href":"https:\/\/api.w.org\/{rel}","templated":true}]}}