{"id":4694,"date":"2022-11-16T21:31:59","date_gmt":"2022-11-16T21:31:59","guid":{"rendered":"https:\/\/sihay.com.mx\/basededatos\/shop-2\/empresas-que-se-dediquen-a-la-fabricacion-de-limpiadores-shampoo-detergentes-jabones-y-productos-para-el-cuidado-personal-en-los-paises-de-centro-y-sudamerica\/"},"modified":"2023-07-05T21:08:44","modified_gmt":"2023-07-05T21:08:44","slug":"empresas-que-se-dediquen-a-la-fabricacion-de-limpiadores-shampoo-detergentes-jabones-y-productos-para-el-cuidado-personal-en-los-paises-de-centro-y-sudamerica","status":"publish","type":"product","link":"https:\/\/sihay.com.mx\/basededatos\/tienda\/empresas-que-se-dediquen-a-la-fabricacion-de-limpiadores-shampoo-detergentes-jabones-y-productos-para-el-cuidado-personal-en-los-paises-de-centro-y-sudamerica\/","title":{"rendered":"Empresas que se dediquen a la fabricaci\u00f3n de Limpiadores, Shampoo, Detergentes, jabones y productos para el cuidado personal en los Pa\u00edses de Centro y Sudam\u00e9rica."},"content":{"rendered":"","protected":false},"excerpt":{"rendered":"<p>&nbsp;<\/p>\n<div class=\"row\">\n<div class=\"col-sm\"><strong>C\u00f3digo:<\/strong> <strong class=\"text-danger\">GARE-N3<\/strong><\/div>\n<div class=\"col-sm\"><strong>N\u00famero de registros: <\/strong>600<\/div>\n<\/div>\n<div class=\"row\">\n<div class=\"col-sm \"><strong>Folio: <\/strong><span class=\"text-danger\">03VBGR1020-013<\/span><\/div>\n<\/div>\n<p><strong>Segmentaci\u00f3n:<\/strong><\/p>\n<div class=\"row\">\n<div class=\"col-sm \">Empresas que se dediquen a la fabricaci\u00f3n de Limpiadores, Shampoo, Detergentes, jab\u00f3n L\u00edquido, Productos para el cabello y cuidado personal en los Pa\u00edses de Centro y Sudam\u00e9rica.<\/div>\n<\/div>\n<p><strong>Campos Contenidos:<\/strong><\/p>\n<div class=\"row\">\n<div class=\"col-sm \">Empresa \/ Giro \/ Direcci\u00f3n \/ Ciudad \/ Estado \/ Contacto \/ Puesto: \u00c1rea de Empaque o \u00c1rea de Compras \/ Tel\u00e9fono \/ Email \/ Pagina Web opcional*.<\/div>\n<\/div>\n<div class=\"row\">\n<div class=\"col-sm\"><strong>Garant\u00eda: <\/strong>80%-85% <strong>Precio Original: <\/strong><del>$8,364.00<\/del> <strong>Descuento Especial: <\/strong><strong class=\"text-danger\">20%<\/strong><\/div>\n<\/div>\n<div class=\"row\">\n<div class=\"col text-center\"><strong>Total a Pagar: <\/strong><strong class=\"text-danger\">$6,691.00<\/strong><\/div>\n<\/div>\n","protected":false},"featured_media":1864,"comment_status":"closed","ping_status":"closed","template":"","meta":[],"product_brand":[],"product_cat":[127],"product_tag":[269,582,234,669,206,235,216,204,410,207,205,183,181,191,477,670,417,403,418,611,610,276,583,277,275,265,268,535,272,270,584,383,274,266,278,280,587,267,588,589,590,366,279,357,591,356,324,323,550,321,367,303,307,570,416,304],"class_list":{"0":"post-4694","1":"product","2":"type-product","3":"status-publish","4":"has-post-thumbnail","6":"product_cat-empresas","7":"product_tag-b2b-database-for-marketing","8":"product_tag-b2b-email-lists","9":"product_tag-base-de-datos","10":"product_tag-base-de-datos-centroamerica","11":"product_tag-base-de-datos-correo-electronico","12":"product_tag-base-de-datos-correos-electronicos","13":"product_tag-base-de-datos-de-correos","14":"product_tag-base-de-datos-de-emails","15":"product_tag-base-de-datos-de-encargado-de-compras","16":"product_tag-base-de-datos-de-telefonos","17":"product_tag-base-de-datos-email","18":"product_tag-base-de-datos-email-marketing","19":"product_tag-base-de-datos-emails","20":"product_tag-base-de-datos-empresas","21":"product_tag-base-de-datos-mailing","22":"product_tag-base-de-datos-sudamerica","23":"product_tag-base-de-datos-telefono","24":"product_tag-bases-de-datos","25":"product_tag-bases-de-datos-de-telefonos-fijos","26":"product_tag-bases-de-datos-email","27":"product_tag-bases-de-datos-emails","28":"product_tag-business-email-list","29":"product_tag-business-emails","30":"product_tag-buy-email-address","31":"product_tag-buy-email-address-database","32":"product_tag-company-database","33":"product_tag-company-email-database","34":"product_tag-correos","35":"product_tag-database","36":"product_tag-database-of-email-advertising","37":"product_tag-database-of-emails","38":"product_tag-email","39":"product_tag-email-address-database","40":"product_tag-email-database","41":"product_tag-email-database-for-sale","42":"product_tag-email-list-providers","43":"product_tag-email-lists","44":"product_tag-email-marketer","45":"product_tag-email-marketing-database","46":"product_tag-email-marketing-list","47":"product_tag-email-services-marketing","48":"product_tag-emailing","49":"product_tag-emails-for-sale","50":"product_tag-list","51":"product_tag-list-of-emails","52":"product_tag-lista","53":"product_tag-lista-de-correo-electronico","54":"product_tag-lista-de-email","55":"product_tag-lista-de-numeros-de-telefonos","56":"product_tag-listado-de-emails","57":"product_tag-mailing","58":"product_tag-phone-database","59":"product_tag-phone-number-database","60":"product_tag-phone-number-list","61":"product_tag-telefono","62":"product_tag-telephone-number","64":"first","65":"instock","66":"sale","67":"virtual","68":"purchasable","69":"product-type-simple"},"aioseo_notices":[],"_links":{"self":[{"href":"https:\/\/sihay.com.mx\/basededatos\/wp-json\/wp\/v2\/product\/4694","targetHints":{"allow":["GET"]}}],"collection":[{"href":"https:\/\/sihay.com.mx\/basededatos\/wp-json\/wp\/v2\/product"}],"about":[{"href":"https:\/\/sihay.com.mx\/basededatos\/wp-json\/wp\/v2\/types\/product"}],"replies":[{"embeddable":true,"href":"https:\/\/sihay.com.mx\/basededatos\/wp-json\/wp\/v2\/comments?post=4694"}],"wp:featuredmedia":[{"embeddable":true,"href":"https:\/\/sihay.com.mx\/basededatos\/wp-json\/wp\/v2\/media\/1864"}],"wp:attachment":[{"href":"https:\/\/sihay.com.mx\/basededatos\/wp-json\/wp\/v2\/media?parent=4694"}],"wp:term":[{"taxonomy":"product_brand","embeddable":true,"href":"https:\/\/sihay.com.mx\/basededatos\/wp-json\/wp\/v2\/product_brand?post=4694"},{"taxonomy":"product_cat","embeddable":true,"href":"https:\/\/sihay.com.mx\/basededatos\/wp-json\/wp\/v2\/product_cat?post=4694"},{"taxonomy":"product_tag","embeddable":true,"href":"https:\/\/sihay.com.mx\/basededatos\/wp-json\/wp\/v2\/product_tag?post=4694"}],"curies":[{"name":"wp","href":"https:\/\/api.w.org\/{rel}","templated":true}]}}