{"id":4693,"date":"2022-11-16T21:31:58","date_gmt":"2022-11-16T21:31:58","guid":{"rendered":"https:\/\/sihay.com.mx\/basededatos\/shop-2\/personas-fisicas-de-18-a-60-anos-economicamente-activas-que-sean-tarjetahabientes-que-vivan-en-oaxaca\/"},"modified":"2023-06-09T17:45:30","modified_gmt":"2023-06-09T17:45:30","slug":"personas-fisicas-de-18-a-60-anos-economicamente-activas-que-sean-tarjetahabientes-que-vivan-en-oaxaca","status":"publish","type":"product","link":"https:\/\/sihay.com.mx\/basededatos\/tienda\/personas-fisicas-de-18-a-60-anos-economicamente-activas-que-sean-tarjetahabientes-que-vivan-en-oaxaca\/","title":{"rendered":"Personas f\u00edsicas, de 18 a 60 a\u00f1os , econ\u00f3micamente activas que sean tarjetahabientes  que vivan en Oaxaca"},"content":{"rendered":"","protected":false},"excerpt":{"rendered":"<p>&nbsp;<\/p>\n<div class=\"row\">\n<div class=\"col-sm\"><strong>C\u00f3digo:<\/strong> <strong class=\"text-danger\">NEHE-C4<\/strong><\/div>\n<div class=\"col-sm\"><strong>N\u00famero de registros: <\/strong>1000<\/div>\n<\/div>\n<div class=\"row\">\n<div class=\"col-sm \"><strong>Folio: <\/strong><span class=\"text-danger\">LI0620B047<\/span><\/div>\n<\/div>\n<p><strong>Segmentaci\u00f3n:<\/strong><\/p>\n<div class=\"row\">\n<div class=\"col-sm \">Personas f\u00edsicas, de 18 a 60 a\u00f1os , econ\u00f3micamente activas que sean tarjetahabientes que vivan en Oaxaca distribuidos por colonia de acuerdo a la lista adjunta<\/div>\n<\/div>\n<p><strong>Campos Contenidos:<\/strong><\/p>\n<div class=\"row\">\n<div class=\"col-sm \">Nombre \/Sexo\/Nivel Educativo\/ Direcci\u00f3n \/ Ciudad \/ Estado \/Municipio\/ Celular<\/div>\n<\/div>\n<div class=\"row\">\n<div class=\"col-sm\"><strong>Garant\u00eda: <\/strong>80%-85% <strong>Precio Original: <\/strong><del>$11,391.00 MXN<\/del> <strong>Descuento Especial: <\/strong><strong class=\"text-danger\">20%<\/strong><\/div>\n<\/div>\n<div class=\"row\">\n<div class=\"col text-center\"><strong>Total a Pagar: <\/strong><strong class=\"text-danger\">$9,113.00 MXN<\/strong><\/div>\n<\/div>\n","protected":false},"featured_media":1892,"comment_status":"closed","ping_status":"closed","template":"","meta":[],"product_brand":[],"product_cat":[167,159],"product_tag":[234,311,510,199,509,200,237,697,201,202,544,327,240,698,566,542,543,600,351,476,358,272,291,545,615,293,292,301,306,359,352,469,559],"class_list":{"0":"post-4693","1":"product","2":"type-product","3":"status-publish","4":"has-post-thumbnail","6":"product_cat-consumidores-en-mexico","7":"product_cat-personas","8":"product_tag-base-de-datos","9":"product_tag-base-de-datos-celulares","10":"product_tag-base-de-datos-consumidores","11":"product_tag-base-de-datos-de-celulares","12":"product_tag-base-de-datos-de-consumidores","13":"product_tag-base-de-datos-de-numeros-celulares","14":"product_tag-base-de-datos-de-personas","15":"product_tag-base-de-datos-de-personas-fisicas","16":"product_tag-base-de-datos-de-telefonos-celulares","17":"product_tag-base-de-datos-de-telefonos-movil","18":"product_tag-base-de-datos-de-telefonos-moviles","19":"product_tag-base-de-datos-numeros-de-celulares","20":"product_tag-base-de-datos-personas","21":"product_tag-base-de-datos-tarjetahabientes","22":"product_tag-base-de-datos-ventas","23":"product_tag-bases-de-datos-movil","24":"product_tag-bases-de-datos-moviles","25":"product_tag-bases-de-datos-oaxaca","26":"product_tag-compra-base-de-datos","27":"product_tag-comprar-base-de-datos","28":"product_tag-consumer-database","29":"product_tag-database","30":"product_tag-database-mobile","31":"product_tag-lista-de-numeros-de-telefonos-celulares","32":"product_tag-mobile","33":"product_tag-mobile-number-database","34":"product_tag-mobile-phone-number","35":"product_tag-mobile-phone-number-database","36":"product_tag-mobile-phone-number-list","37":"product_tag-personas-fisicas","38":"product_tag-venta-base-de-datos","39":"product_tag-venta-base-se-datos","40":"product_tag-venta-de-base-de-datos","42":"first","43":"instock","44":"sale","45":"shipping-taxable","46":"purchasable","47":"product-type-simple"},"aioseo_notices":[],"_links":{"self":[{"href":"https:\/\/sihay.com.mx\/basededatos\/wp-json\/wp\/v2\/product\/4693","targetHints":{"allow":["GET"]}}],"collection":[{"href":"https:\/\/sihay.com.mx\/basededatos\/wp-json\/wp\/v2\/product"}],"about":[{"href":"https:\/\/sihay.com.mx\/basededatos\/wp-json\/wp\/v2\/types\/product"}],"replies":[{"embeddable":true,"href":"https:\/\/sihay.com.mx\/basededatos\/wp-json\/wp\/v2\/comments?post=4693"}],"wp:featuredmedia":[{"embeddable":true,"href":"https:\/\/sihay.com.mx\/basededatos\/wp-json\/wp\/v2\/media\/1892"}],"wp:attachment":[{"href":"https:\/\/sihay.com.mx\/basededatos\/wp-json\/wp\/v2\/media?parent=4693"}],"wp:term":[{"taxonomy":"product_brand","embeddable":true,"href":"https:\/\/sihay.com.mx\/basededatos\/wp-json\/wp\/v2\/product_brand?post=4693"},{"taxonomy":"product_cat","embeddable":true,"href":"https:\/\/sihay.com.mx\/basededatos\/wp-json\/wp\/v2\/product_cat?post=4693"},{"taxonomy":"product_tag","embeddable":true,"href":"https:\/\/sihay.com.mx\/basededatos\/wp-json\/wp\/v2\/product_tag?post=4693"}],"curies":[{"name":"wp","href":"https:\/\/api.w.org\/{rel}","templated":true}]}}