{"id":4665,"date":"2022-11-16T21:31:54","date_gmt":"2022-11-16T21:31:54","guid":{"rendered":"https:\/\/sihay.com.mx\/basededatos\/shop-2\/empresas-del-sector-banco-financieras-companias-de-seguro-laboratorios-e-industria-a-nivel-nacional-mexico\/"},"modified":"2023-04-27T19:17:27","modified_gmt":"2023-04-27T19:17:27","slug":"empresas-del-sector-banco-financieras-companias-de-seguro-laboratorios-e-industria-a-nivel-nacional-mexico","status":"publish","type":"product","link":"https:\/\/sihay.com.mx\/basededatos\/tienda\/empresas-del-sector-banco-financieras-companias-de-seguro-laboratorios-e-industria-a-nivel-nacional-mexico\/","title":{"rendered":"Empresas del sector banco, financieras, compa\u00f1\u00edas de seguro, laboratorios e industria, a Nivel Nacional (M\u00e9xico)."},"content":{"rendered":"","protected":false},"excerpt":{"rendered":"<p>&nbsp;<\/p>\n<div class=\"row\">\n<div class=\"col-sm\"><strong>C\u00f3digo:<\/strong> <strong class=\"text-danger\">RAOB-C9<\/strong><\/div>\n<div class=\"col-sm\"><strong>N\u00famero de registros: <\/strong>500<\/div>\n<\/div>\n<div class=\"row\">\n<div class=\"col-sm \"><strong>Folio: <\/strong><span class=\"text-danger\">03VIRO0121-075\u00a0<\/span><\/div>\n<\/div>\n<p><strong>Segmentaci\u00f3n:<\/strong><\/p>\n<div class=\"row\">\n<div class=\"col-sm \">Empresas del sector banco, financieras, compa\u00f1\u00edas de seguro, laboratorios e industria, a Nivel Nacional (M\u00e9xico).<\/div>\n<\/div>\n<p><strong>Campos Contenidos:<\/strong><\/p>\n<div class=\"row\">\n<div class=\"col-sm \">Empresa \/ Giro \/ Direcci\u00f3n \/ Ciudad \/ Estado \/ Contacto \/ Puesto: Administraci\u00f3n o Encargado de TI\/ Tel\u00e9fono \/ Email \/ P\u00e1gina web*opcional.<\/div>\n<\/div>\n<div class=\"row\">\n<div class=\"col-sm\"><strong>Garant\u00eda: <\/strong>80%-85% <strong>Precio Original: <\/strong><del>$5,598.00<\/del> <strong>Descuento Especial: <\/strong><strong class=\"text-danger\">20%<\/strong><\/div>\n<\/div>\n<div class=\"row\">\n<div class=\"col text-center\"><strong>Total a Pagar: <\/strong><strong class=\"text-danger\">$4,478.00<\/strong><\/div>\n<\/div>\n","protected":false},"featured_media":1869,"comment_status":"closed","ping_status":"closed","template":"","meta":[],"product_brand":[],"product_cat":[127,138],"product_tag":[269,582,234,212,206,235,216,204,470,350,340,377,207,205,183,181,208,191,180,549,315,533,228,236,184,417,566,418,611,610,308,276,583,277,275,265,268,351,476,475,535,272,270,584,319,383,274,271,266,278,280,587,267,588,589,590,366,279,636,637,612,357,591,356,324,323,550,321,322,552,607,454,471,605,385,303,307,570,502,416,304,604,352,469,559,493],"class_list":{"0":"post-4665","1":"product","2":"type-product","3":"status-publish","4":"has-post-thumbnail","6":"product_cat-empresas","7":"product_cat-financieras","8":"product_tag-b2b-database-for-marketing","9":"product_tag-b2b-email-lists","10":"product_tag-base-de-datos","11":"product_tag-base-de-datos-bancos","12":"product_tag-base-de-datos-correo-electronico","13":"product_tag-base-de-datos-correos-electronicos","14":"product_tag-base-de-datos-de-correos","15":"product_tag-base-de-datos-de-emails","16":"product_tag-base-de-datos-de-empresas-mexico","17":"product_tag-base-de-datos-de-encargados","18":"product_tag-base-de-datos-de-industrias","19":"product_tag-base-de-datos-de-ingenieros-en-tecnologias-de-la-informacion","20":"product_tag-base-de-datos-de-telefonos","21":"product_tag-base-de-datos-email","22":"product_tag-base-de-datos-email-marketing","23":"product_tag-base-de-datos-emails","24":"product_tag-base-de-datos-empresa-mexico","25":"product_tag-base-de-datos-empresas","26":"product_tag-base-de-datos-en-mexico","27":"product_tag-base-de-datos-financieras","28":"product_tag-base-de-datos-gerente-ti","29":"product_tag-base-de-datos-laboratorios","30":"product_tag-base-de-datos-mexico","31":"product_tag-base-de-datos-nivel-nacional","32":"product_tag-base-de-datos-segmentadas-mexico","33":"product_tag-base-de-datos-telefono","34":"product_tag-base-de-datos-ventas","35":"product_tag-bases-de-datos-de-telefonos-fijos","36":"product_tag-bases-de-datos-email","37":"product_tag-bases-de-datos-emails","38":"product_tag-business-directory","39":"product_tag-business-email-list","40":"product_tag-business-emails","41":"product_tag-buy-email-address","42":"product_tag-buy-email-address-database","43":"product_tag-company-database","44":"product_tag-company-email-database","45":"product_tag-compra-base-de-datos","46":"product_tag-comprar-base-de-datos","47":"product_tag-comprar-base-de-datos-mexico","48":"product_tag-correos","49":"product_tag-database","50":"product_tag-database-of-email-advertising","51":"product_tag-database-of-emails","52":"product_tag-directorio-empresas","53":"product_tag-email","54":"product_tag-email-address-database","55":"product_tag-email-business-database","56":"product_tag-email-database","57":"product_tag-email-database-for-sale","58":"product_tag-email-list-providers","59":"product_tag-email-lists","60":"product_tag-email-marketer","61":"product_tag-email-marketing-database","62":"product_tag-email-marketing-list","63":"product_tag-email-services-marketing","64":"product_tag-emailing","65":"product_tag-emails-for-sale","66":"product_tag-empresas-a-nivel-nacional","67":"product_tag-empresas-en-mexico","68":"product_tag-envio","69":"product_tag-list","70":"product_tag-list-of-emails","71":"product_tag-lista","72":"product_tag-lista-de-correo-electronico","73":"product_tag-lista-de-email","74":"product_tag-lista-de-numeros-de-telefonos","75":"product_tag-listado-de-emails","76":"product_tag-listado-de-emails-de-empresas","77":"product_tag-mailing-mexico","78":"product_tag-marketing","79":"product_tag-mexico","80":"product_tag-mexico-company-database","81":"product_tag-nacional","82":"product_tag-national-database","83":"product_tag-phone-database","84":"product_tag-phone-number-database","85":"product_tag-phone-number-list","86":"product_tag-tecnologias-de-la-informacion","87":"product_tag-telefono","88":"product_tag-telephone-number","89":"product_tag-venta","90":"product_tag-venta-base-de-datos","91":"product_tag-venta-base-se-datos","92":"product_tag-venta-de-base-de-datos","93":"product_tag-venta-de-base-de-datos-mexico","95":"first","96":"instock","97":"sale","98":"virtual","99":"purchasable","100":"product-type-simple"},"aioseo_notices":[],"_links":{"self":[{"href":"https:\/\/sihay.com.mx\/basededatos\/wp-json\/wp\/v2\/product\/4665","targetHints":{"allow":["GET"]}}],"collection":[{"href":"https:\/\/sihay.com.mx\/basededatos\/wp-json\/wp\/v2\/product"}],"about":[{"href":"https:\/\/sihay.com.mx\/basededatos\/wp-json\/wp\/v2\/types\/product"}],"replies":[{"embeddable":true,"href":"https:\/\/sihay.com.mx\/basededatos\/wp-json\/wp\/v2\/comments?post=4665"}],"wp:featuredmedia":[{"embeddable":true,"href":"https:\/\/sihay.com.mx\/basededatos\/wp-json\/wp\/v2\/media\/1869"}],"wp:attachment":[{"href":"https:\/\/sihay.com.mx\/basededatos\/wp-json\/wp\/v2\/media?parent=4665"}],"wp:term":[{"taxonomy":"product_brand","embeddable":true,"href":"https:\/\/sihay.com.mx\/basededatos\/wp-json\/wp\/v2\/product_brand?post=4665"},{"taxonomy":"product_cat","embeddable":true,"href":"https:\/\/sihay.com.mx\/basededatos\/wp-json\/wp\/v2\/product_cat?post=4665"},{"taxonomy":"product_tag","embeddable":true,"href":"https:\/\/sihay.com.mx\/basededatos\/wp-json\/wp\/v2\/product_tag?post=4665"}],"curies":[{"name":"wp","href":"https:\/\/api.w.org\/{rel}","templated":true}]}}