{"id":4663,"date":"2022-11-16T21:31:54","date_gmt":"2022-11-16T21:31:54","guid":{"rendered":"https:\/\/sihay.com.mx\/basededatos\/shop-2\/empresas-de-transporte-de-carga-logistica-farmaceuticas-industria-y-comercio-alimentos-y-bebidas-con-una-flotilla-minima-de-10-unidades-a-nivel-nacional\/"},"modified":"2023-07-05T21:38:50","modified_gmt":"2023-07-05T21:38:50","slug":"empresas-de-transporte-de-carga-logistica-farmaceuticas-industria-y-comercio-alimentos-y-bebidas-con-una-flotilla-minima-de-10-unidades-a-nivel-nacional","status":"publish","type":"product","link":"https:\/\/sihay.com.mx\/basededatos\/tienda\/empresas-de-transporte-de-carga-logistica-farmaceuticas-industria-y-comercio-alimentos-y-bebidas-con-una-flotilla-minima-de-10-unidades-a-nivel-nacional\/","title":{"rendered":"Empresas de Transporte de carga, Log\u00edstica, Farmac\u00e9uticas, Industria y comercio, Alimentos y bebidas con una flotilla m\u00ednima de 10 unidades a Nivel Nacional."},"content":{"rendered":"","protected":false},"excerpt":{"rendered":"<p>&nbsp;<\/p>\n<div class=\"row\">\n<div class=\"col-sm\"><strong>C\u00f3digo:<\/strong> <strong class=\"text-danger\">DMAM-C6<\/strong><\/div>\n<div class=\"col-sm\"><strong>N\u00famero de registros: <\/strong>500<\/div>\n<\/div>\n<div class=\"row\">\n<div class=\"col-sm \"><strong>Folio: <\/strong><span class=\"text-danger\">WP1020B0114<\/span><\/div>\n<\/div>\n<p><strong>Segmentaci\u00f3n:<\/strong><\/p>\n<div class=\"row\">\n<div class=\"col-sm \">Empresas Internacionales y Nacionales de Transporte de carga, Log\u00edstica, Transporte de pasajeros, Retail, Farmac\u00e9uticas, Industria y comercio, Servicios, Alimentos y bebidas con una flotilla m\u00ednima de 10 unidades a Nivel Nacional.<\/div>\n<\/div>\n<p><strong>Campos Contenidos:<\/strong><\/p>\n<div class=\"row\">\n<div class=\"col-sm \">Empresa \/ Giro \/ Direcci\u00f3n \/ Ciudad \/ Estado \/ Contacto \/ Puesto: Encargado de Compras o Encargado de Log\u00edstica o Encargado de Mercadotecnia o RH o CEO o CFO o CTO \/ Tel\u00e9fono \/ Email \/ P\u00e1gina web*opcional.<\/div>\n<\/div>\n<div class=\"row\">\n<div class=\"col-sm\"><strong>Garant\u00eda: <\/strong>80%-85% <strong>Precio Original: <\/strong><del>$4,547.00 MXN<\/del> <strong>Descuento Especial: <\/strong><strong class=\"text-danger\">20%<\/strong><\/div>\n<\/div>\n<div class=\"row\">\n<div class=\"col text-center\"><strong>Total a Pagar: <\/strong><strong class=\"text-danger\">$3,638.00 MXN<\/strong><\/div>\n<\/div>\n","protected":false},"featured_media":1864,"comment_status":"closed","ping_status":"closed","template":"","meta":[],"product_brand":[],"product_cat":[127],"product_tag":[269,582,234,192,206,235,645,216,204,410,350,340,207,205,183,181,191,412,551,477,236,413,210,537,417,403,418,611,610,276,583,277,275,724,265,268,535,272,270,584,382,383,274,266,278,280,587,267,588,589,590,366,279,636,357,591,356,324,323,550,321,663,367,673,303,307,570,416,304,455],"class_list":{"0":"post-4663","1":"product","2":"type-product","3":"status-publish","4":"has-post-thumbnail","6":"product_cat-empresas","7":"product_tag-b2b-database-for-marketing","8":"product_tag-b2b-email-lists","9":"product_tag-base-de-datos","10":"product_tag-base-de-datos-ceo","11":"product_tag-base-de-datos-correo-electronico","12":"product_tag-base-de-datos-correos-electronicos","13":"product_tag-base-de-datos-cto","14":"product_tag-base-de-datos-de-correos","15":"product_tag-base-de-datos-de-emails","16":"product_tag-base-de-datos-de-encargado-de-compras","17":"product_tag-base-de-datos-de-encargados","18":"product_tag-base-de-datos-de-industrias","19":"product_tag-base-de-datos-de-telefonos","20":"product_tag-base-de-datos-email","21":"product_tag-base-de-datos-email-marketing","22":"product_tag-base-de-datos-emails","23":"product_tag-base-de-datos-empresas","24":"product_tag-base-de-datos-empresas-de-alimentos","25":"product_tag-base-de-datos-farmaceuticas","26":"product_tag-base-de-datos-mailing","27":"product_tag-base-de-datos-nivel-nacional","28":"product_tag-base-de-datos-recursos-humanos","29":"product_tag-base-de-datos-retail","30":"product_tag-base-de-datos-servicios","31":"product_tag-base-de-datos-telefono","32":"product_tag-bases-de-datos","33":"product_tag-bases-de-datos-de-telefonos-fijos","34":"product_tag-bases-de-datos-email","35":"product_tag-bases-de-datos-emails","36":"product_tag-business-email-list","37":"product_tag-business-emails","38":"product_tag-buy-email-address","39":"product_tag-buy-email-address-database","40":"product_tag-cfo","41":"product_tag-company-database","42":"product_tag-company-email-database","43":"product_tag-correos","44":"product_tag-database","45":"product_tag-database-of-email-advertising","46":"product_tag-database-of-emails","47":"product_tag-database-retail","48":"product_tag-email","49":"product_tag-email-address-database","50":"product_tag-email-database","51":"product_tag-email-database-for-sale","52":"product_tag-email-list-providers","53":"product_tag-email-lists","54":"product_tag-email-marketer","55":"product_tag-email-marketing-database","56":"product_tag-email-marketing-list","57":"product_tag-email-services-marketing","58":"product_tag-emailing","59":"product_tag-emails-for-sale","60":"product_tag-empresas-a-nivel-nacional","61":"product_tag-list","62":"product_tag-list-of-emails","63":"product_tag-lista","64":"product_tag-lista-de-correo-electronico","65":"product_tag-lista-de-email","66":"product_tag-lista-de-numeros-de-telefonos","67":"product_tag-listado-de-emails","68":"product_tag-logistica","69":"product_tag-mailing","70":"product_tag-mercadotecnia","71":"product_tag-phone-database","72":"product_tag-phone-number-database","73":"product_tag-phone-number-list","74":"product_tag-telefono","75":"product_tag-telephone-number","76":"product_tag-transporte","78":"first","79":"instock","80":"sale","81":"shipping-taxable","82":"purchasable","83":"product-type-simple"},"aioseo_notices":[],"_links":{"self":[{"href":"https:\/\/sihay.com.mx\/basededatos\/wp-json\/wp\/v2\/product\/4663","targetHints":{"allow":["GET"]}}],"collection":[{"href":"https:\/\/sihay.com.mx\/basededatos\/wp-json\/wp\/v2\/product"}],"about":[{"href":"https:\/\/sihay.com.mx\/basededatos\/wp-json\/wp\/v2\/types\/product"}],"replies":[{"embeddable":true,"href":"https:\/\/sihay.com.mx\/basededatos\/wp-json\/wp\/v2\/comments?post=4663"}],"wp:featuredmedia":[{"embeddable":true,"href":"https:\/\/sihay.com.mx\/basededatos\/wp-json\/wp\/v2\/media\/1864"}],"wp:attachment":[{"href":"https:\/\/sihay.com.mx\/basededatos\/wp-json\/wp\/v2\/media?parent=4663"}],"wp:term":[{"taxonomy":"product_brand","embeddable":true,"href":"https:\/\/sihay.com.mx\/basededatos\/wp-json\/wp\/v2\/product_brand?post=4663"},{"taxonomy":"product_cat","embeddable":true,"href":"https:\/\/sihay.com.mx\/basededatos\/wp-json\/wp\/v2\/product_cat?post=4663"},{"taxonomy":"product_tag","embeddable":true,"href":"https:\/\/sihay.com.mx\/basededatos\/wp-json\/wp\/v2\/product_tag?post=4663"}],"curies":[{"name":"wp","href":"https:\/\/api.w.org\/{rel}","templated":true}]}}