{"id":4643,"date":"2022-11-16T21:31:51","date_gmt":"2022-11-16T21:31:51","guid":{"rendered":"https:\/\/sihay.com.mx\/basededatos\/shop-2\/empresas-del-area-farmaceutica-industria-logistica-industria-alimentaria-retail-en-ciudad-de-mexico-y-zona-metropolitana\/"},"modified":"2023-06-06T15:39:57","modified_gmt":"2023-06-06T15:39:57","slug":"empresas-del-area-farmaceutica-industria-logistica-industria-alimentaria-retail-en-ciudad-de-mexico-y-zona-metropolitana","status":"publish","type":"product","link":"https:\/\/sihay.com.mx\/basededatos\/tienda\/empresas-del-area-farmaceutica-industria-logistica-industria-alimentaria-retail-en-ciudad-de-mexico-y-zona-metropolitana\/","title":{"rendered":"Empresas del \u00e1rea farmac\u00e9utica, industria log\u00edstica, industria alimentaria, retail, en Ciudad de M\u00e9xico y zona metropolitana"},"content":{"rendered":"","protected":false},"excerpt":{"rendered":"<p>&nbsp;<\/p>\n<div class=\"row\">\n<div class=\"col-sm\"><strong>C\u00f3digo:<\/strong> <strong class=\"text-danger\">JKAOB-E9<\/strong><\/div>\n<div class=\"col-sm\"><strong>N\u00famero de registros: <\/strong>300<\/div>\n<\/div>\n<div class=\"row\">\n<div class=\"col-sm \"><strong>Folio: <\/strong><span class=\"text-danger\">03MGKO0720-120<\/span><\/div>\n<\/div>\n<p><strong>Segmentaci\u00f3n:<\/strong><\/p>\n<div class=\"row\">\n<div class=\"col-sm \">150 registros de Empresas del \u00e1rea farmac\u00e9utica con m\u00e1s de 500 empleados (20%), empresas de la industria log\u00edstica o entregas de \u00faltima milla con m\u00e1s de 500 empleados (5%), empresas de la industria alimentaria con m\u00e1s de 500 empleados (10%), empresas de retail con m\u00e1s de 500 empleados (10%), empresas dedicadas al e-commerce con m\u00e1s de 200 empleados (5%), en Ciudad de M\u00e9xico y zona metropolitana. 150 registros de Empresas familiares con m\u00e1s de 10 empleados (25%), empresas que tengan de 20 a 200 empleados (25%), en Ciudad de M\u00e9xico y zona metropolitana CON LOS SIGUIENTES C\u00d3DIGOS POSTALES: 52787 Interlomas \/ 05348 Santa Fe \/ 52774 Bosque Real \/ 05120 Bosques de las Lomas \/ 01030 La Florida \/ 52930 \/ 52936 \/ 52930 \/ 52937<\/div>\n<\/div>\n<p><strong>Campos Contenidos:<\/strong><\/p>\n<div class=\"row\">\n<div class=\"col-sm \">Empresa \/ Giro \/ Direcci\u00f3n \/ Ciudad \/ Estado \/ Contacto \/ Puesto: Director de Recursos Humanos o Due\u00f1o o Director o Tomador de decisiones\/ Celular (que use whatsapp)* opcional \/ Email \/ Pagina Web opcional*.<\/div>\n<\/div>\n<div class=\"row\">\n<div class=\"col-sm\"><strong>Garant\u00eda: <\/strong>80%-85% <strong>Precio Original: <\/strong><del>$4,953.00<\/del> <strong>Descuento Especial: <\/strong><strong class=\"text-danger\">20%<\/strong><\/div>\n<\/div>\n<div class=\"row\">\n<div class=\"col text-center\"><strong>Total a Pagar: <\/strong><strong class=\"text-danger\">$3,962.00<\/strong><\/div>\n<\/div>\n","protected":false},"featured_media":1882,"comment_status":"closed","ping_status":"closed","template":"","meta":[],"product_brand":[],"product_cat":[152,127],"product_tag":[269,582,234,329,229,311,328,206,235,199,216,204,340,200,207,201,202,544,569,215,205,183,181,191,551,447,452,244,327,413,210,198,217,611,610,542,543,660,273,308,276,583,277,275,265,268,535,272,291,270,584,382,319,651,383,274,271,266,278,585,280,587,267,588,589,590,366,279,357,591,356,324,323,545,568,567,321,322,607,615,293,292,301,306,573,572,571,574],"class_list":{"0":"post-4643","1":"product","2":"type-product","3":"status-publish","4":"has-post-thumbnail","6":"product_cat-ciudad-de-mexico","7":"product_cat-empresas","8":"product_tag-b2b-database-for-marketing","9":"product_tag-b2b-email-lists","10":"product_tag-base-de-datos","11":"product_tag-base-de-datos-area-metropolitana","12":"product_tag-base-de-datos-cdmx","13":"product_tag-base-de-datos-celulares","14":"product_tag-base-de-datos-ciudad-de-mexico","15":"product_tag-base-de-datos-correo-electronico","16":"product_tag-base-de-datos-correos-electronicos","17":"product_tag-base-de-datos-de-celulares","18":"product_tag-base-de-datos-de-correos","19":"product_tag-base-de-datos-de-emails","20":"product_tag-base-de-datos-de-industrias","21":"product_tag-base-de-datos-de-numeros-celulares","22":"product_tag-base-de-datos-de-telefonos","23":"product_tag-base-de-datos-de-telefonos-celulares","24":"product_tag-base-de-datos-de-telefonos-movil","25":"product_tag-base-de-datos-de-telefonos-moviles","26":"product_tag-base-de-datos-de-whatsapp","27":"product_tag-base-de-datos-director","28":"product_tag-base-de-datos-email","29":"product_tag-base-de-datos-email-marketing","30":"product_tag-base-de-datos-emails","31":"product_tag-base-de-datos-empresas","32":"product_tag-base-de-datos-farmaceuticas","33":"product_tag-base-de-datos-industria-alimenticia","34":"product_tag-base-de-datos-industria-farmaceutica","35":"product_tag-base-de-datos-logistica-y-transportacion","36":"product_tag-base-de-datos-numeros-de-celulares","37":"product_tag-base-de-datos-recursos-humanos","38":"product_tag-base-de-datos-retail","39":"product_tag-base-de-datos-tomador-de-decision","40":"product_tag-base-de-datos-tomadores-de-decisiones","41":"product_tag-bases-de-datos-email","42":"product_tag-bases-de-datos-emails","43":"product_tag-bases-de-datos-movil","44":"product_tag-bases-de-datos-moviles","45":"product_tag-business","46":"product_tag-business-and-consumer-database","47":"product_tag-business-directory","48":"product_tag-business-email-list","49":"product_tag-business-emails","50":"product_tag-buy-email-address","51":"product_tag-buy-email-address-database","52":"product_tag-company-database","53":"product_tag-company-email-database","54":"product_tag-correos","55":"product_tag-database","56":"product_tag-database-mobile","57":"product_tag-database-of-email-advertising","58":"product_tag-database-of-emails","59":"product_tag-database-retail","60":"product_tag-directorio-empresas","61":"product_tag-duenos-de-empresas","62":"product_tag-email","63":"product_tag-email-address-database","64":"product_tag-email-business-database","65":"product_tag-email-database","66":"product_tag-email-database-for-sale","67":"product_tag-email-database-of-businesses","68":"product_tag-email-list-providers","69":"product_tag-email-lists","70":"product_tag-email-marketer","71":"product_tag-email-marketing-database","72":"product_tag-email-marketing-list","73":"product_tag-email-services-marketing","74":"product_tag-emailing","75":"product_tag-emails-for-sale","76":"product_tag-list","77":"product_tag-list-of-emails","78":"product_tag-lista","79":"product_tag-lista-de-correo-electronico","80":"product_tag-lista-de-email","81":"product_tag-lista-de-numeros-de-telefonos-celulares","82":"product_tag-lista-de-numeros-de-whatsapp","83":"product_tag-lista-de-numeros-moviles-de-whatsapp","84":"product_tag-listado-de-emails","85":"product_tag-listado-de-emails-de-empresas","86":"product_tag-marketing","87":"product_tag-mobile","88":"product_tag-mobile-number-database","89":"product_tag-mobile-phone-number","90":"product_tag-mobile-phone-number-database","91":"product_tag-mobile-phone-number-list","92":"product_tag-whatsapp-contact-number-list","93":"product_tag-whatsapp-mobile-number-database","94":"product_tag-whatsapp-mobile-number-list","95":"product_tag-whatsapp-number-database","97":"first","98":"instock","99":"sale","100":"virtual","101":"purchasable","102":"product-type-simple"},"aioseo_notices":[],"_links":{"self":[{"href":"https:\/\/sihay.com.mx\/basededatos\/wp-json\/wp\/v2\/product\/4643","targetHints":{"allow":["GET"]}}],"collection":[{"href":"https:\/\/sihay.com.mx\/basededatos\/wp-json\/wp\/v2\/product"}],"about":[{"href":"https:\/\/sihay.com.mx\/basededatos\/wp-json\/wp\/v2\/types\/product"}],"replies":[{"embeddable":true,"href":"https:\/\/sihay.com.mx\/basededatos\/wp-json\/wp\/v2\/comments?post=4643"}],"wp:featuredmedia":[{"embeddable":true,"href":"https:\/\/sihay.com.mx\/basededatos\/wp-json\/wp\/v2\/media\/1882"}],"wp:attachment":[{"href":"https:\/\/sihay.com.mx\/basededatos\/wp-json\/wp\/v2\/media?parent=4643"}],"wp:term":[{"taxonomy":"product_brand","embeddable":true,"href":"https:\/\/sihay.com.mx\/basededatos\/wp-json\/wp\/v2\/product_brand?post=4643"},{"taxonomy":"product_cat","embeddable":true,"href":"https:\/\/sihay.com.mx\/basededatos\/wp-json\/wp\/v2\/product_cat?post=4643"},{"taxonomy":"product_tag","embeddable":true,"href":"https:\/\/sihay.com.mx\/basededatos\/wp-json\/wp\/v2\/product_tag?post=4643"}],"curies":[{"name":"wp","href":"https:\/\/api.w.org\/{rel}","templated":true}]}}