{"id":4634,"date":"2022-11-16T21:31:50","date_gmt":"2022-11-16T21:31:50","guid":{"rendered":"https:\/\/sihay.com.mx\/basededatos\/shop-2\/personas-fisicas-de-18-a-60-anos-economicamente-activas-que-sean-tarjetahabientes-que-vivan-en-colonias-privadas-de-monterrey-nuevo-leon\/"},"modified":"2023-06-09T18:09:22","modified_gmt":"2023-06-09T18:09:22","slug":"personas-fisicas-de-18-a-60-anos-economicamente-activas-que-sean-tarjetahabientes-que-vivan-en-colonias-privadas-de-monterrey-nuevo-leon","status":"publish","type":"product","link":"https:\/\/sihay.com.mx\/basededatos\/tienda\/personas-fisicas-de-18-a-60-anos-economicamente-activas-que-sean-tarjetahabientes-que-vivan-en-colonias-privadas-de-monterrey-nuevo-leon\/","title":{"rendered":"Personas f\u00edsicas,  de 18 a 60 a\u00f1os, econ\u00f3micamente activas que sean tarjetahabientes que vivan en colonias privadas de Monterrey Nuevo Le\u00f3n."},"content":{"rendered":"","protected":false},"excerpt":{"rendered":"<p>&nbsp;<\/p>\n<div class=\"row\">\n<div class=\"col-sm\"><strong>C\u00f3digo:<\/strong> <strong class=\"text-danger\">LUMO-C7<\/strong><\/div>\n<div class=\"col-sm\"><strong>N\u00famero de registros: <\/strong>250<\/div>\n<\/div>\n<div class=\"row\">\n<div class=\"col-sm \"><strong>Folio: <\/strong><span class=\"text-danger\">LM0121B071<\/span><\/div>\n<\/div>\n<p><strong>Segmentaci\u00f3n:<\/strong><\/p>\n<div class=\"row\">\n<div class=\"col-sm \">Personas f\u00edsicas, de 18 a 60 a\u00f1os, econ\u00f3micamente activas que sean tarjetahabientes que vivan en colonias privadas de Monterrey Nuevo Le\u00f3n.<\/div>\n<\/div>\n<p><strong>Campos Contenidos:<\/strong><\/p>\n<div class=\"row\">\n<div class=\"col-sm \">Nombre \/ Direcci\u00f3n \/ Ciudad \/ Estado \/ Tel\u00e9fono fijo (casa u oficina) \/ Email.<\/div>\n<\/div>\n<div class=\"row\">\n<div class=\"col-sm\"><strong>Garant\u00eda: <\/strong>80%-85% <strong>Precio Original: <\/strong><del>$1,937.00 MXN<\/del> <strong>Descuento Especial: <\/strong><strong class=\"text-danger\">20%<\/strong><\/div>\n<\/div>\n<div class=\"row\">\n<div class=\"col text-center\"><strong>Total a Pagar: <\/strong><strong class=\"text-danger\">$1,550.00 MXN<\/strong><\/div>\n<\/div>\n","protected":false},"featured_media":1892,"comment_status":"closed","ping_status":"closed","template":"","meta":[],"product_brand":[],"product_cat":[167,159],"product_tag":[269,582,234,510,206,235,509,216,204,237,697,207,205,183,181,477,430,353,240,698,417,566,418,611,610,277,275,351,476,358,694,693,592,535,272,431,433,270,584,383,274,695,266,278,280,587,267,588,589,590,366,279,357,591,356,324,323,550,321,696,367,607,434,359,303,307,570,416,304,352,469,559],"class_list":{"0":"post-4634","1":"product","2":"type-product","3":"status-publish","4":"has-post-thumbnail","6":"product_cat-consumidores-en-mexico","7":"product_cat-personas","8":"product_tag-b2b-database-for-marketing","9":"product_tag-b2b-email-lists","10":"product_tag-base-de-datos","11":"product_tag-base-de-datos-consumidores","12":"product_tag-base-de-datos-correo-electronico","13":"product_tag-base-de-datos-correos-electronicos","14":"product_tag-base-de-datos-de-consumidores","15":"product_tag-base-de-datos-de-correos","16":"product_tag-base-de-datos-de-emails","17":"product_tag-base-de-datos-de-personas","18":"product_tag-base-de-datos-de-personas-fisicas","19":"product_tag-base-de-datos-de-telefonos","20":"product_tag-base-de-datos-email","21":"product_tag-base-de-datos-email-marketing","22":"product_tag-base-de-datos-emails","23":"product_tag-base-de-datos-mailing","24":"product_tag-base-de-datos-monterrey","25":"product_tag-base-de-datos-nuevo-leon","26":"product_tag-base-de-datos-personas","27":"product_tag-base-de-datos-tarjetahabientes","28":"product_tag-base-de-datos-telefono","29":"product_tag-base-de-datos-ventas","30":"product_tag-bases-de-datos-de-telefonos-fijos","31":"product_tag-bases-de-datos-email","32":"product_tag-bases-de-datos-emails","33":"product_tag-buy-email-address","34":"product_tag-buy-email-address-database","35":"product_tag-compra-base-de-datos","36":"product_tag-comprar-base-de-datos","37":"product_tag-consumer-database","38":"product_tag-consumer-email-database","39":"product_tag-consumer-email-list","40":"product_tag-consumer-emails","41":"product_tag-correos","42":"product_tag-database","43":"product_tag-database-monterrey","44":"product_tag-database-nuevo-leon","45":"product_tag-database-of-email-advertising","46":"product_tag-database-of-emails","47":"product_tag-email","48":"product_tag-email-address-database","49":"product_tag-email-consumer-database","50":"product_tag-email-database","51":"product_tag-email-database-for-sale","52":"product_tag-email-list-providers","53":"product_tag-email-lists","54":"product_tag-email-marketer","55":"product_tag-email-marketing-database","56":"product_tag-email-marketing-list","57":"product_tag-email-services-marketing","58":"product_tag-emailing","59":"product_tag-emails-for-sale","60":"product_tag-list","61":"product_tag-list-of-emails","62":"product_tag-lista","63":"product_tag-lista-de-correo-electronico","64":"product_tag-lista-de-email","65":"product_tag-lista-de-numeros-de-telefonos","66":"product_tag-listado-de-emails","67":"product_tag-listado-de-emails-de-consumidores","68":"product_tag-mailing","69":"product_tag-marketing","70":"product_tag-nuevo-leon-database","71":"product_tag-personas-fisicas","72":"product_tag-phone-database","73":"product_tag-phone-number-database","74":"product_tag-phone-number-list","75":"product_tag-telefono","76":"product_tag-telephone-number","77":"product_tag-venta-base-de-datos","78":"product_tag-venta-base-se-datos","79":"product_tag-venta-de-base-de-datos","81":"first","82":"instock","83":"sale","84":"shipping-taxable","85":"purchasable","86":"product-type-simple"},"aioseo_notices":[],"_links":{"self":[{"href":"https:\/\/sihay.com.mx\/basededatos\/wp-json\/wp\/v2\/product\/4634","targetHints":{"allow":["GET"]}}],"collection":[{"href":"https:\/\/sihay.com.mx\/basededatos\/wp-json\/wp\/v2\/product"}],"about":[{"href":"https:\/\/sihay.com.mx\/basededatos\/wp-json\/wp\/v2\/types\/product"}],"replies":[{"embeddable":true,"href":"https:\/\/sihay.com.mx\/basededatos\/wp-json\/wp\/v2\/comments?post=4634"}],"wp:featuredmedia":[{"embeddable":true,"href":"https:\/\/sihay.com.mx\/basededatos\/wp-json\/wp\/v2\/media\/1892"}],"wp:attachment":[{"href":"https:\/\/sihay.com.mx\/basededatos\/wp-json\/wp\/v2\/media?parent=4634"}],"wp:term":[{"taxonomy":"product_brand","embeddable":true,"href":"https:\/\/sihay.com.mx\/basededatos\/wp-json\/wp\/v2\/product_brand?post=4634"},{"taxonomy":"product_cat","embeddable":true,"href":"https:\/\/sihay.com.mx\/basededatos\/wp-json\/wp\/v2\/product_cat?post=4634"},{"taxonomy":"product_tag","embeddable":true,"href":"https:\/\/sihay.com.mx\/basededatos\/wp-json\/wp\/v2\/product_tag?post=4634"}],"curies":[{"name":"wp","href":"https:\/\/api.w.org\/{rel}","templated":true}]}}