{"id":4632,"date":"2022-11-16T21:31:49","date_gmt":"2022-11-16T21:31:49","guid":{"rendered":"https:\/\/sihay.com.mx\/basededatos\/shop-2\/gobierno-federal-estatal-y-municipal-a-nivel-nacional-y-500-empresas-mas-importantes-de-acuerdo-a-la-lista-de-expansion-en-mexico\/"},"modified":"2023-05-03T17:34:04","modified_gmt":"2023-05-03T17:34:04","slug":"gobierno-federal-estatal-y-municipal-a-nivel-nacional-y-500-empresas-mas-importantes-de-acuerdo-a-la-lista-de-expansion-en-mexico","status":"publish","type":"product","link":"https:\/\/sihay.com.mx\/basededatos\/tienda\/gobierno-federal-estatal-y-municipal-a-nivel-nacional-y-500-empresas-mas-importantes-de-acuerdo-a-la-lista-de-expansion-en-mexico\/","title":{"rendered":"Gobierno Federal, Estatal y Municipal a Nivel Nacional y 500 empresas m\u00e1s importantes (de acuerdo a la lista de Expansi\u00f3n) en M\u00e9xico."},"content":{"rendered":"","protected":false},"excerpt":{"rendered":"<p>&nbsp;<\/p>\n<div class=\"row\">\n<div class=\"col-sm\"><strong>C\u00f3digo:<\/strong> <strong class=\"text-danger\">MARR-C1<\/strong><\/div>\n<div class=\"col-sm\"><strong>N\u00famero de registros: <\/strong>1500<\/div>\n<\/div>\n<div class=\"row\">\n<div class=\"col-sm \"><strong>Folio: <\/strong><span class=\"text-danger\">MR1020B0119<\/span><\/div>\n<\/div>\n<p><strong>Segmentaci\u00f3n:<\/strong><\/p>\n<div class=\"row\">\n<div class=\"col-sm \">*1,000 registros de Gobierno Federal, Estatal y Municipal a Nivel Nacional. *500 empresas m\u00e1s importantes (de acuerdo a la lista de Expansi\u00f3n) en M\u00e9xico.<\/div>\n<\/div>\n<p><strong>Campos Contenidos:<\/strong><\/p>\n<div class=\"row\">\n<div class=\"col-sm \">*Empresa \/ Giro \/ Direcci\u00f3n \/ Ciudad \/ Estado \/ Contacto \/ Puesto: Secretaria de Finanzas o Secretaria de obra p\u00fablica o Protecci\u00f3n civil \/ Tel\u00e9fono \/ Email \/ P\u00e1gina web*opcional. *Empresa \/ Giro \/ Direcci\u00f3n \/ Ciudad \/ Estado \/ Contacto \/ Puesto: Directores y\/o Gerentes del \u00e1rea de administraci\u00f3n de riesgos\/ Tel\u00e9fono \/ Email \/ P\u00e1gina web*opcional.<\/div>\n<\/div>\n<div class=\"row\">\n<div class=\"col-sm\"><strong>Garant\u00eda: <\/strong>80%-85% <strong>Precio Original: <\/strong><del>$16,808.00 MXN<\/del> <strong>Descuento Especial: <\/strong><strong class=\"text-danger\">20%<\/strong><\/div>\n<\/div>\n<div class=\"row\">\n<div class=\"col text-center\"><strong>Total a Pagar: <\/strong><strong class=\"text-danger\">$13,447.00 MXN<\/strong><\/div>\n<\/div>\n","protected":false},"featured_media":1870,"comment_status":"closed","ping_status":"closed","template":"","meta":[],"product_brand":[],"product_cat":[127,139],"product_tag":[269,582,234,206,235,216,204,470,207,215,205,183,181,208,191,180,597,197,228,236,184,417,403,418,611,610,634,273,308,276,583,277,275,265,268,475,535,272,270,584,575,319,383,274,271,266,278,280,587,267,588,589,590,366,279,636,637,309,384,654,357,591,356,324,323,550,321,322,552,607,454,471,605,303,307,570,416,304,493],"class_list":{"0":"post-4632","1":"product","2":"type-product","3":"status-publish","4":"has-post-thumbnail","6":"product_cat-empresas","7":"product_cat-grandes","8":"product_tag-b2b-database-for-marketing","9":"product_tag-b2b-email-lists","10":"product_tag-base-de-datos","11":"product_tag-base-de-datos-correo-electronico","12":"product_tag-base-de-datos-correos-electronicos","13":"product_tag-base-de-datos-de-correos","14":"product_tag-base-de-datos-de-emails","15":"product_tag-base-de-datos-de-empresas-mexico","16":"product_tag-base-de-datos-de-telefonos","17":"product_tag-base-de-datos-director","18":"product_tag-base-de-datos-email","19":"product_tag-base-de-datos-email-marketing","20":"product_tag-base-de-datos-emails","21":"product_tag-base-de-datos-empresa-mexico","22":"product_tag-base-de-datos-empresas","23":"product_tag-base-de-datos-en-mexico","24":"product_tag-base-de-datos-finanzas","25":"product_tag-base-de-datos-gerentes","26":"product_tag-base-de-datos-mexico","27":"product_tag-base-de-datos-nivel-nacional","28":"product_tag-base-de-datos-segmentadas-mexico","29":"product_tag-base-de-datos-telefono","30":"product_tag-bases-de-datos","31":"product_tag-bases-de-datos-de-telefonos-fijos","32":"product_tag-bases-de-datos-email","33":"product_tag-bases-de-datos-emails","34":"product_tag-bases-de-datos-empresas-grandes","35":"product_tag-business-and-consumer-database","36":"product_tag-business-directory","37":"product_tag-business-email-list","38":"product_tag-business-emails","39":"product_tag-buy-email-address","40":"product_tag-buy-email-address-database","41":"product_tag-company-database","42":"product_tag-company-email-database","43":"product_tag-comprar-base-de-datos-mexico","44":"product_tag-correos","45":"product_tag-database","46":"product_tag-database-of-email-advertising","47":"product_tag-database-of-emails","48":"product_tag-director","49":"product_tag-directorio-empresas","50":"product_tag-email","51":"product_tag-email-address-database","52":"product_tag-email-business-database","53":"product_tag-email-database","54":"product_tag-email-database-for-sale","55":"product_tag-email-list-providers","56":"product_tag-email-lists","57":"product_tag-email-marketer","58":"product_tag-email-marketing-database","59":"product_tag-email-marketing-list","60":"product_tag-email-services-marketing","61":"product_tag-emailing","62":"product_tag-emails-for-sale","63":"product_tag-empresas-a-nivel-nacional","64":"product_tag-empresas-en-mexico","65":"product_tag-empresas-grandes","66":"product_tag-gerente","67":"product_tag-grandes","68":"product_tag-list","69":"product_tag-list-of-emails","70":"product_tag-lista","71":"product_tag-lista-de-correo-electronico","72":"product_tag-lista-de-email","73":"product_tag-lista-de-numeros-de-telefonos","74":"product_tag-listado-de-emails","75":"product_tag-listado-de-emails-de-empresas","76":"product_tag-mailing-mexico","77":"product_tag-marketing","78":"product_tag-mexico","79":"product_tag-mexico-company-database","80":"product_tag-nacional","81":"product_tag-phone-database","82":"product_tag-phone-number-database","83":"product_tag-phone-number-list","84":"product_tag-telefono","85":"product_tag-telephone-number","86":"product_tag-venta-de-base-de-datos-mexico","88":"first","89":"instock","90":"sale","91":"shipping-taxable","92":"purchasable","93":"product-type-simple"},"aioseo_notices":[],"_links":{"self":[{"href":"https:\/\/sihay.com.mx\/basededatos\/wp-json\/wp\/v2\/product\/4632","targetHints":{"allow":["GET"]}}],"collection":[{"href":"https:\/\/sihay.com.mx\/basededatos\/wp-json\/wp\/v2\/product"}],"about":[{"href":"https:\/\/sihay.com.mx\/basededatos\/wp-json\/wp\/v2\/types\/product"}],"replies":[{"embeddable":true,"href":"https:\/\/sihay.com.mx\/basededatos\/wp-json\/wp\/v2\/comments?post=4632"}],"wp:featuredmedia":[{"embeddable":true,"href":"https:\/\/sihay.com.mx\/basededatos\/wp-json\/wp\/v2\/media\/1870"}],"wp:attachment":[{"href":"https:\/\/sihay.com.mx\/basededatos\/wp-json\/wp\/v2\/media?parent=4632"}],"wp:term":[{"taxonomy":"product_brand","embeddable":true,"href":"https:\/\/sihay.com.mx\/basededatos\/wp-json\/wp\/v2\/product_brand?post=4632"},{"taxonomy":"product_cat","embeddable":true,"href":"https:\/\/sihay.com.mx\/basededatos\/wp-json\/wp\/v2\/product_cat?post=4632"},{"taxonomy":"product_tag","embeddable":true,"href":"https:\/\/sihay.com.mx\/basededatos\/wp-json\/wp\/v2\/product_tag?post=4632"}],"curies":[{"name":"wp","href":"https:\/\/api.w.org\/{rel}","templated":true}]}}