{"id":4595,"date":"2022-11-16T21:31:44","date_gmt":"2022-11-16T21:31:44","guid":{"rendered":"https:\/\/sihay.com.mx\/basededatos\/shop-2\/personas-fisicas-de-18-a-60-anos-economicamente-activas-tarjetahabientes-nse-medio-y-medio-alto-en-la-zona-conurbada-de-queretaro\/"},"modified":"2023-06-14T18:21:04","modified_gmt":"2023-06-14T18:21:04","slug":"personas-fisicas-de-18-a-60-anos-economicamente-activas-tarjetahabientes-nse-medio-y-medio-alto-en-la-zona-conurbada-de-queretaro","status":"publish","type":"product","link":"https:\/\/sihay.com.mx\/basededatos\/tienda\/personas-fisicas-de-18-a-60-anos-economicamente-activas-tarjetahabientes-nse-medio-y-medio-alto-en-la-zona-conurbada-de-queretaro\/","title":{"rendered":"Personas f\u00edsicas, de 18 a 60 a\u00f1os, econ\u00f3micamente activas, tarjetahabientes, NSE Medio y Medio Alto en la zona conurbada de Quer\u00e9taro."},"content":{"rendered":"","protected":false},"excerpt":{"rendered":"<p>&nbsp;<\/p>\n<div class=\"row\">\n<div class=\"col-sm\"><strong>C\u00f3digo:<\/strong> <strong class=\"text-danger\">ALRO-Q0<\/strong><\/div>\n<div class=\"col-sm\"><strong>N\u00famero de registros: <\/strong>2000<\/div>\n<\/div>\n<div class=\"row\">\n<div class=\"col-sm \"><strong>Folio: <\/strong><span class=\"text-danger\">GC1020B083<\/span><\/div>\n<\/div>\n<p><strong>Segmentaci\u00f3n:<\/strong><\/p>\n<div class=\"row\">\n<div class=\"col-sm \">Personas f\u00edsicas, de 18 a 60 a\u00f1os , econ\u00f3micamente activas que sean tarjetahabientes, NSE Medio y Medio Alto en la zona conurbada del estado de Quer\u00e9taro, principalmente en el municipio Corregidora y Ciudad de Santiago de Quer\u00e9taro.<\/div>\n<\/div>\n<p><strong>Campos Contenidos:<\/strong><\/p>\n<div class=\"row\">\n<div class=\"col-sm \">Nombre \/ Direcci\u00f3n \/ Ciudad \/ Estado \/ Celular (tel\u00e9fono personal)<\/div>\n<\/div>\n<div class=\"row\">\n<div class=\"col-sm\"><strong>Garant\u00eda: <\/strong>80%-85% <strong>Precio Original: <\/strong><del>$14,117.00 MXN<\/del> <strong>Descuento Especial: <\/strong><strong class=\"text-danger\">20%<\/strong><\/div>\n<\/div>\n<div class=\"row\">\n<div class=\"col text-center\"><strong>Total a Pagar: <\/strong><strong class=\"text-danger\">$11,294.00 MXN<\/strong><\/div>\n<\/div>\n","protected":false},"featured_media":1896,"comment_status":"closed","ping_status":"closed","template":"","meta":[],"product_brand":[],"product_cat":[171,159],"product_tag":[269,582,234,311,510,206,235,199,216,204,200,237,697,201,202,544,264,205,183,181,477,702,289,288,287,327,240,349,698,611,610,542,543,273,277,275,358,694,693,592,535,272,291,270,584,383,274,266,278,280,587,267,588,589,590,366,279,357,591,356,324,323,545,321,696,707,367,615,293,292,301,306],"class_list":{"0":"post-4595","1":"product","2":"type-product","3":"status-publish","4":"has-post-thumbnail","6":"product_cat-nse-medio-y-alto","7":"product_cat-personas","8":"product_tag-b2b-database-for-marketing","9":"product_tag-b2b-email-lists","10":"product_tag-base-de-datos","11":"product_tag-base-de-datos-celulares","12":"product_tag-base-de-datos-consumidores","13":"product_tag-base-de-datos-correo-electronico","14":"product_tag-base-de-datos-correos-electronicos","15":"product_tag-base-de-datos-de-celulares","16":"product_tag-base-de-datos-de-correos","17":"product_tag-base-de-datos-de-emails","18":"product_tag-base-de-datos-de-numeros-celulares","19":"product_tag-base-de-datos-de-personas","20":"product_tag-base-de-datos-de-personas-fisicas","21":"product_tag-base-de-datos-de-telefonos-celulares","22":"product_tag-base-de-datos-de-telefonos-movil","23":"product_tag-base-de-datos-de-telefonos-moviles","24":"product_tag-base-de-datos-del-estado-de-queretaro","25":"product_tag-base-de-datos-email","26":"product_tag-base-de-datos-email-marketing","27":"product_tag-base-de-datos-emails","28":"product_tag-base-de-datos-mailing","29":"product_tag-base-de-datos-nse","30":"product_tag-base-de-datos-nse-alto","31":"product_tag-base-de-datos-nse-medio","32":"product_tag-base-de-datos-nse-medio-y-alto","33":"product_tag-base-de-datos-numeros-de-celulares","34":"product_tag-base-de-datos-personas","35":"product_tag-base-de-datos-queretaro","36":"product_tag-base-de-datos-tarjetahabientes","37":"product_tag-bases-de-datos-email","38":"product_tag-bases-de-datos-emails","39":"product_tag-bases-de-datos-movil","40":"product_tag-bases-de-datos-moviles","41":"product_tag-business-and-consumer-database","42":"product_tag-buy-email-address","43":"product_tag-buy-email-address-database","44":"product_tag-consumer-database","45":"product_tag-consumer-email-database","46":"product_tag-consumer-email-list","47":"product_tag-consumer-emails","48":"product_tag-correos","49":"product_tag-database","50":"product_tag-database-mobile","51":"product_tag-database-of-email-advertising","52":"product_tag-database-of-emails","53":"product_tag-email","54":"product_tag-email-address-database","55":"product_tag-email-database","56":"product_tag-email-database-for-sale","57":"product_tag-email-list-providers","58":"product_tag-email-lists","59":"product_tag-email-marketer","60":"product_tag-email-marketing-database","61":"product_tag-email-marketing-list","62":"product_tag-email-services-marketing","63":"product_tag-emailing","64":"product_tag-emails-for-sale","65":"product_tag-list","66":"product_tag-list-of-emails","67":"product_tag-lista","68":"product_tag-lista-de-correo-electronico","69":"product_tag-lista-de-email","70":"product_tag-lista-de-numeros-de-telefonos-celulares","71":"product_tag-listado-de-emails","72":"product_tag-listado-de-emails-de-consumidores","73":"product_tag-listado-de-emails-de-personas","74":"product_tag-mailing","75":"product_tag-mobile","76":"product_tag-mobile-number-database","77":"product_tag-mobile-phone-number","78":"product_tag-mobile-phone-number-database","79":"product_tag-mobile-phone-number-list","81":"first","82":"instock","83":"sale","84":"shipping-taxable","85":"purchasable","86":"product-type-simple"},"aioseo_notices":[],"_links":{"self":[{"href":"https:\/\/sihay.com.mx\/basededatos\/wp-json\/wp\/v2\/product\/4595","targetHints":{"allow":["GET"]}}],"collection":[{"href":"https:\/\/sihay.com.mx\/basededatos\/wp-json\/wp\/v2\/product"}],"about":[{"href":"https:\/\/sihay.com.mx\/basededatos\/wp-json\/wp\/v2\/types\/product"}],"replies":[{"embeddable":true,"href":"https:\/\/sihay.com.mx\/basededatos\/wp-json\/wp\/v2\/comments?post=4595"}],"wp:featuredmedia":[{"embeddable":true,"href":"https:\/\/sihay.com.mx\/basededatos\/wp-json\/wp\/v2\/media\/1896"}],"wp:attachment":[{"href":"https:\/\/sihay.com.mx\/basededatos\/wp-json\/wp\/v2\/media?parent=4595"}],"wp:term":[{"taxonomy":"product_brand","embeddable":true,"href":"https:\/\/sihay.com.mx\/basededatos\/wp-json\/wp\/v2\/product_brand?post=4595"},{"taxonomy":"product_cat","embeddable":true,"href":"https:\/\/sihay.com.mx\/basededatos\/wp-json\/wp\/v2\/product_cat?post=4595"},{"taxonomy":"product_tag","embeddable":true,"href":"https:\/\/sihay.com.mx\/basededatos\/wp-json\/wp\/v2\/product_tag?post=4595"}],"curies":[{"name":"wp","href":"https:\/\/api.w.org\/{rel}","templated":true}]}}