{"id":4520,"date":"2022-11-16T21:31:33","date_gmt":"2022-11-16T21:31:33","guid":{"rendered":"https:\/\/sihay.com.mx\/basededatos\/shop-2\/empresas-que-facturen-por-lo-menos-40-millones-usd-al-ano-a-nivel-nacional\/"},"modified":"2023-04-24T18:09:27","modified_gmt":"2023-04-24T18:09:27","slug":"empresas-que-facturen-por-lo-menos-40-millones-usd-al-ano-a-nivel-nacional","status":"publish","type":"product","link":"https:\/\/sihay.com.mx\/basededatos\/tienda\/empresas-que-facturen-por-lo-menos-40-millones-usd-al-ano-a-nivel-nacional\/","title":{"rendered":"Empresas que facturen por lo menos $40 millones USD al a\u00f1o,  a Nivel Nacional."},"content":{"rendered":"","protected":false},"excerpt":{"rendered":"<p>&nbsp;<\/p>\n<div class=\"row\">\n<div class=\"col-sm\"><strong>C\u00f3digo:<\/strong> <strong class=\"text-danger\">JOIN-C7-1<\/strong><\/div>\n<div class=\"col-sm\"><strong>N\u00famero de registros:\u00a0<\/strong>1000<\/div>\n<\/div>\n<div class=\"row\">\n<div class=\"col-sm \"><strong>Folio: <\/strong><span class=\"text-danger\">SE0520B087<\/span><\/div>\n<\/div>\n<p><strong>Segmentaci\u00f3n:<\/strong><\/p>\n<div class=\"row\">\n<div class=\"col-sm \">Empresas que facturen por lo menos $40 millones USD al a\u00f1o de las industrias de: farmac\u00e9utica, retail, consumo e industria qu\u00edmica (tentativamente 25% de cada industria) a Nivel Nacional.<\/div>\n<\/div>\n<p><strong>Campos Contenidos:<\/strong><\/p>\n<div class=\"row\">\n<div class=\"col-sm \">Empresa \/ Giro \/ Direcci\u00f3n \/ Ciudad \/ Estado \/ Contacto \/ Puesto: Jefe o gerente o director de tecnolog\u00eda \/ Tel\u00e9fono \/ Email \/ P\u00e1gina web*opcional.<\/div>\n<\/div>\n<div class=\"row\">\n<div class=\"col-sm\"><strong>Garant\u00eda:\u00a0<\/strong>80%-85% <strong>Precio Original:\u00a0<\/strong><del>$10,695.00 MXN<\/del> <strong>Descuento Especial:\u00a0<\/strong><strong class=\"text-danger\">20%<\/strong><\/div>\n<\/div>\n<div class=\"row\">\n<div class=\"col text-center\"><strong>Total a Pagar:\u00a0<\/strong><strong class=\"text-danger\">$8,556.00 MXN<\/strong><\/div>\n<\/div>\n","protected":false},"featured_media":1868,"comment_status":"closed","ping_status":"closed","template":"","meta":[],"product_brand":[],"product_cat":[127,137],"product_tag":[269,582,234,206,235,216,598,204,531,340,207,215,205,183,181,551,197,452,477,236,210,417,418,611,610,273,308,276,583,277,275,265,268,358,535,272,270,584,382,404,575,319,383,274,271,586,280,587,588,589,590,366,279,636,612,380,384,639,357,591,356,324,323,550,321,322,367,607,303,307,570,416,304],"class_list":{"0":"post-4520","1":"product","2":"type-product","3":"status-publish","4":"has-post-thumbnail","6":"product_cat-empresas","7":"product_cat-farmaceuticas","8":"product_tag-b2b-database-for-marketing","9":"product_tag-b2b-email-lists","10":"product_tag-base-de-datos","11":"product_tag-base-de-datos-correo-electronico","12":"product_tag-base-de-datos-correos-electronicos","13":"product_tag-base-de-datos-de-correos","14":"product_tag-base-de-datos-de-director-de-compra","15":"product_tag-base-de-datos-de-emails","16":"product_tag-base-de-datos-de-farmacias","17":"product_tag-base-de-datos-de-industrias","18":"product_tag-base-de-datos-de-telefonos","19":"product_tag-base-de-datos-director","20":"product_tag-base-de-datos-email","21":"product_tag-base-de-datos-email-marketing","22":"product_tag-base-de-datos-emails","23":"product_tag-base-de-datos-farmaceuticas","24":"product_tag-base-de-datos-gerentes","25":"product_tag-base-de-datos-industria-farmaceutica","26":"product_tag-base-de-datos-mailing","27":"product_tag-base-de-datos-nivel-nacional","28":"product_tag-base-de-datos-retail","29":"product_tag-base-de-datos-telefono","30":"product_tag-bases-de-datos-de-telefonos-fijos","31":"product_tag-bases-de-datos-email","32":"product_tag-bases-de-datos-emails","33":"product_tag-business-and-consumer-database","34":"product_tag-business-directory","35":"product_tag-business-email-list","36":"product_tag-business-emails","37":"product_tag-buy-email-address","38":"product_tag-buy-email-address-database","39":"product_tag-company-database","40":"product_tag-company-email-database","41":"product_tag-consumer-database","42":"product_tag-correos","43":"product_tag-database","44":"product_tag-database-of-email-advertising","45":"product_tag-database-of-emails","46":"product_tag-database-retail","47":"product_tag-databases","48":"product_tag-director","49":"product_tag-directorio-empresas","50":"product_tag-email","51":"product_tag-email-address-database","52":"product_tag-email-business-database","53":"product_tag-email-databases","54":"product_tag-email-list-providers","55":"product_tag-email-lists","56":"product_tag-email-marketing-database","57":"product_tag-email-marketing-list","58":"product_tag-email-services-marketing","59":"product_tag-emailing","60":"product_tag-emails-for-sale","61":"product_tag-empresas-a-nivel-nacional","62":"product_tag-envio","63":"product_tag-farmaceutica","64":"product_tag-gerente","65":"product_tag-laboratorios-farmaceuticos","66":"product_tag-list","67":"product_tag-list-of-emails","68":"product_tag-lista","69":"product_tag-lista-de-correo-electronico","70":"product_tag-lista-de-email","71":"product_tag-lista-de-numeros-de-telefonos","72":"product_tag-listado-de-emails","73":"product_tag-listado-de-emails-de-empresas","74":"product_tag-mailing","75":"product_tag-marketing","76":"product_tag-phone-database","77":"product_tag-phone-number-database","78":"product_tag-phone-number-list","79":"product_tag-telefono","80":"product_tag-telephone-number","82":"first","83":"instock","84":"sale","85":"virtual","86":"purchasable","87":"product-type-simple"},"aioseo_notices":[],"_links":{"self":[{"href":"https:\/\/sihay.com.mx\/basededatos\/wp-json\/wp\/v2\/product\/4520","targetHints":{"allow":["GET"]}}],"collection":[{"href":"https:\/\/sihay.com.mx\/basededatos\/wp-json\/wp\/v2\/product"}],"about":[{"href":"https:\/\/sihay.com.mx\/basededatos\/wp-json\/wp\/v2\/types\/product"}],"replies":[{"embeddable":true,"href":"https:\/\/sihay.com.mx\/basededatos\/wp-json\/wp\/v2\/comments?post=4520"}],"wp:featuredmedia":[{"embeddable":true,"href":"https:\/\/sihay.com.mx\/basededatos\/wp-json\/wp\/v2\/media\/1868"}],"wp:attachment":[{"href":"https:\/\/sihay.com.mx\/basededatos\/wp-json\/wp\/v2\/media?parent=4520"}],"wp:term":[{"taxonomy":"product_brand","embeddable":true,"href":"https:\/\/sihay.com.mx\/basededatos\/wp-json\/wp\/v2\/product_brand?post=4520"},{"taxonomy":"product_cat","embeddable":true,"href":"https:\/\/sihay.com.mx\/basededatos\/wp-json\/wp\/v2\/product_cat?post=4520"},{"taxonomy":"product_tag","embeddable":true,"href":"https:\/\/sihay.com.mx\/basededatos\/wp-json\/wp\/v2\/product_tag?post=4520"}],"curies":[{"name":"wp","href":"https:\/\/api.w.org\/{rel}","templated":true}]}}